{"id":4555,"date":"2021-10-29T09:55:02","date_gmt":"2021-10-29T07:55:02","guid":{"rendered":"https:\/\/www.lec.fr\/?page_id=4555"},"modified":"2025-12-27T11:53:43","modified_gmt":"2025-12-27T10:53:43","slug":"impressum","status":"publish","type":"page","link":"https:\/\/www.lec.fr\/de\/impressum\/","title":{"rendered":"Impressum"},"content":{"rendered":"<div class=\"row\"><div class=\"col-12 col-xl-10 offset-xl-1 heading\">\n<h2 class=\"wp-block-heading\" id=\"block-0aff458e-633b-47d0-b1aa-6bcd5cbf3235\"><span>Eigent\u00fcmer<\/span><\/h2>\n<\/div><\/div>\n\n<div class=\"row\"><div class=\"col-12 col-xl-10 offset-xl-1 paragraph\">\n<p id=\"block-f630f10d-9fd8-4af7-a080-00c114a60dfb\">LEC<br>24 avenue Joann\u00e8s Masset, B\u00e2timent E, 69009 Lyon (FRANCE)<br>T\u00e9l. : +33 (0) 437 480 409<br>Fax : +33 (0) 437 480 411<br>Firmenname: L.E.C. SOCIETE LYONNAISE D&#8217;EQUIPEMENT ET DE CONTROLE<br>USt-IdNr.: FR 49 393 304 134<br>SIRET: 39330413400041<\/p>\n<\/div><\/div>\n\n<div class=\"row\"><div class=\"col-12 col-xl-10 offset-xl-1 heading\">\n<h3 class=\"wp-block-heading\" id=\"block-65c83d3a-c917-495b-874c-53e2f8719ab5\"><strong>Verantwortlicher f\u00fcr die Ver\u00f6ffentlichung<\/strong><\/h3>\n<\/div><\/div>\n\n<div class=\"row\"><div class=\"col-12 col-xl-10 offset-xl-1 paragraph\">\n<p>Guillaume Pollet<\/p>\n<\/div><\/div>\n\n\n<div style=\"height:50px\" aria-hidden=\"true\" class=\"wp-block-spacer\"><\/div>\n\n\n<div class=\"row\"><div class=\"col-12 col-xl-10 offset-xl-1 heading\">\n<h2 class=\"wp-block-heading\" id=\"block-49a24935-cd9a-4358-9456-314acda13823\"><span><strong>Konzeption, Design und Entwicklung der Website<\/strong><\/span><\/h2>\n<\/div><\/div>\n\n<div class=\"row\"><div class=\"col-12 col-xl-10 offset-xl-1 paragraph\">\n<p id=\"block-0dc83111-7c5f-4180-95fe-35ee82691828\"><strong>Agence de communication B17<\/strong><br>19, rue du lieutenant Aug\u00e9<br>44230 Saint-S\u00e9bastien\/Loire<br><strong>T\u00e9l.<\/strong>&nbsp;02 40 89 78 74<\/p>\n<\/div><\/div>\n\n\n<div style=\"height:50px\" aria-hidden=\"true\" class=\"wp-block-spacer\"><\/div>\n\n\n<div class=\"row\"><div class=\"col-12 col-xl-10 offset-xl-1 heading\">\n<h2 class=\"wp-block-heading\" id=\"block-7dd9d9d0-fc94-40b1-b2c8-f588a031c8b8\"><span><strong>Hosting der Website<\/strong><\/span><\/h2>\n<\/div><\/div>\n\n<div class=\"row\"><div class=\"col-12 col-xl-10 offset-xl-1 paragraph\">\n<p id=\"block-411cb10b-01d9-40bb-8953-d2dce6ec1e42\"><strong>OVH<\/strong><br>2 rue Kellermann<br>59100 Roubaix<br><strong>T\u00e9l.<\/strong>&nbsp;1007<\/p>\n<\/div><\/div>\n\n\n<div style=\"height:50px\" aria-hidden=\"true\" class=\"wp-block-spacer\"><\/div>\n\n\n<div class=\"row\"><div class=\"col-12 col-xl-10 offset-xl-1 heading\">\n<h2 class=\"wp-block-heading\" id=\"block-9962bde1-cd52-4fdd-aeba-9e10d65dd4bc\"><span><strong>Bildnachweise<\/strong><\/span><\/h2>\n<\/div><\/div>\n\n<div class=\"row\"><div class=\"col-12 col-xl-10 offset-xl-1 paragraph\">\n<p id=\"block-8aeb0658-a7a8-4f27-a0a0-180ee33918f2\"><strong>Shutterstock \u2013 LEC<\/strong><\/p>\n<\/div><\/div>\n\n\n<div style=\"height:50px\" aria-hidden=\"true\" class=\"wp-block-spacer\"><\/div>\n\n\n<div class=\"row\"><div class=\"col-12 col-xl-10 offset-xl-1 heading\">\n<h2 class=\"wp-block-heading\" id=\"block-e88b0562-22af-4a45-a755-8ae138c605f6\"><span><strong>Urheberrecht und geistiges Eigentum<\/strong><\/span><\/h2>\n<\/div><\/div>\n\n<div class=\"row\"><div class=\"col-12 col-xl-10 offset-xl-1 paragraph\">\n<p>Marken, Logos sowie allgemein alle auf dieser Website dargestellten Elemente des geistigen Eigentums sind Eigentum ihrer jeweiligen Urheber, sind eingetragen und als solche durch die Gesellschaft LEC gesch\u00fctzt.<br>Jegliche Nutzung oder Vervielf\u00e4ltigung ist untersagt.<br>Dar\u00fcber hinaus d\u00fcrfen die auf dieser Website enthaltenen Informationen ausschlie\u00dflich zu pers\u00f6nlichen Zwecken verwendet werden.<br>Jede Nutzung, Vervielf\u00e4ltigung, Kopie oder Verbreitung zu kommerziellen Zwecken ist strengstens untersagt.<\/p>\n<\/div><\/div>\n\n\n<div style=\"height:50px\" aria-hidden=\"true\" class=\"wp-block-spacer\"><\/div>\n","protected":false},"excerpt":{"rendered":"<p>Eigent\u00fcmer LEC24 avenue Joann\u00e8s Masset, B\u00e2timent E, 69009 Lyon (FRANCE)T\u00e9l. : +33 (0) 437 480 409Fax : +33 (0) 437 480 411Firmenname: L.E.C. SOCIETE LYONNAISE D&#8217;EQUIPEMENT ET DE CONTROLEUSt-IdNr.: FR 49 393 304 134SIRET: 39330413400041 Verantwortlicher f\u00fcr die Ver\u00f6ffentlichung Guillaume Pollet Konzeption, Design und Entwicklung der Website Agence de communication B1719, rue du lieutenant Aug\u00e944230 [&hellip;]<\/p>\n","protected":false},"author":1,"featured_media":0,"parent":0,"menu_order":0,"comment_status":"closed","ping_status":"closed","template":"page-rgpd.php","meta":{"_acf_changed":false,"inline_featured_image":false,"footnotes":""},"class_list":["post-4555","page","type-page","status-publish","hentry"],"acf":[],"_links":{"self":[{"href":"https:\/\/www.lec.fr\/de\/wp-json\/wp\/v2\/pages\/4555","targetHints":{"allow":["GET"]}}],"collection":[{"href":"https:\/\/www.lec.fr\/de\/wp-json\/wp\/v2\/pages"}],"about":[{"href":"https:\/\/www.lec.fr\/de\/wp-json\/wp\/v2\/types\/page"}],"author":[{"embeddable":true,"href":"https:\/\/www.lec.fr\/de\/wp-json\/wp\/v2\/users\/1"}],"replies":[{"embeddable":true,"href":"https:\/\/www.lec.fr\/de\/wp-json\/wp\/v2\/comments?post=4555"}],"version-history":[{"count":1,"href":"https:\/\/www.lec.fr\/de\/wp-json\/wp\/v2\/pages\/4555\/revisions"}],"predecessor-version":[{"id":4556,"href":"https:\/\/www.lec.fr\/de\/wp-json\/wp\/v2\/pages\/4555\/revisions\/4556"}],"wp:attachment":[{"href":"https:\/\/www.lec.fr\/de\/wp-json\/wp\/v2\/media?parent=4555"}],"curies":[{"name":"wp","href":"https:\/\/api.w.org\/{rel}","templated":true}]}}