{"id":4563,"date":"2021-10-08T16:29:01","date_gmt":"2021-10-08T14:29:01","guid":{"rendered":"https:\/\/www.lec.fr\/?page_id=4563"},"modified":"2025-12-27T12:29:40","modified_gmt":"2025-12-27T11:29:40","slug":"datenschutzrichtlinie","status":"publish","type":"page","link":"https:\/\/www.lec.fr\/de\/datenschutzrichtlinie\/","title":{"rendered":"Datenschutzrichtlinie"},"content":{"rendered":"<div class=\"row\"><div class=\"col-12 col-xl-10 offset-xl-1 heading\">\n<h2 class=\"wp-block-heading\"><span>Ziel und Anwendungsbereich der Richtlinie<\/span><\/h2>\n<\/div><\/div>\n\n<div class=\"row\"><div class=\"col-12 col-xl-10 offset-xl-1 paragraph\">\n<p>LEC, eine Tochtergesellschaft der RAGNI-Gruppe, misst dem Schutz der Privatsph\u00e4re und der personenbezogenen Daten sowie der Einhaltung der Bestimmungen der geltenden Gesetzgebung gr\u00f6\u00dfte Bedeutung und gr\u00f6\u00dfte Sorgfalt bei.<\/p>\n<\/div><\/div>\n\n<div class=\"row\"><div class=\"col-12 col-xl-10 offset-xl-1 paragraph\">\n<p>Die Verordnung (EU) 2016\/679 vom 27. April 2016 zum Schutz nat\u00fcrlicher Personen bei der Verarbeitung personenbezogener Daten und zum freien Datenverkehr (nachfolgend \u201eDSGVO\u201c) legt fest, dass personenbezogene Daten rechtm\u00e4\u00dfig, nach Treu und Glauben und in transparenter Weise verarbeitet werden m\u00fcssen.<br>Somit hat diese Datenschutzrichtlinie (nachfolgend die \u201eRichtlinie\u201c) zum Ziel, Ihnen einfache und klare Informationen \u00fcber die Verarbeitung personenbezogener Daten, die Sie betreffen, bereitzustellen, insbesondere im Rahmen Ihrer Navigation und der auf unserer Website durchgef\u00fchrten Vorg\u00e4nge.<\/p>\n<\/div><\/div>\n\n\n<div style=\"height:50px\" aria-hidden=\"true\" class=\"wp-block-spacer\"><\/div>\n\n\n<div class=\"row\"><div class=\"col-12 col-xl-10 offset-xl-1 heading\">\n<h2 class=\"wp-block-heading\"><span>Der Verantwortliche f\u00fcr die Verarbeitung Ihrer personenbezogenen Daten<\/span><\/h2>\n<\/div><\/div>\n\n<div class=\"row\"><div class=\"col-12 col-xl-10 offset-xl-1 paragraph\">\n<p>Der Verantwortliche f\u00fcr die Verarbeitung Ihrer personenbezogenen Daten im Sinne der geltenden Vorschriften zum Schutz personenbezogener Daten und insbesondere der DSGVO ist LEC, eine vereinfachte Aktiengesellschaft (SAS) mit einem Stammkapital von 25.000 Euro, deren Sitz sich in der 69 rue Gorge de Loup, 69009 Lyon, befindet.<\/p>\n<\/div><\/div>\n\n<div class=\"row\"><div class=\"col-12 col-xl-10 offset-xl-1 paragraph\">\n<p>S\u00e4mtliche Informationen \u00fcber das Unternehmen LEC finden Sie auf unserer Seite \u201e<a href=\"https:\/\/www.lec.fr\/de\/impressum\/\">Impressum<\/a>\u201c.<\/p>\n<\/div><\/div>\n\n\n<div style=\"height:50px\" aria-hidden=\"true\" class=\"wp-block-spacer\"><\/div>\n\n\n<div class=\"row\"><div class=\"col-12 col-xl-10 offset-xl-1 heading\">\n<h2 class=\"wp-block-heading\"><span>Warum erheben wir Ihre personenbezogenen Daten?<\/span><\/h2>\n<\/div><\/div>\n\n<div class=\"row\"><div class=\"col-12 col-xl-10 offset-xl-1 paragraph\">\n<p>Diese Richtlinie gilt f\u00fcr die Erhebung und Verarbeitung Ihrer personenbezogenen Daten zu bestimmten Zwecken und auf unterschiedlichen Rechtsgrundlagen.<\/p>\n<\/div><\/div>\n\n<div class=\"row\"><div class=\"col-12 col-xl-10 offset-xl-1 paragraph\">\n<p>Im Rahmen der Durchf\u00fchrung des Vertrags oder vorvertraglicher Ma\u00dfnahmen werden Ihre Daten zu folgenden Zwecken verarbeitet:<\/p>\n<\/div><\/div>\n\n<div class=\"row\"><div class=\"col-12 col-xl-10 offset-xl-1 list\">\n<ul class=\"wp-block-list\">\n<li>Verwaltung von Angeboten;<\/li>\n\n\n\n<li>Verwaltung von Bestellungen und Eink\u00e4ufen;<\/li>\n\n\n\n<li>Verwaltung von Vertr\u00e4gen mit Kunden\/Lieferanten;<\/li>\n\n\n\n<li>Verwaltung von Reklamationen und des Kundendienstes.<\/li>\n<\/ul>\n<\/div><\/div>\n\n<div class=\"row\"><div class=\"col-12 col-xl-10 offset-xl-1 paragraph\">\n<p>Auf der Grundlage Ihrer Einwilligung werden Ihre Daten zu folgenden Zwecken verarbeitet:<\/p>\n<\/div><\/div>\n\n<div class=\"row\"><div class=\"col-12 col-xl-10 offset-xl-1 list\">\n<ul class=\"wp-block-list\">\n<li>Verwaltung von Cookies, die Ihre Einwilligung erfordern (Cookies, die zu Zwecken der Reichweitenanalyse gesetzt werden).<\/li>\n<\/ul>\n<\/div><\/div>\n\n<div class=\"row\"><div class=\"col-12 col-xl-10 offset-xl-1 paragraph\">\n<p>Im Rahmen des berechtigten Interesses von LEC werden Ihre Daten zu folgenden Zwecken verarbeitet:<\/p>\n<\/div><\/div>\n\n<div class=\"row\"><div class=\"col-12 col-xl-10 offset-xl-1 list\">\n<ul class=\"wp-block-list\">\n<li>Verwaltung von Informationsanfragen;<\/li>\n\n\n\n<li>Verwaltung der Kommunikation;<\/li>\n\n\n\n<li>Verwaltung von IES-Dateidownloads;<\/li>\n\n\n\n<li>Verwaltung der Beziehungen zu Interessenten\/Kunden;<\/li>\n\n\n\n<li>Verwaltung von gesch\u00e4ftlichen Veranstaltungen;<\/li>\n\n\n\n<li>Verwaltung von Initiativbewerbungen oder Bewerbungen im Rahmen eines Stellenangebots;<\/li>\n\n\n\n<li>Verwaltung des ordnungsgem\u00e4\u00dfen Betriebs und der kontinuierlichen Verbesserung der Website (durch technische Cookies);<\/li>\n\n\n\n<li>Verwaltung von vorgerichtlichen Verfahren und Gerichtsverfahren.<\/li>\n<\/ul>\n<\/div><\/div>\n\n<div class=\"row\"><div class=\"col-12 col-xl-10 offset-xl-1 paragraph\">\n<p>Im Rahmen der gesetzlichen und regulatorischen Verpflichtungen, denen LEC unterliegt, werden Ihre Daten zu folgenden Zwecken verarbeitet:<\/p>\n<\/div><\/div>\n\n<div class=\"row\"><div class=\"col-12 col-xl-10 offset-xl-1 list\">\n<ul class=\"wp-block-list\">\n<li>F\u00fchrung der allgemeinen und Nebenbuchhaltung;<\/li>\n\n\n\n<li>Verwaltung Ihrer Rechte im Bereich personenbezogener Daten.<\/li>\n<\/ul>\n<\/div><\/div>\n\n\n<div style=\"height:50px\" aria-hidden=\"true\" class=\"wp-block-spacer\"><\/div>\n\n\n<div class=\"row\"><div class=\"col-12 col-xl-10 offset-xl-1 heading\">\n<h2 class=\"wp-block-heading\"><span>Die personenbezogenen Daten, die wir \u00fcber Sie erheben<\/span><\/h2>\n<\/div><\/div>\n\n<div class=\"row\"><div class=\"col-12 col-xl-10 offset-xl-1 paragraph\">\n<p>Personenbezogene Daten werden unter Einhaltung des durch die DSGVO vorgeschriebenen Grundsatzes der Datenminimierung verarbeitet. Art und Umfang der verarbeiteten personenbezogenen Daten variieren je nach den Beziehungen, die Sie mit LEC unterhalten, wobei insbesondere folgende Kategorien betroffen sind:<\/p>\n<\/div><\/div>\n\n<div class=\"row\"><div class=\"col-12 col-xl-10 offset-xl-1 list\">\n<ul class=\"wp-block-list\">\n<li><strong>Identifikationsdaten:<\/strong> hierzu z\u00e4hlen alle Informationen, die es uns erm\u00f6glichen, Sie zu identifizieren, wie etwa Ihr Nachname, Vorname und Ihre Telefonnummer. Wir erheben au\u00dferdem Ihre E-Mail-Adresse sowie Ihre Postanschrift (im Falle einer Zahlung ist die Postanschrift zur Ausstellung einer Rechnung erforderlich).<\/li>\n\n\n\n<li><strong>Berufliche Daten:<\/strong> diese Daten betreffen insbesondere die Informationen, die Sie uns im Rahmen eines Bewerbungsverfahrens oder einer beruflichen Beziehung \u00fcbermitteln. Dazu geh\u00f6ren Ihr Lebenslauf, Ihr Bewerbungsschreiben, Ihre Abschl\u00fcsse, beruflichen Erfahrungen, Kompetenzen sowie gegebenenfalls weitere Informationen, die f\u00fcr die Bewertung Ihrer Bewerbung oder die Verwaltung des Arbeitsverh\u00e4ltnisses erforderlich sind.<\/li>\n\n\n\n<li><strong>Finanzielle Daten:<\/strong> hierzu geh\u00f6ren Bankdaten wie beispielsweise eine IBAN.<\/li>\n\n\n\n<li><strong>Informationen zu Ihrer Navigation<\/strong>: beim Besuch unserer Website interagieren Sie mit ihr. Infolgedessen werden bestimmte Informationen zu Ihrer Navigation erhoben.<\/li>\n\n\n\n<li><strong>Daten, die \u00fcber unser Netzwerk von Handelsvertretern\/Vertriebspartnern erhoben werden:<\/strong> unser Netzwerk von Handelsvertretern\/Vertriebspartnern \u00fcbernimmt die kommerzielle Akquise sowie die t\u00e4gliche Betreuung der Gesch\u00e4ftsbeziehung. In diesem Zusammenhang k\u00f6nnen die Vertreter im Rahmen ihrer Aufgaben bestimmte personenbezogene Daten von Ihnen erheben, wie etwa Ihre Kontaktdaten (Nachname, Vorname, E-Mail-Adresse, Telefonnummer) sowie Informationen zu Ihren gesch\u00e4ftlichen Bed\u00fcrfnissen oder Interessen. Diese Informationen werden anschlie\u00dfend an LEC \u00fcbermittelt, um die Kontinuit\u00e4t der Gesch\u00e4ftsbeziehung und die Nachverfolgung Ihrer Anfragen sicherzustellen.<\/li>\n<\/ul>\n<\/div><\/div>\n\n\n<div style=\"height:50px\" aria-hidden=\"true\" class=\"wp-block-spacer\"><\/div>\n\n\n<div class=\"row\"><div class=\"col-12 col-xl-10 offset-xl-1 heading\">\n<h2 class=\"wp-block-heading\"><span>Die Empf\u00e4nger Ihrer personenbezogenen Daten<\/span><\/h2>\n<\/div><\/div>\n\n<div class=\"row\"><div class=\"col-12 col-xl-10 offset-xl-1 paragraph\">\n<p>Ihre Daten sind f\u00fcr die autorisierten Mitarbeiter von LEC bestimmt, die f\u00fcr die Verwaltung und Durchf\u00fchrung der Vertr\u00e4ge sowie der gesetzlichen Verpflichtungen zust\u00e4ndig sind, entsprechend den Zwecken der Erhebung und im Rahmen ihrer jeweiligen Zust\u00e4ndigkeiten.<\/p>\n<\/div><\/div>\n\n<div class=\"row\"><div class=\"col-12 col-xl-10 offset-xl-1 paragraph\">\n<p>Sie k\u00f6nnen f\u00fcr bestimmte, mit den Zwecken zusammenh\u00e4ngende Aufgaben und innerhalb der Grenzen ihrer jeweiligen Aufgaben und Befugnisse an folgende Empf\u00e4nger weitergegeben werden:<\/p>\n<\/div><\/div>\n\n<div class=\"row\"><div class=\"col-12 col-xl-10 offset-xl-1 list\">\n<ul class=\"wp-block-list\">\n<li>Unternehmen der Ragni-Gruppe im Rahmen der Auslagerung von T\u00e4tigkeiten an eine andere Konzerngesellschaft (insbesondere Versand von Mitteilungen);<\/li>\n\n\n\n<li>Unser Netzwerk von Handelsvertretern\/Vertriebspartnern;<\/li>\n\n\n\n<li>Dienstleister, die wir mit der Durchf\u00fchrung einer Reihe von Vorg\u00e4ngen und Aufgaben in unserem Namen beauftragen, insbesondere:<\/li>\n\n\n\n<li>Verwaltung des Transports von Bestellungen<\/li>\n\n\n\n<li>Analyse der Website-Reichweite<\/li>\n\n\n\n<li>Datenhosting<\/li>\n\n\n\n<li>Kommerzielle Akquise<\/li>\n\n\n\n<li>Verwaltung des Kundendienstes<\/li>\n\n\n\n<li>Ordnungsgem\u00e4\u00df befugte \u00f6ffentliche Stellen (Justiz-, Aufsichtsbeh\u00f6rden usw.) im Rahmen unserer gesetzlichen und regulatorischen Verpflichtungen;<\/li>\n\n\n\n<li>Reglementierte Berufe (Rechtsanw\u00e4lte, Gerichtsvollzieher usw.), die im Rahmen der Umsetzung von Garantien, der Forderungseinziehung oder von Gerichtsverfahren t\u00e4tig werden k\u00f6nnen.<\/li>\n<\/ul>\n<\/div><\/div>\n\n<div class=\"row\"><div class=\"col-12 col-xl-10 offset-xl-1 paragraph\">\n<p>Wenn Ihre Daten an unsere Dienstleister \u00fcbermittelt werden, wird von ihnen ebenfalls verlangt, die Daten nicht f\u00fcr andere als die urspr\u00fcnglich vorgesehenen Zwecke zu verwenden. Wir setzen alles daran, sicherzustellen, dass diese Dritten die Vertraulichkeit und Sicherheit Ihrer Daten wahren.<\/p>\n<\/div><\/div>\n\n<div class=\"row\"><div class=\"col-12 col-xl-10 offset-xl-1 paragraph\">\n<p>In jedem Fall werden nur die erforderlichen Daten \u00fcbermittelt. Wir setzen alles daran, eine sichere Kommunikation oder \u00dcbertragung Ihrer Daten zu gew\u00e4hrleisten.<\/p>\n<\/div><\/div>\n\n<div class=\"row\"><div class=\"col-12 col-xl-10 offset-xl-1 paragraph\">\n<p>Wir verkaufen Ihre Daten nicht.<\/p>\n<\/div><\/div>\n\n\n<div style=\"height:50px\" aria-hidden=\"true\" class=\"wp-block-spacer\"><\/div>\n\n\n<div class=\"row\"><div class=\"col-12 col-xl-10 offset-xl-1 heading\">\n<h2 class=\"wp-block-heading\"><span>\u00dcbermittlung Ihrer Daten in Drittl\u00e4nder<\/span><\/h2>\n<\/div><\/div>\n\n<div class=\"row\"><div class=\"col-12 col-xl-10 offset-xl-1 paragraph\">\n<p>LEC ist bestrebt, personenbezogene Daten in Frankreich oder zumindest innerhalb des Europ\u00e4ischen Wirtschaftsraums (EWR) zu speichern.<\/p>\n<\/div><\/div>\n\n<div class=\"row\"><div class=\"col-12 col-xl-10 offset-xl-1 paragraph\">\n<p>Es ist jedoch m\u00f6glich, dass die Daten, die wir bei der Nutzung unserer Website oder im Rahmen unserer Dienstleistungen erheben, in andere L\u00e4nder \u00fcbermittelt werden. Dies ist beispielsweise der Fall, wenn sich bestimmte unserer Dienstleister au\u00dferhalb des Europ\u00e4ischen Wirtschaftsraums befinden.<\/p>\n<\/div><\/div>\n\n<div class=\"row\"><div class=\"col-12 col-xl-10 offset-xl-1 paragraph\">\n<p>Im Falle einer solchen \u00dcbermittlung stellen wir sicher, dass diese erfolgt:<\/p>\n<\/div><\/div>\n\n<div class=\"row\"><div class=\"col-12 col-xl-10 offset-xl-1 list\">\n<ul class=\"wp-block-list\">\n<li>In ein Land, das ein angemessenes Schutzniveau gew\u00e4hrleistet, d. h. ein Schutzniveau, das den Anforderungen der europ\u00e4ischen Vorschriften entspricht;<\/li>\n\n\n\n<li>Auf der Grundlage von Standardvertragsklauseln;<\/li>\n\n\n\n<li>Im Rahmen verbindlicher unternehmensinterner Datenschutzvorschriften.<\/li>\n<\/ul>\n<\/div><\/div>\n\n<div class=\"row\"><div class=\"col-12 col-xl-10 offset-xl-1 paragraph\">\n<p>Wenn Sie weitere Informationen zu diesen \u00dcbermittlungen erhalten m\u00f6chten, richten Sie Ihre Anfrage bitte an die im Abschnitt \u201e<strong>Ihre Kontakte<\/strong>\u201c angegebene Adresse.<\/p>\n<\/div><\/div>\n\n\n<div style=\"height:50px\" aria-hidden=\"true\" class=\"wp-block-spacer\"><\/div>\n\n\n<div class=\"row\"><div class=\"col-12 col-xl-10 offset-xl-1 heading\">\n<h2 class=\"wp-block-heading\"><span>Technische und organisatorische Ma\u00dfnahmen zum Schutz Ihrer Daten<\/span><\/h2>\n<\/div><\/div>\n\n<div class=\"row\"><div class=\"col-12 col-xl-10 offset-xl-1 paragraph\">\n<p>LEC verpflichtet sich, die von uns erhobenen oder verarbeiteten personenbezogenen Daten vor Verlust, Zerst\u00f6rung, Ver\u00e4nderung, unbefugtem Zugriff oder unbefugter Offenlegung zu sch\u00fctzen.<\/p>\n<\/div><\/div>\n\n<div class=\"row\"><div class=\"col-12 col-xl-10 offset-xl-1 paragraph\">\n<p>Zu diesem Zweck setzen wir alle geeigneten technischen und organisatorischen Ma\u00dfnahmen um, abh\u00e4ngig von der Art der Daten und den mit ihrer Verarbeitung verbundenen Risiken. Diese Ma\u00dfnahmen sollen die Sicherheit und Vertraulichkeit Ihrer personenbezogenen Daten gew\u00e4hrleisten. Sie k\u00f6nnen Praktiken wie den beschr\u00e4nkten Zugriff auf personenbezogene Daten durch befugte Personen aufgrund ihrer Funktionen, Pseudonymisierung oder Verschl\u00fcsselung umfassen.<\/p>\n<\/div><\/div>\n\n<div class=\"row\"><div class=\"col-12 col-xl-10 offset-xl-1 paragraph\">\n<p>Dar\u00fcber hinaus werden unsere Praktiken, Richtlinien und\/oder physischen und\/oder logischen Sicherheitsma\u00dfnahmen (gesicherter Zugang, Authentifizierungsverfahren, Sicherungskopien, Software usw.) regelm\u00e4\u00dfig \u00fcberpr\u00fcft und bei Bedarf aktualisiert.<\/p>\n<\/div><\/div>\n\n\n<div style=\"height:50px\" aria-hidden=\"true\" class=\"wp-block-spacer\"><\/div>\n\n\n<div class=\"row\"><div class=\"col-12 col-xl-10 offset-xl-1 heading\">\n<h2 class=\"wp-block-heading\"><span>Aufbewahrungsdauer Ihrer personenbezogenen Daten<\/span><\/h2>\n<\/div><\/div>\n\n<div class=\"row\"><div class=\"col-12 col-xl-10 offset-xl-1 paragraph\">\n<p>Ihre personenbezogenen Daten werden mindestens f\u00fcr die Dauer der Verarbeitung im Zusammenhang mit unserer vertraglichen Beziehung aufbewahrt. \u00dcber diese Beziehung hinaus werden die Aufbewahrungsfristen verl\u00e4ngert, um gesetzlichen Verj\u00e4hrungsfristen sowie gesetzlichen und regulatorischen Aufbewahrungspflichten Rechnung zu tragen.<\/p>\n<\/div><\/div>\n\n<div class=\"row\"><div class=\"col-12 col-xl-10 offset-xl-1 paragraph\">\n<p>F\u00fcr Interessenten betr\u00e4gt die maximale Aufbewahrungsdauer der erhobenen Daten drei (3) Jahre ab dem letzten Kontakt zwischen LEC und dem Interessenten, es sei denn, Sie verlangen die L\u00f6schung Ihrer Daten.<\/p>\n<\/div><\/div>\n\n<div class=\"row\"><div class=\"col-12 col-xl-10 offset-xl-1 paragraph\">\n<p>F\u00fcr nicht ber\u00fccksichtigte Bewerber k\u00f6nnen Ihre Daten (insbesondere Lebenslauf und zugeh\u00f6rige Informationen) f\u00fcr einen Zeitraum von maximal zwei (2) Jahren ab dem letzten Kontakt aufbewahrt werden, sofern Sie dem nicht widersprechen.<\/p>\n<\/div><\/div>\n\n<div class=\"row\"><div class=\"col-12 col-xl-10 offset-xl-1 paragraph\">\n<p>Wenn Sie Ihre Rechte aus\u00fcben, verarbeitet unser Datenschutzbeauftragter Ihre personenbezogenen Daten zum Zweck der Bearbeitung Ihrer Anfrage (Anrede, Nachname, Vorname, Kopie des Identit\u00e4tsdokuments, Art der Anfrage, erteilte Antwort). Diese Daten werden f\u00fcr einen Zeitraum von f\u00fcnf (5) Jahren aufbewahrt, mit Ausnahme der Kopie Ihres Identit\u00e4tsdokuments \u2013 sofern dieses erforderlich ist \u2013, die nur f\u00fcr die Dauer der \u00dcberpr\u00fcfung oder zur Erf\u00fcllung einer gesetzlichen Verpflichtung aufbewahrt wird.<\/p>\n<\/div><\/div>\n\n<div class=\"row\"><div class=\"col-12 col-xl-10 offset-xl-1 paragraph\">\n<p>Detailliertere Informationen zu den Aufbewahrungsfristen sind auf Anfrage im Rahmen des Auskunftsrechts erh\u00e4ltlich (siehe Abschnitt \u201e<strong>Ihre Rechte in Bezug auf Ihre personenbezogenen Daten<\/strong>\u201c).<\/p>\n<\/div><\/div>\n\n\n<div style=\"height:50px\" aria-hidden=\"true\" class=\"wp-block-spacer\"><\/div>\n\n\n<div class=\"row\"><div class=\"col-12 col-xl-10 offset-xl-1 heading\">\n<h2 class=\"wp-block-heading\"><span>Ihre Rechte in Bezug auf Ihre personenbezogenen Daten<\/span><\/h2>\n<\/div><\/div>\n\n<div class=\"row\"><div class=\"col-12 col-xl-10 offset-xl-1 paragraph\">\n<p>Sie k\u00f6nnen Ihre Rechte jederzeit gegen\u00fcber LEC aus\u00fcben, indem Sie sich an die im Abschnitt \u201eIhre Kontakte\u201c angegebene Adresse wenden.<\/p>\n<\/div><\/div>\n\n<div class=\"row\"><div class=\"col-12 col-xl-10 offset-xl-1 list\">\n<ul class=\"wp-block-list\">\n<li><strong>Widerspruchsrecht: <\/strong>Sie k\u00f6nnen verlangen, dass Ihre personenbezogenen Daten nicht mehr einer bestimmten Verarbeitung unterliegen, au\u00dfer wenn die Rechtsgrundlage der Verarbeitung eine gesetzliche Verpflichtung oder die Durchf\u00fchrung eines Vertrags ist.<\/li>\n\n\n\n<li><strong>Recht auf Widerruf Ihrer Einwilligung: <\/strong>F\u00fcr alle Verarbeitungen, die Ihre Einwilligung erfordern, haben Sie das Recht, diese jederzeit zu widerrufen.<\/li>\n\n\n\n<li><strong>Auskunftsrecht: <\/strong>Sie k\u00f6nnen von LEC Auskunft \u00fcber Ihre personenbezogenen Daten und zus\u00e4tzliche Informationen zu den durchgef\u00fchrten Verarbeitungen verlangen.<\/li>\n\n\n\n<li><strong>Recht auf Berichtigung:<\/strong> Sie k\u00f6nnen die Berichtigung unrichtiger oder unvollst\u00e4ndiger personenbezogener Daten verlangen.<\/li>\n\n\n\n<li><strong>Recht auf L\u00f6schung:<\/strong> Sie k\u00f6nnen jederzeit die L\u00f6schung Ihrer personenbezogenen Daten verlangen, sofern der verfolgte Zweck abgeschlossen ist und die gesetzlichen Aufbewahrungsfristen dies zulassen.<\/li>\n\n\n\n<li><strong>Recht auf Einschr\u00e4nkung der Verarbeitung:<\/strong> Sie k\u00f6nnen die Einschr\u00e4nkung der Verarbeitung Ihrer personenbezogenen Daten verlangen.<\/li>\n\n\n\n<li><strong>Recht auf Daten\u00fcbertragbarkeit:<\/strong> Sie k\u00f6nnen eine Kopie der personenbezogenen Daten verlangen, die Sie zuvor in einem strukturierten Format bereitgestellt haben.<\/li>\n\n\n\n<li><strong>Recht zur Festlegung des Schicksals Ihrer Daten nach dem Tod: <\/strong>Sie k\u00f6nnen Anweisungen zur Aufbewahrung, L\u00f6schung oder Weitergabe Ihrer Daten nach Ihrem Tod erteilen.<\/li>\n<\/ul>\n<\/div><\/div>\n\n<div class=\"row\"><div class=\"col-12 col-xl-10 offset-xl-1 paragraph\">\n<p>Sollte die erhaltene Antwort nicht zufriedenstellend sein oder keine Antwort erfolgen, k\u00f6nnen Sie eine Beschwerde bei der CNIL gem\u00e4\u00df den auf deren <a href=\"https:\/\/www.cnil.fr\/en\" target=\"_blank\" rel=\"noreferrer noopener\">Website<\/a> beschriebenen Modalit\u00e4ten einreichen.<\/p>\n<\/div><\/div>\n\n\n<div style=\"height:50px\" aria-hidden=\"true\" class=\"wp-block-spacer\"><\/div>\n\n\n<div class=\"row\"><div class=\"col-12 col-xl-10 offset-xl-1 heading\">\n<h2 class=\"wp-block-heading\"><span>Ihre Kontakte<\/span><\/h2>\n<\/div><\/div>\n\n<div class=\"row\"><div class=\"col-12 col-xl-10 offset-xl-1 paragraph\">\n<p>Zur Aus\u00fcbung Ihrer Rechte oder f\u00fcr weitere Informationen oder Beschwerden k\u00f6nnen Sie sich an den Datenschutzbeauftragten (DPO) von LEC wenden, indem Sie eine E-Mail an <a href=\"mailto:dpo@lec.fr\">dpo@lec.fr<\/a>.<\/p>\n<\/div><\/div>\n\n<div class=\"row\"><div class=\"col-12 col-xl-10 offset-xl-1 paragraph\">\n<p>Wenn Sie uns einen Antrag zur Aus\u00fcbung Ihrer Rechte \u00fcbermitteln, werden Sie gebeten, den Umfang des Antrags, die Art des ausge\u00fcbten Rechts, die betreffende Verarbeitung personenbezogener Daten sowie alle weiteren hilfreichen Informationen so genau wie m\u00f6glich anzugeben, um die Pr\u00fcfung Ihres Antrags zu erleichtern. Dar\u00fcber hinaus kann bei begr\u00fcndetem Zweifel ein Identit\u00e4tsnachweis verlangt werden.<\/p>\n<\/div><\/div>\n\n<div class=\"row\"><div class=\"col-12 col-xl-10 offset-xl-1 paragraph\">\n<p>Die Aus\u00fcbung Ihrer Rechte ist streng pers\u00f6nlich und betrifft ausschlie\u00dflich den Antragsteller selbst oder einen gesetzlichen Vertreter im Namen eines Minderj\u00e4hrigen oder einer gesch\u00fctzten vollj\u00e4hrigen Person. Sie kann nicht f\u00fcr ein anderes Familienmitglied oder eine im selben Haushalt lebende Person ohne entsprechenden rechtlichen Nachweis gelten.<\/p>\n<\/div><\/div>\n\n\n<div style=\"height:50px\" aria-hidden=\"true\" class=\"wp-block-spacer\"><\/div>\n\n\n<div class=\"row\"><div class=\"col-12 col-xl-10 offset-xl-1 heading\">\n<h2 class=\"wp-block-heading\"><span>\u00c4nderung der vorliegenden Richtlinie<\/span><\/h2>\n<\/div><\/div>\n\n<div class=\"row\"><div class=\"col-12 col-xl-10 offset-xl-1 paragraph\">\n<p>LEC kann diese Datenschutzrichtlinie bei Bedarf \u00e4ndern. Wir stellen sicher, dass Sie im Falle wesentlicher \u00c4nderungen informiert werden.<\/p>\n<\/div><\/div>\n\n<div class=\"row\"><div class=\"col-12 col-xl-10 offset-xl-1 paragraph\">\n<p><strong>Datum der Aktualisierung: Januar 2026<\/strong><\/p>\n<\/div><\/div>\n\n\n<div style=\"height:50px\" aria-hidden=\"true\" class=\"wp-block-spacer\"><\/div>\n","protected":false},"excerpt":{"rendered":"<p>Ziel und Anwendungsbereich der Richtlinie LEC, eine Tochtergesellschaft der RAGNI-Gruppe, misst dem Schutz der Privatsph\u00e4re und der personenbezogenen Daten sowie der Einhaltung der Bestimmungen der geltenden Gesetzgebung gr\u00f6\u00dfte Bedeutung und gr\u00f6\u00dfte Sorgfalt bei. Die Verordnung (EU) 2016\/679 vom 27. April 2016 zum Schutz nat\u00fcrlicher Personen bei der Verarbeitung personenbezogener Daten und zum freien Datenverkehr (nachfolgend [&hellip;]<\/p>\n","protected":false},"author":1,"featured_media":0,"parent":0,"menu_order":0,"comment_status":"closed","ping_status":"closed","template":"page-rgpd.php","meta":{"_acf_changed":false,"inline_featured_image":false,"footnotes":""},"class_list":["post-4563","page","type-page","status-publish","hentry"],"acf":[],"_links":{"self":[{"href":"https:\/\/www.lec.fr\/de\/wp-json\/wp\/v2\/pages\/4563","targetHints":{"allow":["GET"]}}],"collection":[{"href":"https:\/\/www.lec.fr\/de\/wp-json\/wp\/v2\/pages"}],"about":[{"href":"https:\/\/www.lec.fr\/de\/wp-json\/wp\/v2\/types\/page"}],"author":[{"embeddable":true,"href":"https:\/\/www.lec.fr\/de\/wp-json\/wp\/v2\/users\/1"}],"replies":[{"embeddable":true,"href":"https:\/\/www.lec.fr\/de\/wp-json\/wp\/v2\/comments?post=4563"}],"version-history":[{"count":1,"href":"https:\/\/www.lec.fr\/de\/wp-json\/wp\/v2\/pages\/4563\/revisions"}],"predecessor-version":[{"id":4564,"href":"https:\/\/www.lec.fr\/de\/wp-json\/wp\/v2\/pages\/4563\/revisions\/4564"}],"wp:attachment":[{"href":"https:\/\/www.lec.fr\/de\/wp-json\/wp\/v2\/media?parent=4563"}],"curies":[{"name":"wp","href":"https:\/\/api.w.org\/{rel}","templated":true}]}}