{"id":4570,"date":"2025-10-17T14:31:36","date_gmt":"2025-10-17T12:31:36","guid":{"rendered":"https:\/\/www.lec.fr\/?page_id=4570"},"modified":"2026-02-13T12:49:31","modified_gmt":"2026-02-13T11:49:31","slug":"cookie-richtlinie","status":"publish","type":"page","link":"https:\/\/www.lec.fr\/de\/cookie-richtlinie\/","title":{"rendered":"Cookie-Richtlinie"},"content":{"rendered":"<\/div>\n<div id=\"block-hero-block_bc94de9e1e4a15ee49bb406a35ed8c0f\" class=\"container-fluid header_page_part px-0  block-hero\">\n        <div class=\"container\">\n        <div class=\"row\">\n            <div class=\"col-12 col-md-12 col-lg-11 col-xl-9 col-xxl-8\">\n                <nav aria-label=\"breadcrumbs\" class=\"rank-math-breadcrumb\"><p><span class=\"last\">Startseite<\/span><\/p><\/nav>                                    <h1 class=\"\">Cookie-Richtlinie<\/h1>\n                                \n                \n\n                            <\/div>\n        <\/div>\n\n\n    <\/div>\n<\/div>\n<div class=\"container\">\n\n\n\n\n\n<div class=\"row\"><div class=\"col-12 col-xl-10 offset-xl-1 heading\">\n<h2 class=\"wp-block-heading\"><span>Was ist ein Cookie?<\/span><\/h2>\n<\/div><\/div>\n\n<div class=\"row\"><div class=\"col-12 col-xl-10 offset-xl-1 paragraph\">\n<p>Cookies sind Daten, die auf Ihren Computern oder mobilen Endger\u00e4ten gespeichert werden. Sie sind anhand ihrer eindeutigen Kennungen unterscheidbar, die Ihren Computern oder Telefonen zugeordnet sind. Diese erm\u00f6glichen es Ihnen, auf Ihren bevorzugten Websites keine schlechte Nutzererfahrung zu haben, da sie sich an Ihre Aktionen und Pr\u00e4ferenzen erinnern. Somit m\u00fcssen Sie Ihre Navigationseinstellungen bei jeder Nutzung nicht erneut eingeben, wie etwa Standort, Schriftart oder Sprache.<\/p>\n<\/div><\/div>\n\n<div class=\"row\"><div class=\"col-12 col-xl-10 offset-xl-1 paragraph\">\n<p>Diese \u201eCookies\u201c werden auf Ihrem Computer gespeichert. Sie erm\u00f6glichen es uns nicht, Sie zu identifizieren; hingegen speichern sie Informationen \u00fcber die Navigation Ihres Computers auf der Website (die von Ihnen besuchten Seiten, Datum und Uhrzeit des Besuchs usw.), die wir bei Ihren sp\u00e4teren Besuchen auslesen k\u00f6nnen.<\/p>\n<\/div><\/div>\n\n<div class=\"row\"><div class=\"col-12 col-xl-10 offset-xl-1 paragraph\">\n<p>F\u00fcr s\u00e4mtliche Datenverarbeitungen im Zusammenhang mit der Erhebung von Cookies bestimmt LEC, eine vereinfachte Aktiengesellschaft (SAS) mit einem Stammkapital von 25.000 Euro und Sitz in der 69 rue Gorge de Loup, 69009 Lyon, die Mittel und Zwecke der Verarbeitung. Somit handelt LEC als Verantwortlicher f\u00fcr die Verarbeitung im Sinne der Vorschriften \u00fcber personenbezogene Daten und insbesondere der Verordnung (EU) 2016\/679 zum Schutz nat\u00fcrlicher Personen bei der Verarbeitung personenbezogener Daten und zum freien Datenverkehr.<\/p>\n<\/div><\/div>\n\n<div class=\"row\"><div class=\"col-12 col-xl-10 offset-xl-1 paragraph\">\n<p>LEC misst dem Schutz der Privatsph\u00e4re und der personenbezogenen Daten sowie der Einhaltung der Bestimmungen der geltenden Vorschriften gr\u00f6\u00dfte Bedeutung und gr\u00f6\u00dfte Sorgfalt bei.<\/p>\n<\/div><\/div>\n\n<div class=\"row\"><div class=\"col-12 col-xl-10 offset-xl-1 paragraph\">\n<p>Die vorliegende Cookie-Richtlinie (nachfolgend die \u201eRichtlinie\u201c) hat zum Ziel, Ihnen einfache und klare Informationen dar\u00fcber bereitzustellen, wie Ihre Daten \u00fcber die auf der Website gesetzten Cookies erhoben werden.<\/p>\n<\/div><\/div>\n\n\n<div style=\"height:50px\" aria-hidden=\"true\" class=\"wp-block-spacer\"><\/div>\n\n\n<div class=\"row\"><div class=\"col-12 col-xl-10 offset-xl-1 heading\">\n<h2 class=\"wp-block-heading\"><span>Werden Cookies gesetzt, wenn Sie auf der Website navigieren?<\/span><\/h2>\n<\/div><\/div>\n\n<div class=\"row\"><div class=\"col-12 col-xl-10 offset-xl-1 paragraph\">\n<p>Bei Ihrem ersten Besuch der Website informiert Sie ein Banner \u00fcber das Vorhandensein dieser Cookies und fordert Sie auf, Ihre Auswahl zu treffen. Cookies, die gem\u00e4\u00df den Vorschriften Ihre Einwilligung erfordern, werden nur gesetzt, wenn Sie diese akzeptieren. Sie k\u00f6nnen sich jederzeit \u00fcber Cookies informieren und diese konfigurieren, um sie zu akzeptieren oder abzulehnen, indem Sie die Seite [Meine Cookies verwalten] aufrufen, die sich am unteren Rand jeder Seite der Website befindet, oder indem Sie Ihren Browser konfigurieren.<\/p>\n<\/div><\/div>\n\n\n<div style=\"height:50px\" aria-hidden=\"true\" class=\"wp-block-spacer\"><\/div>\n\n\n<div class=\"row\"><div class=\"col-12 col-xl-10 offset-xl-1 heading\">\n<h2 class=\"wp-block-heading\"><span>Welche Daten werden \u00fcber Cookies erhoben?<\/span><\/h2>\n<\/div><\/div>\n\n<div class=\"row\"><div class=\"col-12 col-xl-10 offset-xl-1 paragraph\">\n<p>\u00dcber Cookies k\u00f6nnen alle Daten erhoben werden, die sich zu einem bestimmten Zeitpunkt auf ein Endger\u00e4t beziehen, insbesondere:<\/p>\n<\/div><\/div>\n\n<div class=\"row\"><div class=\"col-12 col-xl-10 offset-xl-1 list\">\n<ul class=\"wp-block-list\">\n<li>Eine oder mehrere technische Kennung(en), die die Identifizierung Ihrer Internet-Box erm\u00f6glichen;<\/li>\n\n\n\n<li>Datum, Uhrzeit und Dauer der Verbindung eines Endger\u00e4ts mit einer Website;<\/li>\n\n\n\n<li>Die Internetadresse der Ursprungsseite des Endger\u00e4ts, das auf die Website zugreift;<\/li>\n\n\n\n<li>Der Typ des Betriebssystems des Endger\u00e4ts (z. B. Windows, MacOS, Linux, Unix usw.);<\/li>\n\n\n\n<li>Der Typ und die Version der vom Endger\u00e4t verwendeten Browsersoftware (Internet Explorer, Firefox, Safari, Chrome, Opera usw.);<\/li>\n\n\n\n<li>Die Marke und das Modell des mobilen Endger\u00e4ts oder Tablets;<\/li>\n\n\n\n<li>M\u00f6gliche Download-Fehler;<\/li>\n\n\n\n<li>Die Nutzungssprache der vom Endger\u00e4t verwendeten Browsersoftware;<\/li>\n\n\n\n<li>Die Merkmale der aufgerufenen und geteilten Inhalte.<\/li>\n<\/ul>\n<\/div><\/div>\n\n\n<div style=\"height:50px\" aria-hidden=\"true\" class=\"wp-block-spacer\"><\/div>\n\n\n<div class=\"row\"><div class=\"col-12 col-xl-10 offset-xl-1 heading\">\n<h2 class=\"wp-block-heading\"><span>Welche Zwecke verfolgen die erhobenen Cookies?<\/span><\/h2>\n<\/div><\/div>\n\n<div class=\"row\"><div class=\"col-12 col-xl-10 offset-xl-1 paragraph\">\n<p>Auf der Website k\u00f6nnen wir verschiedene Arten von Cookies zu mehreren Zwecken setzen:<\/p>\n<\/div><\/div>\n\n<div class=\"row\"><div class=\"col-12 col-xl-10 offset-xl-1 list\">\n<ul class=\"wp-block-list\">\n<li><strong>Cookies, die f\u00fcr die Personalisierung und den Betrieb der Website erforderlich sind: <\/strong>Sie erm\u00f6glichen Ihnen die Nutzung der Hauptfunktionen der Website und insbesondere das Speichern von Informationen zwischen zwei Besuchen der Website auf demselben Endger\u00e4t, das Speichern von Sitzungs-Anmeldekennungen oder von Elementen zur Personalisierung der Benutzeroberfl\u00e4che (Sprachauswahl oder Darstellung). Sie erfordern keine vorherige Einwilligung.<\/li>\n\n\n\n<li><strong>Cookies zur Messung der Reichweite der Website: <\/strong>Diese erm\u00f6glichen es uns, die Nutzung und die Reichweitenleistung der Website zu analysieren und deren Betrieb f\u00fcr unsere Besucher zu verbessern, beispielsweise durch die Erstellung von Statistiken und Besucher- sowie Nutzungsvolumina der verschiedenen Bestandteile der Website (besuchte Rubriken und Inhalte, Navigationspfade), um das Interesse und die Ergonomie der Website zu verbessern.<\/li>\n<\/ul>\n<\/div><\/div>\n\n\n<figure class=\"wp-block-table\"><table class=\"has-fixed-layout\"><tbody><tr><td><strong>NAME DES COOKIES<\/strong><\/td><td><strong>ZWECK<\/strong><\/td><td><strong>SPEICHERDAUER<\/strong><\/td><\/tr><tr><td>PHPSESSID<\/td><td>Identifiziert die Benutzersitzung (Formulare, Login usw.)<\/td><td>Sitzung<\/td><\/tr><tr><td>wp-<\/td><td>WordPress-Cookies f\u00fcr Authentifizierung oder Benutzereinstellungen<\/td><td>Sitzung<\/td><\/tr><tr><td>wpml_current_language<\/td><td>Speichert die vom Nutzer gew\u00e4hlte Sprache<\/td><td>Sitzung<\/td><\/tr><tr><td>moove_gdpr_popup<\/td><td>Speichert Ihre Cookie-Einwilligungspr\u00e4ferenzen<\/td><td>6 Monate<\/td><\/tr><tr><td>AEC<\/td><td>Sicherheitscookie zur Verhinderung missbr\u00e4uchlicher Anfragen<\/td><td>6 Monate<\/td><\/tr><tr><td>Secure-ENID<\/td><td>Google-Sicherheitscookie zum Schutz vor unbefugtem Zugriff<\/td><td>13 Monate<\/td><\/tr><tr><td>SOCS<\/td><td>Speichert den Status Ihrer Google-Einwilligung<\/td><td>13 Monate<\/td><\/tr><tr><td>_ga<\/td><td>Unterscheidet Nutzer zur Erstellung von Besuchsstatistiken (Google Analytics)<\/td><td>13 Monate<\/td><\/tr><tr><td>DV<\/td><td>Google-Cookie zur Bereitstellung von Werbediensten und Messung der Anzeigeninteraktion<\/td><td>12 Monate<\/td><\/tr><\/tbody><\/table><\/figure>\n\n\n\n<div style=\"height:50px\" aria-hidden=\"true\" class=\"wp-block-spacer\"><\/div>\n\n\n<div class=\"row\"><div class=\"col-12 col-xl-10 offset-xl-1 heading\">\n<h2 class=\"wp-block-heading\"><span>Wer setzt Cookies auf der Website?<\/span><\/h2>\n<\/div><\/div>\n\n<div class=\"row\"><div class=\"col-12 col-xl-10 offset-xl-1 paragraph\">\n<p>Die Stellen, die Cookies auf der Website setzen, sind:<\/p>\n<\/div><\/div>\n\n<div class=\"row\"><div class=\"col-12 col-xl-10 offset-xl-1 list\">\n<ul class=\"wp-block-list\">\n<li>Der Herausgeber der Website, n\u00e4mlich LEC, sowie die Auftragsverarbeiter von LEC, d. h. die technischen Dienstleister, die Ihre Navigationsdaten im Auftrag von LEC verarbeiten.<\/li>\n<\/ul>\n<\/div><\/div>\n\n\n<div style=\"height:50px\" aria-hidden=\"true\" class=\"wp-block-spacer\"><\/div>\n\n\n<div class=\"row\"><div class=\"col-12 col-xl-10 offset-xl-1 heading\">\n<h2 class=\"wp-block-heading\"><span>Wie k\u00f6nnen Cookies in Webbrowsern konfiguriert werden?<\/span><\/h2>\n<\/div><\/div>\n\n<div class=\"row\"><div class=\"col-12 col-xl-10 offset-xl-1 paragraph\">\n<p>Sie haben die M\u00f6glichkeit, Ihren Browser so zu konfigurieren, dass alle Cookies akzeptiert oder abgelehnt werden, Cookies regelm\u00e4\u00dfig gel\u00f6scht werden oder angezeigt wird, wann ein Cookie gesetzt wird, wie lange es g\u00fcltig ist und welchen Inhalt es hat, und die Speicherung auf Ihrer Festplatte abzulehnen.<\/p>\n<\/div><\/div>\n\n<div class=\"row\"><div class=\"col-12 col-xl-10 offset-xl-1 paragraph\">\n<p>Sie k\u00f6nnen diese Cookies jederzeit blockieren oder deaktivieren, indem Sie den Internetbrowser auf Ihrem Computer, Tablet oder Mobiltelefon gem\u00e4\u00df den Anweisungen Ihres Browseranbieters konfigurieren. Nachfolgend finden Sie weitere Informationen zur Konfiguration f\u00fcr die am h\u00e4ufigsten verwendeten Browser:<\/p>\n<\/div><\/div>\n\n<div class=\"row\"><div class=\"col-12 col-xl-10 offset-xl-1 list\">\n<ul class=\"wp-block-list\">\n<li><a href=\"https:\/\/support.microsoft.com\/de-de\/windows\/anzeigen-und-l%C3%B6schen-des-browserverlaufs-in-internet-explorer-098ffe52-5ac9-a449-c296-c735c32c8678\" target=\"_blank\" rel=\"noreferrer noopener\">Internet Explorer<\/a><\/li>\n\n\n\n<li><a href=\"https:\/\/support.google.com\/chrome\/answer\/95647?hl=es&amp;sjid=9830027953565643075-EU\" target=\"_blank\" rel=\"noreferrer noopener\">Chrome<\/a><\/li>\n\n\n\n<li><a href=\"https:\/\/support.mozilla.org\/de\/kb\/verbesserter-schutz-aktivitatenverfolgung-desktop?redirectslug=activer-desactiver-cookies-preferences&amp;redirectlocale=fr\" target=\"_blank\" rel=\"noreferrer noopener\">Firefox<\/a><\/li>\n\n\n\n<li><a href=\"https:\/\/support.apple.com\/de-de\/guide\/safari\/sfri11471\/mac\" target=\"_blank\" rel=\"noreferrer noopener\">Saf<\/a><a href=\"https:\/\/support.apple.com\/en-euro\/guide\/safari\/sfri11471\/mac\" target=\"_blank\" rel=\"noreferrer noopener\">a<\/a><a href=\"https:\/\/support.apple.com\/fr-fr\/guide\/safari\/sfri11471\/mac\" target=\"_blank\" rel=\"noreferrer noopener\">ri<\/a><\/li>\n\n\n\n<li><a href=\"https:\/\/blogs.opera.com\/tips-and-tricks\/2023\/04\/clean-browser-and-remove-trackers\/\" target=\"_blank\" rel=\"noreferrer noopener\">Opera<\/a><\/li>\n<\/ul>\n<\/div><\/div>\n\n<div class=\"row\"><div class=\"col-12 col-xl-10 offset-xl-1 paragraph\">\n<p>Sie k\u00f6nnen auch das Men\u00fc \u201eHilfe\u201c Ihres Browsers aufrufen, um zu erfahren, wie Sie Ihre Cookie-Einstellungen \u00e4ndern k\u00f6nnen.<\/p>\n<\/div><\/div>\n\n\n<div style=\"height:50px\" aria-hidden=\"true\" class=\"wp-block-spacer\"><\/div>\n\n\n<div class=\"row\"><div class=\"col-12 col-xl-10 offset-xl-1 heading\">\n<h2 class=\"wp-block-heading\"><span>Welche Folgen hat die Ablehnung der verschiedenen Cookies?<\/span><\/h2>\n<\/div><\/div>\n\n<div class=\"row\"><div class=\"col-12 col-xl-10 offset-xl-1 paragraph\">\n<p>Wenn Sie die Speicherung der f\u00fcr das ordnungsgem\u00e4\u00dfe Funktionieren der Website erforderlichen Cookies auf Ihrem Endger\u00e4t oder in Ihrem Browser ablehnen oder die dort gespeicherten Cookies l\u00f6schen, werden Sie dar\u00fcber informiert, dass Ihre Navigation und Ihre Nutzungserfahrung auf der Website eingeschr\u00e4nkt sein k\u00f6nnen. Die Ablehnung von Cookies, die f\u00fcr den Betrieb der Website nicht erforderlich sind, hat keine derartigen Auswirkungen. Tats\u00e4chlich verhindert diese Ablehnung weder den Zugriff auf die Website noch die Nutzung ihrer Funktionen.<\/p>\n<\/div><\/div>\n\n\n<div style=\"height:50px\" aria-hidden=\"true\" class=\"wp-block-spacer\"><\/div>\n","protected":false},"excerpt":{"rendered":"<p>Was ist ein Cookie? Cookies sind Daten, die auf Ihren Computern oder mobilen Endger\u00e4ten gespeichert werden. Sie sind anhand ihrer eindeutigen Kennungen unterscheidbar, die Ihren Computern oder Telefonen zugeordnet sind. Diese erm\u00f6glichen es Ihnen, auf Ihren bevorzugten Websites keine schlechte Nutzererfahrung zu haben, da sie sich an Ihre Aktionen und Pr\u00e4ferenzen erinnern. Somit m\u00fcssen Sie [&hellip;]<\/p>\n","protected":false},"author":1,"featured_media":0,"parent":0,"menu_order":0,"comment_status":"closed","ping_status":"closed","template":"","meta":{"_acf_changed":false,"inline_featured_image":false,"footnotes":""},"class_list":["post-4570","page","type-page","status-publish","hentry"],"acf":[],"_links":{"self":[{"href":"https:\/\/www.lec.fr\/de\/wp-json\/wp\/v2\/pages\/4570","targetHints":{"allow":["GET"]}}],"collection":[{"href":"https:\/\/www.lec.fr\/de\/wp-json\/wp\/v2\/pages"}],"about":[{"href":"https:\/\/www.lec.fr\/de\/wp-json\/wp\/v2\/types\/page"}],"author":[{"embeddable":true,"href":"https:\/\/www.lec.fr\/de\/wp-json\/wp\/v2\/users\/1"}],"replies":[{"embeddable":true,"href":"https:\/\/www.lec.fr\/de\/wp-json\/wp\/v2\/comments?post=4570"}],"version-history":[{"count":3,"href":"https:\/\/www.lec.fr\/de\/wp-json\/wp\/v2\/pages\/4570\/revisions"}],"predecessor-version":[{"id":5808,"href":"https:\/\/www.lec.fr\/de\/wp-json\/wp\/v2\/pages\/4570\/revisions\/5808"}],"wp:attachment":[{"href":"https:\/\/www.lec.fr\/de\/wp-json\/wp\/v2\/media?parent=4570"}],"curies":[{"name":"wp","href":"https:\/\/api.w.org\/{rel}","templated":true}]}}