{"id":4899,"date":"2025-10-09T15:55:21","date_gmt":"2025-10-09T13:55:21","guid":{"rendered":"https:\/\/www.lec.fr\/?page_id=4899"},"modified":"2026-03-03T11:42:52","modified_gmt":"2026-03-03T10:42:52","slug":"karriere","status":"publish","type":"page","link":"https:\/\/www.lec.fr\/de\/karriere\/","title":{"rendered":"Karriere"},"content":{"rendered":"<\/div>\n<div id=\"block-hero-block_dc2f1c9fb843355fc81f52a7dbc4cf7e\" class=\"container-fluid header_project_part px-0  block-hero\">\n        <div class=\"container\">\n        <div class=\"row\">\n            <div class=\"col-12\">\n                <nav aria-label=\"breadcrumbs\" class=\"rank-math-breadcrumb\"><p><span class=\"last\">Startseite<\/span><\/p><\/nav>                    <h1 class=\"with_line with_line_blue with_line_lg\"><span>LEC beitreten<\/span><\/h1>\n                <div class=\"tags_part\">\n                                <\/div>\n\n\n                \n\n                            <\/div>\n        <\/div>\n\n\n    <\/div>\n<\/div>\n<div class=\"container\">\n\n\n\n\n\n\n<\/div>\n<div id=\"block-hero-block_c146d0da61bcdb49c94d420570cafc75\" class=\"container-fluid txt_media_part  block-hero\">\n    <div class=\"row\">\n        <div class=\"col-12 col-lg-6 col-xl-6 px-0 media order-1 order-lg-1\">\n            <img decoding=\"async\" src=\"https:\/\/www.lec.fr\/wp-content\/uploads\/kaleidoscope-lec.jpg\" alt=\"\" class=\"img-fluid\">        <\/div>\n        <div class=\"col-12 col-lg-6 col-xl-6 col-xxl-5 px-xl-5 pt-5 pt-lg-0 txt order-2 order-lg-2 d-flex align-items-center\">\n            <div class=\"txt_part px-2 px-xl-5\">\n            <div class=\"content\"><h2>Ein mittelst\u00e4ndisches Unternehmen &#8211; von Innovation getrieben<\/h2>\n<p>Ein Teil von LEC zu werden bedeutet, ein Teil eines bald f\u00fcnfzigj\u00e4hrigen Unternehmens zu werden, das als Pionier im Bereich der LED-Beleuchtung gilt. Es bedeutet auch, einem Team von rund drei\u00dfig engagierten Fachkr\u00e4ften beizutreten, in dem jedes Talent z\u00e4hlt und Innovation fest in unserer DNA verankert ist.<\/p>\n<p>Wir entwickeln und fertigen im franz\u00f6sischen Lyon ma\u00dfgeschneiderte, nachhaltige und leistungsstarke Beleuchtungsl\u00f6sungen. Unsere Mission: urbane und architektonische R\u00e4ume durch unsere hohe technische Expertise sowie ein starkes Engagement f\u00fcr Qualit\u00e4t und Nachhaltigkeit zu veredeln.<\/p>\n<\/div>            <\/div>\n        <\/div>\n    <\/div>\n\n<\/div>\n\n<div class=\"container\">\n\n\n<div style=\"height:50px\" aria-hidden=\"true\" class=\"wp-block-spacer\"><\/div>\n\n\n\n<div class=\"wp-block-columns is-layout-flex wp-container-core-columns-is-layout-9d6595d7 wp-block-columns-is-layout-flex\">\n<div class=\"wp-block-column is-layout-flow wp-block-column-is-layout-flow\"><div class=\"wp-block-image\"><div class=\"image\">\n<figure class=\"aligncenter size-full is-resized\"><img decoding=\"async\" width=\"343\" height=\"346\" src=\"https:\/\/www.lec.fr\/wp-content\/uploads\/groupe.png\" alt=\"\" class=\"wp-image-1913\" style=\"width:auto;height:100px\" srcset=\"https:\/\/www.lec.fr\/wp-content\/uploads\/groupe.png 343w, https:\/\/www.lec.fr\/wp-content\/uploads\/groupe-327x330.png 327w, https:\/\/www.lec.fr\/wp-content\/uploads\/groupe-150x150.png 150w\" sizes=\"(max-width: 343px) 100vw, 343px\" \/><\/figure>\n<\/div><\/div>\n\n<div class=\"row\"><div class=\"col-12 col-xl-10 offset-xl-1 paragraph\">\n<p class=\"has-text-align-center\">Mittelst\u00e4ndisches Unternehmen<\/p>\n<\/div><\/div><\/div>\n\n\n\n<div class=\"wp-block-column is-layout-flow wp-block-column-is-layout-flow\"><div class=\"wp-block-image\"><div class=\"image\">\n<figure class=\"aligncenter size-large is-resized\"><img decoding=\"async\" width=\"885\" height=\"1024\" src=\"https:\/\/www.lec.fr\/wp-content\/uploads\/idee_ampoule-885x1024.png\" alt=\"\" class=\"wp-image-1915\" style=\"width:auto;height:100px\" srcset=\"https:\/\/www.lec.fr\/wp-content\/uploads\/idee_ampoule-885x1024.png 885w, https:\/\/www.lec.fr\/wp-content\/uploads\/idee_ampoule-856x990.png 856w, https:\/\/www.lec.fr\/wp-content\/uploads\/idee_ampoule-571x660.png 571w, https:\/\/www.lec.fr\/wp-content\/uploads\/idee_ampoule-389x450.png 389w, https:\/\/www.lec.fr\/wp-content\/uploads\/idee_ampoule-285x330.png 285w, https:\/\/www.lec.fr\/wp-content\/uploads\/idee_ampoule-588x680.png 588w, https:\/\/www.lec.fr\/wp-content\/uploads\/idee_ampoule-768x888.png 768w, https:\/\/www.lec.fr\/wp-content\/uploads\/idee_ampoule-346x400.png 346w, https:\/\/www.lec.fr\/wp-content\/uploads\/idee_ampoule-316x365.png 316w, https:\/\/www.lec.fr\/wp-content\/uploads\/idee_ampoule-463x535.png 463w, https:\/\/www.lec.fr\/wp-content\/uploads\/idee_ampoule.png 1008w\" sizes=\"(max-width: 885px) 100vw, 885px\" \/><\/figure>\n<\/div><\/div>\n\n<div class=\"row\"><div class=\"col-12 col-xl-10 offset-xl-1 paragraph\">\n<p class=\"has-text-align-center\">Innovation im Mittelpunkt unseres Handelns<\/p>\n<\/div><\/div><\/div>\n\n\n\n<div class=\"wp-block-column is-layout-flow wp-block-column-is-layout-flow\"><div class=\"wp-block-image\"><div class=\"image\">\n<figure class=\"aligncenter size-full is-resized\"><img decoding=\"async\" width=\"550\" height=\"494\" src=\"https:\/\/www.lec.fr\/wp-content\/uploads\/bulles_discussion.png\" alt=\"\" class=\"wp-image-1917\" style=\"width:auto;height:100px\" srcset=\"https:\/\/www.lec.fr\/wp-content\/uploads\/bulles_discussion.png 550w, https:\/\/www.lec.fr\/wp-content\/uploads\/bulles_discussion-450x404.png 450w, https:\/\/www.lec.fr\/wp-content\/uploads\/bulles_discussion-330x296.png 330w, https:\/\/www.lec.fr\/wp-content\/uploads\/bulles_discussion-400x359.png 400w, https:\/\/www.lec.fr\/wp-content\/uploads\/bulles_discussion-365x328.png 365w, https:\/\/www.lec.fr\/wp-content\/uploads\/bulles_discussion-535x481.png 535w\" sizes=\"(max-width: 550px) 100vw, 550px\" \/><\/figure>\n<\/div><\/div>\n\n<div class=\"row\"><div class=\"col-12 col-xl-10 offset-xl-1 paragraph\">\n<p class=\"has-text-align-center\">Wertsch\u00e4tzendes und kollegiales Arbeitsumfeld<\/p>\n<\/div><\/div><\/div>\n\n\n\n<div class=\"wp-block-column is-layout-flow wp-block-column-is-layout-flow\"><div class=\"wp-block-image\"><div class=\"image\">\n<figure class=\"aligncenter size-full is-resized\"><img decoding=\"async\" width=\"603\" height=\"675\" src=\"https:\/\/www.lec.fr\/wp-content\/uploads\/carte_france_bbr-1.png\" alt=\"\" class=\"wp-image-1919\" style=\"width:auto;height:100px\" srcset=\"https:\/\/www.lec.fr\/wp-content\/uploads\/carte_france_bbr-1.png 603w, https:\/\/www.lec.fr\/wp-content\/uploads\/carte_france_bbr-1-590x660.png 590w, https:\/\/www.lec.fr\/wp-content\/uploads\/carte_france_bbr-1-402x450.png 402w, https:\/\/www.lec.fr\/wp-content\/uploads\/carte_france_bbr-1-295x330.png 295w, https:\/\/www.lec.fr\/wp-content\/uploads\/carte_france_bbr-1-357x400.png 357w, https:\/\/www.lec.fr\/wp-content\/uploads\/carte_france_bbr-1-326x365.png 326w, https:\/\/www.lec.fr\/wp-content\/uploads\/carte_france_bbr-1-478x535.png 478w\" sizes=\"(max-width: 603px) 100vw, 603px\" \/><\/figure>\n<\/div><\/div>\n\n<div class=\"row\"><div class=\"col-12 col-xl-10 offset-xl-1 paragraph\">\n<p class=\"has-text-align-center\">Know-how &#8211; Made in France<\/p>\n<\/div><\/div><\/div>\n<\/div>\n\n\n<div class=\"row\"><div class=\"col-12 col-xl-10 offset-xl-1 heading\">\n<h2 class=\"wp-block-heading\"><span>Ein Teil von LEC zu werden,<br>bedeutet auch,<br>Teil einer Gruppe zu werden<\/span><\/h2>\n<\/div><\/div>\n\n\n<div style=\"height:50px\" aria-hidden=\"true\" class=\"wp-block-spacer\"><\/div>\n\n\n<div class=\"row\"><div class=\"col-12 col-xl-10 offset-xl-1 paragraph\">\n<p>Als Entwickler und Hersteller ganzheitlicher L\u00f6sungen f\u00fcr die \u00f6ffentliche Beleuchtung ist die <a href=\"https:\/\/www.groupe-ragni.com\/de\/\" target=\"_blank\" rel=\"noreferrer noopener\">GROUPE RAGNI<\/a> ein bevorzugter Partner vernetzter Regionen und begleitet Kommunen bei ihrer energetischen und \u00f6kologischen Transformation.<\/p>\n<\/div><\/div>\n\n<div class=\"row\"><div class=\"col-12 col-xl-10 offset-xl-1 paragraph\">\n<p>Das 1927 gegr\u00fcndete Mutterunternehmen <a href=\"https:\/\/www.ragni.com\/en\/\" target=\"_blank\" rel=\"noreferrer noopener\">RAGNI<\/a> ist heute ein Unternehmen mit gesellschaftlichem Auftrag, ein Familienunternehmen in vierter Generation, das auf netzgebundene \u00f6ffentliche Beleuchtung spezialisiert ist und handwerkliches Know-how mit industrieller Kompetenz verbindet.<\/p>\n<\/div><\/div>\n\n<div class=\"row\"><div class=\"col-12 col-xl-10 offset-xl-1 paragraph\">\n<p>Seit 2015 hat die Gruppe ihre Expertise durch die Integration von <a href=\"https:\/\/www.novea-energies.com\/de\/\" target=\"_blank\" rel=\"noreferrer noopener\">NOV\u00c9A \u00c9NERGIES<\/a>, Spezialist f\u00fcr autonome \u00f6ffentliche Beleuchtung (Solarbeleuchtung), erweitert, sowie 2022 durch <a href=\"https:\/\/sev-e.com\/de\/\" target=\"_blank\" rel=\"noreferrer noopener\">SEV\u24d4<\/a>, ebenfalls ein Unternehmen mit gesellschaftlichem Auftrag, das die Ressourcen der Kommunen durch die Vernetzung ihrer Infrastrukturen optimiert.<\/p>\n<\/div><\/div>\n\n<div class=\"row\"><div class=\"col-12 col-xl-10 offset-xl-1 paragraph\">\n<p>Im Jahr 2023 st\u00e4rkte die \u00dcbernahme der Marken <a href=\"https:\/\/www.hess.eu\/de\/\" target=\"_blank\" rel=\"noreferrer noopener\">HESS<\/a> und <a href=\"https:\/\/www.vulkan.eu\/de\/\" target=\"_blank\" rel=\"noreferrer noopener\">VULKAN<\/a>, deutsche Pioniere der designorientierten und funktionalen \u00f6ffentlichen Beleuchtung, die europ\u00e4ische Dimension der Gruppe und unterstrich ihre industrielle Exzellenz. 2024 schloss sich LEC, ein historischer Akteur aus Lyon und Spezialist f\u00fcr urbane Inszenierung und Lichtmarkierung, dem Familienunternehmen an, gefolgt von <a href=\"https:\/\/www.eco-innov.com\/en\/\" target=\"_blank\" rel=\"noreferrer noopener\">ECO INNOV<\/a>, Experte f\u00fcr energieeffiziente Lichtpunkte, womit GROUPE RAGNI sein Engagement f\u00fcr ein stets vielf\u00e4ltigeres und innovativeres Angebot bekr\u00e4ftigt.<\/p>\n<\/div><\/div>\n\n\n<div class=\"wp-block-columns col-img is-layout-flex wp-container-core-columns-is-layout-9d6595d7 wp-block-columns-is-layout-flex\">\n<div class=\"wp-block-column is-layout-flow wp-block-column-is-layout-flow\" style=\"flex-basis:800px\"><div class=\"wp-block-image\"><div class=\"image\">\n<figure class=\"aligncenter size-full\"><img decoding=\"async\" width=\"1811\" height=\"1900\" src=\"https:\/\/www.lec.fr\/wp-content\/uploads\/Rosace_marques_26092024-1-1811x1900.png\" alt=\"\" class=\"wp-image-1000\" srcset=\"https:\/\/www.lec.fr\/wp-content\/uploads\/Rosace_marques_26092024-1-1811x1900.png 1811w, https:\/\/www.lec.fr\/wp-content\/uploads\/Rosace_marques_26092024-1-1258x1320.png 1258w, https:\/\/www.lec.fr\/wp-content\/uploads\/Rosace_marques_26092024-1-943x990.png 943w, https:\/\/www.lec.fr\/wp-content\/uploads\/Rosace_marques_26092024-1-629x660.png 629w, https:\/\/www.lec.fr\/wp-content\/uploads\/Rosace_marques_26092024-1-429x450.png 429w, https:\/\/www.lec.fr\/wp-content\/uploads\/Rosace_marques_26092024-1-314x330.png 314w, https:\/\/www.lec.fr\/wp-content\/uploads\/Rosace_marques_26092024-1-648x680.png 648w, https:\/\/www.lec.fr\/wp-content\/uploads\/Rosace_marques_26092024-1-768x806.png 768w, https:\/\/www.lec.fr\/wp-content\/uploads\/Rosace_marques_26092024-1-976x1024.png 976w, https:\/\/www.lec.fr\/wp-content\/uploads\/Rosace_marques_26092024-1-1464x1536.png 1464w, https:\/\/www.lec.fr\/wp-content\/uploads\/Rosace_marques_26092024-1-381x400.png 381w, https:\/\/www.lec.fr\/wp-content\/uploads\/Rosace_marques_26092024-1-348x365.png 348w, https:\/\/www.lec.fr\/wp-content\/uploads\/Rosace_marques_26092024-1-510x535.png 510w, https:\/\/www.lec.fr\/wp-content\/uploads\/Rosace_marques_26092024-1.png 1865w\" sizes=\"(max-width: 1811px) 100vw, 1811px\" \/><\/figure>\n<\/div><\/div><\/div>\n<\/div>\n\n\n<div class=\"row\"><div class=\"col-12 col-xl-10 offset-xl-1 heading\">\n<h2 class=\"wp-block-heading\"><span>Unsere T\u00e4tigkeitsbereiche<\/span><\/h2>\n<\/div><\/div>\n\n\n<div style=\"height:50px\" aria-hidden=\"true\" class=\"wp-block-spacer\"><\/div>\n\n\n<div class=\"row\"><div class=\"col-12 col-xl-10 offset-xl-1 paragraph\">\n<p>Wir vereinen vielf\u00e4ltige Kompetenzen, um unsere Projekte erfolgreich umzusetzen. Die wesentlichen T\u00e4tigkeitsfelder unseres Unternehmens sind:<\/p>\n<\/div><\/div>\n\n<div class=\"row\"><div class=\"col-12 col-xl-10 offset-xl-1 list\">\n<ul class=\"wp-block-list\">\n<li>Planungsb\u00fcro &amp; F&amp;E \u2013 Konzeption und Entwicklung innovativer L\u00f6sungen<\/li>\n\n\n\n<li>Produktion &amp; Qualit\u00e4t \u2013 Fertigung und Qualit\u00e4tskontrolle der Leuchten<\/li>\n\n\n\n<li>Marketing &amp; Vertrieb \u2013 Vermarktung und Begleitung von Kundenprojekten<\/li>\n\n\n\n<li>Logistik &amp; Support \u2013 Steuerung der Warenfl\u00fcsse und Prozessoptimierung<\/li>\n\n\n\n<li>Administration &amp; Personalwesen \u2013 Steuerung und Begleitung unserer Teams<\/li>\n<\/ul>\n<\/div><\/div>\n\n\n<div style=\"height:50px\" aria-hidden=\"true\" class=\"wp-block-spacer\"><\/div>\n\n\n<div class=\"row\"><div class=\"col-12 col-xl-10 offset-xl-1 heading\">\n<h2 class=\"wp-block-heading\"><span>Bereit, ein Teil von uns zu werden?<\/span><\/h2>\n<\/div><\/div>\n\n\n<div style=\"height:50px\" aria-hidden=\"true\" class=\"wp-block-spacer\"><\/div>\n\n\n<div class=\"row\"><div class=\"col-12 col-xl-10 offset-xl-1 heading\">\n<h3 class=\"wp-block-heading has-text-align-center\">Entdecken Sie unsere Stellenangebote<\/h3>\n<\/div><\/div>\n\n<div id=\"block-hero-block_c3a21bdde33f0cf28f66a1a2a36ebc75\" class=\"container job_offer_part  block-hero\">\n    <div class=\"row \">\n        <div class=\"col-12 col-xl-10 offset-xl-1 text-center paragraph\"><p>Derzeit sind keine Stellen zu besetzen.<\/p><\/div>    <\/div>\n\n<\/div>\n\n\n<div style=\"height:50px\" aria-hidden=\"true\" class=\"wp-block-spacer\"><\/div>\n\n\n<div class=\"row\"><div class=\"col-12 col-xl-10 offset-xl-1 heading\">\n<h3 class=\"wp-block-heading has-text-align-center\">Senden Sie uns Ihre Initiativbewerbung<\/h3>\n<\/div><\/div>\n\n\n<div id=\"block-hero-block_2a08c5ed6a173434cf813358e7122032\" class=\"container form_part  block-hero\">\n    <div class=\"row\">\n        <div class=\"col-12 col-xl-8 offset-xl-2 form_bloc\">\n            \n<div class=\"wpcf7 no-js\" id=\"wpcf7-f5001-o1\" lang=\"de-DE\" dir=\"ltr\" data-wpcf7-id=\"5001\">\n<div class=\"screen-reader-response\"><p role=\"status\" aria-live=\"polite\" aria-atomic=\"true\"><\/p> <ul><\/ul><\/div>\n<form action=\"\/de\/wp-json\/wp\/v2\/pages\/4899#wpcf7-f5001-o1\" method=\"post\" class=\"wpcf7-form init\" aria-label=\"Kontaktformular\" novalidate=\"novalidate\" data-status=\"init\">\n<fieldset class=\"hidden-fields-container\"><input type=\"hidden\" name=\"_wpcf7\" value=\"5001\" \/><input type=\"hidden\" name=\"_wpcf7_version\" value=\"6.1.5\" \/><input type=\"hidden\" name=\"_wpcf7_locale\" value=\"de_DE\" \/><input type=\"hidden\" name=\"_wpcf7_unit_tag\" value=\"wpcf7-f5001-o1\" \/><input type=\"hidden\" name=\"_wpcf7_container_post\" value=\"0\" \/><input type=\"hidden\" name=\"_wpcf7_posted_data_hash\" value=\"\" \/><input type=\"hidden\" name=\"_wpcf7cf_hidden_group_fields\" value=\"[]\" \/><input type=\"hidden\" name=\"_wpcf7cf_hidden_groups\" value=\"[]\" \/><input type=\"hidden\" name=\"_wpcf7cf_visible_groups\" value=\"[]\" \/><input type=\"hidden\" name=\"_wpcf7cf_repeaters\" value=\"[]\" \/><input type=\"hidden\" name=\"_wpcf7cf_steps\" value=\"{}\" \/><input type=\"hidden\" name=\"_wpcf7cf_options\" value=\"{&quot;form_id&quot;:5001,&quot;conditions&quot;:[],&quot;settings&quot;:{&quot;animation&quot;:&quot;yes&quot;,&quot;animation_intime&quot;:200,&quot;animation_outtime&quot;:200,&quot;conditions_ui&quot;:&quot;normal&quot;,&quot;notice_dismissed&quot;:false}}\" \/><input type=\"hidden\" name=\"_wpcf7dtx_version\" value=\"5.0.4\" \/>\n<\/fieldset>\n<div class=\"row\">\n\t<div class=\"form-group col-12\">\n\t\t<p class=\"title\">Initiativbewerbung\n\t\t<\/p>\n\t<\/div>\n<\/div>\n<div class=\"row\">\n\t<div class=\"form-group col-12\">\n\t\t<p><label class=\"form-label visually-hidden\" for=\"nom\">Anrede<\/label><br \/>\n<span class=\"wpcf7-form-control-wrap\" data-name=\"civilite\"><span class=\"wpcf7-form-control wpcf7-radio\"><span class=\"wpcf7-list-item first\"><label><input type=\"radio\" name=\"civilite\" value=\"Herr\" \/><span class=\"wpcf7-list-item-label\">Herr<\/span><\/label><\/span><span class=\"wpcf7-list-item\"><label><input type=\"radio\" name=\"civilite\" value=\"Frau\" \/><span class=\"wpcf7-list-item-label\">Frau<\/span><\/label><\/span><span class=\"wpcf7-list-item last\"><label><input type=\"radio\" name=\"civilite\" value=\"Ich m\u00f6chte keine Angabe machen\" \/><span class=\"wpcf7-list-item-label\">Ich m\u00f6chte keine Angabe machen<\/span><\/label><\/span><\/span><\/span>\n\t\t<\/p>\n\t<\/div>\n<\/div>\n<div class=\"row\">\n\t<div class=\"form-group col-12 col-md-6\">\n\t\t<p><label class=\"form-label\" for=\"nom\">Nachname *<\/label><br \/>\n<span class=\"wpcf7-form-control-wrap\" data-name=\"nom\"><input size=\"40\" maxlength=\"400\" class=\"wpcf7-form-control wpcf7-text wpcf7-validates-as-required form-control\" id=\"nom\" aria-required=\"true\" aria-invalid=\"false\" value=\"\" type=\"text\" name=\"nom\" \/><\/span>\n\t\t<\/p>\n\t<\/div>\n\t<div class=\"form-group col-12 col-md-6\">\n\t\t<p><label class=\"form-label\" for=\"prenom\">Vorname *<\/label><br \/>\n<span class=\"wpcf7-form-control-wrap\" data-name=\"prenom\"><input size=\"40\" maxlength=\"400\" class=\"wpcf7-form-control wpcf7-text wpcf7-validates-as-required form-control\" id=\"prenom\" aria-required=\"true\" aria-invalid=\"false\" value=\"\" type=\"text\" name=\"prenom\" \/><\/span>\n\t\t<\/p>\n\t<\/div>\n<\/div>\n<div class=\"row\">\n\t<div class=\"form-group col-12 col-md-6\">\n\t\t<p><label class=\"form-label\" for=\"tel\">Telefon *<\/label><br \/>\n<span class=\"wpcf7-form-control-wrap\" data-name=\"tel\"><input size=\"40\" maxlength=\"400\" class=\"wpcf7-form-control wpcf7-text wpcf7-validates-as-required form-control\" id=\"tel\" aria-required=\"true\" aria-invalid=\"false\" value=\"\" type=\"text\" name=\"tel\" \/><\/span>\n\t\t<\/p>\n\t<\/div>\n\t<div class=\"form-group col-12 col-md-6\">\n\t\t<p><label class=\"form-label\" for=\"email\">E-Mail *<\/label><br \/>\n<span class=\"wpcf7-form-control-wrap\" data-name=\"email\"><input size=\"40\" maxlength=\"400\" class=\"wpcf7-form-control wpcf7-email wpcf7-validates-as-required wpcf7-text wpcf7-validates-as-email form-control\" id=\"email\" aria-required=\"true\" aria-invalid=\"false\" value=\"\" type=\"email\" name=\"email\" \/><\/span>\n\t\t<\/p>\n\t<\/div>\n<\/div>\n<div class=\"row\">\n\t<div class=\"form-group col-12 mb-4\">\n\t\t<p><label class=\"form-label\" for=\"address\">Adresse<\/label><br \/>\n<span class=\"wpcf7-form-control-wrap\" data-name=\"address\"><input size=\"40\" maxlength=\"400\" class=\"wpcf7-form-control wpcf7-text form-control\" id=\"address\" aria-invalid=\"false\" value=\"\" type=\"text\" name=\"address\" \/><\/span>\n\t\t<\/p>\n\t<\/div>\n\t<div class=\"form-group col-12 col-md-6\">\n\t\t<p><label class=\"form-label\" for=\"zipcode\">Postleitzahl<\/label><br \/>\n<span class=\"wpcf7-form-control-wrap\" data-name=\"zipcode\"><input size=\"40\" maxlength=\"400\" class=\"wpcf7-form-control wpcf7-text form-control\" id=\"zipcode\" aria-invalid=\"false\" value=\"\" type=\"text\" name=\"zipcode\" \/><\/span>\n\t\t<\/p>\n\t<\/div>\n\t<div class=\"form-group col-12 col-md-6\">\n\t\t<p><label class=\"form-label\" for=\"city\">Stadt<\/label><br \/>\n<span class=\"wpcf7-form-control-wrap\" data-name=\"city\"><input size=\"40\" maxlength=\"400\" class=\"wpcf7-form-control wpcf7-text form-control\" id=\"city\" aria-invalid=\"false\" value=\"\" type=\"text\" name=\"city\" \/><\/span>\n\t\t<\/p>\n\t<\/div>\n<\/div>\n<div class=\"row\">\n\t<div class=\"form-group col-12\">\n\t\t<p><label for=\"message\">Nachricht<\/label><br \/>\n<span class=\"wpcf7-form-control-wrap\" data-name=\"message\"><textarea cols=\"40\" rows=\"10\" maxlength=\"2000\" class=\"wpcf7-form-control wpcf7-textarea form-control\" id=\"message\" aria-invalid=\"false\" name=\"message\"><\/textarea><\/span>\n\t\t<\/p>\n\t<\/div>\n<\/div>\n<div class=\"row\">\n\t<div class=\"form-group col-12 col-md-6\">\n\t\t<p><label for=\"CV\">Lebenslauf *<\/label><br \/>\n<span class=\"wpcf7-form-control-wrap\" data-name=\"CV\"><input size=\"40\" class=\"wpcf7-form-control wpcf7-drag-n-drop-file d-none\" aria-required=\"true\" aria-invalid=\"false\" type=\"file\" multiple=\"multiple\" data-name=\"CV\" data-type=\"pdf|doc|docx\" data-id=\"5001\" data-version=\"free version 1.3.9.5\" accept=\".pdf, .doc, .docx\" \/><\/span><span class=\"desc\">(.doc, .docx, .pdf bis zu 2 MB)<\/span>\n\t\t<\/p>\n\t<\/div>\n\t<div class=\"form-group col-12 col-md-6\">\n\t\t<p><label for=\"letter\">Motivationsschreiben<\/label><br \/>\n<span class=\"wpcf7-form-control-wrap\" data-name=\"letter\"><input size=\"40\" class=\"wpcf7-form-control wpcf7-drag-n-drop-file d-none\" aria-invalid=\"false\" type=\"file\" multiple=\"multiple\" data-name=\"letter\" data-type=\"pdf|doc|docx\" data-id=\"5001\" data-version=\"free version 1.3.9.5\" accept=\".pdf, .doc, .docx\" \/><\/span><span class=\"desc\">(.doc, .docx, .pdf bis zu 2 MB)<\/span>\n\t\t<\/p>\n\t<\/div>\n<\/div>\n<div class=\"row\">\n\t<div class=\"col-12 text-start\">\n\t\n\t<\/div>\n<\/div>\n<div class=\"row\">\n\t<div class=\"col-12 text-center\">\n\t\t<p><span class=\"wpcf7-form-control-wrap kc_captcha\" data-name=\"kc_captcha\"><span class=\"wpcf7-form-control wpcf7-radio\"><span class=\"captcha-image\" ><span class=\"cf7ic_instructions\">Bitte beweise, dass du kein Spambot bist und w\u00e4hle das Symbol<span> Stern<\/span>.<\/span><label><input aria-label=\"1\" type=\"radio\" name=\"kc_captcha\" value=\"kc_human\" \/><svg aria-hidden=\"true\" role=\"img\" xmlns=\"http:\/\/www.w3.org\/2000\/svg\" viewBox=\"0 0 576 512\"><path fill=\"currentColor\" d=\"M259 18l-65 132-146 22c-26 3-37 36-18 54l106 103-25 146c-5 26 23 46 46 33l131-68 131 68c23 13 51-7 46-33l-25-146 106-103c19-18 8-51-18-54l-146-22-65-132a32 32 0 00-58 0z\"\/><\/svg><\/label><label><input aria-label=\"2\" type=\"radio\" name=\"kc_captcha\" value=\"bot\" \/><svg aria-hidden=\"true\" role=\"img\" xmlns=\"http:\/\/www.w3.org\/2000\/svg\" viewBox=\"0 0 512 512\"><path fill=\"currentColor\" d=\"M500 168h-55l-8-21a127 127 0 00-120-83H195a127 127 0 00-120 83l-8 21H12c-8 0-14 8-11 16l8 24a12 12 0 0011 8h29a64 64 0 00-33 56v48c0 16 6 31 16 42v62c0 13 11 24 24 24h48c13 0 24-11 24-24v-40h256v40c0 13 11 24 24 24h48c13 0 24-11 24-24v-62c10-11 16-26 16-42v-48c0-24-13-45-33-56h29a12 12 0 0011-8l8-24c3-8-3-16-11-16zm-365 2c9-25 33-42 60-42h122c27 0 51 17 60 42l15 38H120l15-38zM88 328a32 32 0 010-64c18 0 48 30 48 48s-30 16-48 16zm336 0c-18 0-48 2-48-16s30-48 48-48 32 14 32 32-14 32-32 32z\"\/><\/svg><\/label><label><input aria-label=\"3\" type=\"radio\" name=\"kc_captcha\" value=\"bot\" \/><svg aria-hidden=\"true\" role=\"img\" xmlns=\"http:\/\/www.w3.org\/2000\/svg\" viewBox=\"0 0 512 512\"><path fill=\"currentColor\" d=\"M350 99c-54 0-98-35-166-35-25 0-47 4-68 12a56 56 0 004-24C118 24 95 1 66 0a56 56 0 00-34 102v386c0 13 11 24 24 24h16c13 0 24-11 24-24v-94c28-12 64-23 114-23 54 0 98 35 166 35 48 0 86-16 122-41 9-6 14-15 14-26V96c0-23-24-39-45-29-35 16-77 32-117 32z\"\/><\/svg><\/label>\r\n    <\/span>\r\n    <span style=\"display:none\">\r\n        <input type=\"text\" name=\"kc_honeypot\">\r\n    <\/span><\/span><\/span>\n\t\t<\/p>\n\t<\/div>\n<\/div>\n<div class=\"row\">\n\t<div class=\"col-12 text-center\">\n\t\t<p><input class=\"wpcf7-form-control wpcf7-submit has-spinner btn mainColor bg-gold\" type=\"submit\" value=\"Bewerbung absenden\" \/>\n\t\t<\/p>\n\t<\/div>\n<\/div>\n<p><script>\nvar rgpdJson = {\n    type: 'geojson',\n    data: ['<p>Die erhobenen personenbezogenen Daten sind f\u00fcr Lec Innov bestimmt und werden zur Bearbeitung Ihrer Bewerbung verwendet, um Ihnen gegebenenfalls einen Arbeitsvertrag anzubieten. Wird Ihre Bewerbung nicht ber\u00fccksichtigt, werden diese Daten f\u00fcr einen Zeitraum von maximal zwei (2) Jahren gespeichert.<\/p><p>Gem\u00e4\u00df den geltenden Datenschutzbestimmungen haben Sie das Recht auf Auskunft, Berichtigung, L\u00f6schung, Daten\u00fcbertragbarkeit und Einschr\u00e4nkung der Verarbeitung Ihrer personenbezogenen Daten sowie das Recht, Anweisungen zum Umgang mit Ihren Daten nach Ihrem Tod zu erteilen. Sie haben au\u00dferdem das Recht, der Verarbeitung Ihrer personenbezogenen Daten zu widersprechen.<br \/>Sie k\u00f6nnen Ihre Rechte aus\u00fcben, indem Sie den Datenschutzbeauftragten (DPO) unter folgender Adresse kontaktieren: dpo@lec.fr<br \/>oder BAT D, 69 rue Gorge de Loup, 69009 Lyon.<br \/>Dar\u00fcber hinaus haben Sie das Recht, eine Beschwerde bei der CNIL einzureichen.<\/p><p>Weitere Informationen zur Verarbeitung Ihrer Daten und zu Ihren Rechten finden Sie in unserer Datenschutzrichtlinie.<\/p>'],\n};\n<\/script>\n\n            <div class=\"rgpd__block\">\n                 <div class=\"rgpd__title\">DSGVO &#8211; Datenschutz<\/div>\n                 <div class=\"rgpd__content\"><\/div>\n            <\/div>\n<\/p><p style=\"display: none !important;\" class=\"akismet-fields-container\" data-prefix=\"_wpcf7_ak_\"><label>&#916;<textarea name=\"_wpcf7_ak_hp_textarea\" cols=\"45\" rows=\"8\" maxlength=\"100\"><\/textarea><\/label><input type=\"hidden\" id=\"ak_js_1\" name=\"_wpcf7_ak_js\" value=\"250\"\/><script>document.getElementById( \"ak_js_1\" ).setAttribute( \"value\", ( new Date() ).getTime() );<\/script><\/p><div class=\"wpcf7-response-output\" aria-hidden=\"true\"><\/div>\n<\/form>\n<\/div>\n        <\/div>\n    <\/div>\n\n<\/div>\n\n","protected":false},"excerpt":{"rendered":"<p>Mittelst\u00e4ndisches Unternehmen Innovation im Mittelpunkt unseres Handelns Wertsch\u00e4tzendes und kollegiales Arbeitsumfeld Know-how &#8211; Made in France Ein Teil von LEC zu werden,bedeutet auch,Teil einer Gruppe zu werden Als Entwickler und Hersteller ganzheitlicher L\u00f6sungen f\u00fcr die \u00f6ffentliche Beleuchtung ist die GROUPE RAGNI ein bevorzugter Partner vernetzter Regionen und begleitet Kommunen bei ihrer energetischen und \u00f6kologischen Transformation. [&hellip;]<\/p>\n","protected":false},"author":1,"featured_media":0,"parent":0,"menu_order":0,"comment_status":"closed","ping_status":"closed","template":"","meta":{"_acf_changed":false,"inline_featured_image":false,"footnotes":""},"class_list":["post-4899","page","type-page","status-publish","hentry"],"acf":[],"_links":{"self":[{"href":"https:\/\/www.lec.fr\/de\/wp-json\/wp\/v2\/pages\/4899","targetHints":{"allow":["GET"]}}],"collection":[{"href":"https:\/\/www.lec.fr\/de\/wp-json\/wp\/v2\/pages"}],"about":[{"href":"https:\/\/www.lec.fr\/de\/wp-json\/wp\/v2\/types\/page"}],"author":[{"embeddable":true,"href":"https:\/\/www.lec.fr\/de\/wp-json\/wp\/v2\/users\/1"}],"replies":[{"embeddable":true,"href":"https:\/\/www.lec.fr\/de\/wp-json\/wp\/v2\/comments?post=4899"}],"version-history":[{"count":9,"href":"https:\/\/www.lec.fr\/de\/wp-json\/wp\/v2\/pages\/4899\/revisions"}],"predecessor-version":[{"id":6058,"href":"https:\/\/www.lec.fr\/de\/wp-json\/wp\/v2\/pages\/4899\/revisions\/6058"}],"wp:attachment":[{"href":"https:\/\/www.lec.fr\/de\/wp-json\/wp\/v2\/media?parent=4899"}],"curies":[{"name":"wp","href":"https:\/\/api.w.org\/{rel}","templated":true}]}}