{"id":4901,"date":"2025-09-30T15:10:07","date_gmt":"2025-09-30T13:10:07","guid":{"rendered":"https:\/\/www.lec.fr\/?page_id=4901"},"modified":"2026-02-27T07:36:41","modified_gmt":"2026-02-27T06:36:41","slug":"engagement","status":"publish","type":"page","link":"https:\/\/www.lec.fr\/de\/engagement\/","title":{"rendered":"Engagement"},"content":{"rendered":"<\/div>\n<div id=\"block-hero-block_356a4f56b5a286c2cc13ba7d9f694e93\" class=\"container-fluid header_page_part px-0  block-hero\">\n    <div class=\"cover\" style=\"background:url(https:\/\/www.lec.fr\/wp-content\/uploads\/1_Accueil_engagement-1-1900x395.jpg) no-repeat center \/ cover\"><img decoding=\"async\" src=\"https:\/\/www.lec.fr\/wp-content\/uploads\/1_Accueil_engagement-1-1900x395.jpg\" alt=\"https:\/\/www.lec.fr\/wp-content\/uploads\/1_Accueil_engagement-1-1900x395.jpg\" class=\"img-fluid d-none\"><\/div>    <div class=\"container\">\n        <div class=\"row\">\n            <div class=\"col-12 col-md-12 col-lg-11 col-xl-9 col-xxl-8\">\n                <nav aria-label=\"breadcrumbs\" class=\"rank-math-breadcrumb\"><p><span class=\"last\">Startseite<\/span><\/p><\/nav>                                    <h1 class=\"\">Die Nacht auf verantwortungsvolle Weise neu erfinden<\/h1>\n                                \n                <p>Jeden Tag formt Licht unsere R\u00e4ume und unsere Wahrnehmung der Welt. LEC entscheidet sich bewusst f\u00fcr eine verantwortungsvolle Beleuchtung, bei der Leistungsf\u00e4higkeit, \u00c4sthetik und Umweltrespekt zusammenwirken, um die Nacht zu veredeln, ohne sie zu verf\u00e4lschen.<\/p>\n\n\n                            <\/div>\n        <\/div>\n\n\n    <\/div>\n<\/div>\n<div class=\"container\">\n\n\n\n\n\n\n<div style=\"height:50px\" aria-hidden=\"true\" class=\"wp-block-spacer\"><\/div>\n\n\n<div class=\"row\"><div class=\"col-12 col-xl-10 offset-xl-1 heading\">\n<h2 class=\"wp-block-heading\"><span>Eine verantwortungsvolle,<br>integrierte und respektvolle Beleuchtung<\/span><\/h2>\n<\/div><\/div>\n\n\n<div style=\"height:30px\" aria-hidden=\"true\" class=\"wp-block-spacer\"><\/div>\n\n\n\n<\/div>\n<div id=\"block-hero-block_501413a99cd4d4dae7b5262076467b46\" class=\"container-fluid txt_media_part  block-hero\">\n    <div class=\"row\">\n        <div class=\"col-12 col-lg-6 col-xl-6 px-0 media order-1 order-lg-1\">\n            <img decoding=\"async\" src=\"https:\/\/www.lec.fr\/wp-content\/uploads\/69_4040_LUMINY_4_Lyon-7.jpg\" alt=\"\" class=\"img-fluid\">        <\/div>\n        <div class=\"col-12 col-lg-6 col-xl-6 col-xxl-5 px-xl-5 pt-5 pt-lg-0 txt order-2 order-lg-2 d-flex align-items-center\">\n            <div class=\"txt_part px-2 px-xl-5\">\n            <div class=\"content\"><h3>Visuelle Verschmutzung begrenzen<\/h3>\n<p>Urbane Beleuchtung ist ein Verb\u00fcndeter der Landschaft. Unsere L\u00f6sungen f\u00fcgen sich dezent in Stadtm\u00f6blierung, B\u00f6den und Fassaden ein und bewahren so die \u00c4sthetik der Orte, w\u00e4hrend sie gleichzeitig optimalen Sehkomfort gew\u00e4hrleisten. Eine fl\u00fcssigere, sch\u00f6nere und angenehmere Stadt entsteht durch eine ausgewogene Beleuchtung der R\u00e4ume.<\/p>\n<p>&nbsp;<\/p>\n<h3>Lichtverschmutzung reduzieren<\/h3>\n<p>Wir entwickeln unsere Leuchten so, dass die Lichtverteilung kontrolliert und ihre Auswirkungen auf die n\u00e4chtliche Umwelt minimiert werden. Unsere L\u00f6sungen begrenzen unn\u00f6tige Emissionen in den Himmel und vermeiden Blendung, um die Biodiversit\u00e4t und die Qualit\u00e4t des Sternenhimmels zu erhalten.<\/p>\n<ul>\n<li>Gezielte und gerichtete Beleuchtung zur Minimierung von Lichtemissionen.<\/li>\n<li>Ein besseres Zusammenleben von Stadt und Natur durch sanftes, kontrolliertes Licht.<\/li>\n<li>Optimale Sichtbarkeit, ohne die nat\u00fcrliche Dunkelheit zu beeintr\u00e4chtigen.<\/li>\n<\/ul>\n<p>&nbsp;<\/p>\n<\/div>            <\/div>\n        <\/div>\n    <\/div>\n\n<\/div>\n\n<div class=\"container\">\n\n\n<div style=\"height:50px\" aria-hidden=\"true\" class=\"wp-block-spacer\"><\/div>\n\n\n<div class=\"row\"><div class=\"col-12 col-xl-10 offset-xl-1 heading\">\n<h2 class=\"wp-block-heading\"><span>Nachhaltigkeit und Energieeffizienz<\/span><\/h2>\n<\/div><\/div>\n\n\n<div style=\"height:30px\" aria-hidden=\"true\" class=\"wp-block-spacer\"><\/div>\n\n\n<div class=\"row\"><div class=\"col-12 col-xl-10 offset-xl-1 paragraph\">\n<p>Wir integrieren die besten Technologien, um den Energieverbrauch zu optimieren und eine leistungsstarke sowie langlebige Beleuchtung zu gew\u00e4hrleisten.<\/p>\n<\/div><\/div>\n\n<div class=\"row\"><div class=\"col-12 col-xl-10 offset-xl-1 list\">\n<ul class=\"wp-block-list\">\n<li>Hocheffiziente LEDs f\u00fcr starke Lichtleistung bei reduziertem Energieverbrauch.<\/li>\n\n\n\n<li>Leuchten mit langer Lebensdauer, die Abf\u00e4lle und h\u00e4ufige Ersetzungen begrenzen.<\/li>\n\n\n\n<li>Ein Retrofit-System zum Austausch alter Lichtquellen.<\/li>\n\n\n\n<li>Robuste und \u00f6kologisch konzipierte Materialien zur Reduzierung des CO\u2082-Fu\u00dfabdrucks.<\/li>\n\n\n\n<li>Intelligente Steuerungssysteme (automatische Dimmung, Pr\u00e4senzmelder), um das Licht an den tats\u00e4chlichen Bedarf anzupassen.<\/li>\n<\/ul>\n<\/div><\/div>\n\n\n<div style=\"height:50px\" aria-hidden=\"true\" class=\"wp-block-spacer\"><\/div>\n\n\n<div class=\"row\"><div class=\"col-12 col-xl-10 offset-xl-1 heading\">\n<h2 class=\"wp-block-heading\"><span>In Frankreich gefertigte Produkte:<br>eine Garantie f\u00fcr Exzellenz<\/span><\/h2>\n<\/div><\/div>\n\n\n<div style=\"height:30px\" aria-hidden=\"true\" class=\"wp-block-spacer\"><\/div>\n\n\n<div class=\"row\"><div class=\"col-12 col-xl-10 offset-xl-1 paragraph\">\n<p>Seit \u00fcber 40 Jahren entwickeln wir Beleuchtungsl\u00f6sungen, die Zuverl\u00e4ssigkeit, Fachkompetenz und Innovation vereinen und in Frankreich mit konstantem Qualit\u00e4tsanspruch gefertigt werden.<\/p>\n<\/div><\/div>\n\n<div class=\"row\"><div class=\"col-12 col-xl-10 offset-xl-1 list\">\n<ul class=\"wp-block-list\">\n<li>Thermisches Management: optimale Temperaturkontrolle zur Verl\u00e4ngerung der LED-Lebensdauer.<\/li>\n\n\n\n<li>Kontrollierte und zertifizierte Fertigung: strenge Pr\u00fcfungen in jeder Phase, best\u00e4tigt durch die ISO-9001-Zertifizierung seit 2002.<\/li>\n\n\n\n<li>100 % franz\u00f6sische Produktion: ein einzigartiges Know-how, entwickelt in Lyon in Zusammenarbeit mit regionalen Industriepartnern.<\/li>\n\n\n\n<li>Finanziert durch die Umweltorganisation Ecosystem erm\u00f6glicht dieser Service die kostenlose R\u00fccknahme und das Recycling gebrauchter Beleuchtungsausr\u00fcstung.<\/li>\n\n\n\n<li>Entwicklung von \u00f6kologisch konzipierten Leuchten (\u201eEco-Design\u201c) wann immer m\u00f6glich: Reduzierung der Umweltauswirkungen der Produkte \u00fcber ihren gesamten Lebenszyklus.<\/li>\n<\/ul>\n<\/div><\/div>\n\n\n<div class=\"wp-block-columns is-layout-flex wp-container-core-columns-is-layout-9d6595d7 wp-block-columns-is-layout-flex\">\n<div class=\"wp-block-column is-layout-flow wp-block-column-is-layout-flow\"><div class=\"wp-block-image\"><div class=\"image\">\n<figure class=\"aligncenter size-full is-resized\"><img decoding=\"async\" width=\"603\" height=\"675\" src=\"https:\/\/www.lec.fr\/wp-content\/uploads\/carte_france_bbr.png\" alt=\"\" class=\"wp-image-1051\" style=\"width:189px;height:auto\" srcset=\"https:\/\/www.lec.fr\/wp-content\/uploads\/carte_france_bbr.png 603w, https:\/\/www.lec.fr\/wp-content\/uploads\/carte_france_bbr-590x660.png 590w, https:\/\/www.lec.fr\/wp-content\/uploads\/carte_france_bbr-402x450.png 402w, https:\/\/www.lec.fr\/wp-content\/uploads\/carte_france_bbr-295x330.png 295w, https:\/\/www.lec.fr\/wp-content\/uploads\/carte_france_bbr-268x300.png 268w, https:\/\/www.lec.fr\/wp-content\/uploads\/carte_france_bbr-357x400.png 357w, https:\/\/www.lec.fr\/wp-content\/uploads\/carte_france_bbr-326x365.png 326w, https:\/\/www.lec.fr\/wp-content\/uploads\/carte_france_bbr-478x535.png 478w\" sizes=\"(max-width: 603px) 100vw, 603px\" \/><\/figure>\n<\/div><\/div><\/div>\n<\/div>\n\n\n\n<\/div>\n<div id=\"block-hero-block_74df8a7bafbf9979c86a5994518047a5\" class=\"container-fluid txt_media_part  block-hero\">\n    <div class=\"row\">\n        <div class=\"col-12 col-lg-6 col-xl-6 px-0 media order-1 order-lg-1\">\n            <img decoding=\"async\" src=\"https:\/\/www.lec.fr\/wp-content\/uploads\/H2-Lhumain-au-coeur-de-notre-demarche.jpg\" alt=\"\" class=\"img-fluid\">        <\/div>\n        <div class=\"col-12 col-lg-6 col-xl-6 col-xxl-5 px-xl-5 pt-5 pt-lg-0 txt order-2 order-lg-2 d-flex align-items-center\">\n            <div class=\"txt_part px-2 px-xl-5\">\n            <div class=\"content\"><h2>Der Mensch im Mittelpunkt unseres Handelns<\/h2>\n<p>Hinter jeder Innovation stehen engagierte Frauen und M\u00e4nner. Fachkompetenz, Reaktionsf\u00e4higkeit, Leidenschaft und Engagement sind die Werte, die unsere Beziehungen zu Kunden, Partnern und Mitarbeitenden pr\u00e4gen.<\/p>\n<p>Wir glauben an einen menschlichen Ansatz der Beleuchtung, bei dem Zuh\u00f6ren und Expertise L\u00f6sungen erm\u00f6glichen, die angepasst, leistungsf\u00e4hig und umweltrespectvoll sind.<\/p>\n<\/div>            <\/div>\n        <\/div>\n    <\/div>\n\n<\/div>\n\n<div class=\"container\">\n\n\n<div style=\"height:50px\" aria-hidden=\"true\" class=\"wp-block-spacer\"><\/div>\n\n\n\n<\/div>\n<div id=\"block-hero-block_e2c1e44c54a541536fe501d529e1be39\" class=\"container-fluid txt_media_part  block-hero\">\n    <div class=\"row\">\n        <div class=\"col-12 col-lg-6 col-xl-6 px-0 media order-1 order-lg-2\">\n            <img decoding=\"async\" src=\"https:\/\/www.lec.fr\/wp-content\/uploads\/H2-LEC-au-coeur-dun-groupe-engage-1.jpg\" alt=\"\" class=\"img-fluid\">        <\/div>\n        <div class=\"col-12 col-lg-6 col-xl-6 col-xxl-5 px-xl-5 pt-5 pt-lg-0 txt order-2 order-lg-1 offset-xxl-1 d-flex align-items-center\">\n            <div class=\"txt_part px-2 px-xl-5\">\n            <div class=\"content\"><h2>LEC im Herzen einer engagierten Gruppe<\/h2>\n<p>Teil von <a href=\"https:\/\/www.groupe-ragni.com\/de\/\" target=\"_blank\" rel=\"noopener\">GROUPE RAGNI<\/a> zu sein bedeutet, sich einer Vision anzuschlie\u00dfen, in der Innovation und Verantwortung Hand in Hand gehen.<\/p>\n<p>Mit <a href=\"https:\/\/www.ragni.com\/en\/\" target=\"_blank\" rel=\"noopener\">RAGNI<\/a> und <a href=\"https:\/\/sev-e.com\/de\/\" target=\"_blank\" rel=\"noopener\">SEV\u24d4<\/a> als Unternehmen mit gesellschaftlichem Auftrag bekr\u00e4ftigt die Gruppe ihr Engagement f\u00fcr eine nachhaltigere Beleuchtung, die die Regionen und zuk\u00fcnftige Generationen respektiert. Bei LEC teilen wir diese starken Werte: Lichtl\u00f6sungen zu entwickeln, die Leistung, Nachhaltigkeit und verantwortungsvolle Integration in den urbanen Raum vereinen. Gemeinsam setzen wir uns f\u00fcr eine ausgewogene Beleuchtung ein.<\/p>\n<\/div>            <\/div>\n        <\/div>\n    <\/div>\n\n<\/div>\n\n<div class=\"container\">\n\n\n<div style=\"height:50px\" aria-hidden=\"true\" class=\"wp-block-spacer\"><\/div>\n\n\n<div class=\"row\"><div class=\"col-12 col-xl-10 offset-xl-1 heading\">\n<h3 class=\"wp-block-heading\">Lassen Sie uns gemeinsam die Nacht neu erfinden \u2013 mit Sinn und Verantwortung.<\/h3>\n<\/div><\/div>\n\n<div class=\"row\"><div class=\"col-12 col-xl-10 offset-xl-1 paragraph\">\n<p>Roger Narboni bei den Rencontres de l\u2019\u00c9clairage Raisonn\u00e9 \u2013 Auszug<\/p>\n<\/div><\/div>\n\n\n<div style=\"height:30px\" aria-hidden=\"true\" class=\"wp-block-spacer\"><\/div>\n\n\n<\/div><div class=\"embed\">\n<figure class=\"wp-block-embed is-type-video is-provider-youtube wp-block-embed-youtube wp-embed-aspect-16-9 wp-has-aspect-ratio\"><div class=\"wp-block-embed__wrapper\">\n<iframe title=\"Les rencontres de l&#039;\u00e9clairage raisonn\u00e9e - Extrait de Roger Narboni\" width=\"500\" height=\"281\" src=\"https:\/\/www.youtube.com\/embed\/Ai93oMFxV74?feature=oembed\" frameborder=\"0\" allow=\"accelerometer; autoplay; clipboard-write; encrypted-media; gyroscope; picture-in-picture; web-share\" referrerpolicy=\"strict-origin-when-cross-origin\" allowfullscreen><\/iframe>\n<\/div><\/figure>\n<\/div><div class=\"container\">\n\n\n<div style=\"height:100px\" aria-hidden=\"true\" class=\"wp-block-spacer\"><\/div>\n","protected":false},"excerpt":{"rendered":"<p>Eine verantwortungsvolle,integrierte und respektvolle Beleuchtung Nachhaltigkeit und Energieeffizienz Wir integrieren die besten Technologien, um den Energieverbrauch zu optimieren und eine leistungsstarke sowie langlebige Beleuchtung zu gew\u00e4hrleisten. In Frankreich gefertigte Produkte:eine Garantie f\u00fcr Exzellenz Seit \u00fcber 40 Jahren entwickeln wir Beleuchtungsl\u00f6sungen, die Zuverl\u00e4ssigkeit, Fachkompetenz und Innovation vereinen und in Frankreich mit konstantem Qualit\u00e4tsanspruch gefertigt werden. Lassen [&hellip;]<\/p>\n","protected":false},"author":1,"featured_media":0,"parent":0,"menu_order":0,"comment_status":"closed","ping_status":"closed","template":"","meta":{"_acf_changed":false,"inline_featured_image":false,"footnotes":""},"class_list":["post-4901","page","type-page","status-publish","hentry"],"acf":[],"_links":{"self":[{"href":"https:\/\/www.lec.fr\/de\/wp-json\/wp\/v2\/pages\/4901","targetHints":{"allow":["GET"]}}],"collection":[{"href":"https:\/\/www.lec.fr\/de\/wp-json\/wp\/v2\/pages"}],"about":[{"href":"https:\/\/www.lec.fr\/de\/wp-json\/wp\/v2\/types\/page"}],"author":[{"embeddable":true,"href":"https:\/\/www.lec.fr\/de\/wp-json\/wp\/v2\/users\/1"}],"replies":[{"embeddable":true,"href":"https:\/\/www.lec.fr\/de\/wp-json\/wp\/v2\/comments?post=4901"}],"version-history":[{"count":3,"href":"https:\/\/www.lec.fr\/de\/wp-json\/wp\/v2\/pages\/4901\/revisions"}],"predecessor-version":[{"id":5975,"href":"https:\/\/www.lec.fr\/de\/wp-json\/wp\/v2\/pages\/4901\/revisions\/5975"}],"wp:attachment":[{"href":"https:\/\/www.lec.fr\/de\/wp-json\/wp\/v2\/media?parent=4901"}],"curies":[{"name":"wp","href":"https:\/\/api.w.org\/{rel}","templated":true}]}}