{"id":4904,"date":"2025-09-11T12:38:25","date_gmt":"2025-09-11T10:38:25","guid":{"rendered":"https:\/\/www.lec.fr\/?page_id=4904"},"modified":"2026-03-03T11:45:21","modified_gmt":"2026-03-03T10:45:21","slug":"groupe-ragni","status":"publish","type":"page","link":"https:\/\/www.lec.fr\/de\/groupe-ragni\/","title":{"rendered":"GROUPE RAGNI"},"content":{"rendered":"<\/div>\n<div id=\"block-hero-block_7c47b12175b816d3f7ff99fb533be727\" class=\"container-fluid header_page_part px-0  block-hero\">\n        <div class=\"container\">\n        <div class=\"row\">\n            <div class=\"col-12 col-md-12 col-lg-11 col-xl-9 col-xxl-8\">\n                <nav aria-label=\"breadcrumbs\" class=\"rank-math-breadcrumb\"><p><span class=\"last\">Startseite<\/span><\/p><\/nav>                                    <h1 class=\"\">GROUPE RAGNI<\/h1>\n                                \n                \n\n                            <\/div>\n        <\/div>\n\n\n    <\/div>\n<\/div>\n<div class=\"container\">\n\n\n\n\n\n\n<div style=\"height:50px\" aria-hidden=\"true\" class=\"wp-block-spacer\"><\/div>\n\n\n<div class=\"row\"><div class=\"col-12 col-xl-10 offset-xl-1 heading\">\n<h2 class=\"wp-block-heading\"><span>F\u00fcr eine leuchtende und nachhaltige Zukunft<\/span><\/h2>\n<\/div><\/div>\n\n\n<div style=\"height:50px\" aria-hidden=\"true\" class=\"wp-block-spacer\"><\/div>\n\n\n<\/div><div class=\"embed\">\n<figure class=\"wp-block-embed is-type-video is-provider-youtube wp-block-embed-youtube wp-embed-aspect-16-9 wp-has-aspect-ratio\"><div class=\"wp-block-embed__wrapper\">\n<iframe title=\"For a bright and a sustainable future - GROUPE RAGNI\" width=\"500\" height=\"281\" src=\"https:\/\/www.youtube.com\/embed\/vWLpBLx3Ej0?feature=oembed\" frameborder=\"0\" allow=\"accelerometer; autoplay; clipboard-write; encrypted-media; gyroscope; picture-in-picture; web-share\" referrerpolicy=\"strict-origin-when-cross-origin\" allowfullscreen><\/iframe>\n<\/div><\/figure>\n<\/div><div class=\"container\">\n\n\n<div style=\"height:50px\" aria-hidden=\"true\" class=\"wp-block-spacer\"><\/div>\n\n\n<div class=\"row\"><div class=\"col-12 col-xl-10 offset-xl-1 paragraph\">\n<p>Als Entwickler und Hersteller ganzheitlicher L\u00f6sungen f\u00fcr die \u00f6ffentliche Beleuchtung ist die <a href=\"https:\/\/www.groupe-ragni.com\/de\/\" target=\"_blank\" rel=\"noreferrer noopener\">GROUPE RAGNI <\/a>ein bevorzugter Partner vernetzter Territorien und begleitet Kommunen bei ihrer energetischen und \u00f6kologischen Transformation.<\/p>\n<\/div><\/div>\n\n<div class=\"row\"><div class=\"col-12 col-xl-10 offset-xl-1 paragraph\">\n<p>Das 1927 gegr\u00fcndete Unternehmen <a href=\"https:\/\/www.ragni.com\/en\/\" target=\"_blank\" rel=\"noreferrer noopener\">RAGNI<\/a>, heute soci\u00e9t\u00e9 \u00e0 mission und Muttergesellschaft der <strong>GROUPE RAGNI<\/strong>, ist ein familiengef\u00fchrtes Unternehmen in vierter Generation, das auf netzgebundene \u00f6ffentliche Beleuchtung spezialisiert ist und handwerkliches Know-how mit industrieller Kompetenz verbindet.<\/p>\n<\/div><\/div>\n\n<div class=\"row\"><div class=\"col-12 col-xl-10 offset-xl-1 paragraph\">\n<p>Seit 2015 hat die Gruppe ihre Expertise durch die Integration von <a href=\"https:\/\/www.novea-energies.com\/de\/\" target=\"_blank\" rel=\"noreferrer noopener\">NOV\u00c9A \u00c9NERGIES<\/a> erweitert, zun\u00e4chst Spezialist f\u00fcr autonome \u00f6ffentliche Beleuchtung, sowie durch den Beitritt von <a href=\"https:\/\/sev-e.com\/de\/\" target=\"_blank\" rel=\"noreferrer noopener\">SEV\u24d4<\/a> im Jahr 2022, ebenfalls soci\u00e9t\u00e9 \u00e0 mission, die L\u00f6sungen zur Optimierung kommunaler Ressourcen durch die Vernetzung von Infrastrukturen anbietet.<\/p>\n<\/div><\/div>\n\n<div class=\"row\"><div class=\"col-12 col-xl-10 offset-xl-1 paragraph\">\n<p>Im Jahr 2023 st\u00e4rkte die \u00dcbernahme der Marken <a href=\"https:\/\/www.hess.eu\/de\/\" target=\"_blank\" rel=\"noreferrer noopener\">HESS<\/a> und <a href=\"https:\/\/www.vulkan.eu\/de\/\" target=\"_blank\" rel=\"noreferrer noopener\">VULKAN<\/a>, deutsche Pioniere der design- und funktionsorientierten \u00f6ffentlichen Beleuchtung, die europ\u00e4ische Dimension der Gruppe und unterstrich ihre industrielle Exzellenz.<\/p>\n<\/div><\/div>\n\n<div class=\"row\"><div class=\"col-12 col-xl-10 offset-xl-1 paragraph\">\n<p>2024 schloss sich LEC, ein historischer Akteur aus Lyon und Spezialist f\u00fcr urbane Inszenierungsbeleuchtung und Balisage, dem Familienunternehmen an, gefolgt von <a href=\"https:\/\/www.eco-innov.com\/en\/\" target=\"_blank\" rel=\"noreferrer noopener\">ECO INNOV<\/a>, Experte f\u00fcr energieeffiziente Lichtpoller. Damit bekr\u00e4ftigt die GROUPE RAGNI ihr Engagement, ein stets vielf\u00e4ltigeres und innovativeres Angebot zu entwickeln.<\/p>\n<\/div><\/div>\n\n<div class=\"row\"><div class=\"col-12 col-xl-10 offset-xl-1 paragraph\">\n<p>Die GROUPE RAGNI stellt N\u00e4he und industrielle Souver\u00e4nit\u00e4t in den Mittelpunkt ihrer Entwicklungsstrategie und macht die Kundenbegleitung zu einem klaren Unterscheidungsmerkmal. Ihre Mission? Den Zugang zu Licht f\u00fcr den Komfort und die Sicherheit der Menschen zu erleichtern und gleichzeitig die Biodiversit\u00e4t zu sch\u00fctzen \u2013 f\u00fcr eine helle und nachhaltige Zukunft.<\/p>\n<\/div><\/div>\n\n<div class=\"row\"><div class=\"col-12 col-xl-10 offset-xl-1 paragraph\">\n<p>Dank der Internalisierung ihrer Kompetenzen beherrscht die Gruppe die gesamte Wertsch\u00f6pfungskette. Ihre Expertinnen und Experten entwickeln jedes Projekt mit h\u00f6chster Pr\u00e4zision, gest\u00fctzt auf ein innovatives Angebot an Produkten und Dienstleistungen, die vor allem der intelligenten und vernetzten \u00f6ffentlichen Beleuchtung gewidmet sind, sowie auf Umweltl\u00f6sungen f\u00fcr das Management von Wasser, \u00f6ffentlichen Geb\u00e4uden und Mobilit\u00e4t.<\/p>\n<\/div><\/div>\n\n<div class=\"row\"><div class=\"col-12 col-xl-10 offset-xl-1 paragraph\">\n<p>Mit einer Pr\u00e4senz in mehr als 60 L\u00e4ndern st\u00fctzt sich die GROUPE RAGNI auf ein Netzwerk von rund 30 Vertriebspartnern und verf\u00fcgt \u00fcber mehrere Tochtergesellschaften in den USA, in Lateinamerika, im Vereinigten K\u00f6nigreich und in Afrika. In Frankreich und den \u00dcberseegebieten sorgen 15 Vertriebsniederlassungen f\u00fcr eine hohe Reaktionsf\u00e4higkeit des Unternehmens.<\/p>\n<\/div><\/div>\n\n<div class=\"row\"><div class=\"col-12 col-xl-10 offset-xl-1 paragraph\">\n<p>Mit fast hundert Jahren Erfahrung gilt die GROUPE RAGNI heute als f\u00fchrender Akteur der \u00f6ffentlichen Beleuchtung in Frankreich und zeichnet sich durch ihre Agilit\u00e4t, ihre Kultur der Begleitung, die Qualit\u00e4t ihrer Produkte und ihr Engagement f\u00fcr den Erhalt des Lebendigen aus.<\/p>\n<\/div><\/div>\n\n\n<div style=\"height:100px\" aria-hidden=\"true\" class=\"wp-block-spacer\"><\/div>\n","protected":false},"excerpt":{"rendered":"<p>F\u00fcr eine leuchtende und nachhaltige Zukunft Als Entwickler und Hersteller ganzheitlicher L\u00f6sungen f\u00fcr die \u00f6ffentliche Beleuchtung ist die GROUPE RAGNI ein bevorzugter Partner vernetzter Territorien und begleitet Kommunen bei ihrer energetischen und \u00f6kologischen Transformation. Das 1927 gegr\u00fcndete Unternehmen RAGNI, heute soci\u00e9t\u00e9 \u00e0 mission und Muttergesellschaft der GROUPE RAGNI, ist ein familiengef\u00fchrtes Unternehmen in vierter Generation, [&hellip;]<\/p>\n","protected":false},"author":1,"featured_media":0,"parent":0,"menu_order":0,"comment_status":"closed","ping_status":"closed","template":"","meta":{"_acf_changed":false,"inline_featured_image":false,"footnotes":""},"class_list":["post-4904","page","type-page","status-publish","hentry"],"acf":[],"_links":{"self":[{"href":"https:\/\/www.lec.fr\/de\/wp-json\/wp\/v2\/pages\/4904","targetHints":{"allow":["GET"]}}],"collection":[{"href":"https:\/\/www.lec.fr\/de\/wp-json\/wp\/v2\/pages"}],"about":[{"href":"https:\/\/www.lec.fr\/de\/wp-json\/wp\/v2\/types\/page"}],"author":[{"embeddable":true,"href":"https:\/\/www.lec.fr\/de\/wp-json\/wp\/v2\/users\/1"}],"replies":[{"embeddable":true,"href":"https:\/\/www.lec.fr\/de\/wp-json\/wp\/v2\/comments?post=4904"}],"version-history":[{"count":4,"href":"https:\/\/www.lec.fr\/de\/wp-json\/wp\/v2\/pages\/4904\/revisions"}],"predecessor-version":[{"id":6060,"href":"https:\/\/www.lec.fr\/de\/wp-json\/wp\/v2\/pages\/4904\/revisions\/6060"}],"wp:attachment":[{"href":"https:\/\/www.lec.fr\/de\/wp-json\/wp\/v2\/media?parent=4904"}],"curies":[{"name":"wp","href":"https:\/\/api.w.org\/{rel}","templated":true}]}}