{"id":4908,"date":"2025-09-11T12:38:00","date_gmt":"2025-09-11T10:38:00","guid":{"rendered":"https:\/\/www.lec.fr\/?page_id=4908"},"modified":"2026-03-03T11:46:41","modified_gmt":"2026-03-03T10:46:41","slug":"stolzes-know-how","status":"publish","type":"page","link":"https:\/\/www.lec.fr\/de\/stolzes-know-how\/","title":{"rendered":"Stolzes Know-how"},"content":{"rendered":"<\/div>\n<div id=\"block-hero-block_c43346a191f4a3a6aaf84d962647c6fb\" class=\"container-fluid header_page_part px-0  block-hero\">\n        <div class=\"container\">\n        <div class=\"row\">\n            <div class=\"col-12 col-md-12 col-lg-11 col-xl-9 col-xxl-8\">\n                <nav aria-label=\"breadcrumbs\" class=\"rank-math-breadcrumb\"><p><span class=\"last\">Startseite<\/span><\/p><\/nav>                                    <h1 class=\"\">Franz\u00f6sisches Know-how seit 1977<\/h1>\n                                \n                <p>Seit knapp 50 Jahren entwickelt und fertigt LEC ma\u00dfgeschneiderte LED-Beleuchtungsl\u00f6sungen in Frankreich. Dank der vollst\u00e4ndigen Abbildung des gesamten Prozesses \u2013 von der Entwicklung bis zur Fertigung \u2013 garantieren wir langlebige, leistungsstarke Leuchten, die auf die Anforderungen urbaner und architektonischer Umgebungen zugeschnitten sind.<\/p>\n\n\n                            <\/div>\n        <\/div>\n\n\n    <\/div>\n<\/div>\n<div class=\"container\">\n\n\n\n\n\n\n<div style=\"height:50px\" aria-hidden=\"true\" class=\"wp-block-spacer\"><\/div>\n\n\n\n<\/div>\n<div id=\"block-hero-block_34e276b6c7e72772d1f783f03147eec1\" class=\"container-fluid txt_media_part  block-hero\">\n    <div class=\"row\">\n        <div class=\"col-12 col-lg-6 col-xl-6 px-0 media order-1 order-lg-1\">\n            <img decoding=\"async\" src=\"https:\/\/www.lec.fr\/wp-content\/uploads\/conception.jpg\" alt=\"\" class=\"img-fluid\">        <\/div>\n        <div class=\"col-12 col-lg-6 col-xl-6 col-xxl-5 px-xl-5 pt-5 pt-lg-0 txt order-2 order-lg-2 d-flex align-items-center\">\n            <div class=\"txt_part px-2 px-xl-5\">\n            <div class=\"content\"><h2>An Ihrer Seite \u2013 von der Planung bis zur Installation<\/h2>\n<p>Jedes Projekt ist eine menschliche und technische Reise. Unsere Teams engagieren sich in jeder Phase, von der ersten Idee bis zur finalen Beleuchtungsinstallation, um Ergebnisse zu gew\u00e4hrleisten, die den Erwartungen entsprechen. Wir verpflichten uns, gemeinsam mit Lichtplanern, Architekten und Installateuren L\u00f6sungen zu entwickeln, die auf jeden Kontext zugeschnitten sind und technisches Know-how mit k\u00fcnstlerischer Vision verbinden.<\/p>\n<p>Unsere Ingenieure und Techniker stehen f\u00fcr mehr als nur Produktentwicklung: Sie sind vor Ort, analysieren die spezifischen Gegebenheiten und f\u00fchren Tests in realer Umgebung durch, um sicherzustellen, dass jede Leuchte harmonisch in ihre Umgebung integriert wird. Prototypen, Tests unter realen Bedingungen, optische Anpassungen, Simulationen \u2013 alles wird eingesetzt, um ein einzigartiges visuelles Erlebnis zu garantieren.<\/p>\n<p><em>Dieser Ansatz wird vom Lichtk\u00fcnstler Yann Kersal\u00e9 im MuCEM-Projekt in Marseille perfekt zusammengefasst: \u201eIch habe darauf bestanden, erneut mit LEC zu arbeiten, weil ich wusste, dass wir gemeinsam die Transformation des Objekts erreichen w\u00fcrden.\u201c<\/em><\/p>\n<\/div>            <\/div>\n        <\/div>\n    <\/div>\n\n<\/div>\n\n<div class=\"container\">\n\n\n<div style=\"height:50px\" aria-hidden=\"true\" class=\"wp-block-spacer\"><\/div>\n\n\n\n<\/div>\n<div id=\"block-hero-block_ab0311d8ddb203fcb4504aa6888ffcd2\" class=\"container-fluid txt_media_part  block-hero\">\n    <div class=\"row\">\n        <div class=\"col-12 col-lg-6 col-xl-6 px-0 media order-1 order-lg-2\">\n            <img decoding=\"async\" src=\"https:\/\/www.lec.fr\/wp-content\/uploads\/test_IP.jpg\" alt=\"\" class=\"img-fluid\">        <\/div>\n        <div class=\"col-12 col-lg-6 col-xl-6 col-xxl-5 px-xl-5 pt-5 pt-lg-0 txt order-2 order-lg-1 offset-xxl-1 d-flex align-items-center\">\n            <div class=\"txt_part px-2 px-xl-5\">\n            <div class=\"content\"><h2>Strenge interne Tests<\/h2>\n<p>Jede Leuchte wird Tests unterzogen, um ihre Widerstandsf\u00e4higkeit und Langlebigkeit sicherzustellen. Unsere IP-Tests (Schutzart) bewerten die Dichtheit unserer Produkte gegen\u00fcber Staub und Wasser und gew\u00e4hrleisten ihre Eignung f\u00fcr anspruchsvollste Au\u00dfenumgebungen. Parallel dazu messen die IK-Tests (Sto\u00dffestigkeit) ihre Robustheit gegen\u00fcber mechanischen Einwirkungen. 90 % unserer Leuchten sind IK10-zertifiziert, dem h\u00f6chsten Schutzgrad, der eine optimale Widerstandsf\u00e4higkeit gegen St\u00f6\u00dfe und Vandalismus garantiert.<\/p>\n<p>Dank dieser strengen, intern durchgef\u00fchrten Kontrollen bieten wir unseren Kunden zuverl\u00e4ssige, langlebige Beleuchtungsl\u00f6sungen, die den Anforderungen des urbanen Raums gerecht werden.<\/p>\n<\/div>            <\/div>\n        <\/div>\n    <\/div>\n\n<\/div>\n\n<div class=\"container\">\n\n\n<div style=\"height:50px\" aria-hidden=\"true\" class=\"wp-block-spacer\"><\/div>\n\n\n<div class=\"row\"><div class=\"col-12 col-xl-10 offset-xl-1 heading\">\n<h2 class=\"wp-block-heading\"><span>Ein verst\u00e4rkter Schutz<br>gegen das Eindringen von Wasser<\/span><\/h2>\n<\/div><\/div>\n\n\n<div style=\"height:30px\" aria-hidden=\"true\" class=\"wp-block-spacer\"><\/div>\n\n\n<div class=\"row\"><div class=\"col-12 col-xl-10 offset-xl-1 paragraph\">\n<p>Um Wasserr\u00fcckfluss \u00fcber die Anschlusskabel zu verhindern, haben wir ein innovatives, firmeneigenes Verfahren entwickelt.<\/p>\n<\/div><\/div>\n\n<div class=\"row\"><div class=\"col-12 col-xl-10 offset-xl-1 paragraph\">\n<p>Dieses einzigartige Unterbrechungssystem garantiert:<\/p>\n<\/div><\/div>\n\n<div class=\"row\"><div class=\"col-12 col-xl-10 offset-xl-1 list\">\n<ul class=\"wp-block-list\">\n<li>Eine perfekte Dichtheit innerhalb der Leuchte<\/li>\n\n\n\n<li>Eine l\u00e4ngere Lebensdauer der Installationen<\/li>\n\n\n\n<li>Eine optimale Installation bei Einbau- oder Au\u00dfenmontage<\/li>\n<\/ul>\n<\/div><\/div>\n\n<div class=\"row\"><div class=\"col-12 col-xl-10 offset-xl-1 paragraph\">\n<p>LEC hat ein einzigartiges Verfahren eingef\u00fchrt, das den sogenannten \u201ePumpeneffekt\u201c im Kabel beseitigt, der f\u00fcr das Eindringen von Feuchtigkeit in Leuchten verantwortlich ist. W\u00e4hrend die Norm NF-C 17200 lediglich eine Abdichtung des Kabelmantels empfiehlt, ist LEC einen Schritt weiter gegangen und hat zun\u00e4chst ein Unterbrechungssystem entwickelt, das den gasf\u00f6rmigen oder fl\u00fcssigen Fluss zwischen Mantel und Leitern sowie zwischen den Litzen mehradriger, flexibler Leiter blockiert. Heute wurde diese L\u00f6sung weiterentwickelt: Sie wird durch eine innovative Membran ersetzt, die den Luftdruck in der Leuchte auf nat\u00fcrliche Weise ausgleicht, f\u00fcr eine bessere Stabilit\u00e4t sorgt und den Pumpeneffekt dauerhaft beseitigt.<\/p>\n<\/div><\/div>\n\n<div class=\"row\"><div class=\"col-12 col-xl-10 offset-xl-1 paragraph\">\n<p>Dieses interne Blockiersystem gew\u00e4hrleistet einen optimalen Schutz gegen das Eindringen von Wasser, selbst unter Installationsbedingungen, bei denen die Dichtheit beeintr\u00e4chtigt sein k\u00f6nnte. So behalten unsere Beleuchtungsl\u00f6sungen ihre Leistungsf\u00e4higkeit und Langlebigkeit und bieten unseren Kunden maximale Zuverl\u00e4ssigkeit.<\/p>\n<\/div><\/div>\n\n\n<div style=\"height:50px\" aria-hidden=\"true\" class=\"wp-block-spacer\"><\/div>\n\n\n<div class=\"row\"><div class=\"col-12 col-xl-10 offset-xl-1 heading\">\n<h2 class=\"wp-block-heading\"><span>Realistische Simulationen<br>f\u00fcr ein kontrolliertes Projekt<\/span><\/h2>\n<\/div><\/div>\n\n\n<div style=\"height:30px\" aria-hidden=\"true\" class=\"wp-block-spacer\"><\/div>\n\n\n<div class=\"row\"><div class=\"col-12 col-xl-10 offset-xl-1 paragraph\">\n<p>Unsere Teams erstellen pr\u00e4zise Simulationen, um das finale Ergebnis bereits vor der Installation sichtbar zu machen. Durch die Modellierung der Beleuchtung unter realen Bedingungen optimieren wir jedes Projekt, um ein \u00e4sthetisch und technisch einwandfreies Resultat zu gew\u00e4hrleisten. Sollte sich eine Simulation als zu komplex erweisen, sind wir vor Ort pr\u00e4sent, um sie zu verfeinern und eine perfekte Anpassung an die Gegebenheiten des Standorts sicherzustellen.<\/p>\n<\/div><\/div>\n\n\n<div style=\"height:30px\" aria-hidden=\"true\" class=\"wp-block-spacer\"><\/div>\n\n\n\n<div class=\"wp-block-columns col-img is-layout-flex wp-container-core-columns-is-layout-9d6595d7 wp-block-columns-is-layout-flex\">\n<div class=\"wp-block-column is-layout-flow wp-block-column-is-layout-flow\" style=\"flex-basis:800px\"><div class=\"wp-block-image is-style-default\"><div class=\"image\">\n<figure class=\"aligncenter size-large\"><img decoding=\"async\" width=\"1024\" height=\"576\" src=\"https:\/\/www.lec.fr\/wp-content\/uploads\/simulation-realite-1-1024x576.jpg\" alt=\"\" class=\"wp-image-1028\" srcset=\"https:\/\/www.lec.fr\/wp-content\/uploads\/simulation-realite-1-1024x576.jpg 1024w, https:\/\/www.lec.fr\/wp-content\/uploads\/simulation-realite-1-1320x743.jpg 1320w, https:\/\/www.lec.fr\/wp-content\/uploads\/simulation-realite-1-990x557.jpg 990w, https:\/\/www.lec.fr\/wp-content\/uploads\/simulation-realite-1-660x371.jpg 660w, https:\/\/www.lec.fr\/wp-content\/uploads\/simulation-realite-1-450x253.jpg 450w, https:\/\/www.lec.fr\/wp-content\/uploads\/simulation-realite-1-330x186.jpg 330w, https:\/\/www.lec.fr\/wp-content\/uploads\/simulation-realite-1-680x383.jpg 680w, https:\/\/www.lec.fr\/wp-content\/uploads\/simulation-realite-1-768x432.jpg 768w, https:\/\/www.lec.fr\/wp-content\/uploads\/simulation-realite-1-1536x864.jpg 1536w, https:\/\/www.lec.fr\/wp-content\/uploads\/simulation-realite-1-1900x1069.jpg 1900w, https:\/\/www.lec.fr\/wp-content\/uploads\/simulation-realite-1-400x225.jpg 400w, https:\/\/www.lec.fr\/wp-content\/uploads\/simulation-realite-1-365x205.jpg 365w, https:\/\/www.lec.fr\/wp-content\/uploads\/simulation-realite-1-535x301.jpg 535w, https:\/\/www.lec.fr\/wp-content\/uploads\/simulation-realite-1.jpg 2000w\" sizes=\"(max-width: 1024px) 100vw, 1024px\" \/><\/figure>\n<\/div><\/div><\/div>\n<\/div>\n\n\n\n<div style=\"height:0px\" aria-hidden=\"true\" class=\"wp-block-spacer\"><\/div>\n\n\n\n<div class=\"wp-block-columns col-img is-layout-flex wp-container-core-columns-is-layout-9d6595d7 wp-block-columns-is-layout-flex\">\n<div class=\"wp-block-column is-layout-flow wp-block-column-is-layout-flow\" style=\"flex-basis:800px\"><div class=\"wp-block-image\"><div class=\"image\">\n<figure class=\"aligncenter size-large\"><img decoding=\"async\" width=\"1024\" height=\"576\" src=\"https:\/\/www.lec.fr\/wp-content\/uploads\/simulation-realite-2-1024x576.jpg\" alt=\"\" class=\"wp-image-1030\" srcset=\"https:\/\/www.lec.fr\/wp-content\/uploads\/simulation-realite-2-1024x576.jpg 1024w, https:\/\/www.lec.fr\/wp-content\/uploads\/simulation-realite-2-1320x743.jpg 1320w, https:\/\/www.lec.fr\/wp-content\/uploads\/simulation-realite-2-990x557.jpg 990w, https:\/\/www.lec.fr\/wp-content\/uploads\/simulation-realite-2-660x371.jpg 660w, https:\/\/www.lec.fr\/wp-content\/uploads\/simulation-realite-2-450x253.jpg 450w, https:\/\/www.lec.fr\/wp-content\/uploads\/simulation-realite-2-330x186.jpg 330w, https:\/\/www.lec.fr\/wp-content\/uploads\/simulation-realite-2-680x383.jpg 680w, https:\/\/www.lec.fr\/wp-content\/uploads\/simulation-realite-2-768x432.jpg 768w, https:\/\/www.lec.fr\/wp-content\/uploads\/simulation-realite-2-1536x864.jpg 1536w, https:\/\/www.lec.fr\/wp-content\/uploads\/simulation-realite-2-1900x1069.jpg 1900w, https:\/\/www.lec.fr\/wp-content\/uploads\/simulation-realite-2-400x225.jpg 400w, https:\/\/www.lec.fr\/wp-content\/uploads\/simulation-realite-2-365x205.jpg 365w, https:\/\/www.lec.fr\/wp-content\/uploads\/simulation-realite-2-535x301.jpg 535w, https:\/\/www.lec.fr\/wp-content\/uploads\/simulation-realite-2.jpg 2000w\" sizes=\"(max-width: 1024px) 100vw, 1024px\" \/><\/figure>\n<\/div><\/div><\/div>\n<\/div>\n\n\n\n<div class=\"wp-block-columns col-img is-layout-flex wp-container-core-columns-is-layout-9d6595d7 wp-block-columns-is-layout-flex\">\n<div class=\"wp-block-column is-layout-flow wp-block-column-is-layout-flow\" style=\"flex-basis:800px\"><div class=\"wp-block-image\"><div class=\"image\">\n<figure class=\"aligncenter size-large\"><img decoding=\"async\" width=\"1024\" height=\"576\" src=\"https:\/\/www.lec.fr\/wp-content\/uploads\/simulation-realite-3-1024x576.jpg\" alt=\"\" class=\"wp-image-1032\" srcset=\"https:\/\/www.lec.fr\/wp-content\/uploads\/simulation-realite-3-1024x576.jpg 1024w, https:\/\/www.lec.fr\/wp-content\/uploads\/simulation-realite-3-1320x743.jpg 1320w, https:\/\/www.lec.fr\/wp-content\/uploads\/simulation-realite-3-990x557.jpg 990w, https:\/\/www.lec.fr\/wp-content\/uploads\/simulation-realite-3-660x371.jpg 660w, https:\/\/www.lec.fr\/wp-content\/uploads\/simulation-realite-3-450x253.jpg 450w, https:\/\/www.lec.fr\/wp-content\/uploads\/simulation-realite-3-330x186.jpg 330w, https:\/\/www.lec.fr\/wp-content\/uploads\/simulation-realite-3-680x383.jpg 680w, https:\/\/www.lec.fr\/wp-content\/uploads\/simulation-realite-3-768x432.jpg 768w, https:\/\/www.lec.fr\/wp-content\/uploads\/simulation-realite-3-1536x864.jpg 1536w, https:\/\/www.lec.fr\/wp-content\/uploads\/simulation-realite-3-1900x1069.jpg 1900w, https:\/\/www.lec.fr\/wp-content\/uploads\/simulation-realite-3-400x225.jpg 400w, https:\/\/www.lec.fr\/wp-content\/uploads\/simulation-realite-3-365x205.jpg 365w, https:\/\/www.lec.fr\/wp-content\/uploads\/simulation-realite-3-535x301.jpg 535w, https:\/\/www.lec.fr\/wp-content\/uploads\/simulation-realite-3.jpg 2000w\" sizes=\"(max-width: 1024px) 100vw, 1024px\" \/><\/figure>\n<\/div><\/div><\/div>\n<\/div>\n\n\n\n<div style=\"height:100px\" aria-hidden=\"true\" class=\"wp-block-spacer\"><\/div>\n\n\n<div class=\"row\"><div class=\"col-12 col-xl-10 offset-xl-1 paragraph\">\n<p><\/p>\n<\/div><\/div>","protected":false},"excerpt":{"rendered":"<p>Ein verst\u00e4rkter Schutzgegen das Eindringen von Wasser Um Wasserr\u00fcckfluss \u00fcber die Anschlusskabel zu verhindern, haben wir ein innovatives, firmeneigenes Verfahren entwickelt. Dieses einzigartige Unterbrechungssystem garantiert: LEC hat ein einzigartiges Verfahren eingef\u00fchrt, das den sogenannten \u201ePumpeneffekt\u201c im Kabel beseitigt, der f\u00fcr das Eindringen von Feuchtigkeit in Leuchten verantwortlich ist. W\u00e4hrend die Norm NF-C 17200 lediglich eine [&hellip;]<\/p>\n","protected":false},"author":1,"featured_media":0,"parent":0,"menu_order":0,"comment_status":"closed","ping_status":"closed","template":"","meta":{"_acf_changed":false,"inline_featured_image":false,"footnotes":""},"class_list":["post-4908","page","type-page","status-publish","hentry"],"acf":[],"_links":{"self":[{"href":"https:\/\/www.lec.fr\/de\/wp-json\/wp\/v2\/pages\/4908","targetHints":{"allow":["GET"]}}],"collection":[{"href":"https:\/\/www.lec.fr\/de\/wp-json\/wp\/v2\/pages"}],"about":[{"href":"https:\/\/www.lec.fr\/de\/wp-json\/wp\/v2\/types\/page"}],"author":[{"embeddable":true,"href":"https:\/\/www.lec.fr\/de\/wp-json\/wp\/v2\/users\/1"}],"replies":[{"embeddable":true,"href":"https:\/\/www.lec.fr\/de\/wp-json\/wp\/v2\/comments?post=4908"}],"version-history":[{"count":6,"href":"https:\/\/www.lec.fr\/de\/wp-json\/wp\/v2\/pages\/4908\/revisions"}],"predecessor-version":[{"id":6061,"href":"https:\/\/www.lec.fr\/de\/wp-json\/wp\/v2\/pages\/4908\/revisions\/6061"}],"wp:attachment":[{"href":"https:\/\/www.lec.fr\/de\/wp-json\/wp\/v2\/media?parent=4908"}],"curies":[{"name":"wp","href":"https:\/\/api.w.org\/{rel}","templated":true}]}}