{"id":4910,"date":"2025-09-11T12:37:26","date_gmt":"2025-09-11T10:37:26","guid":{"rendered":"https:\/\/www.lec.fr\/?page_id=4910"},"modified":"2026-02-27T13:53:11","modified_gmt":"2026-02-27T12:53:11","slug":"geschichte","status":"publish","type":"page","link":"https:\/\/www.lec.fr\/de\/geschichte\/","title":{"rendered":"Geschichte"},"content":{"rendered":"<\/div>\n<div id=\"block-hero-block_4b2e9003eb636285940688eeff022115\" class=\"container-fluid header_page_part px-0  block-hero\">\n    <div class=\"cover\" style=\"background:url(https:\/\/www.lec.fr\/wp-content\/uploads\/1_Accueil_lentreprise_LEC-1-1900x395.jpg) no-repeat center \/ cover\"><img decoding=\"async\" src=\"https:\/\/www.lec.fr\/wp-content\/uploads\/1_Accueil_lentreprise_LEC-1-1900x395.jpg\" alt=\"https:\/\/www.lec.fr\/wp-content\/uploads\/1_Accueil_lentreprise_LEC-1-1900x395.jpg\" class=\"img-fluid d-none\"><\/div>    <div class=\"container\">\n        <div class=\"row\">\n            <div class=\"col-12 col-md-12 col-lg-11 col-xl-9 col-xxl-8\">\n                <nav aria-label=\"breadcrumbs\" class=\"rank-math-breadcrumb\"><p><span class=\"last\">Startseite<\/span><\/p><\/nav>                                    <h1 class=\"\">Unsere Geschichte<\/h1>\n                                \n                <p>Seit fast 50 Jahren schreibt LEC seine Geschichte durch Lichtinnovation. Als Vorreiter im Einsatz der LED-Technologie haben wir Projekt f\u00fcr Projekt eine einzigartige Vision der urbanen Beleuchtung gepr\u00e4gt. Entdecken Sie das Abenteuer eines Unternehmens, das die Nacht neu erfindet.<\/p>\n\n\n                            <\/div>\n        <\/div>\n\n\n    <\/div>\n<\/div>\n<div class=\"container\">\n\n\n\n\n\n\n<div style=\"height:50px\" aria-hidden=\"true\" class=\"wp-block-spacer\"><\/div>\n\n\n\n<\/div>\n<div id=\"block-hero-block_321e0117417e38e23b1d42f19fdcca37\" class=\"container-fluid txt_media_part  block-hero\">\n    <div class=\"row\">\n        <div class=\"col-12 col-lg-6 col-xl-6 px-0 media order-1 order-lg-1\">\n            <img decoding=\"async\" src=\"https:\/\/www.lec.fr\/wp-content\/uploads\/archive-lec.jpg\" alt=\"\" class=\"img-fluid\">        <\/div>\n        <div class=\"col-12 col-lg-6 col-xl-6 col-xxl-5 px-xl-5 pt-5 pt-lg-0 txt order-2 order-lg-2 d-flex align-items-center\">\n            <div class=\"txt_part px-2 px-xl-5\">\n            <div class=\"content\"><h2>Gr\u00fcndung von LEC<\/h2>\n<p>Die Geschichte von LEC beginnt 1977 mit Pierre Valancogne, einem leidenschaftlichen und vision\u00e4ren Ingenieur. Als Spezialist f\u00fcr Verkehrssignalisation erkannte er fr\u00fch das Potenzial der LED, um ein zentrales Problem zu l\u00f6sen: den kostspieligen und wiederkehrenden Wartungsaufwand herk\u00f6mmlicher Leuchtbaken. Mit der Entwicklung der ersten LED-Verkehrssignalbaken ebnete er den Weg f\u00fcr eine neue Generation langlebiger und energieeffizienter Beleuchtungsprodukte.<\/p>\n<p>Schon in den Anfangsjahren zeichnete sich LEC durch sein Engagement f\u00fcr Normen und Qualit\u00e4t aus. Zu einer Zeit, als die LED-Technologie noch in den Kinderschuhen steckte, arbeitete das Unternehmen bereits mit den zust\u00e4ndigen Beh\u00f6rden zusammen, um Standards zu definieren, die den Markt nachhaltig strukturieren sollten.<\/p>\n<\/div>            <\/div>\n        <\/div>\n    <\/div>\n\n<\/div>\n\n<div class=\"container\">\n\n\n<div style=\"height:50px\" aria-hidden=\"true\" class=\"wp-block-spacer\"><\/div>\n\n\n\n<\/div>\n<div id=\"block-hero-block_0ab78c62a9319348a556a4134e3234b9\" class=\"container-fluid txt_media_part  block-hero\">\n    <div class=\"row\">\n        <div class=\"col-12 col-lg-6 col-xl-6 px-0 media order-1 order-lg-2\">\n            <img decoding=\"async\" src=\"https:\/\/www.lec.fr\/wp-content\/uploads\/75_2853_Paris.jpg\" alt=\"\" class=\"img-fluid\">        <\/div>\n        <div class=\"col-12 col-lg-6 col-xl-6 col-xxl-5 px-xl-5 pt-5 pt-lg-0 txt order-2 order-lg-1 offset-xxl-1 d-flex align-items-center\">\n            <div class=\"txt_part px-2 px-xl-5\">\n            <div class=\"content\"><h2>Die Entstehung einer Lichtsignatur<\/h2>\n<p>Die Bekanntheit von LEC w\u00e4chst durch ikonische Projekte. Die erste gro\u00dfe Referenz entsteht in Paris mit der Umgestaltung der Cour d\u2019Honneur des Palais-Royal unter der Leitung des K\u00fcnstlers Daniel Buren. F\u00fcr dieses emblematische Projekt entwickelt LEC eine ma\u00dfgeschneiderte Beleuchtungsl\u00f6sung, die es erm\u00f6glicht, jeder Seite der Leuchten eine eigene Farbe zuzuweisen. Eine Innovation, die bereits die F\u00e4higkeit des Unternehmens zeigt, anspruchsvollste kreative und technische Herausforderungen zu meistern.<\/p>\n<\/div>            <\/div>\n        <\/div>\n    <\/div>\n\n<\/div>\n\n<div class=\"container\">\n\n\n<div style=\"height:50px\" aria-hidden=\"true\" class=\"wp-block-spacer\"><\/div>\n\n\n\n<\/div>\n<div id=\"block-hero-block_f2a57fc5c0c28f95e94e8d55683df618\" class=\"container-fluid txt_media_part  block-hero\">\n    <div class=\"row\">\n        <div class=\"col-12 col-lg-6 col-xl-6 px-0 media order-1 order-lg-1\">\n            <img decoding=\"async\" src=\"https:\/\/www.lec.fr\/wp-content\/uploads\/Portrait_Guillaume.jpg\" alt=\"\" class=\"img-fluid\">        <\/div>\n        <div class=\"col-12 col-lg-6 col-xl-6 col-xxl-5 px-xl-5 pt-5 pt-lg-0 txt order-2 order-lg-2 d-flex align-items-center\">\n            <div class=\"txt_part px-2 px-xl-5\">\n            <div class=\"content\"><h2>Dritte Generation<\/h2>\n<p>LEC ist vor allem ein Familienabenteuer. Nach Pierre Valancogne, der als Vision\u00e4r die Grundlagen des Unternehmens und seiner T\u00e4tigkeit gelegt hat, \u00fcbernimmt sein Sohn Jean-Pierre 1993 die Leitung. Er begleitet eine entscheidende \u00dcbergangsphase: den Wandel von einer vertraulichen Technologie hin zu einer nahezu universellen Technologie mit der Demokratisierung der LED.<br \/>\n2018 \u00fcbernimmt sein Schwiegersohn Guillaume Pollet die Gesch\u00e4ftsf\u00fchrung des Unternehmens. Sein Ziel: LEC wieder auf seine Kernkompetenzen auszurichten (<span data-slate-fragment=\"JTVCJTdCJTIydHlwZSUyMiUzQSUyMnBhcmFncmFwaCUyMiUyQyUyMmNoaWxkcmVuJTIyJTNBJTVCJTdCJTIydGV4dCUyMiUzQSUyMlNpY2hlcmhlaXRzbWFya2llcnVuZyUyMiU3RCU1RCU3RCU1RA==\">Sicherheitsmarkierung<\/span>, Mobilit\u00e4t, urbane Aufwertung, \u2026) und den Fokus auf urbane Beleuchtung zu legen. Unter seiner F\u00fchrung durchl\u00e4uft das Unternehmen gro\u00dfe Herausforderungen, insbesondere die COVID-Gesundheitskrise und die Energiekrise.<\/p>\n<\/div>            <\/div>\n        <\/div>\n    <\/div>\n\n<\/div>\n\n<div class=\"container\">\n\n\n<div style=\"height:100px\" aria-hidden=\"true\" class=\"wp-block-spacer\"><\/div>\n\n\n<div class=\"row\"><div class=\"col-12 col-xl-10 offset-xl-1 heading\">\n<h2 class=\"wp-block-heading\"><span>Unsere Werte, unsere DNA<\/span><\/h2>\n<\/div><\/div>\n\n\n<div style=\"height:30px\" aria-hidden=\"true\" class=\"wp-block-spacer\"><\/div>\n\n\n<div class=\"row\"><div class=\"col-12 col-xl-10 offset-xl-1 paragraph\">\n<p>Seit jeher st\u00fctzt sich LEC auf grundlegende Werte, die seine St\u00e4rke ausmachen:<\/p>\n<\/div><\/div>\n\n\n<div style=\"height:30px\" aria-hidden=\"true\" class=\"wp-block-spacer\"><\/div>\n\n\n\n<div class=\"wp-block-columns are-vertically-aligned-center is-layout-flex wp-container-core-columns-is-layout-9d6595d7 wp-block-columns-is-layout-flex\">\n<div class=\"wp-block-column is-vertically-aligned-center is-layout-flow wp-block-column-is-layout-flow\"><div class=\"wp-block-image\"><div class=\"image\">\n<figure class=\"aligncenter size-full is-resized\"><img decoding=\"async\" width=\"533\" height=\"621\" src=\"https:\/\/www.lec.fr\/wp-content\/uploads\/expertise-1.png\" alt=\"\" class=\"wp-image-2654\" style=\"width:auto;height:100px\" srcset=\"https:\/\/www.lec.fr\/wp-content\/uploads\/expertise-1.png 533w, https:\/\/www.lec.fr\/wp-content\/uploads\/expertise-1-459x535.png 459w, https:\/\/www.lec.fr\/wp-content\/uploads\/expertise-1-343x400.png 343w, https:\/\/www.lec.fr\/wp-content\/uploads\/expertise-1-313x365.png 313w\" sizes=\"(max-width: 533px) 100vw, 533px\" \/><\/figure>\n<\/div><\/div>\n\n<div class=\"row\"><div class=\"col-12 col-xl-10 offset-xl-1 paragraph\">\n<p class=\"has-text-align-center has-black-color has-text-color has-link-color has-medium-font-size wp-elements-a1f1d50093d7d85f9b741d204ed17599\"><strong>EXPERTISE<\/strong><\/p>\n<\/div><\/div><\/div>\n\n\n\n<div class=\"wp-block-column is-vertically-aligned-center is-layout-flow wp-block-column-is-layout-flow\"><div class=\"wp-block-image\"><div class=\"image\">\n<figure class=\"aligncenter size-full is-resized\"><img decoding=\"async\" width=\"603\" height=\"596\" src=\"https:\/\/www.lec.fr\/wp-content\/uploads\/loyaute-1-1.png\" alt=\"\" class=\"wp-image-2665\" style=\"width:auto;height:100px\" srcset=\"https:\/\/www.lec.fr\/wp-content\/uploads\/loyaute-1-1.png 603w, https:\/\/www.lec.fr\/wp-content\/uploads\/loyaute-1-1-535x529.png 535w, https:\/\/www.lec.fr\/wp-content\/uploads\/loyaute-1-1-400x395.png 400w, https:\/\/www.lec.fr\/wp-content\/uploads\/loyaute-1-1-365x361.png 365w\" sizes=\"(max-width: 603px) 100vw, 603px\" \/><\/figure>\n<\/div><\/div>\n\n<div class=\"row\"><div class=\"col-12 col-xl-10 offset-xl-1 paragraph\">\n<p class=\"has-text-align-center has-black-color has-text-color has-link-color has-medium-font-size wp-elements-33388299bce4418564386daa342d29ed\"><strong>OFFENHEIT<\/strong><\/p>\n<\/div><\/div><\/div>\n\n\n\n<div class=\"wp-block-column is-vertically-aligned-center is-layout-flow wp-block-column-is-layout-flow\"><div class=\"wp-block-image\"><div class=\"image\">\n<figure class=\"aligncenter size-full is-resized\"><img decoding=\"async\" width=\"603\" height=\"596\" src=\"https:\/\/www.lec.fr\/wp-content\/uploads\/reactivite.png\" alt=\"\" class=\"wp-image-2658\" style=\"width:auto;height:100px\" srcset=\"https:\/\/www.lec.fr\/wp-content\/uploads\/reactivite.png 603w, https:\/\/www.lec.fr\/wp-content\/uploads\/reactivite-535x529.png 535w, https:\/\/www.lec.fr\/wp-content\/uploads\/reactivite-400x395.png 400w, https:\/\/www.lec.fr\/wp-content\/uploads\/reactivite-365x361.png 365w\" sizes=\"(max-width: 603px) 100vw, 603px\" \/><\/figure>\n<\/div><\/div>\n\n<div class=\"row\"><div class=\"col-12 col-xl-10 offset-xl-1 paragraph\">\n<p class=\"has-text-align-center has-black-color has-text-color has-link-color has-medium-font-size wp-elements-d965cfa1128e5e4ed897677ca650e1d7\"><strong>REAKTIONSF\u00c4HIGKEIT<\/strong><\/p>\n<\/div><\/div><\/div>\n<\/div>\n\n\n\n<div class=\"wp-block-columns are-vertically-aligned-center is-layout-flex wp-container-core-columns-is-layout-9d6595d7 wp-block-columns-is-layout-flex\">\n<div class=\"wp-block-column is-vertically-aligned-center is-layout-flow wp-block-column-is-layout-flow\"><div class=\"wp-block-image\"><div class=\"image\">\n<figure class=\"aligncenter size-full is-resized\"><img decoding=\"async\" width=\"590\" height=\"748\" src=\"https:\/\/www.lec.fr\/wp-content\/uploads\/fiabilite-1.png\" alt=\"\" class=\"wp-image-2667\" style=\"width:auto;height:100px\" srcset=\"https:\/\/www.lec.fr\/wp-content\/uploads\/fiabilite-1.png 590w, https:\/\/www.lec.fr\/wp-content\/uploads\/fiabilite-1-422x535.png 422w, https:\/\/www.lec.fr\/wp-content\/uploads\/fiabilite-1-536x680.png 536w, https:\/\/www.lec.fr\/wp-content\/uploads\/fiabilite-1-316x400.png 316w, https:\/\/www.lec.fr\/wp-content\/uploads\/fiabilite-1-288x365.png 288w\" sizes=\"(max-width: 590px) 100vw, 590px\" \/><\/figure>\n<\/div><\/div>\n\n<div class=\"row\"><div class=\"col-12 col-xl-10 offset-xl-1 paragraph\">\n<p class=\"has-text-align-center has-black-color has-text-color has-link-color has-medium-font-size wp-elements-d39c372e92ff36b27bb675a7726a2356\"><strong>ZUVERL\u00c4SSIGKEIT<\/strong><\/p>\n<\/div><\/div><\/div>\n\n\n\n<div class=\"wp-block-column is-vertically-aligned-center is-layout-flow wp-block-column-is-layout-flow\"><div class=\"wp-block-image\"><div class=\"image\">\n<figure class=\"aligncenter size-full is-resized\"><img decoding=\"async\" width=\"660\" height=\"641\" src=\"https:\/\/www.lec.fr\/wp-content\/uploads\/disponibilite-1.png\" alt=\"\" class=\"wp-image-2669\" style=\"width:auto;height:100px\" srcset=\"https:\/\/www.lec.fr\/wp-content\/uploads\/disponibilite-1.png 660w, https:\/\/www.lec.fr\/wp-content\/uploads\/disponibilite-1-535x520.png 535w, https:\/\/www.lec.fr\/wp-content\/uploads\/disponibilite-1-400x388.png 400w, https:\/\/www.lec.fr\/wp-content\/uploads\/disponibilite-1-365x354.png 365w\" sizes=\"(max-width: 660px) 100vw, 660px\" \/><\/figure>\n<\/div><\/div>\n\n<div class=\"row\"><div class=\"col-12 col-xl-10 offset-xl-1 paragraph\">\n<p class=\"has-text-align-center has-black-color has-text-color has-link-color has-medium-font-size wp-elements-a875c2d68ced836672e986c54ee77bf1\"><strong>VERF\u00dcGBARKEIT<\/strong><\/p>\n<\/div><\/div><\/div>\n<\/div>\n\n\n\n<div style=\"height:30px\" aria-hidden=\"true\" class=\"wp-block-spacer\"><\/div>\n\n\n<div class=\"row\"><div class=\"col-12 col-xl-10 offset-xl-1 paragraph\">\n<p>Diese Prinzipien leiten all unser Handeln und stehen im Mittelpunkt unseres Engagements gegen\u00fcber Partnern und Kunden.<\/p>\n<\/div><\/div>\n\n\n<div style=\"height:50px\" aria-hidden=\"true\" class=\"wp-block-spacer\"><\/div>\n\n\n<div class=\"row\"><div class=\"col-12 col-xl-10 offset-xl-1 heading\">\n<h2 class=\"wp-block-heading\"><span>Eine neue \u00c4ra<\/span><\/h2>\n<\/div><\/div>\n\n\n<div style=\"height:30px\" aria-hidden=\"true\" class=\"wp-block-spacer\"><\/div>\n\n\n<div class=\"row\"><div class=\"col-12 col-xl-10 offset-xl-1 paragraph\">\n<p>Im Jahr 2024, angesichts bedeutender wirtschaftlicher Herausforderungen, schl\u00e4gt LEC ein neues Kapitel seiner Entwicklung auf, indem es sich der <a href=\"https:\/\/www.groupe-ragni.com\/de\/\" target=\"_blank\" rel=\"noreferrer noopener\">GROUPE RAGNI<\/a> anschlie\u00dft \u2013 einem nahezu hundertj\u00e4hrigen franz\u00f6sischen Familienunternehmen, spezialisiert auf die Entwicklung und Herstellung von L\u00f6sungen f\u00fcr die \u00f6ffentliche Beleuchtung und vernetzten Technologien, dessen Werte und langfristige Vision dem eigenen Selbstverst\u00e4ndnis von LEC entsprechen. Dieser strategische Schritt folgt dem Ziel, die Nachhaltigkeit des eigenen Know-hows zu sichern und sich gleichzeitig neuen industriellen, kommerziellen und technologischen Synergien zu \u00f6ffnen.<\/p>\n<\/div><\/div>\n\n\n<div class=\"wp-block-columns col-img is-layout-flex wp-container-core-columns-is-layout-9d6595d7 wp-block-columns-is-layout-flex\">\n<div class=\"wp-block-column is-layout-flow wp-block-column-is-layout-flow\" style=\"flex-basis:800px\"><div class=\"wp-block-image is-style-default\"><div class=\"image\">\n<figure class=\"aligncenter size-full\"><img decoding=\"async\" width=\"1811\" height=\"1900\" src=\"https:\/\/www.lec.fr\/wp-content\/uploads\/Rosace_marques_26092024-1-1811x1900.png\" alt=\"\" class=\"wp-image-1000\" srcset=\"https:\/\/www.lec.fr\/wp-content\/uploads\/Rosace_marques_26092024-1-1811x1900.png 1811w, https:\/\/www.lec.fr\/wp-content\/uploads\/Rosace_marques_26092024-1-1258x1320.png 1258w, https:\/\/www.lec.fr\/wp-content\/uploads\/Rosace_marques_26092024-1-943x990.png 943w, https:\/\/www.lec.fr\/wp-content\/uploads\/Rosace_marques_26092024-1-629x660.png 629w, https:\/\/www.lec.fr\/wp-content\/uploads\/Rosace_marques_26092024-1-429x450.png 429w, https:\/\/www.lec.fr\/wp-content\/uploads\/Rosace_marques_26092024-1-314x330.png 314w, https:\/\/www.lec.fr\/wp-content\/uploads\/Rosace_marques_26092024-1-648x680.png 648w, https:\/\/www.lec.fr\/wp-content\/uploads\/Rosace_marques_26092024-1-768x806.png 768w, https:\/\/www.lec.fr\/wp-content\/uploads\/Rosace_marques_26092024-1-976x1024.png 976w, https:\/\/www.lec.fr\/wp-content\/uploads\/Rosace_marques_26092024-1-1464x1536.png 1464w, https:\/\/www.lec.fr\/wp-content\/uploads\/Rosace_marques_26092024-1-381x400.png 381w, https:\/\/www.lec.fr\/wp-content\/uploads\/Rosace_marques_26092024-1-348x365.png 348w, https:\/\/www.lec.fr\/wp-content\/uploads\/Rosace_marques_26092024-1-510x535.png 510w, https:\/\/www.lec.fr\/wp-content\/uploads\/Rosace_marques_26092024-1.png 1865w\" sizes=\"(max-width: 1811px) 100vw, 1811px\" \/><\/figure>\n<\/div><\/div><\/div>\n<\/div>\n\n\n\n<div style=\"height:100px\" aria-hidden=\"true\" class=\"wp-block-spacer\"><\/div>\n","protected":false},"excerpt":{"rendered":"<p>Unsere Werte, unsere DNA Seit jeher st\u00fctzt sich LEC auf grundlegende Werte, die seine St\u00e4rke ausmachen: EXPERTISE OFFENHEIT REAKTIONSF\u00c4HIGKEIT ZUVERL\u00c4SSIGKEIT VERF\u00dcGBARKEIT Diese Prinzipien leiten all unser Handeln und stehen im Mittelpunkt unseres Engagements gegen\u00fcber Partnern und Kunden. Eine neue \u00c4ra Im Jahr 2024, angesichts bedeutender wirtschaftlicher Herausforderungen, schl\u00e4gt LEC ein neues Kapitel seiner Entwicklung auf, [&hellip;]<\/p>\n","protected":false},"author":1,"featured_media":0,"parent":0,"menu_order":0,"comment_status":"closed","ping_status":"closed","template":"","meta":{"_acf_changed":false,"inline_featured_image":false,"footnotes":""},"class_list":["post-4910","page","type-page","status-publish","hentry"],"acf":[],"_links":{"self":[{"href":"https:\/\/www.lec.fr\/de\/wp-json\/wp\/v2\/pages\/4910","targetHints":{"allow":["GET"]}}],"collection":[{"href":"https:\/\/www.lec.fr\/de\/wp-json\/wp\/v2\/pages"}],"about":[{"href":"https:\/\/www.lec.fr\/de\/wp-json\/wp\/v2\/types\/page"}],"author":[{"embeddable":true,"href":"https:\/\/www.lec.fr\/de\/wp-json\/wp\/v2\/users\/1"}],"replies":[{"embeddable":true,"href":"https:\/\/www.lec.fr\/de\/wp-json\/wp\/v2\/comments?post=4910"}],"version-history":[{"count":5,"href":"https:\/\/www.lec.fr\/de\/wp-json\/wp\/v2\/pages\/4910\/revisions"}],"predecessor-version":[{"id":6036,"href":"https:\/\/www.lec.fr\/de\/wp-json\/wp\/v2\/pages\/4910\/revisions\/6036"}],"wp:attachment":[{"href":"https:\/\/www.lec.fr\/de\/wp-json\/wp\/v2\/media?parent=4910"}],"curies":[{"name":"wp","href":"https:\/\/api.w.org\/{rel}","templated":true}]}}