{"id":4915,"date":"2021-10-08T16:29:01","date_gmt":"2021-10-08T14:29:01","guid":{"rendered":"https:\/\/www.lec.fr\/?page_id=4915"},"modified":"2026-03-03T11:51:00","modified_gmt":"2026-03-03T10:51:00","slug":"startseite","status":"publish","type":"page","link":"https:\/\/www.lec.fr\/de\/","title":{"rendered":"Startseite"},"content":{"rendered":"<\/div>\n<div id=\"block-hero-block_c0156fc0bc0d67d9505e9552c81dd7c9\" class=\"container-fluid header_video_part  block-hero\">\n    \n        <span class=\"cover\">\n            <video class=\"img-fluid\" autoplay muted loop playsinline>\n                <source src=\"https:\/\/www.lec.fr\/wp-content\/uploads\/Video_Accueil_V2-1.mp4\" type=\"video\/mp4\">\n                Ihr Browser unterst\u00fctzt die Videowiedergabe nicht.\n            <\/video>\n        <\/span>    <div class=\"caption\">\n        <h1 class=\"h1 white\"><strong>Urbane Aufwertung und Akzentuierung mit Licht<\/strong> seit 1977<\/h1><div class=\"links\"><a href=\"https:\/\/www.lec.fr\/de\/offre\/aufwertung\/\" target=\"\" class=\"btn bg-blue white btn-sm\">Aufwertung<\/a><a href=\"https:\/\/www.lec.fr\/de\/offre\/mobilitat-urbane-raum\/\" target=\"\" class=\"btn bg-blue white btn-sm\">Mobilit\u00e4t &#038; urbane Raum<\/a><a href=\"https:\/\/www.lec.fr\/de\/offre\/sicherheit\/\" target=\"\" class=\"btn bg-blue white btn-sm\">Sicherheit<\/a><a href=\"https:\/\/www.lec.fr\/de\/offre\/landschaftsgestaltung\/\" target=\"\" class=\"btn bg-blue white btn-sm\">Landschaftsgestaltung<\/a><a href=\"https:\/\/www.lec.fr\/de\/offre\/massgeschneidert\/\" target=\"\" class=\"btn bg-blue white btn-sm\">Ma\u00dfgeschneidert<\/a><\/div>    <\/div>\n<\/div>\n<div class=\"container\">\n\n\n\n<div style=\"height:50px\" aria-hidden=\"true\" class=\"wp-block-spacer\"><\/div>\n\n\n\n<div id=\"scroll_down\" class=\"container product_categories_part  block-hero\">\n        <div class=\"title_part\">\n        <h2 class=\"h2 purple with_line\"><span>Unsere Produkte <\/span><\/h2>    <\/div>\n    <div class=\"categories row\">\n                    <div  class=\"item col-12 col-sm-6 col-md-6 col-lg-3 px-4\">\n                <div class=\"cover\" style=\"background: url(https:\/\/www.lec.fr\/wp-content\/uploads\/Les-points-990x990.jpg) no-repeat center \/ cover\">\n                    <div class=\"desc\">\n                        <div>\n                            <p>Dezent platzierte Lichtpunkte zeichnen den Raum mit Pr\u00e4zision. In den Boden oder in Stadtmobiliar integriert, zeigen sie den Weg und veredeln jedes architektonische Projekt.\r\n<\/p>\n                            <p class=\"link_part\">\n                                <a class=\"link\" href=\"https:\/\/www.lec.fr\/de\/produktcategorie\/punkte\/\">Entdecken<\/a>\n                            <\/p>\n                        <\/div>\n                    <\/div>\n                <\/div>\n                <a href=\"https:\/\/www.lec.fr\/de\/produktcategorie\/punkte\/\" class=\"caption text-center\">\n                    <p class=\"title white\">Punkte<\/p>\n                    <p class=\"\">\n                        <span><i class=\"icon icon-arrow-right gold\"><\/i><\/span>\n                    <\/p>\n                <\/a>\n            <\/div>\n                        <div  class=\"item col-12 col-sm-6 col-md-6 col-lg-3 px-4\">\n                <div class=\"cover\" style=\"background: url(https:\/\/www.lec.fr\/wp-content\/uploads\/Les-lignes-990x990.jpg) no-repeat center \/ cover\">\n                    <div class=\"desc\">\n                        <div>\n                            <p>Die feinen Lichtlinien formen die Perspektiven. Sie betonen, strukturieren und begleiten den Blick und schaffen dynamische und immersive Lichtspiele.\r\n<\/p>\n                            <p class=\"link_part\">\n                                <a class=\"link\" href=\"https:\/\/www.lec.fr\/de\/produktcategorie\/linien\/\">Entdecken<\/a>\n                            <\/p>\n                        <\/div>\n                    <\/div>\n                <\/div>\n                <a href=\"https:\/\/www.lec.fr\/de\/produktcategorie\/linien\/\" class=\"caption text-center\">\n                    <p class=\"title white\">Linien<\/p>\n                    <p class=\"\">\n                        <span><i class=\"icon icon-arrow-right gold\"><\/i><\/span>\n                    <\/p>\n                <\/a>\n            <\/div>\n                        <div  class=\"item col-12 col-sm-6 col-md-6 col-lg-3 px-4\">\n                <div class=\"cover\" style=\"background: url(https:\/\/www.lec.fr\/wp-content\/uploads\/les-spots-990x990.jpg) no-repeat center \/ cover\">\n                    <div class=\"desc\">\n                        <div>\n                            <p>Leistungsstark und pr\u00e4zise enth\u00fcllen Strahler die Formen und setzen Architektur in Szene. Zwischen Licht und Schatten verwandeln sie jeden Raum in ein wahres Lichtbild.<\/p>\n                            <p class=\"link_part\">\n                                <a class=\"link\" href=\"https:\/\/www.lec.fr\/de\/produktcategorie\/strahler\/\">Entdecken<\/a>\n                            <\/p>\n                        <\/div>\n                    <\/div>\n                <\/div>\n                <a href=\"https:\/\/www.lec.fr\/de\/produktcategorie\/strahler\/\" class=\"caption text-center\">\n                    <p class=\"title white\">Strahler<\/p>\n                    <p class=\"\">\n                        <span><i class=\"icon icon-arrow-right gold\"><\/i><\/span>\n                    <\/p>\n                <\/a>\n            <\/div>\n                        <div  class=\"item col-12 col-sm-6 col-md-6 col-lg-3 px-4\">\n                <div class=\"cover\" style=\"background: url(https:\/\/www.lec.fr\/wp-content\/uploads\/les-extras-1-990x990.jpg) no-repeat center \/ cover\">\n                    <div class=\"desc\">\n                        <div>\n                            <p>Keinem Standard entsprechend erweitern die Leuchten der &#8222;Extras-Produktreihe&#8220; die Grenzen der Kreativit\u00e4t. Die Extras stehen f\u00fcr au\u00dfergew\u00f6hnliche und individuelle L\u00f6sungen, die die Beleuchtung mit Einfallsreichtum und Charakter neu erfinden.<\/p>\n                            <p class=\"link_part\">\n                                <a class=\"link\" href=\"https:\/\/www.lec.fr\/de\/produktcategorie\/extras\/\">Entdecken<\/a>\n                            <\/p>\n                        <\/div>\n                    <\/div>\n                <\/div>\n                <a href=\"https:\/\/www.lec.fr\/de\/produktcategorie\/extras\/\" class=\"caption text-center\">\n                    <p class=\"title white\">Extras<\/p>\n                    <p class=\"\">\n                        <span><i class=\"icon icon-arrow-right gold\"><\/i><\/span>\n                    <\/p>\n                <\/a>\n            <\/div>\n                <\/div>\n<\/div>\n\n\n\n\n<div style=\"height:50px\" aria-hidden=\"true\" class=\"wp-block-spacer\"><\/div>\n\n\n\n<div id=\"block-hero-block_f2ff2dc4e6c83baa2c95ce4da55df1c9\" class=\"container company_part  block-hero\">\n\n    <div class=\"caption\">\n        <h2 class=\"h2 purple with_line\"><span>Das Unternehmen LEC<\/span><\/h2><div class=\"desc purple\"><p>Als familiengef\u00fchrtes Unternehmen mit Sitz in Lyon (Frankreich) ist LEC seit 1977 auf die urbane Aufwertung und Akzentuierung durch Beleuchtung spezialisiert.<\/p>\n<\/div>    <\/div>\n            <div class=\"cover\">\n            <img decoding=\"async\" src=\"https:\/\/www.lec.fr\/wp-content\/uploads\/accueil-lec-entreprise-1900x800.jpg\" alt=\"\" class=\"img-fluid\">\n            <div class=\"links\"><a href=\"https:\/\/www.lec.fr\/de\/geschichte\/\" target=\"\" class=\"btn bg-blue white btn-sm\">Die Geschichte entdecken<\/a><a href=\"https:\/\/www.lec.fr\/de\/stolzes-know-how\/\" target=\"\" class=\"btn bg-blue white btn-sm\">Unser Know-how<\/a><a href=\"https:\/\/www.lec.fr\/de\/groupe-ragni\/\" target=\"\" class=\"btn bg-blue white btn-sm\">GROUPE RAGNI<\/a><\/div>        <\/div>\n    <\/div>\n\n\n\n\n<div style=\"height:50px\" aria-hidden=\"true\" class=\"wp-block-spacer\"><\/div>\n\n\n<\/div>\n\n<div id=\"block-hero-block_c92f6433ebb1eaad76bcad32dada8783\" class=\"container-fluid projects_part  bg-mainColor block-hero\">\n    <div class=\"container py-5\">\n        <div class=\"caption\">\n            <h2 class=\"h2 purple with_line\"><span>Inspiration<\/span><\/h2><div class=\"desc purple\"><p>Von den Kais in Lyon \u00fcber die Br\u00fccken von Dublin bis hin zur Beleuchtung des Place du Palais Royal in Paris erfindet LEC urbane R\u00e4ume neu und schafft Atmosph\u00e4ren, um diese einzigartig, sicher und zug\u00e4nglich zu machen. Jedes Projekt ist eine Begegnung zwischen Architektur, Lichtinnovation und Anforderungen der r\u00e4umliche Gegebenheiten. Entdecken Sie unsere Realisierungen und lassen Sie sich inspirieren.<\/p>\n<\/div><p class=\"link_part\"><a class=\"link gold\" href=\"https:\/\/www.lec.fr\/de\/projekte\/\">Alle Projekte anzeigen<\/a><\/p>        <\/div>\n                    <div class=\"list accordion_lat\">\n                                        <div class=\"item active\">\n                            <div class=\"cover\" style=\"background: url(https:\/\/www.lec.fr\/wp-content\/uploads\/inclinee-990x928.jpg) no-repeat top center \/ cover;\">\n                                <img decoding=\"async\" src=\"https:\/\/www.lec.fr\/wp-content\/uploads\/inclinee-990x928.jpg\" alt=\"\" class=\"img-fluid d-none\">\n                             <\/div>\n                            <div class=\"caption\">\n                                <p><span class=\"badge\">Mobilit\u00e4t &amp; urbane Raum<\/span><\/p>                                <p class=\"title\">TANDEM, doppelte Ausrichtung<\/p>\n                                <p class=\"link_part\">\n                                    <a href=\"https:\/\/www.lec.fr\/de\/projekte\/tandem-doppelte-ausrichtung\/\" class=\"link gold\">Projekt ansehen<\/a>\n                                <\/p>\n                            <\/div>\n                        <\/div>\n                                            <div class=\"item \">\n                            <div class=\"cover\" style=\"background: url(https:\/\/www.lec.fr\/wp-content\/uploads\/Wall-1-990x990.jpg) no-repeat top center \/ cover;\">\n                                <img decoding=\"async\" src=\"https:\/\/www.lec.fr\/wp-content\/uploads\/Wall-1-990x990.jpg\" alt=\"\" class=\"img-fluid d-none\">\n                             <\/div>\n                            <div class=\"caption\">\n                                <p><span class=\"badge\">Verbesserung<\/span><\/p>                                <p class=\"title\">TANDEM als Wandleuchte<\/p>\n                                <p class=\"link_part\">\n                                    <a href=\"https:\/\/www.lec.fr\/de\/projekte\/tandem-als-wandleuchte\/\" class=\"link gold\">Projekt ansehen<\/a>\n                                <\/p>\n                            <\/div>\n                        <\/div>\n                                            <div class=\"item \">\n                            <div class=\"cover\" style=\"background: url(https:\/\/www.lec.fr\/wp-content\/uploads\/69_5533_SOULARY_Lyon-3-990x990.jpg) no-repeat top center \/ cover;\">\n                                <img decoding=\"async\" src=\"https:\/\/www.lec.fr\/wp-content\/uploads\/69_5533_SOULARY_Lyon-3-990x990.jpg\" alt=\"\" class=\"img-fluid d-none\">\n                             <\/div>\n                            <div class=\"caption\">\n                                <p><span class=\"badge\">Sicherheit<\/span><\/p>                                <p class=\"title\">Beleuchtung einer Galerie mit Seilh\u00e4ngeleuchten<\/p>\n                                <p class=\"link_part\">\n                                    <a href=\"https:\/\/www.lec.fr\/de\/projekte\/beleuchtung-einer-galerie-mit-seilhangeleuchten\/\" class=\"link gold\">Projekt ansehen<\/a>\n                                <\/p>\n                            <\/div>\n                        <\/div>\n                                            <div class=\"item \">\n                            <div class=\"cover\" style=\"background: url(https:\/\/www.lec.fr\/wp-content\/uploads\/mise-en-situation_3-990x990.png) no-repeat top center \/ cover;\">\n                                <img decoding=\"async\" src=\"https:\/\/www.lec.fr\/wp-content\/uploads\/mise-en-situation_3-990x990.png\" alt=\"\" class=\"img-fluid d-none\">\n                             <\/div>\n                            <div class=\"caption\">\n                                <p><span class=\"badge\">Sicherheit<\/span><\/p>                                <p class=\"title\">Anwendungsbeispiel f\u00fcr LEXA\u00ae<\/p>\n                                <p class=\"link_part\">\n                                    <a href=\"https:\/\/www.lec.fr\/de\/projekte\/anwendungsbeispiel-fur-lexa\/\" class=\"link gold\">Projekt ansehen<\/a>\n                                <\/p>\n                            <\/div>\n                        <\/div>\n                                <\/div>\n                <\/div>\n<\/div>\n<div class=\"container\">\n\n\n\n\n<div style=\"height:50px\" aria-hidden=\"true\" class=\"wp-block-spacer\"><\/div>\n\n\n\n<\/div>\n<div id=\"block-hero-block_e3ab8b4cc5f7135733b6aca80661a492\" class=\"container-fluid txt_media_part  block-hero\">\n    <div class=\"row\">\n        <div class=\"col-12 col-lg-6 col-xl-6 px-0 media order-1 order-lg-1\">\n            <img decoding=\"async\" src=\"https:\/\/www.lec.fr\/wp-content\/uploads\/accueil-engagement.jpg\" alt=\"\" class=\"img-fluid\">        <\/div>\n        <div class=\"col-12 col-lg-6 col-xl-6 col-xxl-5 px-xl-5 pt-5 pt-lg-0 txt order-2 order-lg-2 d-flex align-items-center\">\n            <div class=\"txt_part px-2 px-xl-5\">\n            <div class=\"content\"><h2>LEC &#8211; engagiert<\/h2>\n<p>Wir entwerfen und fertigen in Frankreich ma\u00dfgeschneiderte Beleuchtungsl\u00f6sungen, die auf Langlebigkeit ausgelegt sind und sich den Herausforderungen jeder r\u00e4umlichen Situation anpassen. Durch die Verbindung von technischem Anspruch, verantwortungsvoller Innovation und Sinn f\u00fcr Details begleiten wir unsere Kunden mit Leidenschaft, Agilit\u00e4t und Engagement \u2013 f\u00fcr lichtstarke, zuverl\u00e4ssige und nachhaltige Projekte, selbst in den komplexesten Umgebungen.<\/p>\n<\/div><p class=\"link_part mt-5\"><a href=\"https:\/\/www.lec.fr\/de\/engagement\/\" class=\"btn  btn-sm \" target=\"\">Unser Engagement<\/a><\/p>            <\/div>\n        <\/div>\n    <\/div>\n\n<\/div>\n\n<div class=\"container\">\n\n\n<div style=\"height:50px\" aria-hidden=\"true\" class=\"wp-block-spacer\"><\/div>\n\n\n\n\n<div id=\"block-hero-block_900f9b8326566f3166f33eb215844e14\" class=\"container news_part  block-hero ps-lg-5\">\n            <div class=\"row\">\n            <div class=\"col-12 main-title\">\n                <h2 class=\"h2 purple with_line\"><span>Unsere Neuigkeiten<\/span><\/h2>\n            <\/div>\n        <\/div>\n\n        <div class=\"row\">\n        <div class=\"col-12 col-md-12 col-lg-5 info d-flex align-items-center pe-lg-5\">\n            <div class=\"info_content pe-lg-5\">\n            <div class=\"desc purple pe-lg-5\"><p>Verfolgen Sie unsere neuesten Innovationen, Projekte und Veranstaltungen. Entecken Sie unsere News und tauchen Sie ein in die Welt von LEC.<\/p>\n<\/div><p class=\"link_part mt-5\"><a href=\"https:\/\/www.lec.fr\/de\/aktuelles\/\" target=\"\" class=\"link\">Alle News<\/a><\/p>            <\/div>\n        <\/div>\n        <div class=\"col-12 col-md-12 col-lg-7\">\n            <div class=\"row\">\n                                        <div class=\"col-12 col-sm-6\">\n                            <a href=\"https:\/\/www.lec.fr\/de\/nachrichten\/schloss-belvoir-eine-einfuhlsame-und-gekonnte-beleuchtung-im-dienste-des-kulturerbes\/\" class=\"item item-news\">\n    <div class=\"cover\">\n        <img decoding=\"async\" src=\"https:\/\/www.lec.fr\/wp-content\/uploads\/25_4660_5727_5780_CORSICA_ALICANTE_PASSY_Chateau_de_Belvoir_\u00a9Jean-Francois_Lami-17-365x310.jpg\" alt=\"\" class=\"img-fluid\">\n    <\/div>\n    <div class=\"caption\">\n        <p class=\"title purple\">Schloss Belvoir: eine einf\u00fchlsame und gekonnte Beleuchtung im Dienste des Kulturerbes<\/p>\n                    <p class=\"tags_part\"><span class=\"badge white\">Projekt<\/span><\/p>\n                <p class=\"date purple d-none\">The 30\/03\/2026<\/p>\n    <\/div>\n<\/a>\n                        <\/div>\n                                                <div class=\"col-12 col-sm-6\">\n                            <a href=\"https:\/\/www.lec.fr\/de\/nachrichten\/die-betreuung-der-unsichtbare-schlussel-zu-erfolgreichen-beleuchtungsprojekten\/\" class=\"item item-news\">\n    <div class=\"cover\">\n        <img decoding=\"async\" src=\"https:\/\/www.lec.fr\/wp-content\/uploads\/Lancie2-365x310.jpg\" alt=\"\" class=\"img-fluid\">\n    <\/div>\n    <div class=\"caption\">\n        <p class=\"title purple\">Die Betreuung: der unsichtbare Schl\u00fcssel zu erfolgreichen Beleuchtungsprojekten<\/p>\n                    <p class=\"tags_part\"><span class=\"badge white\">Projekt<\/span><\/p>\n                <p class=\"date purple d-none\">The 26\/03\/2026<\/p>\n    <\/div>\n<\/a>\n                        <\/div>\n                                    <\/div>\n        <\/div>\n\n\n    <\/div>\n<\/div>\n\n<div class=\"row\"><div class=\"col-12 col-xl-10 offset-xl-1 paragraph\">\n<p><\/p>\n<\/div><\/div>","protected":false},"excerpt":{"rendered":"","protected":false},"author":1,"featured_media":0,"parent":0,"menu_order":0,"comment_status":"closed","ping_status":"closed","template":"","meta":{"_acf_changed":false,"inline_featured_image":false,"footnotes":""},"class_list":["post-4915","page","type-page","status-publish","hentry"],"acf":[],"_links":{"self":[{"href":"https:\/\/www.lec.fr\/de\/wp-json\/wp\/v2\/pages\/4915","targetHints":{"allow":["GET"]}}],"collection":[{"href":"https:\/\/www.lec.fr\/de\/wp-json\/wp\/v2\/pages"}],"about":[{"href":"https:\/\/www.lec.fr\/de\/wp-json\/wp\/v2\/types\/page"}],"author":[{"embeddable":true,"href":"https:\/\/www.lec.fr\/de\/wp-json\/wp\/v2\/users\/1"}],"replies":[{"embeddable":true,"href":"https:\/\/www.lec.fr\/de\/wp-json\/wp\/v2\/comments?post=4915"}],"version-history":[{"count":19,"href":"https:\/\/www.lec.fr\/de\/wp-json\/wp\/v2\/pages\/4915\/revisions"}],"predecessor-version":[{"id":6062,"href":"https:\/\/www.lec.fr\/de\/wp-json\/wp\/v2\/pages\/4915\/revisions\/6062"}],"wp:attachment":[{"href":"https:\/\/www.lec.fr\/de\/wp-json\/wp\/v2\/media?parent=4915"}],"curies":[{"name":"wp","href":"https:\/\/api.w.org\/{rel}","templated":true}]}}