{"id":4723,"date":"2025-09-24T17:54:40","date_gmt":"2025-09-24T15:54:40","guid":{"rendered":"https:\/\/www.lec.fr\/?post_type=product&#038;p=4723"},"modified":"2026-01-27T12:20:11","modified_gmt":"2026-01-27T11:20:11","slug":"matosinhos","status":"publish","type":"product","link":"https:\/\/www.lec.fr\/de\/produkt\/matosinhos\/","title":{"rendered":"Matosinhos"},"content":{"rendered":"<p>Als kleines leuchtendes Auge ist MATOSINHOS ein diskreter und vielseitiger Lichtmarkierungspunkt, ideal f\u00fcr eine dekorative oder sicherheitsrelevante Verbesserung der Beleuchtung. Entwickelt f\u00fcr eine harmonische Integration in unterschiedliche Tr\u00e4gerelemente, kann er direkt bodenb\u00fcndig integriert werden, um Lichtmuster zu erzeugen, regelm\u00e4\u00dfig positioniert werden, um eine Wegef\u00fchrung zu strukturieren, oder in eine Wand, einen Beleuchtungsmast oder jedes andere Element des Stadtmobiliars integriert werden. Mit einem Durchmesser von 17,5 mm wird er kraftschl\u00fcssig befestigt und erm\u00f6glicht so eine einfache und dauerhafte Installation. Robust (IK20) und vollst\u00e4ndig wasserdicht (IP68) bietet MATOSINHOS eine zuverl\u00e4ssige Leistung und optimale Sichtbarkeit \u2013 unabh\u00e4ngig von den Einsatzbedingungen.<\/p>\n","protected":false},"featured_media":4728,"template":"","meta":{"_acf_changed":true,"inline_featured_image":false},"pdt-application":[536,537],"product_category":[491],"pdt-control":[482],"pdt-position":[485,487],"pdt-tags":[],"mix-chromatique":[471],"class_list":["post-4723","product","type-product","status-publish","has-post-thumbnail","hentry","pdt-application-sicherheit","pdt-application-mobilitaet-urbane-raum","product_category-punkte","pdt-control-24-v-dc-pwm","pdt-position-einbauleuchten","pdt-position-masten","mix-chromatique-lichtmarkierung-einfarbig"],"acf":[],"_links":{"self":[{"href":"https:\/\/www.lec.fr\/de\/wp-json\/wp\/v2\/product\/4723","targetHints":{"allow":["GET"]}}],"collection":[{"href":"https:\/\/www.lec.fr\/de\/wp-json\/wp\/v2\/product"}],"about":[{"href":"https:\/\/www.lec.fr\/de\/wp-json\/wp\/v2\/types\/product"}],"wp:featuredmedia":[{"embeddable":true,"href":"https:\/\/www.lec.fr\/de\/wp-json\/wp\/v2\/media\/4728"}],"wp:attachment":[{"href":"https:\/\/www.lec.fr\/de\/wp-json\/wp\/v2\/media?parent=4723"}],"wp:term":[{"taxonomy":"pdt-application","embeddable":true,"href":"https:\/\/www.lec.fr\/de\/wp-json\/wp\/v2\/pdt-application?post=4723"},{"taxonomy":"product_category","embeddable":true,"href":"https:\/\/www.lec.fr\/de\/wp-json\/wp\/v2\/product_category?post=4723"},{"taxonomy":"pdt-control","embeddable":true,"href":"https:\/\/www.lec.fr\/de\/wp-json\/wp\/v2\/pdt-control?post=4723"},{"taxonomy":"pdt-position","embeddable":true,"href":"https:\/\/www.lec.fr\/de\/wp-json\/wp\/v2\/pdt-position?post=4723"},{"taxonomy":"pdt-tags","embeddable":true,"href":"https:\/\/www.lec.fr\/de\/wp-json\/wp\/v2\/pdt-tags?post=4723"},{"taxonomy":"mix-chromatique","embeddable":true,"href":"https:\/\/www.lec.fr\/de\/wp-json\/wp\/v2\/mix-chromatique?post=4723"}],"curies":[{"name":"wp","href":"https:\/\/api.w.org\/{rel}","templated":true}]}}