{"id":4729,"date":"2025-09-24T17:54:34","date_gmt":"2025-09-24T15:54:34","guid":{"rendered":"https:\/\/www.lec.fr\/?post_type=product&#038;p=4729"},"modified":"2026-01-20T14:34:06","modified_gmt":"2026-01-20T13:34:06","slug":"brunei","status":"publish","type":"product","link":"https:\/\/www.lec.fr\/de\/produkt\/brunei\/","title":{"rendered":"Brunei"},"content":{"rendered":"<p>BRUNEI ist eine einbaubare Lichtlinie, die entwickelt wurde, um \u00f6ffentliche R\u00e4ume mit einer eleganten und dezenten Lichtsignatur aufzuwerten. Als echter Lichtstrich unterstreicht sie Gestaltungen mit gro\u00dfer Finesse, sowohl in Einzelmontage als auch als durchgehende Linie \u2013 je nach gew\u00fcnschter Konfiguration. Vollst\u00e4ndig in der L\u00e4nge anpassbar, von 150 mm bis 2 Metern, passt sich BRUNEI perfekt an jedes architektonische Projekt an.<br \/>\nDank ihrer vandalismussicheren Konstruktion mit clipbasierter Befestigung ohne Schrauben gew\u00e4hrleistet sie eine robuste und sichere Installation. Mit ihren zahlreichen Montage- und Verbindungsl\u00f6sungen erleichtert sie die Integration, sei es in einer Handlaufkonstruktion, f\u00fcr die Beleuchtung von Br\u00fcckendecks oder f\u00fcr eine direkte oder indirekte Beleuchtung \u00f6ffentlicher R\u00e4ume. Ohne Vorsprung f\u00fcgt sie sich elegant und unauff\u00e4llig in die Umgebung ein.<\/p>\n","protected":false},"featured_media":4740,"template":"","meta":{"_acf_changed":true,"inline_featured_image":false},"pdt-application":[535,536,537,538],"product_category":[490],"pdt-control":[477,478,482],"pdt-position":[485,486,487,483],"pdt-tags":[],"mix-chromatique":[471,472],"class_list":["post-4729","product","type-product","status-publish","has-post-thumbnail","hentry","pdt-application-verbesserung","pdt-application-sicherheit","pdt-application-mobilitaet-urbane-raum","pdt-application-landschaftsgestaltung","product_category-linien","pdt-control-230-v-ac","pdt-control-230-v-ac-0-10-v","pdt-control-24-v-dc-pwm","pdt-position-einbauleuchten","pdt-position-handlaeufe","pdt-position-masten","pdt-position-wandanbauleuchten","mix-chromatique-lichtmarkierung-einfarbig","mix-chromatique-lichtmarkierung-rgb"],"acf":[],"_links":{"self":[{"href":"https:\/\/www.lec.fr\/de\/wp-json\/wp\/v2\/product\/4729","targetHints":{"allow":["GET"]}}],"collection":[{"href":"https:\/\/www.lec.fr\/de\/wp-json\/wp\/v2\/product"}],"about":[{"href":"https:\/\/www.lec.fr\/de\/wp-json\/wp\/v2\/types\/product"}],"wp:featuredmedia":[{"embeddable":true,"href":"https:\/\/www.lec.fr\/de\/wp-json\/wp\/v2\/media\/4740"}],"wp:attachment":[{"href":"https:\/\/www.lec.fr\/de\/wp-json\/wp\/v2\/media?parent=4729"}],"wp:term":[{"taxonomy":"pdt-application","embeddable":true,"href":"https:\/\/www.lec.fr\/de\/wp-json\/wp\/v2\/pdt-application?post=4729"},{"taxonomy":"product_category","embeddable":true,"href":"https:\/\/www.lec.fr\/de\/wp-json\/wp\/v2\/product_category?post=4729"},{"taxonomy":"pdt-control","embeddable":true,"href":"https:\/\/www.lec.fr\/de\/wp-json\/wp\/v2\/pdt-control?post=4729"},{"taxonomy":"pdt-position","embeddable":true,"href":"https:\/\/www.lec.fr\/de\/wp-json\/wp\/v2\/pdt-position?post=4729"},{"taxonomy":"pdt-tags","embeddable":true,"href":"https:\/\/www.lec.fr\/de\/wp-json\/wp\/v2\/pdt-tags?post=4729"},{"taxonomy":"mix-chromatique","embeddable":true,"href":"https:\/\/www.lec.fr\/de\/wp-json\/wp\/v2\/mix-chromatique?post=4729"}],"curies":[{"name":"wp","href":"https:\/\/api.w.org\/{rel}","templated":true}]}}