{"id":4748,"date":"2025-09-24T17:54:34","date_gmt":"2025-09-24T15:54:34","guid":{"rendered":"https:\/\/www.lec.fr\/?post_type=product&#038;p=4748"},"modified":"2026-04-02T13:25:53","modified_gmt":"2026-04-02T11:25:53","slug":"luminy","status":"publish","type":"product","link":"https:\/\/www.lec.fr\/de\/produkt\/luminy\/","title":{"rendered":"Luminy"},"content":{"rendered":"<p>LUMINY ist die \u201eMini\u201c-Version der Spotserie und bietet eine kompakte und vielseitige L\u00f6sung f\u00fcr die Stadtbeleuchtung. Er kann am Boden, als Wandanbauleuchte oder auf Masten installiert werden, mit anpassbaren Zubeh\u00f6rteilen f\u00fcr jede Konfiguration. Diese Leuchte eignet sich ideal zur Hervorhebung subtiler architektonischer Details sowie kleiner Wegef\u00fchrungen oder von Stadtmobiliar. Seine Lyra und die Verschraubung aus rostfreiem Stahl 316L gew\u00e4hrleisten eine hohe Best\u00e4ndigkeit gegen\u00fcber Au\u00dfenbedingungen. Dar\u00fcber hinaus ist auf Anfrage eine Pulverbeschichtung erh\u00e4ltlich, um das Erscheinungsbild individuell anzupassen und die Leuchte perfekt in ihre Umgebung zu integrieren. LUMINY vereint Leistung, Langlebigkeit und elegantes Design und ist damit die ideale Wahl f\u00fcr eine fein abgestimmte Beleuchtung unterschiedlicher R\u00e4ume.<\/p>\n","protected":false},"featured_media":3125,"template":"","meta":{"_acf_changed":true,"inline_featured_image":false},"pdt-application":[535,536,538],"product_category":[492],"pdt-control":[482],"pdt-position":[487,483],"pdt-tags":[],"mix-chromatique":[474],"class_list":["post-4748","product","type-product","status-publish","has-post-thumbnail","hentry","pdt-application-verbesserung","pdt-application-sicherheit","pdt-application-landschaftsgestaltung","product_category-strahler","pdt-control-24-v-dc-pwm","pdt-position-masten","pdt-position-wandanbauleuchten","mix-chromatique-beleuchtung-einfarbig"],"acf":[],"_links":{"self":[{"href":"https:\/\/www.lec.fr\/de\/wp-json\/wp\/v2\/product\/4748","targetHints":{"allow":["GET"]}}],"collection":[{"href":"https:\/\/www.lec.fr\/de\/wp-json\/wp\/v2\/product"}],"about":[{"href":"https:\/\/www.lec.fr\/de\/wp-json\/wp\/v2\/types\/product"}],"wp:featuredmedia":[{"embeddable":true,"href":"https:\/\/www.lec.fr\/de\/wp-json\/wp\/v2\/media\/3125"}],"wp:attachment":[{"href":"https:\/\/www.lec.fr\/de\/wp-json\/wp\/v2\/media?parent=4748"}],"wp:term":[{"taxonomy":"pdt-application","embeddable":true,"href":"https:\/\/www.lec.fr\/de\/wp-json\/wp\/v2\/pdt-application?post=4748"},{"taxonomy":"product_category","embeddable":true,"href":"https:\/\/www.lec.fr\/de\/wp-json\/wp\/v2\/product_category?post=4748"},{"taxonomy":"pdt-control","embeddable":true,"href":"https:\/\/www.lec.fr\/de\/wp-json\/wp\/v2\/pdt-control?post=4748"},{"taxonomy":"pdt-position","embeddable":true,"href":"https:\/\/www.lec.fr\/de\/wp-json\/wp\/v2\/pdt-position?post=4748"},{"taxonomy":"pdt-tags","embeddable":true,"href":"https:\/\/www.lec.fr\/de\/wp-json\/wp\/v2\/pdt-tags?post=4748"},{"taxonomy":"mix-chromatique","embeddable":true,"href":"https:\/\/www.lec.fr\/de\/wp-json\/wp\/v2\/mix-chromatique?post=4748"}],"curies":[{"name":"wp","href":"https:\/\/api.w.org\/{rel}","templated":true}]}}