{"id":4749,"date":"2025-09-24T17:54:40","date_gmt":"2025-09-24T15:54:40","guid":{"rendered":"https:\/\/www.lec.fr\/?post_type=product&#038;p=4749"},"modified":"2026-01-27T15:24:12","modified_gmt":"2026-01-27T14:24:12","slug":"opera","status":"publish","type":"product","link":"https:\/\/www.lec.fr\/de\/produkt\/opera\/","title":{"rendered":"Opera"},"content":{"rendered":"<p>Mit seinem klaren und dezenten Design wurde der Strahler OPERA entwickelt, um Architektur durch eine durchgehende Lichtlinie hervorzuheben und eine Abstrahlung von 180\u00b0 zu bieten. Gespeist mit 24 V DC oder 230 V AC, ist er in einer Version mit einfachem Eingang oder mit Ein-\/Ausgang erh\u00e4ltlich, um sich an unterschiedliche Installationskonfigurationen anzupassen. Seine schwarze Eloxierung verleiht ihm eine perfekte Zur\u00fcckhaltung, zudem ist eine individuelle lackierte Ausf\u00fchrung m\u00f6glich. Dank seiner Optik von 180 x 4\u00b0 setzt OPERA jedes architektonische Detail pr\u00e4zise und elegant in Szene und erzeugt subtile Lichtspiele auf Fassaden, Fensterrahmen oder \u00fcberdachten Durchg\u00e4ngen.<\/p>\n","protected":false},"featured_media":4757,"template":"","meta":{"_acf_changed":true,"inline_featured_image":false},"pdt-application":[535,536],"product_category":[489],"pdt-control":[477,482],"pdt-position":[483],"pdt-tags":[],"mix-chromatique":[474],"class_list":["post-4749","product","type-product","status-publish","has-post-thumbnail","hentry","pdt-application-verbesserung","pdt-application-sicherheit","product_category-extras","pdt-control-230-v-ac","pdt-control-24-v-dc-pwm","pdt-position-wandanbauleuchten","mix-chromatique-beleuchtung-einfarbig"],"acf":[],"_links":{"self":[{"href":"https:\/\/www.lec.fr\/de\/wp-json\/wp\/v2\/product\/4749","targetHints":{"allow":["GET"]}}],"collection":[{"href":"https:\/\/www.lec.fr\/de\/wp-json\/wp\/v2\/product"}],"about":[{"href":"https:\/\/www.lec.fr\/de\/wp-json\/wp\/v2\/types\/product"}],"wp:featuredmedia":[{"embeddable":true,"href":"https:\/\/www.lec.fr\/de\/wp-json\/wp\/v2\/media\/4757"}],"wp:attachment":[{"href":"https:\/\/www.lec.fr\/de\/wp-json\/wp\/v2\/media?parent=4749"}],"wp:term":[{"taxonomy":"pdt-application","embeddable":true,"href":"https:\/\/www.lec.fr\/de\/wp-json\/wp\/v2\/pdt-application?post=4749"},{"taxonomy":"product_category","embeddable":true,"href":"https:\/\/www.lec.fr\/de\/wp-json\/wp\/v2\/product_category?post=4749"},{"taxonomy":"pdt-control","embeddable":true,"href":"https:\/\/www.lec.fr\/de\/wp-json\/wp\/v2\/pdt-control?post=4749"},{"taxonomy":"pdt-position","embeddable":true,"href":"https:\/\/www.lec.fr\/de\/wp-json\/wp\/v2\/pdt-position?post=4749"},{"taxonomy":"pdt-tags","embeddable":true,"href":"https:\/\/www.lec.fr\/de\/wp-json\/wp\/v2\/pdt-tags?post=4749"},{"taxonomy":"mix-chromatique","embeddable":true,"href":"https:\/\/www.lec.fr\/de\/wp-json\/wp\/v2\/mix-chromatique?post=4749"}],"curies":[{"name":"wp","href":"https:\/\/api.w.org\/{rel}","templated":true}]}}