{"id":4760,"date":"2025-09-24T17:54:34","date_gmt":"2025-09-24T15:54:34","guid":{"rendered":"https:\/\/www.lec.fr\/?post_type=product&#038;p=4760"},"modified":"2026-01-20T14:35:04","modified_gmt":"2026-01-20T13:35:04","slug":"button-b","status":"publish","type":"product","link":"https:\/\/www.lec.fr\/de\/produkt\/button-b\/","title":{"rendered":"Button B"},"content":{"rendered":"<p>Ideal f\u00fcr die Beleuchtung von Fu\u00dfg\u00e4nger- und Radwegen ist BUTTON B ein diskreter Lichtpunkt. Ohne Vorsprung konzipiert, f\u00fcgt er sich perfekt in eine Handlaufkonstruktion mit \u00d8 48 mm ein. Seine MB4-Optik, um 45\u00b0 zur Horizontalen geneigt und alle 4 Meter installiert, gew\u00e4hrleistet eine optimale Sichtbarkeit unter Einhaltung der PMR-Normen. Robust und langlebig ist er aus farblos eloxiertem, CNC-gefr\u00e4stem Aluminium gefertigt und mit einer Polycarbonat-Abdeckung mit UV- und Kratzschutz ausgestattet.<\/p>\n","protected":false},"featured_media":4769,"template":"","meta":{"_acf_changed":true,"inline_featured_image":false},"pdt-application":[536,538],"product_category":[491],"pdt-control":[482],"pdt-position":[486],"pdt-tags":[],"mix-chromatique":[474],"class_list":["post-4760","product","type-product","status-publish","has-post-thumbnail","hentry","pdt-application-sicherheit","pdt-application-landschaftsgestaltung","product_category-punkte","pdt-control-24-v-dc-pwm","pdt-position-handlaeufe","mix-chromatique-beleuchtung-einfarbig"],"acf":[],"_links":{"self":[{"href":"https:\/\/www.lec.fr\/de\/wp-json\/wp\/v2\/product\/4760","targetHints":{"allow":["GET"]}}],"collection":[{"href":"https:\/\/www.lec.fr\/de\/wp-json\/wp\/v2\/product"}],"about":[{"href":"https:\/\/www.lec.fr\/de\/wp-json\/wp\/v2\/types\/product"}],"wp:featuredmedia":[{"embeddable":true,"href":"https:\/\/www.lec.fr\/de\/wp-json\/wp\/v2\/media\/4769"}],"wp:attachment":[{"href":"https:\/\/www.lec.fr\/de\/wp-json\/wp\/v2\/media?parent=4760"}],"wp:term":[{"taxonomy":"pdt-application","embeddable":true,"href":"https:\/\/www.lec.fr\/de\/wp-json\/wp\/v2\/pdt-application?post=4760"},{"taxonomy":"product_category","embeddable":true,"href":"https:\/\/www.lec.fr\/de\/wp-json\/wp\/v2\/product_category?post=4760"},{"taxonomy":"pdt-control","embeddable":true,"href":"https:\/\/www.lec.fr\/de\/wp-json\/wp\/v2\/pdt-control?post=4760"},{"taxonomy":"pdt-position","embeddable":true,"href":"https:\/\/www.lec.fr\/de\/wp-json\/wp\/v2\/pdt-position?post=4760"},{"taxonomy":"pdt-tags","embeddable":true,"href":"https:\/\/www.lec.fr\/de\/wp-json\/wp\/v2\/pdt-tags?post=4760"},{"taxonomy":"mix-chromatique","embeddable":true,"href":"https:\/\/www.lec.fr\/de\/wp-json\/wp\/v2\/mix-chromatique?post=4760"}],"curies":[{"name":"wp","href":"https:\/\/api.w.org\/{rel}","templated":true}]}}