{"id":4770,"date":"2025-09-24T17:54:34","date_gmt":"2025-09-24T15:54:34","guid":{"rendered":"https:\/\/www.lec.fr\/?post_type=product&#038;p=4770"},"modified":"2026-01-27T14:15:21","modified_gmt":"2026-01-27T13:15:21","slug":"lignon","status":"publish","type":"product","link":"https:\/\/www.lec.fr\/de\/produkt\/lignon\/","title":{"rendered":"Lignon"},"content":{"rendered":"<p>Konzipiert f\u00fcr die Montage als Wandanbauleuchte oder zur Befestigung an allen Arten architektonischer Tr\u00e4ger, ist LIGNON eine vielseitige Lichtlinie. In der gew\u00fcnschten L\u00e4nge bestellbar, von 13 cm bis 200 cm, erm\u00f6glicht sie eine Einzelmontage oder eine durchgehende Linienmontage f\u00fcr eine flie\u00dfende, unterbrechungsfreie Beleuchtung.<br \/>\nIhr leicht diffuses Polycarbonatprofil verhindert Blendung, w\u00e4hrend die geclipste Verbindung mit dem Aluminiumprofil eine pr\u00e4zise Ausrichtung des Lichtstroms erlaubt. Die integrierte Nut erleichtert die Justierung der Befestigungen mittels Muttern und sorgt f\u00fcr eine einfache und stabile Installation. Dank einer gro\u00dfen Auswahl an Befestigungslaschen passt sich LIGNON perfekt an Gesimse, W\u00e4nde, B\u00e4nke oder Stadtmobiliar an. Der diskrete, axial angeordnete Kabelauslass verst\u00e4rkt die elegante Integration in den Raum.<\/p>\n","protected":false},"featured_media":3152,"template":"","meta":{"_acf_changed":true,"inline_featured_image":false},"pdt-application":[536,537],"product_category":[490],"pdt-control":[478,482],"pdt-position":[483],"pdt-tags":[],"mix-chromatique":[471],"class_list":["post-4770","product","type-product","status-publish","has-post-thumbnail","hentry","pdt-application-sicherheit","pdt-application-mobilitaet-urbane-raum","product_category-linien","pdt-control-230-v-ac-0-10-v","pdt-control-24-v-dc-pwm","pdt-position-wandanbauleuchten","mix-chromatique-lichtmarkierung-einfarbig"],"acf":[],"_links":{"self":[{"href":"https:\/\/www.lec.fr\/de\/wp-json\/wp\/v2\/product\/4770","targetHints":{"allow":["GET"]}}],"collection":[{"href":"https:\/\/www.lec.fr\/de\/wp-json\/wp\/v2\/product"}],"about":[{"href":"https:\/\/www.lec.fr\/de\/wp-json\/wp\/v2\/types\/product"}],"wp:featuredmedia":[{"embeddable":true,"href":"https:\/\/www.lec.fr\/de\/wp-json\/wp\/v2\/media\/3152"}],"wp:attachment":[{"href":"https:\/\/www.lec.fr\/de\/wp-json\/wp\/v2\/media?parent=4770"}],"wp:term":[{"taxonomy":"pdt-application","embeddable":true,"href":"https:\/\/www.lec.fr\/de\/wp-json\/wp\/v2\/pdt-application?post=4770"},{"taxonomy":"product_category","embeddable":true,"href":"https:\/\/www.lec.fr\/de\/wp-json\/wp\/v2\/product_category?post=4770"},{"taxonomy":"pdt-control","embeddable":true,"href":"https:\/\/www.lec.fr\/de\/wp-json\/wp\/v2\/pdt-control?post=4770"},{"taxonomy":"pdt-position","embeddable":true,"href":"https:\/\/www.lec.fr\/de\/wp-json\/wp\/v2\/pdt-position?post=4770"},{"taxonomy":"pdt-tags","embeddable":true,"href":"https:\/\/www.lec.fr\/de\/wp-json\/wp\/v2\/pdt-tags?post=4770"},{"taxonomy":"mix-chromatique","embeddable":true,"href":"https:\/\/www.lec.fr\/de\/wp-json\/wp\/v2\/mix-chromatique?post=4770"}],"curies":[{"name":"wp","href":"https:\/\/api.w.org\/{rel}","templated":true}]}}