{"id":4771,"date":"2025-09-24T17:54:40","date_gmt":"2025-09-24T15:54:40","guid":{"rendered":"https:\/\/www.lec.fr\/?post_type=product&#038;p=4771"},"modified":"2026-04-02T13:32:56","modified_gmt":"2026-04-02T11:32:56","slug":"luminy-2","status":"publish","type":"product","link":"https:\/\/www.lec.fr\/de\/produkt\/luminy-2\/","title":{"rendered":"Luminy 2"},"content":{"rendered":"<div class=\"row\"><div class=\"col-12 col-xl-10 offset-xl-1 paragraph\">\n<p>LUMINY 2 ist die mittlere Version der Spotserie und bietet eine hohe Installationsflexibilit\u00e4t. Diese Leuchte ist daf\u00fcr konzipiert, architektonische Details hervorzuheben sowie Wegef\u00fchrungen, Gassen oder Stadtmobiliar elegant und pr\u00e4zise zu beleuchten. Auf Anfrage ist eine Pulverbeschichtung erh\u00e4ltlich, die eine \u00e4sthetische Individualisierung erm\u00f6glicht und eine harmonische Integration in die Umgebung gew\u00e4hrleistet. Dar\u00fcber hinaus bietet LUMINY 2 eine Quadrichromie-Option f\u00fcr noch dynamischere und individuellere Lichteffekte und stellt damit eine ideale L\u00f6sung f\u00fcr alle Beleuchtungsanwendungen dar. F\u00fcr optimalen Sehkomfort ist zudem ein Blendschutz-Zubeh\u00f6r erh\u00e4ltlich, das eine kontrollierte Lichtabgabe erm\u00f6glicht und die Blendung in sensiblen Bereichen reduziert.<\/p>\n<\/div><\/div>","protected":false},"featured_media":3173,"template":"","meta":{"_acf_changed":true,"inline_featured_image":false},"pdt-application":[535,536,538],"product_category":[492],"pdt-control":[477,479,481,482],"pdt-position":[487,483],"pdt-tags":[],"mix-chromatique":[474,476],"class_list":["post-4771","product","type-product","status-publish","has-post-thumbnail","hentry","pdt-application-verbesserung","pdt-application-sicherheit","pdt-application-landschaftsgestaltung","product_category-strahler","pdt-control-230-v-ac","pdt-control-230-v-ac-dali","pdt-control-24-v-dc-dali","pdt-control-24-v-dc-pwm","pdt-position-masten","pdt-position-wandanbauleuchten","mix-chromatique-beleuchtung-einfarbig","mix-chromatique-beleuchtung-rgbw"],"acf":[],"_links":{"self":[{"href":"https:\/\/www.lec.fr\/de\/wp-json\/wp\/v2\/product\/4771","targetHints":{"allow":["GET"]}}],"collection":[{"href":"https:\/\/www.lec.fr\/de\/wp-json\/wp\/v2\/product"}],"about":[{"href":"https:\/\/www.lec.fr\/de\/wp-json\/wp\/v2\/types\/product"}],"wp:featuredmedia":[{"embeddable":true,"href":"https:\/\/www.lec.fr\/de\/wp-json\/wp\/v2\/media\/3173"}],"wp:attachment":[{"href":"https:\/\/www.lec.fr\/de\/wp-json\/wp\/v2\/media?parent=4771"}],"wp:term":[{"taxonomy":"pdt-application","embeddable":true,"href":"https:\/\/www.lec.fr\/de\/wp-json\/wp\/v2\/pdt-application?post=4771"},{"taxonomy":"product_category","embeddable":true,"href":"https:\/\/www.lec.fr\/de\/wp-json\/wp\/v2\/product_category?post=4771"},{"taxonomy":"pdt-control","embeddable":true,"href":"https:\/\/www.lec.fr\/de\/wp-json\/wp\/v2\/pdt-control?post=4771"},{"taxonomy":"pdt-position","embeddable":true,"href":"https:\/\/www.lec.fr\/de\/wp-json\/wp\/v2\/pdt-position?post=4771"},{"taxonomy":"pdt-tags","embeddable":true,"href":"https:\/\/www.lec.fr\/de\/wp-json\/wp\/v2\/pdt-tags?post=4771"},{"taxonomy":"mix-chromatique","embeddable":true,"href":"https:\/\/www.lec.fr\/de\/wp-json\/wp\/v2\/mix-chromatique?post=4771"}],"curies":[{"name":"wp","href":"https:\/\/api.w.org\/{rel}","templated":true}]}}