{"id":4772,"date":"2025-09-24T17:54:40","date_gmt":"2025-09-24T15:54:40","guid":{"rendered":"https:\/\/www.lec.fr\/?post_type=product&#038;p=4772"},"modified":"2026-01-20T14:34:56","modified_gmt":"2026-01-20T13:34:56","slug":"savoie","status":"publish","type":"product","link":"https:\/\/www.lec.fr\/de\/produkt\/savoie\/","title":{"rendered":"Savoie"},"content":{"rendered":"<p>SAVOIE ist eine Wandanbau-Lichtmarkierung, die f\u00fcr die Wegf\u00fchrung und sicherheitsrelevante Markierung konzipiert wurde, insbesondere in anspruchsvollen Umgebungen wie Tunneln. Ihre aerodynamische Form begrenzt auf nat\u00fcrliche Weise die Ablagerung von Partikeln und erleichtert die Reinigung mit Wasser, wodurch eine einfache Wartung und dauerhaft optimale Sichtbarkeit gew\u00e4hrleistet werden.<br \/>\nAusgestattet mit einem leuchtenden Polycarbonat-Haubenelement mit UV- und Kratzschutz sowie einer R\u00fcckseite aus Edelstahl sorgt SAVOIE f\u00fcr ein gleichm\u00e4\u00dfiges und effizientes Lichtbild und widersteht gleichzeitig den korrosiven Atmosph\u00e4ren unterirdischer Bauwerke. Dank ihres um 45\u00b0 zur Achse ausgerichteten Lichtstrahls bietet sie eine klare und pr\u00e4zise Signalisierung der Wegef\u00fchrungen, sowohl f\u00fcr Fu\u00dfg\u00e4nger als auch f\u00fcr den Verkehr. Optional mit einem feuerfesten Sicherheitskabel CR1-C1 erh\u00e4ltlich, vereint SAVOIE Sicherheit, Langlebigkeit und einfache Integration.<\/p>\n","protected":false},"featured_media":4775,"template":"","meta":{"_acf_changed":true,"inline_featured_image":false},"pdt-application":[536,537],"product_category":[489],"pdt-control":[477,482],"pdt-position":[483],"pdt-tags":[],"mix-chromatique":[471],"class_list":["post-4772","product","type-product","status-publish","has-post-thumbnail","hentry","pdt-application-sicherheit","pdt-application-mobilitaet-urbane-raum","product_category-extras","pdt-control-230-v-ac","pdt-control-24-v-dc-pwm","pdt-position-wandanbauleuchten","mix-chromatique-lichtmarkierung-einfarbig"],"acf":[],"_links":{"self":[{"href":"https:\/\/www.lec.fr\/de\/wp-json\/wp\/v2\/product\/4772","targetHints":{"allow":["GET"]}}],"collection":[{"href":"https:\/\/www.lec.fr\/de\/wp-json\/wp\/v2\/product"}],"about":[{"href":"https:\/\/www.lec.fr\/de\/wp-json\/wp\/v2\/types\/product"}],"wp:featuredmedia":[{"embeddable":true,"href":"https:\/\/www.lec.fr\/de\/wp-json\/wp\/v2\/media\/4775"}],"wp:attachment":[{"href":"https:\/\/www.lec.fr\/de\/wp-json\/wp\/v2\/media?parent=4772"}],"wp:term":[{"taxonomy":"pdt-application","embeddable":true,"href":"https:\/\/www.lec.fr\/de\/wp-json\/wp\/v2\/pdt-application?post=4772"},{"taxonomy":"product_category","embeddable":true,"href":"https:\/\/www.lec.fr\/de\/wp-json\/wp\/v2\/product_category?post=4772"},{"taxonomy":"pdt-control","embeddable":true,"href":"https:\/\/www.lec.fr\/de\/wp-json\/wp\/v2\/pdt-control?post=4772"},{"taxonomy":"pdt-position","embeddable":true,"href":"https:\/\/www.lec.fr\/de\/wp-json\/wp\/v2\/pdt-position?post=4772"},{"taxonomy":"pdt-tags","embeddable":true,"href":"https:\/\/www.lec.fr\/de\/wp-json\/wp\/v2\/pdt-tags?post=4772"},{"taxonomy":"mix-chromatique","embeddable":true,"href":"https:\/\/www.lec.fr\/de\/wp-json\/wp\/v2\/mix-chromatique?post=4772"}],"curies":[{"name":"wp","href":"https:\/\/api.w.org\/{rel}","templated":true}]}}