{"id":4778,"date":"2025-09-24T17:54:34","date_gmt":"2025-09-24T15:54:34","guid":{"rendered":"https:\/\/www.lec.fr\/?post_type=product&#038;p=4778"},"modified":"2026-01-20T14:35:13","modified_gmt":"2026-01-20T13:35:13","slug":"bourgogne","status":"publish","type":"product","link":"https:\/\/www.lec.fr\/de\/produkt\/bourgogne\/","title":{"rendered":"Bourgogne"},"content":{"rendered":"<p>BOURGOGNE ist die \u201eMini\u201c-Version der b\u00fcndig eingelassenen runden Einbauleuchten und wurde entwickelt, um Diskretion und lichttechnische Effizienz zu vereinen. F\u00fcr Beleuchtungs- und Markierungsanwendungen konzipiert, f\u00fcgt sich dieser kleine Lichtpunkt dezent in den Raum ein, ohne die \u00c4sthetik des Ortes zu beeintr\u00e4chtigen. BOURGOGNE eignet sich sowohl f\u00fcr die Wandmontage als auch f\u00fcr den Einbau im Boden bei der Gestaltung von Pl\u00e4tzen und \u00f6ffentlichen R\u00e4umen. Dank seiner drei unterschiedlichen Einbaugeh\u00e4usegr\u00f6\u00dfen passt er sich problemlos an technische und architektonische Gegebenheiten an und gew\u00e4hrleistet gleichzeitig eine einfache und langlebige Installation. Vielseitig, robust und elegant bietet BOURGOGNE eine sichere Lichtmarkierung und eine subtile Beleuchtung, die jede Umgebung bei Tag und Nacht aufwertet.<\/p>\n","protected":false},"featured_media":3223,"template":"","meta":{"_acf_changed":true,"inline_featured_image":false},"pdt-application":[536,537],"product_category":[491],"pdt-control":[482],"pdt-position":[485,487,484],"pdt-tags":[],"mix-chromatique":[474,471,472],"class_list":["post-4778","product","type-product","status-publish","has-post-thumbnail","hentry","pdt-application-sicherheit","pdt-application-mobilitaet-urbane-raum","product_category-punkte","pdt-control-24-v-dc-pwm","pdt-position-einbauleuchten","pdt-position-masten","pdt-position-poller","mix-chromatique-beleuchtung-einfarbig","mix-chromatique-lichtmarkierung-einfarbig","mix-chromatique-lichtmarkierung-rgb"],"acf":[],"_links":{"self":[{"href":"https:\/\/www.lec.fr\/de\/wp-json\/wp\/v2\/product\/4778","targetHints":{"allow":["GET"]}}],"collection":[{"href":"https:\/\/www.lec.fr\/de\/wp-json\/wp\/v2\/product"}],"about":[{"href":"https:\/\/www.lec.fr\/de\/wp-json\/wp\/v2\/types\/product"}],"wp:featuredmedia":[{"embeddable":true,"href":"https:\/\/www.lec.fr\/de\/wp-json\/wp\/v2\/media\/3223"}],"wp:attachment":[{"href":"https:\/\/www.lec.fr\/de\/wp-json\/wp\/v2\/media?parent=4778"}],"wp:term":[{"taxonomy":"pdt-application","embeddable":true,"href":"https:\/\/www.lec.fr\/de\/wp-json\/wp\/v2\/pdt-application?post=4778"},{"taxonomy":"product_category","embeddable":true,"href":"https:\/\/www.lec.fr\/de\/wp-json\/wp\/v2\/product_category?post=4778"},{"taxonomy":"pdt-control","embeddable":true,"href":"https:\/\/www.lec.fr\/de\/wp-json\/wp\/v2\/pdt-control?post=4778"},{"taxonomy":"pdt-position","embeddable":true,"href":"https:\/\/www.lec.fr\/de\/wp-json\/wp\/v2\/pdt-position?post=4778"},{"taxonomy":"pdt-tags","embeddable":true,"href":"https:\/\/www.lec.fr\/de\/wp-json\/wp\/v2\/pdt-tags?post=4778"},{"taxonomy":"mix-chromatique","embeddable":true,"href":"https:\/\/www.lec.fr\/de\/wp-json\/wp\/v2\/mix-chromatique?post=4778"}],"curies":[{"name":"wp","href":"https:\/\/api.w.org\/{rel}","templated":true}]}}