{"id":4779,"date":"2025-09-24T17:54:40","date_gmt":"2025-09-24T15:54:40","guid":{"rendered":"https:\/\/www.lec.fr\/?post_type=product&#038;p=4779"},"modified":"2026-01-20T14:35:22","modified_gmt":"2026-01-20T13:35:22","slug":"school-light","status":"publish","type":"product","link":"https:\/\/www.lec.fr\/de\/produkt\/school-light\/","title":{"rendered":"School-Light"},"content":{"rendered":"<p>F\u00fcr eine elegante und diskrete Integration konzipiert, ist SCHOOL-LIGHT ein Handlaufstrahler, der speziell daf\u00fcr entwickelt wurde, sich perfekt in eine ma\u00dfgefertigte Edelstahl-Handlaufleiste einzuf\u00fcgen. Sein schlichtes und hochwertiges Design wird durch eine gro\u00dfe Auswahl an Optiken erg\u00e4nzt, die eine hohe Flexibilit\u00e4t bieten, um sich an unterschiedliche Beleuchtungskonfigurationen anzupassen. Ob zur Beleuchtung eines Fu\u00dfg\u00e4nger\u00fcberwegs, zur Begleitung eines Radwegs oder zur Sicherung einer Fahrbahn \u2013 SCHOOL-LIGHT vereint hohe Lichtleistung mit b\u00fcndiger Integration ohne Vorsprung, f\u00fcr zugleich \u00e4sthetische und funktionale Anlagen.<\/p>\n","protected":false},"featured_media":3254,"template":"","meta":{"_acf_changed":true,"inline_featured_image":false},"pdt-application":[536,538],"product_category":[490],"pdt-control":[482],"pdt-position":[486],"pdt-tags":[],"mix-chromatique":[474,475],"class_list":["post-4779","product","type-product","status-publish","has-post-thumbnail","hentry","pdt-application-sicherheit","pdt-application-landschaftsgestaltung","product_category-linien","pdt-control-24-v-dc-pwm","pdt-position-handlaeufe","mix-chromatique-beleuchtung-einfarbig","mix-chromatique-beleuchtung-rgb"],"acf":[],"_links":{"self":[{"href":"https:\/\/www.lec.fr\/de\/wp-json\/wp\/v2\/product\/4779","targetHints":{"allow":["GET"]}}],"collection":[{"href":"https:\/\/www.lec.fr\/de\/wp-json\/wp\/v2\/product"}],"about":[{"href":"https:\/\/www.lec.fr\/de\/wp-json\/wp\/v2\/types\/product"}],"wp:featuredmedia":[{"embeddable":true,"href":"https:\/\/www.lec.fr\/de\/wp-json\/wp\/v2\/media\/3254"}],"wp:attachment":[{"href":"https:\/\/www.lec.fr\/de\/wp-json\/wp\/v2\/media?parent=4779"}],"wp:term":[{"taxonomy":"pdt-application","embeddable":true,"href":"https:\/\/www.lec.fr\/de\/wp-json\/wp\/v2\/pdt-application?post=4779"},{"taxonomy":"product_category","embeddable":true,"href":"https:\/\/www.lec.fr\/de\/wp-json\/wp\/v2\/product_category?post=4779"},{"taxonomy":"pdt-control","embeddable":true,"href":"https:\/\/www.lec.fr\/de\/wp-json\/wp\/v2\/pdt-control?post=4779"},{"taxonomy":"pdt-position","embeddable":true,"href":"https:\/\/www.lec.fr\/de\/wp-json\/wp\/v2\/pdt-position?post=4779"},{"taxonomy":"pdt-tags","embeddable":true,"href":"https:\/\/www.lec.fr\/de\/wp-json\/wp\/v2\/pdt-tags?post=4779"},{"taxonomy":"mix-chromatique","embeddable":true,"href":"https:\/\/www.lec.fr\/de\/wp-json\/wp\/v2\/mix-chromatique?post=4779"}],"curies":[{"name":"wp","href":"https:\/\/api.w.org\/{rel}","templated":true}]}}