{"id":4780,"date":"2025-09-30T12:16:58","date_gmt":"2025-09-30T10:16:58","guid":{"rendered":"https:\/\/www.lec.fr\/?post_type=product&#038;p=4780"},"modified":"2026-04-02T13:37:13","modified_gmt":"2026-04-02T11:37:13","slug":"luminy-4","status":"publish","type":"product","link":"https:\/\/www.lec.fr\/de\/produkt\/luminy-4\/","title":{"rendered":"Luminy 4"},"content":{"rendered":"<div class=\"row\"><div class=\"col-12 col-xl-10 offset-xl-1 paragraph\">\n<p>LUMINY 4 ist die \u201eMaxi\u201c-Version der Spotserie und bietet eine hohe Installationsflexibilit\u00e4t. Diese Leuchte kann am Boden, an der Wand oder auf Masten installiert werden, mit anpassbaren Zubeh\u00f6rteilen, um spezifische Projektanforderungen zu erf\u00fcllen. Sie eignet sich ideal zur Hervorhebung architektonischen Erbes oder zur gleichm\u00e4\u00dfigen Beleuchtung von Wegen und Gassen. LUMINY 4 f\u00fcgt sich harmonisch in \u00f6ffentliche R\u00e4ume ein und schafft eine warme, sichere Atmosph\u00e4re.<\/p>\n<\/div><\/div>\n\n<div class=\"row\"><div class=\"col-12 col-xl-10 offset-xl-1 paragraph\">\n<p>Dar\u00fcber hinaus bietet LUMINY 4 verschiedene Personalisierungsoptionen, wie eine Pulverbeschichtung auf Anfrage sowie eine Blendschutzoption zur gezielten Lichtsteuerung. Die Quadrichromie-Option erm\u00f6glicht farbliche Akzente, w\u00e4hrend die Schwenkbarkeit um 2 oder 3 Achsen eine pr\u00e4zise Ausrichtung des Lichts genau dort erlaubt, wo es ben\u00f6tigt wird. F\u00fcr optimalen Sehkomfort ist ebenfalls ein Blendschutz-Zubeh\u00f6r erh\u00e4ltlich, das die Lichtemission kontrolliert und die Blendung in sensiblen Bereichen reduziert.<\/p>\n<\/div><\/div>\n\n<div class=\"row\"><div class=\"col-12 col-xl-10 offset-xl-1 paragraph\">\n<p><\/p>\n<\/div><\/div>","protected":false},"featured_media":3329,"template":"","meta":{"_acf_changed":true,"inline_featured_image":false},"pdt-application":[535,536,538],"product_category":[492],"pdt-control":[478,479,481,482],"pdt-position":[487,483],"pdt-tags":[],"mix-chromatique":[474,476],"class_list":["post-4780","product","type-product","status-publish","has-post-thumbnail","hentry","pdt-application-verbesserung","pdt-application-sicherheit","pdt-application-landschaftsgestaltung","product_category-strahler","pdt-control-230-v-ac-0-10-v","pdt-control-230-v-ac-dali","pdt-control-24-v-dc-dali","pdt-control-24-v-dc-pwm","pdt-position-masten","pdt-position-wandanbauleuchten","mix-chromatique-beleuchtung-einfarbig","mix-chromatique-beleuchtung-rgbw"],"acf":[],"_links":{"self":[{"href":"https:\/\/www.lec.fr\/de\/wp-json\/wp\/v2\/product\/4780","targetHints":{"allow":["GET"]}}],"collection":[{"href":"https:\/\/www.lec.fr\/de\/wp-json\/wp\/v2\/product"}],"about":[{"href":"https:\/\/www.lec.fr\/de\/wp-json\/wp\/v2\/types\/product"}],"wp:featuredmedia":[{"embeddable":true,"href":"https:\/\/www.lec.fr\/de\/wp-json\/wp\/v2\/media\/3329"}],"wp:attachment":[{"href":"https:\/\/www.lec.fr\/de\/wp-json\/wp\/v2\/media?parent=4780"}],"wp:term":[{"taxonomy":"pdt-application","embeddable":true,"href":"https:\/\/www.lec.fr\/de\/wp-json\/wp\/v2\/pdt-application?post=4780"},{"taxonomy":"product_category","embeddable":true,"href":"https:\/\/www.lec.fr\/de\/wp-json\/wp\/v2\/product_category?post=4780"},{"taxonomy":"pdt-control","embeddable":true,"href":"https:\/\/www.lec.fr\/de\/wp-json\/wp\/v2\/pdt-control?post=4780"},{"taxonomy":"pdt-position","embeddable":true,"href":"https:\/\/www.lec.fr\/de\/wp-json\/wp\/v2\/pdt-position?post=4780"},{"taxonomy":"pdt-tags","embeddable":true,"href":"https:\/\/www.lec.fr\/de\/wp-json\/wp\/v2\/pdt-tags?post=4780"},{"taxonomy":"mix-chromatique","embeddable":true,"href":"https:\/\/www.lec.fr\/de\/wp-json\/wp\/v2\/mix-chromatique?post=4780"}],"curies":[{"name":"wp","href":"https:\/\/api.w.org\/{rel}","templated":true}]}}