{"id":4781,"date":"2025-09-24T17:54:40","date_gmt":"2025-09-24T15:54:40","guid":{"rendered":"https:\/\/www.lec.fr\/?post_type=product&#038;p=4781"},"modified":"2026-03-05T11:10:01","modified_gmt":"2026-03-05T10:10:01","slug":"saint-raphael","status":"publish","type":"product","link":"https:\/\/www.lec.fr\/de\/produkt\/saint-raphael\/","title":{"rendered":"Saint-Raphael"},"content":{"rendered":"<p>SAINT-RAPHAEL ist eine bidirektionale Lichtmarkierung, die f\u00fcr die Notwegkennzeichnung von Fu\u00dfg\u00e4ngerwegen konzipiert wurde, insbesondere in unterirdischen Parkanlagen. Ihr innovatives Design erm\u00f6glicht das langsame \u00dcberfahren durch Fahrzeuge, w\u00e4hrend gleichzeitig das Hindernis f\u00fcr Fu\u00dfg\u00e4nger reduziert wird. So wird die Sicherheit der Nutzer gew\u00e4hrleistet und zugleich ein reibungsloser Verkehrsfluss erhalten.<\/p>\n<p>Vielseitig einsetzbar kann SAINT-RAPHAEL neben ihrer wesentlichen Funktion der Markierung in Parkh\u00e4usern auch f\u00fcr dekorative oder sicherheitsrelevante Anwendungen im \u00f6ffentlichen Raum verwendet werden. Ihre robuste und funktionale Konstruktion macht sie zur idealen L\u00f6sung f\u00fcr stark frequentierte Umgebungen und gew\u00e4hrleistet dabei optimale Sichtbarkeit bei minimaler Beeintr\u00e4chtigung des Nutzerverkehrs.<\/p>\n","protected":false},"featured_media":3356,"template":"","meta":{"_acf_changed":true,"inline_featured_image":false},"pdt-application":[536,537,538],"product_category":[489],"pdt-control":[482],"pdt-position":[483],"pdt-tags":[],"mix-chromatique":[471],"class_list":["post-4781","product","type-product","status-publish","has-post-thumbnail","hentry","pdt-application-sicherheit","pdt-application-mobilitaet-urbane-raum","pdt-application-landschaftsgestaltung","product_category-extras","pdt-control-24-v-dc-pwm","pdt-position-wandanbauleuchten","mix-chromatique-lichtmarkierung-einfarbig"],"acf":[],"_links":{"self":[{"href":"https:\/\/www.lec.fr\/de\/wp-json\/wp\/v2\/product\/4781","targetHints":{"allow":["GET"]}}],"collection":[{"href":"https:\/\/www.lec.fr\/de\/wp-json\/wp\/v2\/product"}],"about":[{"href":"https:\/\/www.lec.fr\/de\/wp-json\/wp\/v2\/types\/product"}],"wp:featuredmedia":[{"embeddable":true,"href":"https:\/\/www.lec.fr\/de\/wp-json\/wp\/v2\/media\/3356"}],"wp:attachment":[{"href":"https:\/\/www.lec.fr\/de\/wp-json\/wp\/v2\/media?parent=4781"}],"wp:term":[{"taxonomy":"pdt-application","embeddable":true,"href":"https:\/\/www.lec.fr\/de\/wp-json\/wp\/v2\/pdt-application?post=4781"},{"taxonomy":"product_category","embeddable":true,"href":"https:\/\/www.lec.fr\/de\/wp-json\/wp\/v2\/product_category?post=4781"},{"taxonomy":"pdt-control","embeddable":true,"href":"https:\/\/www.lec.fr\/de\/wp-json\/wp\/v2\/pdt-control?post=4781"},{"taxonomy":"pdt-position","embeddable":true,"href":"https:\/\/www.lec.fr\/de\/wp-json\/wp\/v2\/pdt-position?post=4781"},{"taxonomy":"pdt-tags","embeddable":true,"href":"https:\/\/www.lec.fr\/de\/wp-json\/wp\/v2\/pdt-tags?post=4781"},{"taxonomy":"mix-chromatique","embeddable":true,"href":"https:\/\/www.lec.fr\/de\/wp-json\/wp\/v2\/mix-chromatique?post=4781"}],"curies":[{"name":"wp","href":"https:\/\/api.w.org\/{rel}","templated":true}]}}