{"id":4782,"date":"2025-09-24T17:54:34","date_gmt":"2025-09-24T15:54:34","guid":{"rendered":"https:\/\/www.lec.fr\/?post_type=product&#038;p=4782"},"modified":"2026-03-05T10:45:30","modified_gmt":"2026-03-05T09:45:30","slug":"bordeaux","status":"publish","type":"product","link":"https:\/\/www.lec.fr\/de\/produkt\/bordeaux\/","title":{"rendered":"Bordeaux"},"content":{"rendered":"<p>BORDEAUX ist die \u201eMini\u201c-Version der Bodeneinbauleuchten und bietet eine diskrete und pr\u00e4zise Beleuchtung. Ideal zur Hervorhebung architektonischer Details, von Stadtmobiliar und \u00f6ffentlichen R\u00e4umen, l\u00e4sst sie sich einfach integrieren, indem sie in W\u00e4nde, Poller, Masten oder andere Tr\u00e4gerelemente eingesetzt und verklebt wird. Sie bietet eine elegante und funktionale Beleuchtungsl\u00f6sung.<\/p>\n","protected":false},"featured_media":3375,"template":"","meta":{"_acf_changed":true,"inline_featured_image":false},"pdt-application":[536,537,538],"product_category":[491],"pdt-control":[482],"pdt-position":[485,487,484],"pdt-tags":[],"mix-chromatique":[474,471,472],"class_list":["post-4782","product","type-product","status-publish","has-post-thumbnail","hentry","pdt-application-sicherheit","pdt-application-mobilitaet-urbane-raum","pdt-application-landschaftsgestaltung","product_category-punkte","pdt-control-24-v-dc-pwm","pdt-position-einbauleuchten","pdt-position-masten","pdt-position-poller","mix-chromatique-beleuchtung-einfarbig","mix-chromatique-lichtmarkierung-einfarbig","mix-chromatique-lichtmarkierung-rgb"],"acf":[],"_links":{"self":[{"href":"https:\/\/www.lec.fr\/de\/wp-json\/wp\/v2\/product\/4782","targetHints":{"allow":["GET"]}}],"collection":[{"href":"https:\/\/www.lec.fr\/de\/wp-json\/wp\/v2\/product"}],"about":[{"href":"https:\/\/www.lec.fr\/de\/wp-json\/wp\/v2\/types\/product"}],"wp:featuredmedia":[{"embeddable":true,"href":"https:\/\/www.lec.fr\/de\/wp-json\/wp\/v2\/media\/3375"}],"wp:attachment":[{"href":"https:\/\/www.lec.fr\/de\/wp-json\/wp\/v2\/media?parent=4782"}],"wp:term":[{"taxonomy":"pdt-application","embeddable":true,"href":"https:\/\/www.lec.fr\/de\/wp-json\/wp\/v2\/pdt-application?post=4782"},{"taxonomy":"product_category","embeddable":true,"href":"https:\/\/www.lec.fr\/de\/wp-json\/wp\/v2\/product_category?post=4782"},{"taxonomy":"pdt-control","embeddable":true,"href":"https:\/\/www.lec.fr\/de\/wp-json\/wp\/v2\/pdt-control?post=4782"},{"taxonomy":"pdt-position","embeddable":true,"href":"https:\/\/www.lec.fr\/de\/wp-json\/wp\/v2\/pdt-position?post=4782"},{"taxonomy":"pdt-tags","embeddable":true,"href":"https:\/\/www.lec.fr\/de\/wp-json\/wp\/v2\/pdt-tags?post=4782"},{"taxonomy":"mix-chromatique","embeddable":true,"href":"https:\/\/www.lec.fr\/de\/wp-json\/wp\/v2\/mix-chromatique?post=4782"}],"curies":[{"name":"wp","href":"https:\/\/api.w.org\/{rel}","templated":true}]}}