{"id":4783,"date":"2025-09-24T17:54:34","date_gmt":"2025-09-24T15:54:34","guid":{"rendered":"https:\/\/www.lec.fr\/?post_type=product&#038;p=4783"},"modified":"2026-01-20T14:36:00","modified_gmt":"2026-01-20T13:36:00","slug":"belval","status":"publish","type":"product","link":"https:\/\/www.lec.fr\/de\/produkt\/belval\/","title":{"rendered":"Belval"},"content":{"rendered":"<p>Diskret und elegant ist BELVAL der ideale Einbaustrahler zur Aufwertung Ihrer Au\u00dfenanlagen. Speziell daf\u00fcr konzipiert, sich ohne sichtbare Schrauben zu integrieren, f\u00fcgt er sich nahtlos in Holzhandl\u00e4ufe von Stegen und Wegef\u00fchrungen ein und gew\u00e4hrleistet gleichzeitig eine gleichm\u00e4\u00dfige und komfortable Beleuchtung. Dank der gro\u00dfen Auswahl an Optiken passt sich BELVAL jeder Konfiguration an: weitstrahlende asymmetrische Optiken zur Abdeckung gro\u00dfer Fl\u00e4chen ohne Beleuchtungsunterbrechung oder elliptische Optiken mit abgelenktem Lichtstrahl, um die direkte Sichtbarkeit der Lichtquelle zu minimieren und den Sehkomfort zu erh\u00f6hen. Sein b\u00fcndiges Design ohne Vorsprung sowie zwei Einbauprofile bieten eine ma\u00dfgeschneiderte Integrationsflexibilit\u00e4t und bewahren zugleich die \u00c4sthetik der Umgebung. Ob zur Sicherung eines Fu\u00dfwegs, zur F\u00fchrung von Radfahrern oder zur Aufwertung einer Fu\u00dfg\u00e4ngerbr\u00fccke \u2013 BELVAL macht jeden Weg zu einem visuellen Erlebnis.<\/p>\n","protected":false},"featured_media":3382,"template":"","meta":{"_acf_changed":true,"inline_featured_image":false},"pdt-application":[536,538],"product_category":[490],"pdt-control":[482],"pdt-position":[486,484],"pdt-tags":[],"mix-chromatique":[474,475],"class_list":["post-4783","product","type-product","status-publish","has-post-thumbnail","hentry","pdt-application-sicherheit","pdt-application-landschaftsgestaltung","product_category-linien","pdt-control-24-v-dc-pwm","pdt-position-handlaeufe","pdt-position-poller","mix-chromatique-beleuchtung-einfarbig","mix-chromatique-beleuchtung-rgb"],"acf":[],"_links":{"self":[{"href":"https:\/\/www.lec.fr\/de\/wp-json\/wp\/v2\/product\/4783","targetHints":{"allow":["GET"]}}],"collection":[{"href":"https:\/\/www.lec.fr\/de\/wp-json\/wp\/v2\/product"}],"about":[{"href":"https:\/\/www.lec.fr\/de\/wp-json\/wp\/v2\/types\/product"}],"wp:featuredmedia":[{"embeddable":true,"href":"https:\/\/www.lec.fr\/de\/wp-json\/wp\/v2\/media\/3382"}],"wp:attachment":[{"href":"https:\/\/www.lec.fr\/de\/wp-json\/wp\/v2\/media?parent=4783"}],"wp:term":[{"taxonomy":"pdt-application","embeddable":true,"href":"https:\/\/www.lec.fr\/de\/wp-json\/wp\/v2\/pdt-application?post=4783"},{"taxonomy":"product_category","embeddable":true,"href":"https:\/\/www.lec.fr\/de\/wp-json\/wp\/v2\/product_category?post=4783"},{"taxonomy":"pdt-control","embeddable":true,"href":"https:\/\/www.lec.fr\/de\/wp-json\/wp\/v2\/pdt-control?post=4783"},{"taxonomy":"pdt-position","embeddable":true,"href":"https:\/\/www.lec.fr\/de\/wp-json\/wp\/v2\/pdt-position?post=4783"},{"taxonomy":"pdt-tags","embeddable":true,"href":"https:\/\/www.lec.fr\/de\/wp-json\/wp\/v2\/pdt-tags?post=4783"},{"taxonomy":"mix-chromatique","embeddable":true,"href":"https:\/\/www.lec.fr\/de\/wp-json\/wp\/v2\/mix-chromatique?post=4783"}],"curies":[{"name":"wp","href":"https:\/\/api.w.org\/{rel}","templated":true}]}}