{"id":4784,"date":"2025-09-24T17:54:40","date_gmt":"2025-09-24T15:54:40","guid":{"rendered":"https:\/\/www.lec.fr\/?post_type=product&#038;p=4784"},"modified":"2026-01-20T14:36:09","modified_gmt":"2026-01-20T13:36:09","slug":"luminy-6","status":"publish","type":"product","link":"https:\/\/www.lec.fr\/de\/produkt\/luminy-6\/","title":{"rendered":"Luminy 6"},"content":{"rendered":"<p>Als \u201eExtra\u201c-Version der Spotserie bietet LUMINY 6 hohe Leistung und gro\u00dfe Flexibilit\u00e4t, um den Anforderungen anspruchsvollster Beleuchtungsprojekte gerecht zu werden. Er kann am Boden, an der Wand oder auf Masten installiert werden, mit ma\u00dfgeschneiderten, anpassbaren Zubeh\u00f6rteilen f\u00fcr jede Anwendung. Ideal zur Hervorhebung architektonischen Erbes, zur Fassadenbeleuchtung oder zur Inszenierung von B\u00e4umen, f\u00fcgt sich LUMINY 6 perfekt in \u00f6ffentliche R\u00e4ume ein und schafft eindrucksvolle Lichtstimmungen \u2013 direkt oder indirekt. Der Strahler bietet umfangreiche Personalisierungsoptionen mit Pulverbeschichtung in RAL-Farben nach Wahl sowie eine Quadrichromie-Option f\u00fcr vielf\u00e4ltige Lichteffekte. Seine in 3 Achsen schwenkbare Konstruktion erm\u00f6glicht eine optimale Pr\u00e4zision bei der Ausrichtung des Lichtstrahls, w\u00e4hrend die Blendschutzoption eine perfekte Lichtkontrolle gew\u00e4hrleistet.<\/p>\n","protected":false},"featured_media":3407,"template":"","meta":{"_acf_changed":true,"inline_featured_image":false},"pdt-application":[536,538],"product_category":[492],"pdt-control":[477,478,479,480],"pdt-position":[487,483],"pdt-tags":[],"mix-chromatique":[474,476],"class_list":["post-4784","product","type-product","status-publish","has-post-thumbnail","hentry","pdt-application-sicherheit","pdt-application-landschaftsgestaltung","product_category-strahler","pdt-control-230-v-ac","pdt-control-230-v-ac-0-10-v","pdt-control-230-v-ac-dali","pdt-control-230-v-ac-dmx","pdt-position-masten","pdt-position-wandanbauleuchten","mix-chromatique-beleuchtung-einfarbig","mix-chromatique-beleuchtung-rgbw"],"acf":[],"_links":{"self":[{"href":"https:\/\/www.lec.fr\/de\/wp-json\/wp\/v2\/product\/4784","targetHints":{"allow":["GET"]}}],"collection":[{"href":"https:\/\/www.lec.fr\/de\/wp-json\/wp\/v2\/product"}],"about":[{"href":"https:\/\/www.lec.fr\/de\/wp-json\/wp\/v2\/types\/product"}],"wp:featuredmedia":[{"embeddable":true,"href":"https:\/\/www.lec.fr\/de\/wp-json\/wp\/v2\/media\/3407"}],"wp:attachment":[{"href":"https:\/\/www.lec.fr\/de\/wp-json\/wp\/v2\/media?parent=4784"}],"wp:term":[{"taxonomy":"pdt-application","embeddable":true,"href":"https:\/\/www.lec.fr\/de\/wp-json\/wp\/v2\/pdt-application?post=4784"},{"taxonomy":"product_category","embeddable":true,"href":"https:\/\/www.lec.fr\/de\/wp-json\/wp\/v2\/product_category?post=4784"},{"taxonomy":"pdt-control","embeddable":true,"href":"https:\/\/www.lec.fr\/de\/wp-json\/wp\/v2\/pdt-control?post=4784"},{"taxonomy":"pdt-position","embeddable":true,"href":"https:\/\/www.lec.fr\/de\/wp-json\/wp\/v2\/pdt-position?post=4784"},{"taxonomy":"pdt-tags","embeddable":true,"href":"https:\/\/www.lec.fr\/de\/wp-json\/wp\/v2\/pdt-tags?post=4784"},{"taxonomy":"mix-chromatique","embeddable":true,"href":"https:\/\/www.lec.fr\/de\/wp-json\/wp\/v2\/mix-chromatique?post=4784"}],"curies":[{"name":"wp","href":"https:\/\/api.w.org\/{rel}","templated":true}]}}