{"id":4785,"date":"2025-09-24T17:54:34","date_gmt":"2025-09-24T15:54:34","guid":{"rendered":"https:\/\/www.lec.fr\/?post_type=product&#038;p=4785"},"modified":"2026-01-20T14:36:18","modified_gmt":"2026-01-20T13:36:18","slug":"lucerne","status":"publish","type":"product","link":"https:\/\/www.lec.fr\/de\/produkt\/lucerne\/","title":{"rendered":"Lucerne"},"content":{"rendered":"<p>Elegant und dezent ist LUCERNE ein mittelgro\u00dfer, b\u00fcndig abschlie\u00dfender runder Bodeneinbaustrahler, der f\u00fcr die Markierung, Aufwertung und Sicherung \u00f6ffentlicher wie privater R\u00e4ume konzipiert wurde. Dank seines schlichten Designs und seines kontrollierten Lichts f\u00fcgt er sich perfekt in das urbane Umfeld ein, sowohl bei Boden- als auch bei Wandmontage. Ideal zur visuellen Strukturierung von Wegen, zur Hervorhebung von Radwegen, Treppen oder zur Begleitung der Architektur eines Ortes, bietet LUCERNE eine sanfte, funktionale und \u00e4sthetische Beleuchtung. Entwickelt f\u00fcr vielf\u00e4ltige Anforderungen, ist er als Trichromie-Version f\u00fcr das Balisieren und als Quadrichromie-Version f\u00fcr die Beleuchtung erh\u00e4ltlich, um ma\u00dfgeschneiderte Lichtstimmungen zu schaffen. Dar\u00fcber hinaus kann er individuell angepasst werden, um spezifische Signalisationen zu integrieren: Motive, Piktogramme, Beschriftungen oder spezielle leuchtende Markierungen. Diese Flexibilit\u00e4t macht LUCERNE zum idealen Partner, um Sicherheitsbalisierung, Rauminszenierung und Signaletik in einem einzigen Produkt zu vereinen.<\/p>\n","protected":false},"featured_media":3434,"template":"","meta":{"_acf_changed":true,"inline_featured_image":false},"pdt-application":[535,536,537,538],"product_category":[491],"pdt-control":[477,482],"pdt-position":[485,484],"pdt-tags":[],"mix-chromatique":[474,476,471,472],"class_list":["post-4785","product","type-product","status-publish","has-post-thumbnail","hentry","pdt-application-verbesserung","pdt-application-sicherheit","pdt-application-mobilitaet-urbane-raum","pdt-application-landschaftsgestaltung","product_category-punkte","pdt-control-230-v-ac","pdt-control-24-v-dc-pwm","pdt-position-einbauleuchten","pdt-position-poller","mix-chromatique-beleuchtung-einfarbig","mix-chromatique-beleuchtung-rgbw","mix-chromatique-lichtmarkierung-einfarbig","mix-chromatique-lichtmarkierung-rgb"],"acf":[],"_links":{"self":[{"href":"https:\/\/www.lec.fr\/de\/wp-json\/wp\/v2\/product\/4785","targetHints":{"allow":["GET"]}}],"collection":[{"href":"https:\/\/www.lec.fr\/de\/wp-json\/wp\/v2\/product"}],"about":[{"href":"https:\/\/www.lec.fr\/de\/wp-json\/wp\/v2\/types\/product"}],"wp:featuredmedia":[{"embeddable":true,"href":"https:\/\/www.lec.fr\/de\/wp-json\/wp\/v2\/media\/3434"}],"wp:attachment":[{"href":"https:\/\/www.lec.fr\/de\/wp-json\/wp\/v2\/media?parent=4785"}],"wp:term":[{"taxonomy":"pdt-application","embeddable":true,"href":"https:\/\/www.lec.fr\/de\/wp-json\/wp\/v2\/pdt-application?post=4785"},{"taxonomy":"product_category","embeddable":true,"href":"https:\/\/www.lec.fr\/de\/wp-json\/wp\/v2\/product_category?post=4785"},{"taxonomy":"pdt-control","embeddable":true,"href":"https:\/\/www.lec.fr\/de\/wp-json\/wp\/v2\/pdt-control?post=4785"},{"taxonomy":"pdt-position","embeddable":true,"href":"https:\/\/www.lec.fr\/de\/wp-json\/wp\/v2\/pdt-position?post=4785"},{"taxonomy":"pdt-tags","embeddable":true,"href":"https:\/\/www.lec.fr\/de\/wp-json\/wp\/v2\/pdt-tags?post=4785"},{"taxonomy":"mix-chromatique","embeddable":true,"href":"https:\/\/www.lec.fr\/de\/wp-json\/wp\/v2\/mix-chromatique?post=4785"}],"curies":[{"name":"wp","href":"https:\/\/api.w.org\/{rel}","templated":true}]}}