{"id":4786,"date":"2025-09-24T17:54:40","date_gmt":"2025-09-24T15:54:40","guid":{"rendered":"https:\/\/www.lec.fr\/?post_type=product&#038;p=4786"},"modified":"2026-03-05T11:12:34","modified_gmt":"2026-03-05T10:12:34","slug":"palais-royal","status":"publish","type":"product","link":"https:\/\/www.lec.fr\/de\/produkt\/palais-royal\/","title":{"rendered":"Palais Royal"},"content":{"rendered":"<p>PALAIS ROYAL ist ein kompakter LED-Strahler, der f\u00fcr die bodenb\u00fcndige Aufputzmontage konzipiert wurde und eine streifende, weitreichende Beleuchtung bietet. Sein diskretes und zugleich effizientes Licht strukturiert den Raum und gew\u00e4hrleistet eine optimale Sichtbarkeit f\u00fcr Fu\u00dfg\u00e4nger- und Radwege sowie Verkehrsfl\u00e4chen. Dank seiner ein- oder beidseitigen Lichtabstrahlung passt er sich perfekt an die Anforderungen \u00f6ffentlicher R\u00e4ume, Fu\u00dfg\u00e4ngerbr\u00fccken, Stege oder auch an die Akzentuierung niedrig gehaltener Fassaden an. Die Montage ist einfach: je nach Projektanforderung kann er direkt am Boden befestigt werden (au\u00dfer bei 230 V) oder auf einer Einbauplatte montiert werden. Vielseitig, zuverl\u00e4ssig und unauff\u00e4llig f\u00fcgt sich PALAIS ROYAL harmonisch in seine Umgebung ein und gew\u00e4hrleistet gleichzeitig eine optimale Lichtleistung.<\/p>\n","protected":false},"featured_media":4795,"template":"","meta":{"_acf_changed":true,"inline_featured_image":false},"pdt-application":[536,537,538],"product_category":[489],"pdt-control":[477,482],"pdt-position":[483],"pdt-tags":[],"mix-chromatique":[474],"class_list":["post-4786","product","type-product","status-publish","has-post-thumbnail","hentry","pdt-application-sicherheit","pdt-application-mobilitaet-urbane-raum","pdt-application-landschaftsgestaltung","product_category-extras","pdt-control-230-v-ac","pdt-control-24-v-dc-pwm","pdt-position-wandanbauleuchten","mix-chromatique-beleuchtung-einfarbig"],"acf":[],"_links":{"self":[{"href":"https:\/\/www.lec.fr\/de\/wp-json\/wp\/v2\/product\/4786","targetHints":{"allow":["GET"]}}],"collection":[{"href":"https:\/\/www.lec.fr\/de\/wp-json\/wp\/v2\/product"}],"about":[{"href":"https:\/\/www.lec.fr\/de\/wp-json\/wp\/v2\/types\/product"}],"wp:featuredmedia":[{"embeddable":true,"href":"https:\/\/www.lec.fr\/de\/wp-json\/wp\/v2\/media\/4795"}],"wp:attachment":[{"href":"https:\/\/www.lec.fr\/de\/wp-json\/wp\/v2\/media?parent=4786"}],"wp:term":[{"taxonomy":"pdt-application","embeddable":true,"href":"https:\/\/www.lec.fr\/de\/wp-json\/wp\/v2\/pdt-application?post=4786"},{"taxonomy":"product_category","embeddable":true,"href":"https:\/\/www.lec.fr\/de\/wp-json\/wp\/v2\/product_category?post=4786"},{"taxonomy":"pdt-control","embeddable":true,"href":"https:\/\/www.lec.fr\/de\/wp-json\/wp\/v2\/pdt-control?post=4786"},{"taxonomy":"pdt-position","embeddable":true,"href":"https:\/\/www.lec.fr\/de\/wp-json\/wp\/v2\/pdt-position?post=4786"},{"taxonomy":"pdt-tags","embeddable":true,"href":"https:\/\/www.lec.fr\/de\/wp-json\/wp\/v2\/pdt-tags?post=4786"},{"taxonomy":"mix-chromatique","embeddable":true,"href":"https:\/\/www.lec.fr\/de\/wp-json\/wp\/v2\/mix-chromatique?post=4786"}],"curies":[{"name":"wp","href":"https:\/\/api.w.org\/{rel}","templated":true}]}}