{"id":4799,"date":"2025-09-24T17:54:34","date_gmt":"2025-09-24T15:54:34","guid":{"rendered":"https:\/\/www.lec.fr\/?post_type=product&#038;p=4799"},"modified":"2026-01-20T14:36:35","modified_gmt":"2026-01-20T13:36:35","slug":"arches","status":"publish","type":"product","link":"https:\/\/www.lec.fr\/de\/produkt\/arches\/","title":{"rendered":"Arches"},"content":{"rendered":"<p>Kompakt, pr\u00e4zise und dezent ist ARCHES ein linearer Strahler, der entwickelt wurde, um architektonische Details elegant hervorzuheben. Speziell f\u00fcr die Montage auf Fensterb\u00e4nken, Gesimsen oder architektonischen Fassadenb\u00e4ndern konzipiert, bietet er eine streifende und gleichm\u00e4\u00dfige Beleuchtung, die Volumen subtil zur Geltung bringt. F\u00fcr Fassadeninstallationen erm\u00f6glicht eine Auswahl an Optiken die Anpassung des Abstrahlwinkels, um gro\u00dfe H\u00f6hen abzudecken oder auch in streifender Position ein homogenes Lichtnappage zu erzielen. Erh\u00e4ltlich in Versionen mit 3 oder 6 LEDs sowie mit Thermolackierung in Wunschfarbe, f\u00fcgt sich ARCHES nahtlos in jedes Beleuchtungsprojekt ein.<\/p>\n","protected":false},"featured_media":4801,"template":"","meta":{"_acf_changed":true,"inline_featured_image":false},"pdt-application":[536,537],"product_category":[490],"pdt-control":[482],"pdt-position":[483],"pdt-tags":[],"mix-chromatique":[474],"class_list":["post-4799","product","type-product","status-publish","has-post-thumbnail","hentry","pdt-application-sicherheit","pdt-application-mobilitaet-urbane-raum","product_category-linien","pdt-control-24-v-dc-pwm","pdt-position-wandanbauleuchten","mix-chromatique-beleuchtung-einfarbig"],"acf":[],"_links":{"self":[{"href":"https:\/\/www.lec.fr\/de\/wp-json\/wp\/v2\/product\/4799","targetHints":{"allow":["GET"]}}],"collection":[{"href":"https:\/\/www.lec.fr\/de\/wp-json\/wp\/v2\/product"}],"about":[{"href":"https:\/\/www.lec.fr\/de\/wp-json\/wp\/v2\/types\/product"}],"wp:featuredmedia":[{"embeddable":true,"href":"https:\/\/www.lec.fr\/de\/wp-json\/wp\/v2\/media\/4801"}],"wp:attachment":[{"href":"https:\/\/www.lec.fr\/de\/wp-json\/wp\/v2\/media?parent=4799"}],"wp:term":[{"taxonomy":"pdt-application","embeddable":true,"href":"https:\/\/www.lec.fr\/de\/wp-json\/wp\/v2\/pdt-application?post=4799"},{"taxonomy":"product_category","embeddable":true,"href":"https:\/\/www.lec.fr\/de\/wp-json\/wp\/v2\/product_category?post=4799"},{"taxonomy":"pdt-control","embeddable":true,"href":"https:\/\/www.lec.fr\/de\/wp-json\/wp\/v2\/pdt-control?post=4799"},{"taxonomy":"pdt-position","embeddable":true,"href":"https:\/\/www.lec.fr\/de\/wp-json\/wp\/v2\/pdt-position?post=4799"},{"taxonomy":"pdt-tags","embeddable":true,"href":"https:\/\/www.lec.fr\/de\/wp-json\/wp\/v2\/pdt-tags?post=4799"},{"taxonomy":"mix-chromatique","embeddable":true,"href":"https:\/\/www.lec.fr\/de\/wp-json\/wp\/v2\/mix-chromatique?post=4799"}],"curies":[{"name":"wp","href":"https:\/\/api.w.org\/{rel}","templated":true}]}}