{"id":4815,"date":"2025-09-24T17:54:34","date_gmt":"2025-09-24T15:54:34","guid":{"rendered":"https:\/\/www.lec.fr\/?post_type=product&#038;p=4815"},"modified":"2026-03-05T10:55:26","modified_gmt":"2026-03-05T09:55:26","slug":"chateauneuf","status":"publish","type":"product","link":"https:\/\/www.lec.fr\/de\/produkt\/chateauneuf\/","title":{"rendered":"Chateauneuf"},"content":{"rendered":"<p>CHATEAUNEUF ist eine ideal f\u00fcr die Beleuchtung oder Lichtmarkierung st\u00e4dtischer R\u00e4ume geeignete Einbauleuchte. Als mittelgro\u00dfe Version des Sortiments zeichnet sie sich durch ihren ausgepr\u00e4gten Rahmen aus, der auf jedem Untergrund f\u00fcr ein perfekt integriertes Erscheinungsbild sorgt. Ob als Wandmontage zur Sicherung von Radwegen, Fu\u00dfwegen und Treppen, zur Hervorhebung von architektonischen Details oder von Stadtmobiliar: CHATEAUNEUF passt sich jeder Umwelt genau an. Aus maschinell bearbeitetem, farblos eloxiertem Aluminium gefertigt und mit einer Scheibe aus UV-best\u00e4ndigem, kratzfestem Polycarbonat ausgestattet, ist sie robust und dezent zugleich. Erh\u00e4ltlich in einer dreifarbigen Version f\u00fcr die Lichtmarkierung und einer vierfarbigen Version f\u00fcr die Beleuchtung, kann ihre Lichtatmosph\u00e4re zum Erleichtern der Wegenutzung bzw. zum subtilen Betonen von Volumen moduliert werden. CHATEAUNEUF ist vielseitig und zuverl\u00e4ssig, eine schlichte und nachhaltige Beleuchtungsl\u00f6sung, die \u00f6ffentliche R\u00e4ume versch\u00f6nert und gleichzeitig die Sicherheit der Nutzer gew\u00e4hrleistet.<\/p>\n","protected":false},"featured_media":4814,"template":"","meta":{"_acf_changed":true,"inline_featured_image":false},"pdt-application":[535,536,537,538],"product_category":[491],"pdt-control":[477,482],"pdt-position":[485,487,484],"pdt-tags":[],"mix-chromatique":[474,476,471,472],"class_list":["post-4815","product","type-product","status-publish","has-post-thumbnail","hentry","pdt-application-verbesserung","pdt-application-sicherheit","pdt-application-mobilitaet-urbane-raum","pdt-application-landschaftsgestaltung","product_category-punkte","pdt-control-230-v-ac","pdt-control-24-v-dc-pwm","pdt-position-einbauleuchten","pdt-position-masten","pdt-position-poller","mix-chromatique-beleuchtung-einfarbig","mix-chromatique-beleuchtung-rgbw","mix-chromatique-lichtmarkierung-einfarbig","mix-chromatique-lichtmarkierung-rgb"],"acf":[],"_links":{"self":[{"href":"https:\/\/www.lec.fr\/de\/wp-json\/wp\/v2\/product\/4815","targetHints":{"allow":["GET"]}}],"collection":[{"href":"https:\/\/www.lec.fr\/de\/wp-json\/wp\/v2\/product"}],"about":[{"href":"https:\/\/www.lec.fr\/de\/wp-json\/wp\/v2\/types\/product"}],"wp:featuredmedia":[{"embeddable":true,"href":"https:\/\/www.lec.fr\/de\/wp-json\/wp\/v2\/media\/4814"}],"wp:attachment":[{"href":"https:\/\/www.lec.fr\/de\/wp-json\/wp\/v2\/media?parent=4815"}],"wp:term":[{"taxonomy":"pdt-application","embeddable":true,"href":"https:\/\/www.lec.fr\/de\/wp-json\/wp\/v2\/pdt-application?post=4815"},{"taxonomy":"product_category","embeddable":true,"href":"https:\/\/www.lec.fr\/de\/wp-json\/wp\/v2\/product_category?post=4815"},{"taxonomy":"pdt-control","embeddable":true,"href":"https:\/\/www.lec.fr\/de\/wp-json\/wp\/v2\/pdt-control?post=4815"},{"taxonomy":"pdt-position","embeddable":true,"href":"https:\/\/www.lec.fr\/de\/wp-json\/wp\/v2\/pdt-position?post=4815"},{"taxonomy":"pdt-tags","embeddable":true,"href":"https:\/\/www.lec.fr\/de\/wp-json\/wp\/v2\/pdt-tags?post=4815"},{"taxonomy":"mix-chromatique","embeddable":true,"href":"https:\/\/www.lec.fr\/de\/wp-json\/wp\/v2\/mix-chromatique?post=4815"}],"curies":[{"name":"wp","href":"https:\/\/api.w.org\/{rel}","templated":true}]}}