{"id":4823,"date":"2025-09-24T17:54:40","date_gmt":"2025-09-24T15:54:40","guid":{"rendered":"https:\/\/www.lec.fr\/?post_type=product&#038;p=4823"},"modified":"2026-01-20T14:36:43","modified_gmt":"2026-01-20T13:36:43","slug":"soulary","status":"publish","type":"product","link":"https:\/\/www.lec.fr\/de\/produkt\/soulary\/","title":{"rendered":"Soulary"},"content":{"rendered":"<p>Mit seinem minimalistischen und klaren Design ist SOULARY ein abgeh\u00e4ngter Strahler mit Seilaufh\u00e4ngung, der f\u00fcr die Stra\u00dfenbeleuchtung konzipiert wurde. Der Lichtstrahl von SOULARY ist um \u00b110\u00b0 verstellbar, ohne dass der Strahler ge\u00f6ffnet werden muss, wodurch eine optimale Dichtheit und eine dauerhafte Leistung gew\u00e4hrleistet werden. Diese Leuchte eignet sich ideal f\u00fcr die Beleuchtung von Fu\u00dfg\u00e4nger- und Radwegen, aber auch f\u00fcr Stra\u00dfen, Treppen und andere \u00f6ffentliche R\u00e4ume. Sein Geh\u00e4use aus CNC-gefr\u00e4stem, farblos eloxiertem Aluminium sowie seine Abdeckung aus Aluminium mit Pulverbeschichtung in RAL-Farbe nach Wahl verleihen ihm sowohl Robustheit als auch eine hochwertige \u00c4sthetik. Dar\u00fcber hinaus bietet SOULARY eine Trichromie-Option f\u00fcr dynamische Farbanimationen und setzt damit einen originellen Akzent in der urbanen Beleuchtung.<\/p>\n","protected":false},"featured_media":3458,"template":"","meta":{"_acf_changed":true,"inline_featured_image":false},"pdt-application":[538],"product_category":[490],"pdt-control":[482],"pdt-position":[488],"pdt-tags":[],"mix-chromatique":[474,475],"class_list":["post-4823","product","type-product","status-publish","has-post-thumbnail","hentry","pdt-application-landschaftsgestaltung","product_category-linien","pdt-control-24-v-dc-pwm","pdt-position-pendelleuchten","mix-chromatique-beleuchtung-einfarbig","mix-chromatique-beleuchtung-rgb"],"acf":[],"_links":{"self":[{"href":"https:\/\/www.lec.fr\/de\/wp-json\/wp\/v2\/product\/4823","targetHints":{"allow":["GET"]}}],"collection":[{"href":"https:\/\/www.lec.fr\/de\/wp-json\/wp\/v2\/product"}],"about":[{"href":"https:\/\/www.lec.fr\/de\/wp-json\/wp\/v2\/types\/product"}],"wp:featuredmedia":[{"embeddable":true,"href":"https:\/\/www.lec.fr\/de\/wp-json\/wp\/v2\/media\/3458"}],"wp:attachment":[{"href":"https:\/\/www.lec.fr\/de\/wp-json\/wp\/v2\/media?parent=4823"}],"wp:term":[{"taxonomy":"pdt-application","embeddable":true,"href":"https:\/\/www.lec.fr\/de\/wp-json\/wp\/v2\/pdt-application?post=4823"},{"taxonomy":"product_category","embeddable":true,"href":"https:\/\/www.lec.fr\/de\/wp-json\/wp\/v2\/product_category?post=4823"},{"taxonomy":"pdt-control","embeddable":true,"href":"https:\/\/www.lec.fr\/de\/wp-json\/wp\/v2\/pdt-control?post=4823"},{"taxonomy":"pdt-position","embeddable":true,"href":"https:\/\/www.lec.fr\/de\/wp-json\/wp\/v2\/pdt-position?post=4823"},{"taxonomy":"pdt-tags","embeddable":true,"href":"https:\/\/www.lec.fr\/de\/wp-json\/wp\/v2\/pdt-tags?post=4823"},{"taxonomy":"mix-chromatique","embeddable":true,"href":"https:\/\/www.lec.fr\/de\/wp-json\/wp\/v2\/mix-chromatique?post=4823"}],"curies":[{"name":"wp","href":"https:\/\/api.w.org\/{rel}","templated":true}]}}