{"id":4824,"date":"2025-09-24T17:54:40","date_gmt":"2025-09-24T15:54:40","guid":{"rendered":"https:\/\/www.lec.fr\/?post_type=product&#038;p=4824"},"modified":"2026-01-20T14:38:31","modified_gmt":"2026-01-20T13:38:31","slug":"meteor","status":"publish","type":"product","link":"https:\/\/www.lec.fr\/de\/produkt\/meteor\/","title":{"rendered":"Meteor"},"content":{"rendered":"<p>METEOR ist die \u201eMaxi\u201c-Version der Serie b\u00fcndig abschlie\u00dfender runder Bodeneinbauleuchten und bietet eine vielseitige sowie \u00e4sthetische L\u00f6sung f\u00fcr Beleuchtung und Lichtmarkierung. Diese Leuchte wurde entwickelt, um architektonische Details, Stadtmobiliar sowie Au\u00dfenr\u00e4ume hervorzuheben. METEOR eignet sich besonders f\u00fcr sicherheitsrelevantes oder dekoratives Balisieren, mit regelm\u00e4\u00dfiger Anordnung zur Abgrenzung von Wegen, Radwegen oder Treppen. Dar\u00fcber hinaus kann sie \u00f6ffentliche R\u00e4ume mit einem warmen und dynamischen Licht beleben. Die Trichromie-Option erm\u00f6glicht eine individuelle Gestaltung der Lichtspiele, angepasst an jedes Projekt. Das Erscheinungsbild dieser Leuchte ist vollst\u00e4ndig individualisierbar und erlaubt die Umsetzung einzigartiger visueller Effekte, wie beispielsweise einer Lichtmarkierung mit unendlichem Spiegeleffekt.<\/p>\n","protected":false},"featured_media":3483,"template":"","meta":{"_acf_changed":true,"inline_featured_image":false},"pdt-application":[536,537],"product_category":[491],"pdt-control":[477,478,479,482],"pdt-position":[485,487],"pdt-tags":[],"mix-chromatique":[474,471,472],"class_list":["post-4824","product","type-product","status-publish","has-post-thumbnail","hentry","pdt-application-sicherheit","pdt-application-mobilitaet-urbane-raum","product_category-punkte","pdt-control-230-v-ac","pdt-control-230-v-ac-0-10-v","pdt-control-230-v-ac-dali","pdt-control-24-v-dc-pwm","pdt-position-einbauleuchten","pdt-position-masten","mix-chromatique-beleuchtung-einfarbig","mix-chromatique-lichtmarkierung-einfarbig","mix-chromatique-lichtmarkierung-rgb"],"acf":[],"_links":{"self":[{"href":"https:\/\/www.lec.fr\/de\/wp-json\/wp\/v2\/product\/4824","targetHints":{"allow":["GET"]}}],"collection":[{"href":"https:\/\/www.lec.fr\/de\/wp-json\/wp\/v2\/product"}],"about":[{"href":"https:\/\/www.lec.fr\/de\/wp-json\/wp\/v2\/types\/product"}],"wp:featuredmedia":[{"embeddable":true,"href":"https:\/\/www.lec.fr\/de\/wp-json\/wp\/v2\/media\/3483"}],"wp:attachment":[{"href":"https:\/\/www.lec.fr\/de\/wp-json\/wp\/v2\/media?parent=4824"}],"wp:term":[{"taxonomy":"pdt-application","embeddable":true,"href":"https:\/\/www.lec.fr\/de\/wp-json\/wp\/v2\/pdt-application?post=4824"},{"taxonomy":"product_category","embeddable":true,"href":"https:\/\/www.lec.fr\/de\/wp-json\/wp\/v2\/product_category?post=4824"},{"taxonomy":"pdt-control","embeddable":true,"href":"https:\/\/www.lec.fr\/de\/wp-json\/wp\/v2\/pdt-control?post=4824"},{"taxonomy":"pdt-position","embeddable":true,"href":"https:\/\/www.lec.fr\/de\/wp-json\/wp\/v2\/pdt-position?post=4824"},{"taxonomy":"pdt-tags","embeddable":true,"href":"https:\/\/www.lec.fr\/de\/wp-json\/wp\/v2\/pdt-tags?post=4824"},{"taxonomy":"mix-chromatique","embeddable":true,"href":"https:\/\/www.lec.fr\/de\/wp-json\/wp\/v2\/mix-chromatique?post=4824"}],"curies":[{"name":"wp","href":"https:\/\/api.w.org\/{rel}","templated":true}]}}