{"id":4825,"date":"2025-09-24T17:54:34","date_gmt":"2025-09-24T15:54:34","guid":{"rendered":"https:\/\/www.lec.fr\/?post_type=product&#038;p=4825"},"modified":"2026-01-20T14:36:51","modified_gmt":"2026-01-20T13:36:51","slug":"alma","status":"publish","type":"product","link":"https:\/\/www.lec.fr\/de\/produkt\/alma\/","title":{"rendered":"Alma"},"content":{"rendered":"<p>ALMA ist eine bodeneingebaute Leuchte, die f\u00fcr eine periphere, streifende Lichtabstrahlung konzipiert wurde und so eine subtile und funktionale Beleuchtung bietet. Ideal f\u00fcr die Beleuchtung von Fu\u00dfg\u00e4nger- und Radwegen erm\u00f6glicht sie eine effektive Lichtmarkierung \u00f6ffentlicher R\u00e4ume. Direkt am Boden oder auf einer Einbauplatte montierbar (bei der 230-V-Version zwingend erforderlich), gew\u00e4hrleistet ALMA eine stabile und langlebige Installation und f\u00fcgt sich gleichzeitig perfekt in ihre Umgebung ein.<\/p>\n","protected":false},"featured_media":4829,"template":"","meta":{"_acf_changed":true,"inline_featured_image":false},"pdt-application":[536,538],"product_category":[489],"pdt-control":[477,478,479,482],"pdt-position":[485],"pdt-tags":[],"mix-chromatique":[474],"class_list":["post-4825","product","type-product","status-publish","has-post-thumbnail","hentry","pdt-application-sicherheit","pdt-application-landschaftsgestaltung","product_category-extras","pdt-control-230-v-ac","pdt-control-230-v-ac-0-10-v","pdt-control-230-v-ac-dali","pdt-control-24-v-dc-pwm","pdt-position-einbauleuchten","mix-chromatique-beleuchtung-einfarbig"],"acf":[],"_links":{"self":[{"href":"https:\/\/www.lec.fr\/de\/wp-json\/wp\/v2\/product\/4825","targetHints":{"allow":["GET"]}}],"collection":[{"href":"https:\/\/www.lec.fr\/de\/wp-json\/wp\/v2\/product"}],"about":[{"href":"https:\/\/www.lec.fr\/de\/wp-json\/wp\/v2\/types\/product"}],"wp:featuredmedia":[{"embeddable":true,"href":"https:\/\/www.lec.fr\/de\/wp-json\/wp\/v2\/media\/4829"}],"wp:attachment":[{"href":"https:\/\/www.lec.fr\/de\/wp-json\/wp\/v2\/media?parent=4825"}],"wp:term":[{"taxonomy":"pdt-application","embeddable":true,"href":"https:\/\/www.lec.fr\/de\/wp-json\/wp\/v2\/pdt-application?post=4825"},{"taxonomy":"product_category","embeddable":true,"href":"https:\/\/www.lec.fr\/de\/wp-json\/wp\/v2\/product_category?post=4825"},{"taxonomy":"pdt-control","embeddable":true,"href":"https:\/\/www.lec.fr\/de\/wp-json\/wp\/v2\/pdt-control?post=4825"},{"taxonomy":"pdt-position","embeddable":true,"href":"https:\/\/www.lec.fr\/de\/wp-json\/wp\/v2\/pdt-position?post=4825"},{"taxonomy":"pdt-tags","embeddable":true,"href":"https:\/\/www.lec.fr\/de\/wp-json\/wp\/v2\/pdt-tags?post=4825"},{"taxonomy":"mix-chromatique","embeddable":true,"href":"https:\/\/www.lec.fr\/de\/wp-json\/wp\/v2\/mix-chromatique?post=4825"}],"curies":[{"name":"wp","href":"https:\/\/api.w.org\/{rel}","templated":true}]}}