{"id":4833,"date":"2025-09-24T17:54:34","date_gmt":"2025-09-24T15:54:34","guid":{"rendered":"https:\/\/www.lec.fr\/?post_type=product&#038;p=4833"},"modified":"2026-03-05T10:39:15","modified_gmt":"2026-03-05T09:39:15","slug":"albi","status":"publish","type":"product","link":"https:\/\/www.lec.fr\/de\/produkt\/albi\/","title":{"rendered":"Albi"},"content":{"rendered":"<p>Dezent, aber \u00e4u\u00dferst wirkungsvoll ist ALBI ein Bodeneinbaustrahler, der sich ideal eignet, um Details einer Gestaltung hervorzuheben. Kompakt und ohne \u00dcberstand ist dieser kleine 4-LED-Strahler die Mini-Version der Serie runder, schwenkbarer Bodeneinbauleuchten. Seine Konstruktion erm\u00f6glicht eine 360\u00b0-Drehung im Einbaugeh\u00e4use und bietet damit maximale Freiheit, den Lichtstrom unabh\u00e4ngig von den Einbaubedingungen exakt auszurichten. Das Lichtmodul ist zus\u00e4tzlich neigbar (-10\u00b0\/+30\u00b0), wodurch die Beleuchtung fein justiert werden kann. Ideal zur Aufwertung architektonischer Elemente, von Stadtmobiliar oder zur Schaffung von Lichtstimmungen auf Pl\u00e4tzen und in \u00f6ffentlichen R\u00e4umen. Robustheit und Eleganz vereinen sich dank der Abdeckblende aus CNC-gefr\u00e4stem, farblos eloxiertem Aluminium. ALBI ist au\u00dferdem optional in Quadrichromie erh\u00e4ltlich.<\/p>\n","protected":false},"featured_media":4845,"template":"","meta":{"_acf_changed":true,"inline_featured_image":false},"pdt-application":[535,538],"product_category":[491],"pdt-control":[477,478,479,482],"pdt-position":[485],"pdt-tags":[],"mix-chromatique":[474,476],"class_list":["post-4833","product","type-product","status-publish","has-post-thumbnail","hentry","pdt-application-verbesserung","pdt-application-landschaftsgestaltung","product_category-punkte","pdt-control-230-v-ac","pdt-control-230-v-ac-0-10-v","pdt-control-230-v-ac-dali","pdt-control-24-v-dc-pwm","pdt-position-einbauleuchten","mix-chromatique-beleuchtung-einfarbig","mix-chromatique-beleuchtung-rgbw"],"acf":[],"_links":{"self":[{"href":"https:\/\/www.lec.fr\/de\/wp-json\/wp\/v2\/product\/4833","targetHints":{"allow":["GET"]}}],"collection":[{"href":"https:\/\/www.lec.fr\/de\/wp-json\/wp\/v2\/product"}],"about":[{"href":"https:\/\/www.lec.fr\/de\/wp-json\/wp\/v2\/types\/product"}],"wp:featuredmedia":[{"embeddable":true,"href":"https:\/\/www.lec.fr\/de\/wp-json\/wp\/v2\/media\/4845"}],"wp:attachment":[{"href":"https:\/\/www.lec.fr\/de\/wp-json\/wp\/v2\/media?parent=4833"}],"wp:term":[{"taxonomy":"pdt-application","embeddable":true,"href":"https:\/\/www.lec.fr\/de\/wp-json\/wp\/v2\/pdt-application?post=4833"},{"taxonomy":"product_category","embeddable":true,"href":"https:\/\/www.lec.fr\/de\/wp-json\/wp\/v2\/product_category?post=4833"},{"taxonomy":"pdt-control","embeddable":true,"href":"https:\/\/www.lec.fr\/de\/wp-json\/wp\/v2\/pdt-control?post=4833"},{"taxonomy":"pdt-position","embeddable":true,"href":"https:\/\/www.lec.fr\/de\/wp-json\/wp\/v2\/pdt-position?post=4833"},{"taxonomy":"pdt-tags","embeddable":true,"href":"https:\/\/www.lec.fr\/de\/wp-json\/wp\/v2\/pdt-tags?post=4833"},{"taxonomy":"mix-chromatique","embeddable":true,"href":"https:\/\/www.lec.fr\/de\/wp-json\/wp\/v2\/mix-chromatique?post=4833"}],"curies":[{"name":"wp","href":"https:\/\/api.w.org\/{rel}","templated":true}]}}