{"id":4846,"date":"2025-09-24T17:54:34","date_gmt":"2025-09-24T15:54:34","guid":{"rendered":"https:\/\/www.lec.fr\/?post_type=product&#038;p=4846"},"modified":"2026-01-20T14:37:08","modified_gmt":"2026-01-20T13:37:08","slug":"clem-in","status":"publish","type":"product","link":"https:\/\/www.lec.fr\/de\/produkt\/clem-in\/","title":{"rendered":"Clem-In"},"content":{"rendered":"<p>Dezent und robust ist CLEM-IN eine Bodeneinbau-Lichtlinie. Ohne \u00dcberstand bietet sie eine optimale Installationsflexibilit\u00e4t, um den unterschiedlichsten Projektanforderungen gerecht zu werden \u2013 sei es zur Hervorhebung eines Weges, zur Markierung eines Platzes oder zur dezenten Beleuchtung von Fassaden. Dank ihres eleganten und minimalistischen Designs f\u00fcgt sie sich unauff\u00e4llig in den Raum ein und gew\u00e4hrleistet zugleich eine bemerkenswerte Lichtleistung. Mit der Schutzart IP67 ist CLEM-IN vollst\u00e4ndig wasserdicht, mit IK10 garantiert sie eine hohe Sto\u00dffestigkeit und Widerstandsf\u00e4higkeit gegen\u00fcber den Belastungen anspruchsvoller Umgebungen. Einfach zu installieren, ist CLEM-IN die ideale L\u00f6sung, um \u00c4sthetik, Funktionalit\u00e4t und Zuverl\u00e4ssigkeit in allen Au\u00dfenbeleuchtungsprojekten zu vereinen.M\u00f6chten Sie Informationen zur Leuchte CLEM-IN?<\/p>\n","protected":false},"featured_media":4858,"template":"","meta":{"_acf_changed":true,"inline_featured_image":false},"pdt-application":[536,538],"product_category":[490],"pdt-control":[482],"pdt-position":[485],"pdt-tags":[],"mix-chromatique":[474,476],"class_list":["post-4846","product","type-product","status-publish","has-post-thumbnail","hentry","pdt-application-sicherheit","pdt-application-landschaftsgestaltung","product_category-linien","pdt-control-24-v-dc-pwm","pdt-position-einbauleuchten","mix-chromatique-beleuchtung-einfarbig","mix-chromatique-beleuchtung-rgbw"],"acf":[],"_links":{"self":[{"href":"https:\/\/www.lec.fr\/de\/wp-json\/wp\/v2\/product\/4846","targetHints":{"allow":["GET"]}}],"collection":[{"href":"https:\/\/www.lec.fr\/de\/wp-json\/wp\/v2\/product"}],"about":[{"href":"https:\/\/www.lec.fr\/de\/wp-json\/wp\/v2\/types\/product"}],"wp:featuredmedia":[{"embeddable":true,"href":"https:\/\/www.lec.fr\/de\/wp-json\/wp\/v2\/media\/4858"}],"wp:attachment":[{"href":"https:\/\/www.lec.fr\/de\/wp-json\/wp\/v2\/media?parent=4846"}],"wp:term":[{"taxonomy":"pdt-application","embeddable":true,"href":"https:\/\/www.lec.fr\/de\/wp-json\/wp\/v2\/pdt-application?post=4846"},{"taxonomy":"product_category","embeddable":true,"href":"https:\/\/www.lec.fr\/de\/wp-json\/wp\/v2\/product_category?post=4846"},{"taxonomy":"pdt-control","embeddable":true,"href":"https:\/\/www.lec.fr\/de\/wp-json\/wp\/v2\/pdt-control?post=4846"},{"taxonomy":"pdt-position","embeddable":true,"href":"https:\/\/www.lec.fr\/de\/wp-json\/wp\/v2\/pdt-position?post=4846"},{"taxonomy":"pdt-tags","embeddable":true,"href":"https:\/\/www.lec.fr\/de\/wp-json\/wp\/v2\/pdt-tags?post=4846"},{"taxonomy":"mix-chromatique","embeddable":true,"href":"https:\/\/www.lec.fr\/de\/wp-json\/wp\/v2\/mix-chromatique?post=4846"}],"curies":[{"name":"wp","href":"https:\/\/api.w.org\/{rel}","templated":true}]}}