{"id":4860,"date":"2025-09-24T17:54:34","date_gmt":"2025-09-24T15:54:34","guid":{"rendered":"https:\/\/www.lec.fr\/?post_type=product&#038;p=4860"},"modified":"2026-03-24T14:44:55","modified_gmt":"2026-03-24T13:44:55","slug":"allevard","status":"publish","type":"product","link":"https:\/\/www.lec.fr\/de\/produkt\/allevard\/","title":{"rendered":"Allevard"},"content":{"rendered":"<p>ALLEVARD ist die mittlere Version unserer Serie runder, schwenkbarer Bodeneinbauleuchten und bietet eine optimale Lichtflexibilit\u00e4t. Dank seiner 360\u00b0-Drehung im Einbaugeh\u00e4use kann der Lichtstrom pr\u00e4zise ausgerichtet werden, ohne Einschr\u00e4nkungen bei der Montage. Das von au\u00dfen einstellbare LED-Modul mit einem Neigungswinkel von 0\u00b0 bis 25\u00b0 l\u00e4sst sich einfach justieren \u2013 ohne Demontage und ohne Beeintr\u00e4chtigung der Dichtheit. Ideal f\u00fcr die Fassadenbeleuchtung, die Hervorhebung architektonischer Details sowie von Stadtmobiliar, f\u00fcgt sich ALLEVARD perfekt in \u00f6ffentliche R\u00e4ume ein. Robust und dezent konzipiert, ist er f\u00fcr den Einsatz in anspruchsvollen Umgebungen ausgelegt. Erh\u00e4ltlich in Quadrichromie erm\u00f6glicht er zudem die Gestaltung dynamischer und ma\u00dfgeschneiderter Lichtstimmungen.<\/p>\n","protected":false},"featured_media":3514,"template":"","meta":{"_acf_changed":true,"inline_featured_image":false},"pdt-application":[535,538],"product_category":[491],"pdt-control":[477,478,479,480,482],"pdt-position":[485],"pdt-tags":[],"mix-chromatique":[474,476],"class_list":["post-4860","product","type-product","status-publish","has-post-thumbnail","hentry","pdt-application-verbesserung","pdt-application-landschaftsgestaltung","product_category-punkte","pdt-control-230-v-ac","pdt-control-230-v-ac-0-10-v","pdt-control-230-v-ac-dali","pdt-control-230-v-ac-dmx","pdt-control-24-v-dc-pwm","pdt-position-einbauleuchten","mix-chromatique-beleuchtung-einfarbig","mix-chromatique-beleuchtung-rgbw"],"acf":[],"_links":{"self":[{"href":"https:\/\/www.lec.fr\/de\/wp-json\/wp\/v2\/product\/4860","targetHints":{"allow":["GET"]}}],"collection":[{"href":"https:\/\/www.lec.fr\/de\/wp-json\/wp\/v2\/product"}],"about":[{"href":"https:\/\/www.lec.fr\/de\/wp-json\/wp\/v2\/types\/product"}],"wp:featuredmedia":[{"embeddable":true,"href":"https:\/\/www.lec.fr\/de\/wp-json\/wp\/v2\/media\/3514"}],"wp:attachment":[{"href":"https:\/\/www.lec.fr\/de\/wp-json\/wp\/v2\/media?parent=4860"}],"wp:term":[{"taxonomy":"pdt-application","embeddable":true,"href":"https:\/\/www.lec.fr\/de\/wp-json\/wp\/v2\/pdt-application?post=4860"},{"taxonomy":"product_category","embeddable":true,"href":"https:\/\/www.lec.fr\/de\/wp-json\/wp\/v2\/product_category?post=4860"},{"taxonomy":"pdt-control","embeddable":true,"href":"https:\/\/www.lec.fr\/de\/wp-json\/wp\/v2\/pdt-control?post=4860"},{"taxonomy":"pdt-position","embeddable":true,"href":"https:\/\/www.lec.fr\/de\/wp-json\/wp\/v2\/pdt-position?post=4860"},{"taxonomy":"pdt-tags","embeddable":true,"href":"https:\/\/www.lec.fr\/de\/wp-json\/wp\/v2\/pdt-tags?post=4860"},{"taxonomy":"mix-chromatique","embeddable":true,"href":"https:\/\/www.lec.fr\/de\/wp-json\/wp\/v2\/mix-chromatique?post=4860"}],"curies":[{"name":"wp","href":"https:\/\/api.w.org\/{rel}","templated":true}]}}