{"id":4861,"date":"2025-09-24T17:54:34","date_gmt":"2025-09-24T15:54:34","guid":{"rendered":"https:\/\/www.lec.fr\/?post_type=product&#038;p=4861"},"modified":"2026-01-20T14:37:26","modified_gmt":"2026-01-20T13:37:26","slug":"clem","status":"publish","type":"product","link":"https:\/\/www.lec.fr\/de\/produkt\/clem\/","title":{"rendered":"Clem"},"content":{"rendered":"<p>CLEM ist ein vielseitiger Lichtstab, erh\u00e4ltlich in vier L\u00e4ngen, ideal, um architektonische Linien elegant zu betonen oder R\u00e4ume visuell zu strukturieren. In Einzelmontage oder als durchgehende Linie installiert, erm\u00f6glicht er klare und regelm\u00e4\u00dfige Lichtperspektiven. Dank seiner sehr breitstrahlenden asymmetrischen Optiken bietet CLEM eine homogene Ausleuchtung, selbst bei streifender Installation, und sorgt so f\u00fcr eine subtile Hervorhebung. Verschiedene feste oder schwenkbare Befestigungszubeh\u00f6rteile erm\u00f6glichen eine projektgerechte Integration. F\u00fcr unterschiedlichste Anwendungen konzipiert, eignet sich CLEM sowohl f\u00fcr die direkte als auch f\u00fcr die indirekte Beleuchtung \u00f6ffentlicher R\u00e4ume, f\u00fcr \u00fcberdachte Wege oder als dekorative Linienbetonung. Eine Quadrichromie-Version ist ebenfalls verf\u00fcgbar und erlaubt individuell gestaltete Lichtstimmungen.<\/p>\n","protected":false},"featured_media":4864,"template":"","meta":{"_acf_changed":true,"inline_featured_image":false},"pdt-application":[536,538],"product_category":[490],"pdt-control":[482],"pdt-position":[483],"pdt-tags":[],"mix-chromatique":[474,476],"class_list":["post-4861","product","type-product","status-publish","has-post-thumbnail","hentry","pdt-application-sicherheit","pdt-application-landschaftsgestaltung","product_category-linien","pdt-control-24-v-dc-pwm","pdt-position-wandanbauleuchten","mix-chromatique-beleuchtung-einfarbig","mix-chromatique-beleuchtung-rgbw"],"acf":[],"_links":{"self":[{"href":"https:\/\/www.lec.fr\/de\/wp-json\/wp\/v2\/product\/4861","targetHints":{"allow":["GET"]}}],"collection":[{"href":"https:\/\/www.lec.fr\/de\/wp-json\/wp\/v2\/product"}],"about":[{"href":"https:\/\/www.lec.fr\/de\/wp-json\/wp\/v2\/types\/product"}],"wp:featuredmedia":[{"embeddable":true,"href":"https:\/\/www.lec.fr\/de\/wp-json\/wp\/v2\/media\/4864"}],"wp:attachment":[{"href":"https:\/\/www.lec.fr\/de\/wp-json\/wp\/v2\/media?parent=4861"}],"wp:term":[{"taxonomy":"pdt-application","embeddable":true,"href":"https:\/\/www.lec.fr\/de\/wp-json\/wp\/v2\/pdt-application?post=4861"},{"taxonomy":"product_category","embeddable":true,"href":"https:\/\/www.lec.fr\/de\/wp-json\/wp\/v2\/product_category?post=4861"},{"taxonomy":"pdt-control","embeddable":true,"href":"https:\/\/www.lec.fr\/de\/wp-json\/wp\/v2\/pdt-control?post=4861"},{"taxonomy":"pdt-position","embeddable":true,"href":"https:\/\/www.lec.fr\/de\/wp-json\/wp\/v2\/pdt-position?post=4861"},{"taxonomy":"pdt-tags","embeddable":true,"href":"https:\/\/www.lec.fr\/de\/wp-json\/wp\/v2\/pdt-tags?post=4861"},{"taxonomy":"mix-chromatique","embeddable":true,"href":"https:\/\/www.lec.fr\/de\/wp-json\/wp\/v2\/mix-chromatique?post=4861"}],"curies":[{"name":"wp","href":"https:\/\/api.w.org\/{rel}","templated":true}]}}