{"id":4873,"date":"2025-09-24T17:54:40","date_gmt":"2025-09-24T15:54:40","guid":{"rendered":"https:\/\/www.lec.fr\/?post_type=product&#038;p=4873"},"modified":"2026-03-05T11:37:44","modified_gmt":"2026-03-05T10:37:44","slug":"pyramide","status":"publish","type":"product","link":"https:\/\/www.lec.fr\/de\/produkt\/pyramide\/","title":{"rendered":"Pyramide"},"content":{"rendered":"<p>Quadratisch geformt ist PYRAMIDE eine vielseitige Markierungsleuchte mit zahlreichen Anwendungsm\u00f6glichkeiten. Ideal f\u00fcr Fu\u00df- und Radwege, eignet sie sich ebenso f\u00fcr dekorative oder sicherheitsrelevante Zwecke, insbesondere zur Inszenierung \u00f6ffentlicher R\u00e4ume. Dank ihres Designs ohne \u00dcberstand f\u00fcgt sie sich dezent in die Umgebung ein, und die zwei Gr\u00f6\u00dfen der Einbaugeh\u00e4use bieten eine hohe Installationsflexibilit\u00e4t. Nicht schwenkbar, ist sie auch als Version mit bodenlosem Lichtschacht erh\u00e4ltlich, wodurch ein spezieller Lichteffekt und eine originelle visuelle Wirkung erzeugt werden.<\/p>\n","protected":false},"featured_media":3533,"template":"","meta":{"_acf_changed":true,"inline_featured_image":false},"pdt-application":[536,537,538],"product_category":[489],"pdt-control":[477,482],"pdt-position":[485],"pdt-tags":[],"mix-chromatique":[473],"class_list":["post-4873","product","type-product","status-publish","has-post-thumbnail","hentry","pdt-application-sicherheit","pdt-application-mobilitaet-urbane-raum","pdt-application-landschaftsgestaltung","product_category-extras","pdt-control-230-v-ac","pdt-control-24-v-dc-pwm","pdt-position-einbauleuchten","mix-chromatique-lichtmarkierung-rgbw"],"acf":[],"_links":{"self":[{"href":"https:\/\/www.lec.fr\/de\/wp-json\/wp\/v2\/product\/4873","targetHints":{"allow":["GET"]}}],"collection":[{"href":"https:\/\/www.lec.fr\/de\/wp-json\/wp\/v2\/product"}],"about":[{"href":"https:\/\/www.lec.fr\/de\/wp-json\/wp\/v2\/types\/product"}],"wp:featuredmedia":[{"embeddable":true,"href":"https:\/\/www.lec.fr\/de\/wp-json\/wp\/v2\/media\/3533"}],"wp:attachment":[{"href":"https:\/\/www.lec.fr\/de\/wp-json\/wp\/v2\/media?parent=4873"}],"wp:term":[{"taxonomy":"pdt-application","embeddable":true,"href":"https:\/\/www.lec.fr\/de\/wp-json\/wp\/v2\/pdt-application?post=4873"},{"taxonomy":"product_category","embeddable":true,"href":"https:\/\/www.lec.fr\/de\/wp-json\/wp\/v2\/product_category?post=4873"},{"taxonomy":"pdt-control","embeddable":true,"href":"https:\/\/www.lec.fr\/de\/wp-json\/wp\/v2\/pdt-control?post=4873"},{"taxonomy":"pdt-position","embeddable":true,"href":"https:\/\/www.lec.fr\/de\/wp-json\/wp\/v2\/pdt-position?post=4873"},{"taxonomy":"pdt-tags","embeddable":true,"href":"https:\/\/www.lec.fr\/de\/wp-json\/wp\/v2\/pdt-tags?post=4873"},{"taxonomy":"mix-chromatique","embeddable":true,"href":"https:\/\/www.lec.fr\/de\/wp-json\/wp\/v2\/mix-chromatique?post=4873"}],"curies":[{"name":"wp","href":"https:\/\/api.w.org\/{rel}","templated":true}]}}