{"id":4874,"date":"2025-09-24T17:54:34","date_gmt":"2025-09-24T15:54:34","guid":{"rendered":"https:\/\/www.lec.fr\/?post_type=product&#038;p=4874"},"modified":"2026-01-20T14:37:41","modified_gmt":"2026-01-20T13:37:41","slug":"alicante","status":"publish","type":"product","link":"https:\/\/www.lec.fr\/de\/produkt\/alicante\/","title":{"rendered":"Alicante"},"content":{"rendered":"<p>Mit optimaler Lichtflexibilit\u00e4t vereint ALICANTE Eleganz und Leistung. Als kompakte und diskrete Bodeneinbauleuchte verleiht sie der Beleuchtung eine raffinierte Note. Mit der Schutzart IP68 und der hohen Sto\u00dffestigkeit IK10 garantiert sie eine au\u00dfergew\u00f6hnliche Langlebigkeit, selbst in anspruchsvollsten Umgebungen. Optional in Quadrichromie erh\u00e4ltlich, erm\u00f6glicht sie dynamische Farbanimationen zur Inszenierung und Aufwertung verschiedenster R\u00e4ume. Dar\u00fcber hinaus verf\u00fcgt ihre intelligente Konstruktion \u00fcber zwei unabh\u00e4ngig voneinander neigbare Module, die eine optimale Justierung sowie eine pr\u00e4zise und individuelle Lichtgestaltung erlauben. Ob zur Beleuchtung einer Fassade oder zur Inszenierung eines Gartens \u2013 ALICANTE passt sich Ihren Anforderungen an.<\/p>\n","protected":false},"featured_media":3567,"template":"","meta":{"_acf_changed":true,"inline_featured_image":false},"pdt-application":[535,538],"product_category":[491],"pdt-control":[477,478,479,480],"pdt-position":[485],"pdt-tags":[],"mix-chromatique":[474,476],"class_list":["post-4874","product","type-product","status-publish","has-post-thumbnail","hentry","pdt-application-verbesserung","pdt-application-landschaftsgestaltung","product_category-punkte","pdt-control-230-v-ac","pdt-control-230-v-ac-0-10-v","pdt-control-230-v-ac-dali","pdt-control-230-v-ac-dmx","pdt-position-einbauleuchten","mix-chromatique-beleuchtung-einfarbig","mix-chromatique-beleuchtung-rgbw"],"acf":[],"_links":{"self":[{"href":"https:\/\/www.lec.fr\/de\/wp-json\/wp\/v2\/product\/4874","targetHints":{"allow":["GET"]}}],"collection":[{"href":"https:\/\/www.lec.fr\/de\/wp-json\/wp\/v2\/product"}],"about":[{"href":"https:\/\/www.lec.fr\/de\/wp-json\/wp\/v2\/types\/product"}],"wp:featuredmedia":[{"embeddable":true,"href":"https:\/\/www.lec.fr\/de\/wp-json\/wp\/v2\/media\/3567"}],"wp:attachment":[{"href":"https:\/\/www.lec.fr\/de\/wp-json\/wp\/v2\/media?parent=4874"}],"wp:term":[{"taxonomy":"pdt-application","embeddable":true,"href":"https:\/\/www.lec.fr\/de\/wp-json\/wp\/v2\/pdt-application?post=4874"},{"taxonomy":"product_category","embeddable":true,"href":"https:\/\/www.lec.fr\/de\/wp-json\/wp\/v2\/product_category?post=4874"},{"taxonomy":"pdt-control","embeddable":true,"href":"https:\/\/www.lec.fr\/de\/wp-json\/wp\/v2\/pdt-control?post=4874"},{"taxonomy":"pdt-position","embeddable":true,"href":"https:\/\/www.lec.fr\/de\/wp-json\/wp\/v2\/pdt-position?post=4874"},{"taxonomy":"pdt-tags","embeddable":true,"href":"https:\/\/www.lec.fr\/de\/wp-json\/wp\/v2\/pdt-tags?post=4874"},{"taxonomy":"mix-chromatique","embeddable":true,"href":"https:\/\/www.lec.fr\/de\/wp-json\/wp\/v2\/mix-chromatique?post=4874"}],"curies":[{"name":"wp","href":"https:\/\/api.w.org\/{rel}","templated":true}]}}