{"id":4875,"date":"2025-09-24T17:54:40","date_gmt":"2025-09-24T15:54:40","guid":{"rendered":"https:\/\/www.lec.fr\/?post_type=product&#038;p=4875"},"modified":"2026-01-20T14:37:49","modified_gmt":"2026-01-20T13:37:49","slug":"passy","status":"publish","type":"product","link":"https:\/\/www.lec.fr\/de\/produkt\/passy\/","title":{"rendered":"Passy"},"content":{"rendered":"<p>Mit ihrem dezenten Profil aus eloxiertem Aluminium ist die Linie PASSY daf\u00fcr konzipiert, Au\u00dfenr\u00e4ume aufzuwerten und gleichzeitig eine pr\u00e4zise und homogene Beleuchtung zu gew\u00e4hrleisten. Erh\u00e4ltlich in mehreren L\u00e4ngen und Konfigurationen, bietet diese lineare Leuchte eine perfekt geeignete L\u00f6sung f\u00fcr anspruchsvolle Projekte \u2013 sei es zur Hervorhebung eines Monuments oder zur Strukturierung eines urbanen Raums. Dank ihrer fortschrittlichen Optiken sorgt sie f\u00fcr eine optimale Lichtverteilung, exakt auf die jeweiligen Anforderungen abgestimmt. Vollst\u00e4ndig robust ausgelegt, machen der wasserdichte optische Block mit Schutzart IP68 und die Sto\u00dffestigkeit IK10 PASSY zu einer zuverl\u00e4ssigen und langlebigen Wahl, selbst in stark exponierten Umgebungen. Zudem l\u00e4sst sich die Ausrichtung des LED-Moduls einfach vornehmen, ohne das Produkt \u00f6ffnen zu m\u00fcssen, was eine optimierte und unkomplizierte Installation gew\u00e4hrleistet. PASSY verf\u00fcgt \u00fcber ein intelligentes Einbausystem und ergonomische Verkabelungsoptionen, die eine schnelle und effiziente Montage erleichtern. Elegant und leistungsstark ist sie die ideale L\u00f6sung f\u00fcr Projekte, bei denen \u00c4sthetik, Effizienz und Nachhaltigkeit im Vordergrund stehen.<\/p>\n","protected":false},"featured_media":4886,"template":"","meta":{"_acf_changed":true,"inline_featured_image":false},"pdt-application":[536,538],"product_category":[490],"pdt-control":[477,478,479,480],"pdt-position":[485],"pdt-tags":[],"mix-chromatique":[474,476],"class_list":["post-4875","product","type-product","status-publish","has-post-thumbnail","hentry","pdt-application-sicherheit","pdt-application-landschaftsgestaltung","product_category-linien","pdt-control-230-v-ac","pdt-control-230-v-ac-0-10-v","pdt-control-230-v-ac-dali","pdt-control-230-v-ac-dmx","pdt-position-einbauleuchten","mix-chromatique-beleuchtung-einfarbig","mix-chromatique-beleuchtung-rgbw"],"acf":[],"_links":{"self":[{"href":"https:\/\/www.lec.fr\/de\/wp-json\/wp\/v2\/product\/4875","targetHints":{"allow":["GET"]}}],"collection":[{"href":"https:\/\/www.lec.fr\/de\/wp-json\/wp\/v2\/product"}],"about":[{"href":"https:\/\/www.lec.fr\/de\/wp-json\/wp\/v2\/types\/product"}],"wp:featuredmedia":[{"embeddable":true,"href":"https:\/\/www.lec.fr\/de\/wp-json\/wp\/v2\/media\/4886"}],"wp:attachment":[{"href":"https:\/\/www.lec.fr\/de\/wp-json\/wp\/v2\/media?parent=4875"}],"wp:term":[{"taxonomy":"pdt-application","embeddable":true,"href":"https:\/\/www.lec.fr\/de\/wp-json\/wp\/v2\/pdt-application?post=4875"},{"taxonomy":"product_category","embeddable":true,"href":"https:\/\/www.lec.fr\/de\/wp-json\/wp\/v2\/product_category?post=4875"},{"taxonomy":"pdt-control","embeddable":true,"href":"https:\/\/www.lec.fr\/de\/wp-json\/wp\/v2\/pdt-control?post=4875"},{"taxonomy":"pdt-position","embeddable":true,"href":"https:\/\/www.lec.fr\/de\/wp-json\/wp\/v2\/pdt-position?post=4875"},{"taxonomy":"pdt-tags","embeddable":true,"href":"https:\/\/www.lec.fr\/de\/wp-json\/wp\/v2\/pdt-tags?post=4875"},{"taxonomy":"mix-chromatique","embeddable":true,"href":"https:\/\/www.lec.fr\/de\/wp-json\/wp\/v2\/mix-chromatique?post=4875"}],"curies":[{"name":"wp","href":"https:\/\/api.w.org\/{rel}","templated":true}]}}