{"id":4889,"date":"2025-09-24T17:54:34","date_gmt":"2025-09-24T15:54:34","guid":{"rendered":"https:\/\/www.lec.fr\/?post_type=product&#038;p=4889"},"modified":"2026-01-20T14:37:58","modified_gmt":"2026-01-20T13:37:58","slug":"lima","status":"publish","type":"product","link":"https:\/\/www.lec.fr\/de\/produkt\/lima\/","title":{"rendered":"Lima"},"content":{"rendered":"<p>LIMA ist eine lineare Beleuchtungsl\u00f6sung, die daf\u00fcr konzipiert ist, W\u00e4nde und Fassaden durch einen homogenen und leistungsstarken Lichtstrom zu inszenieren \u2013 auch \u00fcber gro\u00dfe H\u00f6hen hinweg. Als Wandanbauleuchte montiert und schwenkbar ausgef\u00fchrt, passt sie sich perfekt an Anforderungen der direkten oder indirekten Beleuchtung an und gew\u00e4hrleistet dank ihres klaren, reduzierten Designs eine dezente Integration. LIMA erm\u00f6glicht zudem die Realisierung durchgehender Lichtlinien f\u00fcr ein flie\u00dfendes visuelles Erscheinungsbild, ideal f\u00fcr Architektur- und Stadtgestaltungsprojekte. Optional in Quadrichromie oder in der Version MAM* erh\u00e4ltlich, passt sie sich allen Kontexten und Lichtstimmungen an. Dar\u00fcber hinaus ist auf Anfrage eine individuelle RAL-Thermolackierung verf\u00fcgbar, um eine perfekte Harmonie mit der Umgebung zu erzielen.<\/p>\n<p>*MAM (Monument aux Morts): Spezielle Version, die es erm\u00f6glicht, die Farben der Nationalflagge auf Gedenkmonumente zu projizieren und so den symbolischen und patriotischen Charakter der Orte zu unterstreichen.<\/p>\n","protected":false},"featured_media":3582,"template":"","meta":{"_acf_changed":true,"inline_featured_image":false},"pdt-application":[536,538],"product_category":[490],"pdt-control":[477,478,479,480],"pdt-position":[483],"pdt-tags":[],"mix-chromatique":[474,476],"class_list":["post-4889","product","type-product","status-publish","has-post-thumbnail","hentry","pdt-application-sicherheit","pdt-application-landschaftsgestaltung","product_category-linien","pdt-control-230-v-ac","pdt-control-230-v-ac-0-10-v","pdt-control-230-v-ac-dali","pdt-control-230-v-ac-dmx","pdt-position-wandanbauleuchten","mix-chromatique-beleuchtung-einfarbig","mix-chromatique-beleuchtung-rgbw"],"acf":[],"_links":{"self":[{"href":"https:\/\/www.lec.fr\/de\/wp-json\/wp\/v2\/product\/4889","targetHints":{"allow":["GET"]}}],"collection":[{"href":"https:\/\/www.lec.fr\/de\/wp-json\/wp\/v2\/product"}],"about":[{"href":"https:\/\/www.lec.fr\/de\/wp-json\/wp\/v2\/types\/product"}],"wp:featuredmedia":[{"embeddable":true,"href":"https:\/\/www.lec.fr\/de\/wp-json\/wp\/v2\/media\/3582"}],"wp:attachment":[{"href":"https:\/\/www.lec.fr\/de\/wp-json\/wp\/v2\/media?parent=4889"}],"wp:term":[{"taxonomy":"pdt-application","embeddable":true,"href":"https:\/\/www.lec.fr\/de\/wp-json\/wp\/v2\/pdt-application?post=4889"},{"taxonomy":"product_category","embeddable":true,"href":"https:\/\/www.lec.fr\/de\/wp-json\/wp\/v2\/product_category?post=4889"},{"taxonomy":"pdt-control","embeddable":true,"href":"https:\/\/www.lec.fr\/de\/wp-json\/wp\/v2\/pdt-control?post=4889"},{"taxonomy":"pdt-position","embeddable":true,"href":"https:\/\/www.lec.fr\/de\/wp-json\/wp\/v2\/pdt-position?post=4889"},{"taxonomy":"pdt-tags","embeddable":true,"href":"https:\/\/www.lec.fr\/de\/wp-json\/wp\/v2\/pdt-tags?post=4889"},{"taxonomy":"mix-chromatique","embeddable":true,"href":"https:\/\/www.lec.fr\/de\/wp-json\/wp\/v2\/mix-chromatique?post=4889"}],"curies":[{"name":"wp","href":"https:\/\/api.w.org\/{rel}","templated":true}]}}