{"id":4891,"date":"2025-09-24T17:54:34","date_gmt":"2025-09-24T15:54:34","guid":{"rendered":"https:\/\/www.lec.fr\/?post_type=product&#038;p=4891"},"modified":"2026-01-20T14:38:05","modified_gmt":"2026-01-20T13:38:05","slug":"corsica","status":"publish","type":"product","link":"https:\/\/www.lec.fr\/de\/produkt\/corsica\/","title":{"rendered":"Corsica"},"content":{"rendered":"<p>Auf Bodenbox montiert oder mit Befestigungskonsole ausgestattet, ist CORSICA ein Projektor, der speziell zur Inszenierung architektonischer Fassaden entwickelt wurde. Ausgestattet mit einer neigbaren Manschette, die bis zu 90\u00b0 einstellbar ist, sowie einer Ausrichtung von \u00b115\u00b0 um die Achse des Arms, bietet er eine au\u00dfergew\u00f6hnliche Installationsflexibilit\u00e4t und erm\u00f6glicht eine pr\u00e4zise Ausrichtung des Lichtstroms. Seine optimierte Optik gew\u00e4hrleistet ein homogenes Lichtnappieren und sorgt f\u00fcr eine gleichm\u00e4\u00dfige und \u00e4sthetische Ausleuchtung. Optional erlaubt die Quadrichromie die Variation von Lichtstimmungen und eine individuelle Gestaltung der Beleuchtung, wodurch den beleuchteten R\u00e4umen eine einzigartige Note verliehen wird. F\u00fcr den Einsatz unter anspruchsvollsten Bedingungen konzipiert, verf\u00fcgt CORSICA \u00fcber eine Sto\u00dffestigkeit IK10 sowie die Schutzart IP67 und garantiert damit Robustheit und Langlebigkeit auf lange Sicht. Eine ideale Wahl, um Leistung und Eleganz in der architektonischen Beleuchtung zu vereinen.<\/p>\n","protected":false},"featured_media":3608,"template":"","meta":{"_acf_changed":true,"inline_featured_image":false},"pdt-application":[535,538],"product_category":[492],"pdt-control":[477,478,479,480],"pdt-position":[483],"pdt-tags":[],"mix-chromatique":[474,476],"class_list":["post-4891","product","type-product","status-publish","has-post-thumbnail","hentry","pdt-application-verbesserung","pdt-application-landschaftsgestaltung","product_category-strahler","pdt-control-230-v-ac","pdt-control-230-v-ac-0-10-v","pdt-control-230-v-ac-dali","pdt-control-230-v-ac-dmx","pdt-position-wandanbauleuchten","mix-chromatique-beleuchtung-einfarbig","mix-chromatique-beleuchtung-rgbw"],"acf":[],"_links":{"self":[{"href":"https:\/\/www.lec.fr\/de\/wp-json\/wp\/v2\/product\/4891","targetHints":{"allow":["GET"]}}],"collection":[{"href":"https:\/\/www.lec.fr\/de\/wp-json\/wp\/v2\/product"}],"about":[{"href":"https:\/\/www.lec.fr\/de\/wp-json\/wp\/v2\/types\/product"}],"wp:featuredmedia":[{"embeddable":true,"href":"https:\/\/www.lec.fr\/de\/wp-json\/wp\/v2\/media\/3608"}],"wp:attachment":[{"href":"https:\/\/www.lec.fr\/de\/wp-json\/wp\/v2\/media?parent=4891"}],"wp:term":[{"taxonomy":"pdt-application","embeddable":true,"href":"https:\/\/www.lec.fr\/de\/wp-json\/wp\/v2\/pdt-application?post=4891"},{"taxonomy":"product_category","embeddable":true,"href":"https:\/\/www.lec.fr\/de\/wp-json\/wp\/v2\/product_category?post=4891"},{"taxonomy":"pdt-control","embeddable":true,"href":"https:\/\/www.lec.fr\/de\/wp-json\/wp\/v2\/pdt-control?post=4891"},{"taxonomy":"pdt-position","embeddable":true,"href":"https:\/\/www.lec.fr\/de\/wp-json\/wp\/v2\/pdt-position?post=4891"},{"taxonomy":"pdt-tags","embeddable":true,"href":"https:\/\/www.lec.fr\/de\/wp-json\/wp\/v2\/pdt-tags?post=4891"},{"taxonomy":"mix-chromatique","embeddable":true,"href":"https:\/\/www.lec.fr\/de\/wp-json\/wp\/v2\/mix-chromatique?post=4891"}],"curies":[{"name":"wp","href":"https:\/\/api.w.org\/{rel}","templated":true}]}}