{"id":4892,"date":"2025-09-24T17:54:40","date_gmt":"2025-09-24T15:54:40","guid":{"rendered":"https:\/\/www.lec.fr\/?post_type=product&#038;p=4892"},"modified":"2026-02-27T08:46:52","modified_gmt":"2026-02-27T07:46:52","slug":"saint-jean","status":"publish","type":"product","link":"https:\/\/www.lec.fr\/de\/produkt\/saint-jean\/","title":{"rendered":"Saint-Jean"},"content":{"rendered":"<p>SAINT-JEAN ist ein Einbauprojektor mit einer leichten Aufkantung von 3 mm und ohne \u00dcberstand in der Pollerversion, speziell konzipiert f\u00fcr die Beleuchtung von Fu\u00dfg\u00e4nger- und Radwegen. In weniger als einem Meter H\u00f6he installiert, bietet er eine diskrete und effiziente L\u00f6sung zur Ausleuchtung gro\u00dfer Fl\u00e4chen mit gro\u00dfen Leuchtenabst\u00e4nden von \u00fcber 6 Metern. Dank seiner speziellen Optiken H30 und H60 gew\u00e4hrleistet er eine homogene und angepasste Beleuchtung, ideal f\u00fcr \u00f6ffentliche R\u00e4ume. Der Lichtstrahl ist von 0 bis 30\u00b0 neigbar, ohne dass der Projektor ge\u00f6ffnet werden muss, wodurch eine perfekte Dichtheit gew\u00e4hrleistet bleibt. Erh\u00e4ltlich mit zwei Einbaudosen-Gr\u00f6\u00dfen, kann SAINT-JEAN zudem mit einer Pulverbeschichtung individualisiert werden um eine optimale \u00e4sthetische Integration zu erzielen. Vielseitig und elegant f\u00fcgt er sich harmonisch in unterschiedliche urbane Umgebungen ein.<\/p>\n","protected":false},"featured_media":3625,"template":"","meta":{"_acf_changed":true,"inline_featured_image":false},"pdt-application":[536,537,538],"product_category":[489],"pdt-control":[477,479,482],"pdt-position":[485],"pdt-tags":[],"mix-chromatique":[474,471],"class_list":["post-4892","product","type-product","status-publish","has-post-thumbnail","hentry","pdt-application-sicherheit","pdt-application-mobilitaet-urbane-raum","pdt-application-landschaftsgestaltung","product_category-extras","pdt-control-230-v-ac","pdt-control-230-v-ac-dali","pdt-control-24-v-dc-pwm","pdt-position-einbauleuchten","mix-chromatique-beleuchtung-einfarbig","mix-chromatique-lichtmarkierung-einfarbig"],"acf":[],"_links":{"self":[{"href":"https:\/\/www.lec.fr\/de\/wp-json\/wp\/v2\/product\/4892","targetHints":{"allow":["GET"]}}],"collection":[{"href":"https:\/\/www.lec.fr\/de\/wp-json\/wp\/v2\/product"}],"about":[{"href":"https:\/\/www.lec.fr\/de\/wp-json\/wp\/v2\/types\/product"}],"wp:featuredmedia":[{"embeddable":true,"href":"https:\/\/www.lec.fr\/de\/wp-json\/wp\/v2\/media\/3625"}],"wp:attachment":[{"href":"https:\/\/www.lec.fr\/de\/wp-json\/wp\/v2\/media?parent=4892"}],"wp:term":[{"taxonomy":"pdt-application","embeddable":true,"href":"https:\/\/www.lec.fr\/de\/wp-json\/wp\/v2\/pdt-application?post=4892"},{"taxonomy":"product_category","embeddable":true,"href":"https:\/\/www.lec.fr\/de\/wp-json\/wp\/v2\/product_category?post=4892"},{"taxonomy":"pdt-control","embeddable":true,"href":"https:\/\/www.lec.fr\/de\/wp-json\/wp\/v2\/pdt-control?post=4892"},{"taxonomy":"pdt-position","embeddable":true,"href":"https:\/\/www.lec.fr\/de\/wp-json\/wp\/v2\/pdt-position?post=4892"},{"taxonomy":"pdt-tags","embeddable":true,"href":"https:\/\/www.lec.fr\/de\/wp-json\/wp\/v2\/pdt-tags?post=4892"},{"taxonomy":"mix-chromatique","embeddable":true,"href":"https:\/\/www.lec.fr\/de\/wp-json\/wp\/v2\/mix-chromatique?post=4892"}],"curies":[{"name":"wp","href":"https:\/\/api.w.org\/{rel}","templated":true}]}}