{"id":6491,"date":"2026-04-02T13:42:14","date_gmt":"2026-04-02T11:42:14","guid":{"rendered":"https:\/\/www.lec.fr\/de\/produit\/"},"modified":"2026-04-02T13:52:17","modified_gmt":"2026-04-02T11:52:17","slug":"tandem","status":"publish","type":"product","link":"https:\/\/www.lec.fr\/de\/produkt\/tandem\/","title":{"rendered":"TANDEM"},"content":{"rendered":"<div class=\"row\"><div class=\"col-12 col-xl-10 offset-xl-1 paragraph\">\n<p>TANDEM ist eine schwenkbare Wandleuchte mit doppeltem Lichtaustritt, die die gesamte technische Kompetenz und das Know-how von LEC in einem kompakten, diskreten und eleganten Format vereint. Sein besonderes Merkmal: ein modulares Doppellichtsystem mit einfach drehbaren Lichtquellen, mit dem sich jeder Lichtstrahl unabh\u00e4ngig von \u201330\u00b0 bis +30\u00b0 ausrichten l\u00e4sst, um das Licht pr\u00e4zise an den gew\u00fcnschten Effekt anzupassen. Jede Lichtquelle kann mit einer eigenen Farbtemperatur konfiguriert werden und verf\u00fcgt \u00fcber eine gro\u00dfe Auswahl an Optiken. Dies bietet maximale Gestaltungsfreiheit, um kontrastreiche Atmosph\u00e4ren zu schaffen, Architektur hervorzuheben oder ma\u00dfgeschneiderte Lichteffekte zu erzeugen. Dank seines variablen Doppellichtkegels eignet sich TANDEM f\u00fcr zahlreiche Einsatzbereiche: Tunnel, Gehwege und Fu\u00dfg\u00e4ngerbereiche, Fassaden und architektonische Inszenierungen.<\/p>\n<\/div><\/div>","protected":false},"featured_media":6462,"template":"","meta":{"_acf_changed":true,"inline_featured_image":false},"pdt-application":[535,536],"product_category":[489],"pdt-control":[477,478,479,481,482],"pdt-position":[487,483],"pdt-tags":[],"mix-chromatique":[474,476],"class_list":["post-6491","product","type-product","status-publish","has-post-thumbnail","hentry","pdt-application-verbesserung","pdt-application-sicherheit","product_category-extras","pdt-control-230-v-ac","pdt-control-230-v-ac-0-10-v","pdt-control-230-v-ac-dali","pdt-control-24-v-dc-dali","pdt-control-24-v-dc-pwm","pdt-position-masten","pdt-position-wandanbauleuchten","mix-chromatique-beleuchtung-einfarbig","mix-chromatique-beleuchtung-rgbw"],"acf":[],"_links":{"self":[{"href":"https:\/\/www.lec.fr\/de\/wp-json\/wp\/v2\/product\/6491","targetHints":{"allow":["GET"]}}],"collection":[{"href":"https:\/\/www.lec.fr\/de\/wp-json\/wp\/v2\/product"}],"about":[{"href":"https:\/\/www.lec.fr\/de\/wp-json\/wp\/v2\/types\/product"}],"wp:featuredmedia":[{"embeddable":true,"href":"https:\/\/www.lec.fr\/de\/wp-json\/wp\/v2\/media\/6462"}],"wp:attachment":[{"href":"https:\/\/www.lec.fr\/de\/wp-json\/wp\/v2\/media?parent=6491"}],"wp:term":[{"taxonomy":"pdt-application","embeddable":true,"href":"https:\/\/www.lec.fr\/de\/wp-json\/wp\/v2\/pdt-application?post=6491"},{"taxonomy":"product_category","embeddable":true,"href":"https:\/\/www.lec.fr\/de\/wp-json\/wp\/v2\/product_category?post=6491"},{"taxonomy":"pdt-control","embeddable":true,"href":"https:\/\/www.lec.fr\/de\/wp-json\/wp\/v2\/pdt-control?post=6491"},{"taxonomy":"pdt-position","embeddable":true,"href":"https:\/\/www.lec.fr\/de\/wp-json\/wp\/v2\/pdt-position?post=6491"},{"taxonomy":"pdt-tags","embeddable":true,"href":"https:\/\/www.lec.fr\/de\/wp-json\/wp\/v2\/pdt-tags?post=6491"},{"taxonomy":"mix-chromatique","embeddable":true,"href":"https:\/\/www.lec.fr\/de\/wp-json\/wp\/v2\/mix-chromatique?post=6491"}],"curies":[{"name":"wp","href":"https:\/\/api.w.org\/{rel}","templated":true}]}}