{"id":6411,"date":"2026-04-02T13:55:19","date_gmt":"2026-04-02T11:55:19","guid":{"rendered":"https:\/\/www.lec.fr\/en\/produit\/"},"modified":"2026-04-02T15:20:25","modified_gmt":"2026-04-02T13:20:25","slug":"lexa","status":"publish","type":"product","link":"https:\/\/www.lec.fr\/en\/product\/lexa\/","title":{"rendered":"LEXA\u00ae"},"content":{"rendered":"<p>Int\u00e9gr\u00e9 au sol, LEXA\u00ae \u00e9met un signal lumineux, clairement visible en toutes conditions d\u2019\u00e9clairage, aussi bien en faible qu\u2019en forte luminosit\u00e9, afin d\u2019attirer l\u2019attention des usagers et de guider les trajectoires pi\u00e9tonnes. En compl\u00e9ment d\u2019un feu ou d\u2019un syst\u00e8me de d\u00e9tection, il alerte en cas de danger potentiel et renforce la lisibilit\u00e9 des zones de travers\u00e9e. Gr\u00e2ce \u00e0 sa conception adaptable, LEXA\u00ae peut \u00eatre connect\u00e9 \u00e0 diff\u00e9rents syst\u00e8mes de pilotage : d\u00e9tection de pr\u00e9sence, synchronisation avec les feux, ou sc\u00e9narios intelligents de r\u00e9gulation des flux.<\/p>\n","protected":false},"featured_media":6416,"template":"","meta":{"_acf_changed":true,"inline_featured_image":false},"pdt-application":[532,531],"product_category":[274],"pdt-control":[278],"pdt-position":[162],"pdt-tags":[],"mix-chromatique":[294],"class_list":["post-6411","product","type-product","status-publish","has-post-thumbnail","hentry","pdt-application-safety","pdt-application-road-mobility","product_category-extras","pdt-control-24-v-dc-pwm","pdt-position-embedded","mix-chromatique-light-marking-monochrome"],"acf":[],"_links":{"self":[{"href":"https:\/\/www.lec.fr\/en\/wp-json\/wp\/v2\/product\/6411","targetHints":{"allow":["GET"]}}],"collection":[{"href":"https:\/\/www.lec.fr\/en\/wp-json\/wp\/v2\/product"}],"about":[{"href":"https:\/\/www.lec.fr\/en\/wp-json\/wp\/v2\/types\/product"}],"wp:featuredmedia":[{"embeddable":true,"href":"https:\/\/www.lec.fr\/en\/wp-json\/wp\/v2\/media\/6416"}],"wp:attachment":[{"href":"https:\/\/www.lec.fr\/en\/wp-json\/wp\/v2\/media?parent=6411"}],"wp:term":[{"taxonomy":"pdt-application","embeddable":true,"href":"https:\/\/www.lec.fr\/en\/wp-json\/wp\/v2\/pdt-application?post=6411"},{"taxonomy":"product_category","embeddable":true,"href":"https:\/\/www.lec.fr\/en\/wp-json\/wp\/v2\/product_category?post=6411"},{"taxonomy":"pdt-control","embeddable":true,"href":"https:\/\/www.lec.fr\/en\/wp-json\/wp\/v2\/pdt-control?post=6411"},{"taxonomy":"pdt-position","embeddable":true,"href":"https:\/\/www.lec.fr\/en\/wp-json\/wp\/v2\/pdt-position?post=6411"},{"taxonomy":"pdt-tags","embeddable":true,"href":"https:\/\/www.lec.fr\/en\/wp-json\/wp\/v2\/pdt-tags?post=6411"},{"taxonomy":"mix-chromatique","embeddable":true,"href":"https:\/\/www.lec.fr\/en\/wp-json\/wp\/v2\/mix-chromatique?post=6411"}],"curies":[{"name":"wp","href":"https:\/\/api.w.org\/{rel}","templated":true}]}}