{"id":6486,"date":"2026-04-02T13:42:14","date_gmt":"2026-04-02T11:42:14","guid":{"rendered":"https:\/\/www.lec.fr\/en\/produit\/"},"modified":"2026-04-02T15:41:11","modified_gmt":"2026-04-02T13:41:11","slug":"tandem","status":"publish","type":"product","link":"https:\/\/www.lec.fr\/en\/product\/tandem\/","title":{"rendered":"Tandem"},"content":{"rendered":"<p>TANDEM est une applique \u00e0 double \u00e9mission lumineuse orientable qui concentre toute la technicit\u00e9 et le savoir faire LEC dans un format compact, discret et \u00e9l\u00e9gant. Sa signature : un double \u00e9clairage modulable par simple rotation des sources, permettant d\u2019orienter chaque faisceau ind\u00e9pendamment de \u201330\u00b0 \u00e0 +30\u00b0, afin de diriger pr\u00e9cis\u00e9ment la lumi\u00e8re selon l\u2019effet recherch\u00e9. Chaque source peut \u00eatre configur\u00e9e avec une temp\u00e9rature de couleur distincte et b\u00e9n\u00e9ficie d\u2019un large choix d\u2019optiques, offrant une grande libert\u00e9 de conception pour cr\u00e9er des ambiances contrast\u00e9es, souligner l\u2019architecture ou produire des effets lumineux sur mesure. Gr\u00e2ce \u00e0 son double faisceau modulable, TANDEM s\u2019adapte \u00e0 de nombreux environnements : tunnels, trottoirs, cheminements, fa\u00e7ades et mises en valeur architecturales.<\/p>\n","protected":false},"featured_media":6461,"template":"","meta":{"_acf_changed":true,"inline_featured_image":false},"pdt-application":[534,532],"product_category":[274],"pdt-control":[280,281,282,279,278],"pdt-position":[287,284],"pdt-tags":[],"mix-chromatique":[292,290],"class_list":["post-6486","product","type-product","status-publish","has-post-thumbnail","hentry","pdt-application-enhancement","pdt-application-safety","product_category-extras","pdt-control-230-v-ac","pdt-control-230-v-ac-0-10-v","pdt-control-230-v-ac-dali","pdt-control-24-v-dc-dali","pdt-control-24-v-dc-pwm","pdt-position-mast","pdt-position-wall-mounted","mix-chromatique-lighting-monochrome","mix-chromatique-lighting-rgbw"],"acf":[],"_links":{"self":[{"href":"https:\/\/www.lec.fr\/en\/wp-json\/wp\/v2\/product\/6486","targetHints":{"allow":["GET"]}}],"collection":[{"href":"https:\/\/www.lec.fr\/en\/wp-json\/wp\/v2\/product"}],"about":[{"href":"https:\/\/www.lec.fr\/en\/wp-json\/wp\/v2\/types\/product"}],"wp:featuredmedia":[{"embeddable":true,"href":"https:\/\/www.lec.fr\/en\/wp-json\/wp\/v2\/media\/6461"}],"wp:attachment":[{"href":"https:\/\/www.lec.fr\/en\/wp-json\/wp\/v2\/media?parent=6486"}],"wp:term":[{"taxonomy":"pdt-application","embeddable":true,"href":"https:\/\/www.lec.fr\/en\/wp-json\/wp\/v2\/pdt-application?post=6486"},{"taxonomy":"product_category","embeddable":true,"href":"https:\/\/www.lec.fr\/en\/wp-json\/wp\/v2\/product_category?post=6486"},{"taxonomy":"pdt-control","embeddable":true,"href":"https:\/\/www.lec.fr\/en\/wp-json\/wp\/v2\/pdt-control?post=6486"},{"taxonomy":"pdt-position","embeddable":true,"href":"https:\/\/www.lec.fr\/en\/wp-json\/wp\/v2\/pdt-position?post=6486"},{"taxonomy":"pdt-tags","embeddable":true,"href":"https:\/\/www.lec.fr\/en\/wp-json\/wp\/v2\/pdt-tags?post=6486"},{"taxonomy":"mix-chromatique","embeddable":true,"href":"https:\/\/www.lec.fr\/en\/wp-json\/wp\/v2\/mix-chromatique?post=6486"}],"curies":[{"name":"wp","href":"https:\/\/api.w.org\/{rel}","templated":true}]}}