{"id":2942,"date":"2025-10-09T15:55:21","date_gmt":"2025-10-09T13:55:21","guid":{"rendered":"https:\/\/www.lec.fr\/?page_id=2942"},"modified":"2026-01-28T09:12:21","modified_gmt":"2026-01-28T08:12:21","slug":"carreras","status":"publish","type":"page","link":"https:\/\/www.lec.fr\/es\/carreras\/","title":{"rendered":"Carreras"},"content":{"rendered":"<\/div>\n<div id=\"block-hero-block_3ddc314436b93133ef68721e9bd55d5d\" class=\"container-fluid header_project_part px-0  block-hero\">\n        <div class=\"container\">\n        <div class=\"row\">\n            <div class=\"col-12\">\n                <nav aria-label=\"breadcrumbs\" class=\"rank-math-breadcrumb\"><p><span class=\"last\">Inicio<\/span><\/p><\/nav>                    <h1 class=\"with_line with_line_blue with_line_lg\"><span>Carreras<\/span><\/h1>\n                <div class=\"tags_part\">\n                                <\/div>\n\n\n                \n\n                            <\/div>\n        <\/div>\n\n\n    <\/div>\n<\/div>\n<div class=\"container\">\n\n\n\n\n\n\n<\/div>\n<div id=\"block-hero-block_899d94ce9a0ece92e71f20d18339c767\" class=\"container-fluid txt_media_part  block-hero\">\n    <div class=\"row\">\n        <div class=\"col-12 col-lg-6 col-xl-6 px-0 media order-1 order-lg-1\">\n            <img decoding=\"async\" src=\"https:\/\/www.lec.fr\/wp-content\/uploads\/kaleidoscope-lec.jpg\" alt=\"\" class=\"img-fluid\">        <\/div>\n        <div class=\"col-12 col-lg-6 col-xl-6 col-xxl-5 px-xl-5 pt-5 pt-lg-0 txt order-2 order-lg-2 d-flex align-items-center\">\n            <div class=\"txt_part px-2 px-xl-5\">\n            <div class=\"content\"><h2>Una empresa a escala humana,<br \/>\nuna innovaci\u00f3n constante<\/h2>\n<p>Unirte a LEC significa integrarte en una empresa con casi cincuenta a\u00f1os de trayectoria, pionera en el \u00e1mbito de la iluminaci\u00f3n LED. Tambi\u00e9n significa formar parte de un equipo de una treintena de apasionados, donde cada talento cuenta y donde la innovaci\u00f3n est\u00e1 en el coraz\u00f3n de nuestro ADN.<\/p>\n<p>Dise\u00f1amos y fabricamos en Francia, en Lyon, soluciones de iluminaci\u00f3n a medida, duraderas y de alto rendimiento. \u00bfNuestra misi\u00f3n? Realzar los espacios urbanos y arquitect\u00f3nicos gracias a una experiencia t\u00e9cnica reconocida y a un fuerte compromiso con la calidad y la sostenibilidad.<\/p>\n<\/div>            <\/div>\n        <\/div>\n    <\/div>\n\n<\/div>\n\n<div class=\"container\">\n\n\n<div style=\"height:50px\" aria-hidden=\"true\" class=\"wp-block-spacer\"><\/div>\n\n\n\n<div class=\"wp-block-columns is-layout-flex wp-container-core-columns-is-layout-9d6595d7 wp-block-columns-is-layout-flex\">\n<div class=\"wp-block-column is-layout-flow wp-block-column-is-layout-flow\"><div class=\"wp-block-image\"><div class=\"image\">\n<figure class=\"aligncenter size-full is-resized\"><img decoding=\"async\" width=\"343\" height=\"346\" src=\"https:\/\/www.lec.fr\/wp-content\/uploads\/groupe.png\" alt=\"\" class=\"wp-image-1913\" style=\"width:auto;height:100px\" srcset=\"https:\/\/www.lec.fr\/wp-content\/uploads\/groupe.png 343w, https:\/\/www.lec.fr\/wp-content\/uploads\/groupe-327x330.png 327w, https:\/\/www.lec.fr\/wp-content\/uploads\/groupe-150x150.png 150w\" sizes=\"(max-width: 343px) 100vw, 343px\" \/><\/figure>\n<\/div><\/div>\n\n<div class=\"row\"><div class=\"col-12 col-xl-10 offset-xl-1 paragraph\">\n<p class=\"has-text-align-center\">Una empresa a escala humana<\/p>\n<\/div><\/div><\/div>\n\n\n\n<div class=\"wp-block-column is-layout-flow wp-block-column-is-layout-flow\"><div class=\"wp-block-image\"><div class=\"image\">\n<figure class=\"aligncenter size-large is-resized\"><img decoding=\"async\" width=\"885\" height=\"1024\" src=\"https:\/\/www.lec.fr\/wp-content\/uploads\/idee_ampoule-885x1024.png\" alt=\"\" class=\"wp-image-1915\" style=\"width:auto;height:100px\" srcset=\"https:\/\/www.lec.fr\/wp-content\/uploads\/idee_ampoule-885x1024.png 885w, https:\/\/www.lec.fr\/wp-content\/uploads\/idee_ampoule-856x990.png 856w, https:\/\/www.lec.fr\/wp-content\/uploads\/idee_ampoule-571x660.png 571w, https:\/\/www.lec.fr\/wp-content\/uploads\/idee_ampoule-389x450.png 389w, https:\/\/www.lec.fr\/wp-content\/uploads\/idee_ampoule-285x330.png 285w, https:\/\/www.lec.fr\/wp-content\/uploads\/idee_ampoule-588x680.png 588w, https:\/\/www.lec.fr\/wp-content\/uploads\/idee_ampoule-768x888.png 768w, https:\/\/www.lec.fr\/wp-content\/uploads\/idee_ampoule-346x400.png 346w, https:\/\/www.lec.fr\/wp-content\/uploads\/idee_ampoule-316x365.png 316w, https:\/\/www.lec.fr\/wp-content\/uploads\/idee_ampoule-463x535.png 463w, https:\/\/www.lec.fr\/wp-content\/uploads\/idee_ampoule.png 1008w\" sizes=\"(max-width: 885px) 100vw, 885px\" \/><\/figure>\n<\/div><\/div>\n\n<div class=\"row\"><div class=\"col-12 col-xl-10 offset-xl-1 paragraph\">\n<p class=\"has-text-align-center\">La innovaci\u00f3n en el coraz\u00f3n de nuestro oficio<\/p>\n<\/div><\/div><\/div>\n\n\n\n<div class=\"wp-block-column is-layout-flow wp-block-column-is-layout-flow\"><div class=\"wp-block-image\"><div class=\"image\">\n<figure class=\"aligncenter size-full is-resized\"><img decoding=\"async\" width=\"550\" height=\"494\" src=\"https:\/\/www.lec.fr\/wp-content\/uploads\/bulles_discussion.png\" alt=\"\" class=\"wp-image-1917\" style=\"width:auto;height:100px\" srcset=\"https:\/\/www.lec.fr\/wp-content\/uploads\/bulles_discussion.png 550w, https:\/\/www.lec.fr\/wp-content\/uploads\/bulles_discussion-450x404.png 450w, https:\/\/www.lec.fr\/wp-content\/uploads\/bulles_discussion-330x296.png 330w, https:\/\/www.lec.fr\/wp-content\/uploads\/bulles_discussion-400x359.png 400w, https:\/\/www.lec.fr\/wp-content\/uploads\/bulles_discussion-365x328.png 365w, https:\/\/www.lec.fr\/wp-content\/uploads\/bulles_discussion-535x481.png 535w\" sizes=\"(max-width: 550px) 100vw, 550px\" \/><\/figure>\n<\/div><\/div>\n\n<div class=\"row\"><div class=\"col-12 col-xl-10 offset-xl-1 paragraph\">\n<p class=\"has-text-align-center\">Un entorno benevolente y colaborativo<\/p>\n<\/div><\/div><\/div>\n\n\n\n<div class=\"wp-block-column is-layout-flow wp-block-column-is-layout-flow\"><div class=\"wp-block-image\"><div class=\"image\">\n<figure class=\"aligncenter size-full is-resized\"><img decoding=\"async\" width=\"603\" height=\"675\" src=\"https:\/\/www.lec.fr\/wp-content\/uploads\/carte_france_bbr-1.png\" alt=\"\" class=\"wp-image-1919\" style=\"width:auto;height:100px\" srcset=\"https:\/\/www.lec.fr\/wp-content\/uploads\/carte_france_bbr-1.png 603w, https:\/\/www.lec.fr\/wp-content\/uploads\/carte_france_bbr-1-590x660.png 590w, https:\/\/www.lec.fr\/wp-content\/uploads\/carte_france_bbr-1-402x450.png 402w, https:\/\/www.lec.fr\/wp-content\/uploads\/carte_france_bbr-1-295x330.png 295w, https:\/\/www.lec.fr\/wp-content\/uploads\/carte_france_bbr-1-357x400.png 357w, https:\/\/www.lec.fr\/wp-content\/uploads\/carte_france_bbr-1-326x365.png 326w, https:\/\/www.lec.fr\/wp-content\/uploads\/carte_france_bbr-1-478x535.png 478w\" sizes=\"(max-width: 603px) 100vw, 603px\" \/><\/figure>\n<\/div><\/div>\n\n<div class=\"row\"><div class=\"col-12 col-xl-10 offset-xl-1 paragraph\">\n<p class=\"has-text-align-center\">Un saber hacer Made in France<\/p>\n<\/div><\/div><\/div>\n<\/div>\n\n\n<div class=\"row\"><div class=\"col-12 col-xl-10 offset-xl-1 heading\">\n<h2 class=\"wp-block-heading\"><span>Integrarse en LEC<br>tambi\u00e9n es<br>formar parte de un grupo<\/span><\/h2>\n<\/div><\/div>\n\n\n<div style=\"height:50px\" aria-hidden=\"true\" class=\"wp-block-spacer\"><\/div>\n\n\n<div class=\"row\"><div class=\"col-12 col-xl-10 offset-xl-1 paragraph\">\n<p>Dise\u00f1ador y fabricante de soluciones globales de alumbrado p\u00fablico, el <a href=\"https:\/\/www.groupe-ragni.com\/es\/\" target=\"_blank\" rel=\"noreferrer noopener\">GRUPO RAGNI<\/a> es un socio privilegiado de los territorios conectados, acompa\u00f1ando a las administraciones locales en su transici\u00f3n energ\u00e9tica y medioambiental.<\/p>\n<\/div><\/div>\n\n<div class=\"row\"><div class=\"col-12 col-xl-10 offset-xl-1 paragraph\">\n<p>Fundada en 1927 y actualmente empresa con misi\u00f3n, la casa matriz <a href=\"https:\/\/www.ragni.com\/es\/\" target=\"_blank\" rel=\"noreferrer noopener\">RAGNI<\/a> es una empresa familiar dirigida por la cuarta generaci\u00f3n y especializada en alumbrado p\u00fablico conectado, combinando saber hacer artesanal y dominio industrial.<\/p>\n<\/div><\/div>\n\n<div class=\"row\"><div class=\"col-12 col-xl-10 offset-xl-1 paragraph\">\n<p>Desde 2015, el Grupo ha ampliado su experiencia gracias a la integraci\u00f3n de <a href=\"https:\/\/www.novea-energies.com\/es\/\" target=\"_blank\" rel=\"noreferrer noopener\">NOV\u00c9A \u00c9NERGIES<\/a>, especialista primero en alumbrado p\u00fablico aut\u00f3nomo, y posteriormente de <a href=\"https:\/\/sev-e.com\/es\/\" target=\"_blank\" rel=\"noreferrer noopener\">SEV\u24d4<\/a> en 2022, tambi\u00e9n empresa con misi\u00f3n, que propone optimizar los recursos de las administraciones conectando sus infraestructuras.<\/p>\n<\/div><\/div>\n\n<div class=\"row\"><div class=\"col-12 col-xl-10 offset-xl-1 paragraph\">\n<p>En 2023, la <a href=\"https:\/\/www.ragni.com\/en\/acquisition-of-the-german-brand-hess\/\" target=\"_blank\" rel=\"noopener\">adquisici\u00f3n de las marcas HESS<\/a> y <a href=\"https:\/\/www.vulkan.eu\/en\/\" target=\"_blank\" rel=\"noopener\">VULKAN<\/a>, pioneras alemanas del alumbrado p\u00fablico de dise\u00f1o y funcional, reforz\u00f3 la dimensi\u00f3n europea del Grupo y afirm\u00f3 su excelencia industrial. En 2024, LEC, actor hist\u00f3rico lion\u00e9s especializado en la puesta en valor urbana y el balizamiento, se une a la empresa familiar junto con <a href=\"https:\/\/www.eco-innov.com\/en\/\" target=\"_blank\" rel=\"noopener\">ECO INNOV<\/a>, experta en balizas luminosas de bajo consumo energ\u00e9tico, consolidando as\u00ed el compromiso del GRUPO RAGNI de ofrecer una propuesta cada vez m\u00e1s diversificada e innovadora.<\/p>\n<\/div><\/div>\n\n\n<div class=\"wp-block-columns col-img is-layout-flex wp-container-core-columns-is-layout-9d6595d7 wp-block-columns-is-layout-flex\">\n<div class=\"wp-block-column is-layout-flow wp-block-column-is-layout-flow\" style=\"flex-basis:800px\"><div class=\"wp-block-image\"><div class=\"image\">\n<figure class=\"aligncenter size-full\"><img decoding=\"async\" width=\"1811\" height=\"1900\" src=\"https:\/\/www.lec.fr\/wp-content\/uploads\/Rosace_marques_26092024-1-1811x1900.png\" alt=\"\" class=\"wp-image-1000\" srcset=\"https:\/\/www.lec.fr\/wp-content\/uploads\/Rosace_marques_26092024-1-1811x1900.png 1811w, https:\/\/www.lec.fr\/wp-content\/uploads\/Rosace_marques_26092024-1-1258x1320.png 1258w, https:\/\/www.lec.fr\/wp-content\/uploads\/Rosace_marques_26092024-1-943x990.png 943w, https:\/\/www.lec.fr\/wp-content\/uploads\/Rosace_marques_26092024-1-629x660.png 629w, https:\/\/www.lec.fr\/wp-content\/uploads\/Rosace_marques_26092024-1-429x450.png 429w, https:\/\/www.lec.fr\/wp-content\/uploads\/Rosace_marques_26092024-1-314x330.png 314w, https:\/\/www.lec.fr\/wp-content\/uploads\/Rosace_marques_26092024-1-648x680.png 648w, https:\/\/www.lec.fr\/wp-content\/uploads\/Rosace_marques_26092024-1-768x806.png 768w, https:\/\/www.lec.fr\/wp-content\/uploads\/Rosace_marques_26092024-1-976x1024.png 976w, https:\/\/www.lec.fr\/wp-content\/uploads\/Rosace_marques_26092024-1-1464x1536.png 1464w, https:\/\/www.lec.fr\/wp-content\/uploads\/Rosace_marques_26092024-1-381x400.png 381w, https:\/\/www.lec.fr\/wp-content\/uploads\/Rosace_marques_26092024-1-348x365.png 348w, https:\/\/www.lec.fr\/wp-content\/uploads\/Rosace_marques_26092024-1-510x535.png 510w, https:\/\/www.lec.fr\/wp-content\/uploads\/Rosace_marques_26092024-1.png 1865w\" sizes=\"(max-width: 1811px) 100vw, 1811px\" \/><\/figure>\n<\/div><\/div><\/div>\n<\/div>\n\n\n<div class=\"row\"><div class=\"col-12 col-xl-10 offset-xl-1 heading\">\n<h2 class=\"wp-block-heading\"><span>Nuestros oficios<\/span><\/h2>\n<\/div><\/div>\n\n\n<div style=\"height:50px\" aria-hidden=\"true\" class=\"wp-block-spacer\"><\/div>\n\n\n<div class=\"row\"><div class=\"col-12 col-xl-10 offset-xl-1 paragraph\">\n<p>Reunimos competencias variadas para llevar a cabo nuestros proyectos. Las grandes familias de oficios que componen nuestra empresa son:<\/p>\n<\/div><\/div>\n\n<div class=\"row\"><div class=\"col-12 col-xl-10 offset-xl-1 list\">\n<ul class=\"wp-block-list\">\n<li>Oficina t\u00e9cnica &amp; I+D \u2013 Dise\u00f1o y desarrollo de soluciones innovadoras<\/li>\n\n\n\n<li>Producci\u00f3n &amp; Calidad \u2013 Fabricaci\u00f3n y control de los luminarios<\/li>\n\n\n\n<li>Marketing &amp; Comercial \u2013 Promoci\u00f3n y acompa\u00f1amiento de los proyectos de clientes<\/li>\n\n\n\n<li>Log\u00edstica &amp; Soporte \u2013 Gesti\u00f3n de flujos y optimizaci\u00f3n de procesos<\/li>\n\n\n\n<li>Administraci\u00f3n &amp; Recursos Humanos \u2013 Direcci\u00f3n y acompa\u00f1amiento de nuestros equipos<\/li>\n<\/ul>\n<\/div><\/div>\n\n\n<div style=\"height:50px\" aria-hidden=\"true\" class=\"wp-block-spacer\"><\/div>\n\n\n<div class=\"row\"><div class=\"col-12 col-xl-10 offset-xl-1 heading\">\n<h2 class=\"wp-block-heading\"><span>\u00bfListo\/a para unirte a nosotros?<\/span><\/h2>\n<\/div><\/div>\n\n\n<div style=\"height:50px\" aria-hidden=\"true\" class=\"wp-block-spacer\"><\/div>\n\n\n<div class=\"row\"><div class=\"col-12 col-xl-10 offset-xl-1 heading\">\n<h3 class=\"wp-block-heading has-text-align-center\">Consulta nuestras ofertas de empleo<\/h3>\n<\/div><\/div>\n\n<div id=\"block-hero-block_b5252d61f610f04c7562c5f58440616d\" class=\"container job_offer_part  block-hero\">\n    <div class=\"row \">\n        <div class=\"col-12 col-xl-10 offset-xl-1 text-center paragraph\"><p>Actualmente no hay puestos vacantes.<\/p><\/div>    <\/div>\n\n<\/div>\n\n\n<div style=\"height:50px\" aria-hidden=\"true\" class=\"wp-block-spacer\"><\/div>\n\n\n<div class=\"row\"><div class=\"col-12 col-xl-10 offset-xl-1 heading\">\n<h3 class=\"wp-block-heading has-text-align-center\">Env\u00edanos tu candidatura espont\u00e1nea<\/h3>\n<\/div><\/div>\n\n\n<div id=\"block-hero-block_c74e757296aa232a440310b4a442013e\" class=\"container form_part  block-hero\">\n    <div class=\"row\">\n        <div class=\"col-12 col-xl-8 offset-xl-2 form_bloc\">\n            \n<div class=\"wpcf7 no-js\" id=\"wpcf7-f4999-o1\" lang=\"es-ES\" dir=\"ltr\" data-wpcf7-id=\"4999\">\n<div class=\"screen-reader-response\"><p role=\"status\" aria-live=\"polite\" aria-atomic=\"true\"><\/p> <ul><\/ul><\/div>\n<form action=\"\/es\/wp-json\/wp\/v2\/pages\/2942#wpcf7-f4999-o1\" method=\"post\" class=\"wpcf7-form init\" aria-label=\"Formulario de contacto\" novalidate=\"novalidate\" data-status=\"init\">\n<fieldset class=\"hidden-fields-container\"><input type=\"hidden\" name=\"_wpcf7\" value=\"4999\" \/><input type=\"hidden\" name=\"_wpcf7_version\" value=\"6.1.5\" \/><input type=\"hidden\" name=\"_wpcf7_locale\" value=\"es_ES\" \/><input type=\"hidden\" name=\"_wpcf7_unit_tag\" value=\"wpcf7-f4999-o1\" \/><input type=\"hidden\" name=\"_wpcf7_container_post\" value=\"0\" \/><input type=\"hidden\" name=\"_wpcf7_posted_data_hash\" value=\"\" \/><input type=\"hidden\" name=\"_wpcf7cf_hidden_group_fields\" value=\"[]\" \/><input type=\"hidden\" name=\"_wpcf7cf_hidden_groups\" value=\"[]\" \/><input type=\"hidden\" name=\"_wpcf7cf_visible_groups\" value=\"[]\" \/><input type=\"hidden\" name=\"_wpcf7cf_repeaters\" value=\"[]\" \/><input type=\"hidden\" name=\"_wpcf7cf_steps\" value=\"{}\" \/><input type=\"hidden\" name=\"_wpcf7cf_options\" value=\"{&quot;form_id&quot;:4999,&quot;conditions&quot;:[],&quot;settings&quot;:{&quot;animation&quot;:&quot;yes&quot;,&quot;animation_intime&quot;:200,&quot;animation_outtime&quot;:200,&quot;conditions_ui&quot;:&quot;normal&quot;,&quot;notice_dismissed&quot;:false}}\" \/><input type=\"hidden\" name=\"_wpcf7dtx_version\" value=\"5.0.4\" \/>\n<\/fieldset>\n<div class=\"row\">\n\t<div class=\"form-group col-12\">\n\t\t<p class=\"title\">Candidatura espont\u00e1nea\n\t\t<\/p>\n\t<\/div>\n<\/div>\n<div class=\"row\">\n\t<div class=\"form-group col-12\">\n\t\t<p><label class=\"form-label visually-hidden\" for=\"nom\">Tratamiento<\/label><br \/>\n<span class=\"wpcf7-form-control-wrap\" data-name=\"civilite\"><span class=\"wpcf7-form-control wpcf7-radio\"><span class=\"wpcf7-list-item first\"><label><input type=\"radio\" name=\"civilite\" value=\"Se\u00f1or\" \/><span class=\"wpcf7-list-item-label\">Se\u00f1or<\/span><\/label><\/span><span class=\"wpcf7-list-item\"><label><input type=\"radio\" name=\"civilite\" value=\"Se\u00f1ora\" \/><span class=\"wpcf7-list-item-label\">Se\u00f1ora<\/span><\/label><\/span><span class=\"wpcf7-list-item last\"><label><input type=\"radio\" name=\"civilite\" value=\"Prefiero no decirlo\" \/><span class=\"wpcf7-list-item-label\">Prefiero no decirlo<\/span><\/label><\/span><\/span><\/span>\n\t\t<\/p>\n\t<\/div>\n<\/div>\n<div class=\"row\">\n\t<div class=\"form-group col-12 col-md-6\">\n\t\t<p><label class=\"form-label\" for=\"nom\">Apellido *<\/label><br \/>\n<span class=\"wpcf7-form-control-wrap\" data-name=\"nom\"><input size=\"40\" maxlength=\"400\" class=\"wpcf7-form-control wpcf7-text wpcf7-validates-as-required form-control\" id=\"nom\" aria-required=\"true\" aria-invalid=\"false\" value=\"\" type=\"text\" name=\"nom\" \/><\/span>\n\t\t<\/p>\n\t<\/div>\n\t<div class=\"form-group col-12 col-md-6\">\n\t\t<p><label class=\"form-label\" for=\"prenom\">Nombre *<\/label><br \/>\n<span class=\"wpcf7-form-control-wrap\" data-name=\"prenom\"><input size=\"40\" maxlength=\"400\" class=\"wpcf7-form-control wpcf7-text wpcf7-validates-as-required form-control\" id=\"prenom\" aria-required=\"true\" aria-invalid=\"false\" value=\"\" type=\"text\" name=\"prenom\" \/><\/span>\n\t\t<\/p>\n\t<\/div>\n<\/div>\n<div class=\"row\">\n\t<div class=\"form-group col-12 col-md-6\">\n\t\t<p><label class=\"form-label\" for=\"tel\">Tel\u00e9fono *<\/label><br \/>\n<span class=\"wpcf7-form-control-wrap\" data-name=\"tel\"><input size=\"40\" maxlength=\"400\" class=\"wpcf7-form-control wpcf7-text wpcf7-validates-as-required form-control\" id=\"tel\" aria-required=\"true\" aria-invalid=\"false\" value=\"\" type=\"text\" name=\"tel\" \/><\/span>\n\t\t<\/p>\n\t<\/div>\n\t<div class=\"form-group col-12 col-md-6\">\n\t\t<p><label class=\"form-label\" for=\"email\">Correo electr\u00f3nico *<\/label><br \/>\n<span class=\"wpcf7-form-control-wrap\" data-name=\"email\"><input size=\"40\" maxlength=\"400\" class=\"wpcf7-form-control wpcf7-email wpcf7-validates-as-required wpcf7-text wpcf7-validates-as-email form-control\" id=\"email\" aria-required=\"true\" aria-invalid=\"false\" value=\"\" type=\"email\" name=\"email\" \/><\/span>\n\t\t<\/p>\n\t<\/div>\n<\/div>\n<div class=\"row\">\n\t<div class=\"form-group col-12 mb-4\">\n\t\t<p><label class=\"form-label\" for=\"address\">Direcci\u00f3n<\/label><br \/>\n<span class=\"wpcf7-form-control-wrap\" data-name=\"address\"><input size=\"40\" maxlength=\"400\" class=\"wpcf7-form-control wpcf7-text form-control\" id=\"address\" aria-invalid=\"false\" value=\"\" type=\"text\" name=\"address\" \/><\/span>\n\t\t<\/p>\n\t<\/div>\n\t<div class=\"form-group col-12 col-md-6\">\n\t\t<p><label class=\"form-label\" for=\"zipcode\">C\u00f3digo postal<\/label><br \/>\n<span class=\"wpcf7-form-control-wrap\" data-name=\"zipcode\"><input size=\"40\" maxlength=\"400\" class=\"wpcf7-form-control wpcf7-text form-control\" id=\"zipcode\" aria-invalid=\"false\" value=\"\" type=\"text\" name=\"zipcode\" \/><\/span>\n\t\t<\/p>\n\t<\/div>\n\t<div class=\"form-group col-12 col-md-6\">\n\t\t<p><label class=\"form-label\" for=\"city\">Ciudad<\/label><br \/>\n<span class=\"wpcf7-form-control-wrap\" data-name=\"city\"><input size=\"40\" maxlength=\"400\" class=\"wpcf7-form-control wpcf7-text form-control\" id=\"city\" aria-invalid=\"false\" value=\"\" type=\"text\" name=\"city\" \/><\/span>\n\t\t<\/p>\n\t<\/div>\n<\/div>\n<div class=\"row\">\n\t<div class=\"form-group col-12\">\n\t\t<p><label for=\"message\">Mensaje<\/label><br \/>\n<span class=\"wpcf7-form-control-wrap\" data-name=\"message\"><textarea cols=\"40\" rows=\"10\" maxlength=\"2000\" class=\"wpcf7-form-control wpcf7-textarea form-control\" id=\"message\" aria-invalid=\"false\" name=\"message\"><\/textarea><\/span>\n\t\t<\/p>\n\t<\/div>\n<\/div>\n<div class=\"row\">\n\t<div class=\"form-group col-12 col-md-6\">\n\t\t<p><label for=\"CV\">Curr\u00edculum vitae *<\/label><br \/>\n<span class=\"wpcf7-form-control-wrap\" data-name=\"CV\"><input size=\"40\" class=\"wpcf7-form-control wpcf7-drag-n-drop-file d-none\" aria-required=\"true\" aria-invalid=\"false\" type=\"file\" multiple=\"multiple\" data-name=\"CV\" data-type=\"pdf|doc|docx\" data-id=\"4999\" data-version=\"free version 1.3.9.5\" accept=\".pdf, .doc, .docx\" \/><\/span><span class=\"desc\">(.doc, .docx, .pdf hasta 2 MB)<\/span>\n\t\t<\/p>\n\t<\/div>\n\t<div class=\"form-group col-12 col-md-6\">\n\t\t<p><label for=\"letter\">Carta de motivaci\u00f3n<\/label><br \/>\n<span class=\"wpcf7-form-control-wrap\" data-name=\"letter\"><input size=\"40\" class=\"wpcf7-form-control wpcf7-drag-n-drop-file d-none\" aria-invalid=\"false\" type=\"file\" multiple=\"multiple\" data-name=\"letter\" data-type=\"pdf|doc|docx\" data-id=\"4999\" data-version=\"free version 1.3.9.5\" accept=\".pdf, .doc, .docx\" \/><\/span><span class=\"desc\">(.doc, .docx, .pdf hasta 2 MB)<\/span>\n\t\t<\/p>\n\t<\/div>\n<\/div>\n<div class=\"row\">\n\t<div class=\"col-12 text-start\">\n\t\n\t<\/div>\n<\/div>\n<div class=\"row\">\n\t<div class=\"col-12 text-center\">\n\t\t<p><span class=\"wpcf7-form-control-wrap kc_captcha\" data-name=\"kc_captcha\"><span class=\"wpcf7-form-control wpcf7-radio\"><span class=\"captcha-image\" ><span class=\"cf7ic_instructions\">Por favor, prueba que eres humano seleccionando el<span> coraz\u00f3n<\/span>.<\/span><label><input aria-label=\"1\" type=\"radio\" name=\"kc_captcha\" value=\"kc_human\" \/><svg aria-hidden=\"true\" role=\"img\" xmlns=\"http:\/\/www.w3.org\/2000\/svg\" viewBox=\"0 0 576 512\"><path fill=\"currentColor\" d=\"M415 24c-53 0-103 42-127 65-24-23-74-65-127-65C70 24 16 77 16 166c0 72 67 133 69 135l187 181c9 8 23 8 32 0l187-180c2-3 69-64 69-136 0-89-54-142-145-142z\"\/><\/svg><\/label><label><input aria-label=\"2\" type=\"radio\" name=\"kc_captcha\" value=\"bot\" \/><svg aria-hidden=\"true\" role=\"img\" xmlns=\"http:\/\/www.w3.org\/2000\/svg\" viewBox=\"0 0 576 512\"><path fill=\"currentColor\" d=\"M259 18l-65 132-146 22c-26 3-37 36-18 54l106 103-25 146c-5 26 23 46 46 33l131-68 131 68c23 13 51-7 46-33l-25-146 106-103c19-18 8-51-18-54l-146-22-65-132a32 32 0 00-58 0z\"\/><\/svg><\/label><label><input aria-label=\"3\" type=\"radio\" name=\"kc_captcha\" value=\"bot\" \/><svg aria-hidden=\"true\" role=\"img\" xmlns=\"http:\/\/www.w3.org\/2000\/svg\" viewBox=\"0 0 512 512\"><path fill=\"currentColor\" d=\"M512 176a176 176 0 01-209 173l-24 27a24 24 0 01-18 8h-37v40c0 13-11 24-24 24h-40v40c0 13-11 24-24 24H24c-13 0-24-11-24-24v-78c0-6 3-13 7-17l162-162a176 176 0 11343-55zm-176-48a48 48 0 1096 0 48 48 0 00-96 0z\"\/><\/svg><\/label>\r\n    <\/span>\r\n    <span style=\"display:none\">\r\n        <input type=\"text\" name=\"kc_honeypot\">\r\n    <\/span><\/span><\/span>\n\t\t<\/p>\n\t<\/div>\n<\/div>\n<div class=\"row\">\n\t<div class=\"col-12 text-center\">\n\t\t<p><input class=\"wpcf7-form-control wpcf7-submit has-spinner btn mainColor bg-gold\" type=\"submit\" value=\"Enviar mi candidatura\" \/>\n\t\t<\/p>\n\t<\/div>\n<\/div>\n<p><script>\nvar rgpdJson = {\n    type: 'geojson',\n    data: ['<p>Los datos personales recopilados est\u00e1n destinados a Lec Innov y se utilizan para tramitar su candidatura con el fin de poder ofrecerle, en su caso, un contrato de trabajo. En caso de que su candidatura no sea seleccionada, dichos datos se conservar\u00e1n durante un per\u00edodo m\u00e1ximo de dos (2) a\u00f1os.<\/p><p>De conformidad con la normativa sobre protecci\u00f3n de datos personales, usted dispone de los derechos de acceso, rectificaci\u00f3n, supresi\u00f3n, portabilidad y limitaci\u00f3n del tratamiento de sus datos personales, as\u00ed como del derecho a establecer directrices sobre el destino de sus datos tras su fallecimiento. Asimismo, tiene derecho a oponerse al tratamiento de sus datos personales.<br \/>Puede ejercer sus derechos contactando con el Delegado de Protecci\u00f3n de Datos (DPO) en: dpo@lec.fr<br \/>o en BAT D, 69 rue Gorge de Loup, 69009 Lyon.<br \/>Tambi\u00e9n tiene derecho a presentar una reclamaci\u00f3n ante la CNIL.<\/p><p>Para obtener m\u00e1s informaci\u00f3n sobre la gesti\u00f3n de sus datos y sus derechos, consulte nuestra pol\u00edtica de protecci\u00f3n de datos.<\/p>'],\n};\n<\/script>\n\n            <div class=\"rgpd__block\">\n                 <div class=\"rgpd__title\">RGPD \u2013 protecci\u00f3n de datos<\/div>\n                 <div class=\"rgpd__content\"><\/div>\n            <\/div>\n<\/p><p style=\"display: none !important;\" class=\"akismet-fields-container\" data-prefix=\"_wpcf7_ak_\"><label>&#916;<textarea name=\"_wpcf7_ak_hp_textarea\" cols=\"45\" rows=\"8\" maxlength=\"100\"><\/textarea><\/label><input type=\"hidden\" id=\"ak_js_1\" name=\"_wpcf7_ak_js\" value=\"7\"\/><script>document.getElementById( \"ak_js_1\" ).setAttribute( \"value\", ( new Date() ).getTime() );<\/script><\/p><div class=\"wpcf7-response-output\" aria-hidden=\"true\"><\/div>\n<\/form>\n<\/div>\n        <\/div>\n    <\/div>\n\n<\/div>\n\n","protected":false},"excerpt":{"rendered":"<p>Una empresa a escala humana La innovaci\u00f3n en el coraz\u00f3n de nuestro oficio Un entorno benevolente y colaborativo Un saber hacer Made in France Integrarse en LECtambi\u00e9n esformar parte de un grupo Dise\u00f1ador y fabricante de soluciones globales de alumbrado p\u00fablico, el GRUPO RAGNI es un socio privilegiado de los territorios conectados, acompa\u00f1ando a las [&hellip;]<\/p>\n","protected":false},"author":1,"featured_media":0,"parent":0,"menu_order":0,"comment_status":"closed","ping_status":"closed","template":"","meta":{"_acf_changed":false,"inline_featured_image":false,"footnotes":""},"class_list":["post-2942","page","type-page","status-publish","hentry"],"acf":[],"_links":{"self":[{"href":"https:\/\/www.lec.fr\/es\/wp-json\/wp\/v2\/pages\/2942","targetHints":{"allow":["GET"]}}],"collection":[{"href":"https:\/\/www.lec.fr\/es\/wp-json\/wp\/v2\/pages"}],"about":[{"href":"https:\/\/www.lec.fr\/es\/wp-json\/wp\/v2\/types\/page"}],"author":[{"embeddable":true,"href":"https:\/\/www.lec.fr\/es\/wp-json\/wp\/v2\/users\/1"}],"replies":[{"embeddable":true,"href":"https:\/\/www.lec.fr\/es\/wp-json\/wp\/v2\/comments?post=2942"}],"version-history":[{"count":6,"href":"https:\/\/www.lec.fr\/es\/wp-json\/wp\/v2\/pages\/2942\/revisions"}],"predecessor-version":[{"id":5693,"href":"https:\/\/www.lec.fr\/es\/wp-json\/wp\/v2\/pages\/2942\/revisions\/5693"}],"wp:attachment":[{"href":"https:\/\/www.lec.fr\/es\/wp-json\/wp\/v2\/media?parent=2942"}],"curies":[{"name":"wp","href":"https:\/\/api.w.org\/{rel}","templated":true}]}}