{"id":4489,"date":"2025-09-30T15:10:07","date_gmt":"2025-09-30T13:10:07","guid":{"rendered":"https:\/\/www.lec.fr\/?page_id=4489"},"modified":"2025-12-30T15:11:21","modified_gmt":"2025-12-30T14:11:21","slug":"compromisos","status":"publish","type":"page","link":"https:\/\/www.lec.fr\/es\/compromisos\/","title":{"rendered":"Compromisos"},"content":{"rendered":"<\/div>\n<div id=\"block-hero-block_3a751c176c627eb6a1ff558b4d464293\" class=\"container-fluid header_page_part px-0  block-hero\">\n    <div class=\"cover\" style=\"background:url(https:\/\/www.lec.fr\/wp-content\/uploads\/1_Accueil_engagement-1-1900x395.jpg) no-repeat center \/ cover\"><img decoding=\"async\" src=\"https:\/\/www.lec.fr\/wp-content\/uploads\/1_Accueil_engagement-1-1900x395.jpg\" alt=\"https:\/\/www.lec.fr\/wp-content\/uploads\/1_Accueil_engagement-1-1900x395.jpg\" class=\"img-fluid d-none\"><\/div>    <div class=\"container\">\n        <div class=\"row\">\n            <div class=\"col-12 col-md-12 col-lg-11 col-xl-9 col-xxl-8\">\n                <nav aria-label=\"breadcrumbs\" class=\"rank-math-breadcrumb\"><p><span class=\"last\">Inicio<\/span><\/p><\/nav>                                    <h1 class=\"\">Reinventar la noche, de forma responsable<\/h1>\n                                \n                <p>Cada d\u00eda, la luz modela nuestros espacios y nuestra percepci\u00f3n del mundo. LEC apuesta por una iluminaci\u00f3n razonada, donde el rendimiento, la est\u00e9tica y el respeto por el medio ambiente se combinan para sublimar la noche sin desnaturalizarla.<\/p>\n\n\n                            <\/div>\n        <\/div>\n\n\n    <\/div>\n<\/div>\n<div class=\"container\">\n\n\n\n\n\n\n<div style=\"height:50px\" aria-hidden=\"true\" class=\"wp-block-spacer\"><\/div>\n\n\n<div class=\"row\"><div class=\"col-12 col-xl-10 offset-xl-1 heading\">\n<h2 class=\"wp-block-heading\"><span>Una iluminaci\u00f3n razonada,<br>integrada y respetuosa<\/span><\/h2>\n<\/div><\/div>\n\n\n<div style=\"height:30px\" aria-hidden=\"true\" class=\"wp-block-spacer\"><\/div>\n\n\n\n<\/div>\n<div id=\"block-hero-block_61415b0fef774454fd18cf39ef570dc7\" class=\"container-fluid txt_media_part  block-hero\">\n    <div class=\"row\">\n        <div class=\"col-12 col-lg-6 col-xl-6 px-0 media order-1 order-lg-1\">\n            <img decoding=\"async\" src=\"https:\/\/www.lec.fr\/wp-content\/uploads\/69_4040_LUMINY_4_Lyon-7.jpg\" alt=\"\" class=\"img-fluid\">        <\/div>\n        <div class=\"col-12 col-lg-6 col-xl-6 col-xxl-5 px-xl-5 pt-5 pt-lg-0 txt order-2 order-lg-2 d-flex align-items-center\">\n            <div class=\"txt_part px-2 px-xl-5\">\n            <div class=\"content\"><h3>Limitar la contaminaci\u00f3n visual<\/h3>\n<p>La iluminaci\u00f3n urbana es aliada del paisaje. Nuestras soluciones se integran de forma discreta en el mobiliario urbano, los suelos y las fachadas, preservando la est\u00e9tica de los lugares y garantizando al mismo tiempo un confort visual \u00f3ptimo. Una ciudad m\u00e1s fluida, m\u00e1s bella y m\u00e1s agradable pasa por una iluminaci\u00f3n justa de los espacios.<\/p>\n<p>&nbsp;<\/p>\n<h3>Reducir la contaminaci\u00f3n lum\u00ednica<\/h3>\n<p>Dise\u00f1amos nuestras luminarias para controlar la difusi\u00f3n de la luz y reducir su impacto en el entorno nocturno. Nuestras soluciones limitan las emisiones innecesarias hacia el cielo y evitan el deslumbramiento, contribuyendo as\u00ed a la preservaci\u00f3n de la biodiversidad y de la calidad del cielo nocturno.<\/p>\n<ul>\n<li>Una iluminaci\u00f3n focalizada y direccional para minimizar las molestias luminosas.<\/li>\n<li>Una mejor convivencia entre la ciudad y la naturaleza gracias a una luz suave y controlada.<\/li>\n<li>Una visibilidad \u00f3ptima sin comprometer la oscuridad natural.<\/li>\n<\/ul>\n<p>&nbsp;<\/p>\n<\/div>            <\/div>\n        <\/div>\n    <\/div>\n\n<\/div>\n\n<div class=\"container\">\n\n\n<div style=\"height:50px\" aria-hidden=\"true\" class=\"wp-block-spacer\"><\/div>\n\n\n<div class=\"row\"><div class=\"col-12 col-xl-10 offset-xl-1 heading\">\n<h2 class=\"wp-block-heading\"><span>Durabilidad y sobriedad energ\u00e9tica<\/span><\/h2>\n<\/div><\/div>\n\n\n<div style=\"height:30px\" aria-hidden=\"true\" class=\"wp-block-spacer\"><\/div>\n\n\n<div class=\"row\"><div class=\"col-12 col-xl-10 offset-xl-1 paragraph\">\n<p>Integramos las mejores tecnolog\u00edas para optimizar el consumo energ\u00e9tico y garantizar una iluminaci\u00f3n eficiente y duradera.<\/p>\n<\/div><\/div>\n\n<div class=\"row\"><div class=\"col-12 col-xl-10 offset-xl-1 list\">\n<ul class=\"wp-block-list\">\n<li>LED de alta eficiencia para una iluminaci\u00f3n potente con un consumo reducido.<\/li>\n\n\n\n<li>Luminarias de larga duraci\u00f3n, que limitan los residuos y las sustituciones frecuentes.<\/li>\n\n\n\n<li>Un sistema de retrofit para sustituir antiguas fuentes luminosas.<\/li>\n\n\n\n<li>Materiales resistentes y ecodise\u00f1ados para minimizar la huella de carbono.<\/li>\n\n\n\n<li>Sistemas de gesti\u00f3n inteligente (regulaci\u00f3n autom\u00e1tica, detectores de presencia) para adaptar la luz a las necesidades reales.<\/li>\n<\/ul>\n<\/div><\/div>\n\n\n<div style=\"height:50px\" aria-hidden=\"true\" class=\"wp-block-spacer\"><\/div>\n\n\n<div class=\"row\"><div class=\"col-12 col-xl-10 offset-xl-1 heading\">\n<h2 class=\"wp-block-heading\"><span>Productos fabricados en Francia:<br>una garant\u00eda de excelencia<\/span><\/h2>\n<\/div><\/div>\n\n\n<div style=\"height:30px\" aria-hidden=\"true\" class=\"wp-block-spacer\"><\/div>\n\n\n<div class=\"row\"><div class=\"col-12 col-xl-10 offset-xl-1 paragraph\">\n<p>Desde hace m\u00e1s de 40 a\u00f1os, dise\u00f1amos soluciones de iluminaci\u00f3n que combinan fiabilidad, experiencia e innovaci\u00f3n, fabricadas en Francia con una atenci\u00f3n constante al detalle.<\/p>\n<\/div><\/div>\n\n<div class=\"row\"><div class=\"col-12 col-xl-10 offset-xl-1 list\">\n<ul class=\"wp-block-list\">\n<li>Gesti\u00f3n t\u00e9rmica: control \u00f3ptimo de la temperatura para prolongar la vida \u00fatil de los LED.<\/li>\n\n\n\n<li>Fabricaci\u00f3n controlada y certificada: pruebas rigurosas en cada etapa, avaladas por la certificaci\u00f3n ISO 9001 desde 2002.<\/li>\n\n\n\n<li>Producci\u00f3n 100 % francesa: un saber hacer \u00fanico, desarrollado en Lyon en colaboraci\u00f3n con socios industriales regionales.<\/li>\n\n\n\n<li>Financiado por el eco-organismo Ecosystem, este servicio permite la recogida gratuita y el reciclaje de los equipos de iluminaci\u00f3n usados.<\/li>\n\n\n\n<li>Desarrollo, siempre que sea posible, de luminarias ecodise\u00f1adas \u00abEco-design\u00bb: reducci\u00f3n del impacto ambiental de los productos a lo largo de todo su ciclo de vida.<\/li>\n<\/ul>\n<\/div><\/div>\n\n\n<div class=\"wp-block-columns is-layout-flex wp-container-core-columns-is-layout-9d6595d7 wp-block-columns-is-layout-flex\">\n<div class=\"wp-block-column is-layout-flow wp-block-column-is-layout-flow\"><div class=\"wp-block-image\"><div class=\"image\">\n<figure class=\"aligncenter size-full is-resized\"><img decoding=\"async\" width=\"603\" height=\"675\" src=\"https:\/\/www.lec.fr\/wp-content\/uploads\/carte_france_bbr.png\" alt=\"\" class=\"wp-image-1051\" style=\"width:189px;height:auto\" srcset=\"https:\/\/www.lec.fr\/wp-content\/uploads\/carte_france_bbr.png 603w, https:\/\/www.lec.fr\/wp-content\/uploads\/carte_france_bbr-590x660.png 590w, https:\/\/www.lec.fr\/wp-content\/uploads\/carte_france_bbr-402x450.png 402w, https:\/\/www.lec.fr\/wp-content\/uploads\/carte_france_bbr-295x330.png 295w, https:\/\/www.lec.fr\/wp-content\/uploads\/carte_france_bbr-268x300.png 268w, https:\/\/www.lec.fr\/wp-content\/uploads\/carte_france_bbr-357x400.png 357w, https:\/\/www.lec.fr\/wp-content\/uploads\/carte_france_bbr-326x365.png 326w, https:\/\/www.lec.fr\/wp-content\/uploads\/carte_france_bbr-478x535.png 478w\" sizes=\"(max-width: 603px) 100vw, 603px\" \/><\/figure>\n<\/div><\/div><\/div>\n<\/div>\n\n\n\n<\/div>\n<div id=\"block-hero-block_b35e8aa0b831686681c7767c14b5364c\" class=\"container-fluid txt_media_part  block-hero\">\n    <div class=\"row\">\n        <div class=\"col-12 col-lg-6 col-xl-6 px-0 media order-1 order-lg-1\">\n            <img decoding=\"async\" src=\"https:\/\/www.lec.fr\/wp-content\/uploads\/H2-Lhumain-au-coeur-de-notre-demarche.jpg\" alt=\"\" class=\"img-fluid\">        <\/div>\n        <div class=\"col-12 col-lg-6 col-xl-6 col-xxl-5 px-xl-5 pt-5 pt-lg-0 txt order-2 order-lg-2 d-flex align-items-center\">\n            <div class=\"txt_part px-2 px-xl-5\">\n            <div class=\"content\"><h2>El factor humano en el centro de nuestro enfoque<\/h2>\n<p>Detr\u00e1s de cada innovaci\u00f3n hay hombres y mujeres apasionados. Experiencia, reactividad, pasi\u00f3n y compromiso son los valores que gu\u00edan nuestra relaci\u00f3n con clientes, socios y colaboradores.<\/p>\n<p>Creemos en un enfoque humano de la iluminaci\u00f3n, donde la escucha y la experiencia permiten crear soluciones adaptadas, eficientes y respetuosas con su entorno.<\/p>\n<\/div>            <\/div>\n        <\/div>\n    <\/div>\n\n<\/div>\n\n<div class=\"container\">\n\n\n<div style=\"height:50px\" aria-hidden=\"true\" class=\"wp-block-spacer\"><\/div>\n\n\n\n<\/div>\n<div id=\"block-hero-block_4d4b8ce1ecf80a84d4a37b0675e105b9\" class=\"container-fluid txt_media_part  block-hero\">\n    <div class=\"row\">\n        <div class=\"col-12 col-lg-6 col-xl-6 px-0 media order-1 order-lg-2\">\n            <img decoding=\"async\" src=\"https:\/\/www.lec.fr\/wp-content\/uploads\/H2-LEC-au-coeur-dun-groupe-engage-1.jpg\" alt=\"\" class=\"img-fluid\">        <\/div>\n        <div class=\"col-12 col-lg-6 col-xl-6 col-xxl-5 px-xl-5 pt-5 pt-lg-0 txt order-2 order-lg-1 offset-xxl-1 d-flex align-items-center\">\n            <div class=\"txt_part px-2 px-xl-5\">\n            <div class=\"content\"><h2>LEC en el coraz\u00f3n de un grupo comprometido<\/h2>\n<p>Formar parte del <a href=\"https:\/\/www.groupe-ragni.com\/es\/\" target=\"_blank\" rel=\"noopener\">GROUPE RAGNI<\/a> significa unirse a una visi\u00f3n en la que la innovaci\u00f3n y la responsabilidad avanzan juntas.<\/p>\n<p>Con <a href=\"https:\/\/www.ragni.com\/es\/\" target=\"_blank\" rel=\"noopener\">RAGNI<\/a> y <a href=\"https:\/\/sev-e.com\/es\/\" target=\"_blank\" rel=\"noopener\">SEV\u24d4<\/a> convertidas en sociedades con misi\u00f3n, el Grupo afirma su compromiso con una iluminaci\u00f3n m\u00e1s sostenible, respetuosa con los territorios y con las generaciones futuras. En LEC compartimos estos valores s\u00f3lidos: dise\u00f1ar soluciones luminosas que combinen rendimiento, durabilidad e integraci\u00f3n responsable en el espacio urbano. Juntos trabajamos por una iluminaci\u00f3n justa.<\/p>\n<\/div>            <\/div>\n        <\/div>\n    <\/div>\n\n<\/div>\n\n<div class=\"container\">\n\n\n<div style=\"height:50px\" aria-hidden=\"true\" class=\"wp-block-spacer\"><\/div>\n\n\n<div class=\"row\"><div class=\"col-12 col-xl-10 offset-xl-1 heading\">\n<h3 class=\"wp-block-heading\">Reinventemos juntos la noche, con sentido y responsabilidad.<\/h3>\n<\/div><\/div>\n\n<div class=\"row\"><div class=\"col-12 col-xl-10 offset-xl-1 paragraph\">\n<p>Roger Narboni en los Encuentros de la Iluminaci\u00f3n Razonada \u2013 Extracto<\/p>\n<\/div><\/div>\n\n\n<div style=\"height:30px\" aria-hidden=\"true\" class=\"wp-block-spacer\"><\/div>\n\n\n<\/div><div class=\"embed\">\n<figure class=\"wp-block-embed is-type-video is-provider-youtube wp-block-embed-youtube wp-embed-aspect-16-9 wp-has-aspect-ratio\"><div class=\"wp-block-embed__wrapper\">\n<iframe title=\"Les rencontres de l&#039;\u00e9clairage raisonn\u00e9e - Extrait de Roger Narboni\" width=\"500\" height=\"281\" src=\"https:\/\/www.youtube.com\/embed\/Ai93oMFxV74?feature=oembed\" frameborder=\"0\" allow=\"accelerometer; autoplay; clipboard-write; encrypted-media; gyroscope; picture-in-picture; web-share\" referrerpolicy=\"strict-origin-when-cross-origin\" allowfullscreen><\/iframe>\n<\/div><\/figure>\n<\/div><div class=\"container\">\n\n\n<div style=\"height:100px\" aria-hidden=\"true\" class=\"wp-block-spacer\"><\/div>\n","protected":false},"excerpt":{"rendered":"<p>Una iluminaci\u00f3n razonada,integrada y respetuosa Durabilidad y sobriedad energ\u00e9tica Integramos las mejores tecnolog\u00edas para optimizar el consumo energ\u00e9tico y garantizar una iluminaci\u00f3n eficiente y duradera. Productos fabricados en Francia:una garant\u00eda de excelencia Desde hace m\u00e1s de 40 a\u00f1os, dise\u00f1amos soluciones de iluminaci\u00f3n que combinan fiabilidad, experiencia e innovaci\u00f3n, fabricadas en Francia con una atenci\u00f3n constante [&hellip;]<\/p>\n","protected":false},"author":1,"featured_media":0,"parent":0,"menu_order":0,"comment_status":"closed","ping_status":"closed","template":"","meta":{"_acf_changed":false,"inline_featured_image":false,"footnotes":""},"class_list":["post-4489","page","type-page","status-publish","hentry"],"acf":[],"_links":{"self":[{"href":"https:\/\/www.lec.fr\/es\/wp-json\/wp\/v2\/pages\/4489","targetHints":{"allow":["GET"]}}],"collection":[{"href":"https:\/\/www.lec.fr\/es\/wp-json\/wp\/v2\/pages"}],"about":[{"href":"https:\/\/www.lec.fr\/es\/wp-json\/wp\/v2\/types\/page"}],"author":[{"embeddable":true,"href":"https:\/\/www.lec.fr\/es\/wp-json\/wp\/v2\/users\/1"}],"replies":[{"embeddable":true,"href":"https:\/\/www.lec.fr\/es\/wp-json\/wp\/v2\/comments?post=4489"}],"version-history":[{"count":3,"href":"https:\/\/www.lec.fr\/es\/wp-json\/wp\/v2\/pages\/4489\/revisions"}],"predecessor-version":[{"id":4988,"href":"https:\/\/www.lec.fr\/es\/wp-json\/wp\/v2\/pages\/4489\/revisions\/4988"}],"wp:attachment":[{"href":"https:\/\/www.lec.fr\/es\/wp-json\/wp\/v2\/media?parent=4489"}],"curies":[{"name":"wp","href":"https:\/\/api.w.org\/{rel}","templated":true}]}}