{"id":4493,"date":"2025-09-11T12:37:26","date_gmt":"2025-09-11T10:37:26","guid":{"rendered":"https:\/\/www.lec.fr\/?page_id=4493"},"modified":"2025-12-26T11:58:00","modified_gmt":"2025-12-26T10:58:00","slug":"historia","status":"publish","type":"page","link":"https:\/\/www.lec.fr\/es\/historia\/","title":{"rendered":"Historia"},"content":{"rendered":"<\/div>\n<div id=\"block-hero-block_63349fa3faeb32602fefd26e7e377923\" class=\"container-fluid header_page_part px-0  block-hero\">\n    <div class=\"cover\" style=\"background:url(https:\/\/www.lec.fr\/wp-content\/uploads\/1_Accueil_lentreprise_LEC-1-1900x395.jpg) no-repeat center \/ cover\"><img decoding=\"async\" src=\"https:\/\/www.lec.fr\/wp-content\/uploads\/1_Accueil_lentreprise_LEC-1-1900x395.jpg\" alt=\"https:\/\/www.lec.fr\/wp-content\/uploads\/1_Accueil_lentreprise_LEC-1-1900x395.jpg\" class=\"img-fluid d-none\"><\/div>    <div class=\"container\">\n        <div class=\"row\">\n            <div class=\"col-12 col-md-12 col-lg-11 col-xl-9 col-xxl-8\">\n                <nav aria-label=\"breadcrumbs\" class=\"rank-math-breadcrumb\"><p><span class=\"last\">Inicio<\/span><\/p><\/nav>                                    <h1 class=\"\">Nuestra historia<\/h1>\n                                \n                <p>Desde hace casi 50 a\u00f1os, LEC escribe su historia a trav\u00e9s de la innovaci\u00f3n luminosa. Precursores en el uso de la tecnolog\u00eda LED, hemos construido, proyecto tras proyecto, una visi\u00f3n singular del alumbrado urbano. Descubra la aventura de una empresa que reinventa la noche.<\/p>\n\n\n                            <\/div>\n        <\/div>\n\n\n    <\/div>\n<\/div>\n<div class=\"container\">\n\n\n\n\n\n\n<div style=\"height:50px\" aria-hidden=\"true\" class=\"wp-block-spacer\"><\/div>\n\n\n\n<\/div>\n<div id=\"block-hero-block_b1cfd8bc645076af6448dc4038e49460\" class=\"container-fluid txt_media_part  block-hero\">\n    <div class=\"row\">\n        <div class=\"col-12 col-lg-6 col-xl-6 px-0 media order-1 order-lg-1\">\n            <img decoding=\"async\" src=\"https:\/\/www.lec.fr\/wp-content\/uploads\/archive-lec.jpg\" alt=\"\" class=\"img-fluid\">        <\/div>\n        <div class=\"col-12 col-lg-6 col-xl-6 col-xxl-5 px-xl-5 pt-5 pt-lg-0 txt order-2 order-lg-2 d-flex align-items-center\">\n            <div class=\"txt_part px-2 px-xl-5\">\n            <div class=\"content\"><h2>Creaci\u00f3n de LEC<\/h2>\n<p>La historia de LEC comienza en 1977 con Pierre Valancogne, ingeniero apasionado y visionario. Especialista en se\u00f1alizaci\u00f3n vial, identifica r\u00e1pidamente el potencial de los LED para resolver un problema importante: el mantenimiento costoso y repetitivo de las balizas tradicionales. Al desarrollar las primeras balizas de se\u00f1alizaci\u00f3n vial con LED, abre el camino a una nueva generaci\u00f3n de productos de iluminaci\u00f3n duraderos y de bajo consumo energ\u00e9tico.<\/p>\n<p>Desde sus primeros a\u00f1os, LEC se distingue por su compromiso con las normas y la calidad. Cuando la tecnolog\u00eda LED a\u00fan se encuentra en sus inicios, la empresa ya colabora con las autoridades competentes para definir los est\u00e1ndares que estructurar\u00e1n el mercado.<\/p>\n<\/div>            <\/div>\n        <\/div>\n    <\/div>\n\n<\/div>\n\n<div class=\"container\">\n\n\n<div style=\"height:50px\" aria-hidden=\"true\" class=\"wp-block-spacer\"><\/div>\n\n\n\n<\/div>\n<div id=\"block-hero-block_98167066b7eee1b5b031bfdf122354f1\" class=\"container-fluid txt_media_part  block-hero\">\n    <div class=\"row\">\n        <div class=\"col-12 col-lg-6 col-xl-6 px-0 media order-1 order-lg-2\">\n            <img decoding=\"async\" src=\"https:\/\/www.lec.fr\/wp-content\/uploads\/75_2853_Paris.jpg\" alt=\"\" class=\"img-fluid\">        <\/div>\n        <div class=\"col-12 col-lg-6 col-xl-6 col-xxl-5 px-xl-5 pt-5 pt-lg-0 txt order-2 order-lg-1 offset-xxl-1 d-flex align-items-center\">\n            <div class=\"txt_part px-2 px-xl-5\">\n            <div class=\"content\"><h2>El nacimiento de una firma luminosa<\/h2>\n<p>La notoriedad de LEC crece gracias a proyectos emblem\u00e1ticos. Su primera realizaci\u00f3n de gran envergadura tiene lugar en Par\u00eds, con la transformaci\u00f3n de la Cour d\u2019Honneur del Palais-Royal bajo la direcci\u00f3n del artista Daniel Buren. Para este proyecto emblem\u00e1tico, LEC dise\u00f1a una soluci\u00f3n de iluminaci\u00f3n a medida que permite mostrar un color distinto en cada cara de las luminarias. Una innovaci\u00f3n que ilustra desde entonces la capacidad de la empresa para responder a los retos creativos y t\u00e9cnicos m\u00e1s ambiciosos.<\/p>\n<\/div>            <\/div>\n        <\/div>\n    <\/div>\n\n<\/div>\n\n<div class=\"container\">\n\n\n<div style=\"height:50px\" aria-hidden=\"true\" class=\"wp-block-spacer\"><\/div>\n\n\n\n<\/div>\n<div id=\"block-hero-block_75a2c4857d05a59336505cfe382e5451\" class=\"container-fluid txt_media_part  block-hero\">\n    <div class=\"row\">\n        <div class=\"col-12 col-lg-6 col-xl-6 px-0 media order-1 order-lg-1\">\n            <img decoding=\"async\" src=\"https:\/\/www.lec.fr\/wp-content\/uploads\/Portrait_Guillaume.jpg\" alt=\"\" class=\"img-fluid\">        <\/div>\n        <div class=\"col-12 col-lg-6 col-xl-6 col-xxl-5 px-xl-5 pt-5 pt-lg-0 txt order-2 order-lg-2 d-flex align-items-center\">\n            <div class=\"txt_part px-2 px-xl-5\">\n            <div class=\"content\"><h2>Tercera generaci\u00f3n<\/h2>\n<p>LEC es ante todo una aventura familiar. Tras Pierre Valancogne, figura visionaria que sent\u00f3 las bases de la empresa y de su actividad, su hijo Jean-Pierre toma el relevo en 1993. Le corresponde gestionar una transici\u00f3n crucial: el paso de una tecnolog\u00eda confidencial a una tecnolog\u00eda convertida en casi universal con la democratizaci\u00f3n del LED.<br \/>\nEn 2015, su yerno Guillaume Pollet asume la direcci\u00f3n general de la empresa, antes de convertirse en su presidente en 2018. Su objetivo: recentrar LEC en sus fundamentos (balisaje de seguridad, movilidad, puesta en valor, \u2026\u2026) poniendo el acento en el alumbrado urbano. Bajo su direcci\u00f3n, la empresa afronta importantes desaf\u00edos, en particular la crisis sanitaria de la COVID y la crisis energ\u00e9tica.<\/p>\n<\/div>            <\/div>\n        <\/div>\n    <\/div>\n\n<\/div>\n\n<div class=\"container\">\n\n\n<div style=\"height:100px\" aria-hidden=\"true\" class=\"wp-block-spacer\"><\/div>\n\n\n<div class=\"row\"><div class=\"col-12 col-xl-10 offset-xl-1 heading\">\n<h2 class=\"wp-block-heading\"><span>Nuestros valores, nuestro ADN<\/span><\/h2>\n<\/div><\/div>\n\n\n<div style=\"height:30px\" aria-hidden=\"true\" class=\"wp-block-spacer\"><\/div>\n\n\n<div class=\"row\"><div class=\"col-12 col-xl-10 offset-xl-1 paragraph\">\n<p>Desde siempre, LEC se apoya en valores fundamentales que constituyen su fortaleza:<\/p>\n<\/div><\/div>\n\n\n<div style=\"height:30px\" aria-hidden=\"true\" class=\"wp-block-spacer\"><\/div>\n\n\n\n<div class=\"wp-block-columns are-vertically-aligned-center is-layout-flex wp-container-core-columns-is-layout-9d6595d7 wp-block-columns-is-layout-flex\">\n<div class=\"wp-block-column is-vertically-aligned-center is-layout-flow wp-block-column-is-layout-flow\"><div class=\"wp-block-image\"><div class=\"image\">\n<figure class=\"aligncenter size-full is-resized\"><img decoding=\"async\" width=\"533\" height=\"621\" src=\"https:\/\/www.lec.fr\/wp-content\/uploads\/expertise-1.png\" alt=\"\" class=\"wp-image-2654\" style=\"width:auto;height:100px\" srcset=\"https:\/\/www.lec.fr\/wp-content\/uploads\/expertise-1.png 533w, https:\/\/www.lec.fr\/wp-content\/uploads\/expertise-1-459x535.png 459w, https:\/\/www.lec.fr\/wp-content\/uploads\/expertise-1-343x400.png 343w, https:\/\/www.lec.fr\/wp-content\/uploads\/expertise-1-313x365.png 313w\" sizes=\"(max-width: 533px) 100vw, 533px\" \/><\/figure>\n<\/div><\/div>\n\n<div class=\"row\"><div class=\"col-12 col-xl-10 offset-xl-1 paragraph\">\n<p class=\"has-text-align-center has-black-color has-text-color has-link-color has-medium-font-size wp-elements-1d2da87c211694f2fa7d0bb0e7f84eda\"><strong>EXPERIENCIA<\/strong><\/p>\n<\/div><\/div><\/div>\n\n\n\n<div class=\"wp-block-column is-vertically-aligned-center is-layout-flow wp-block-column-is-layout-flow\"><div class=\"wp-block-image\"><div class=\"image\">\n<figure class=\"aligncenter size-full is-resized\"><img decoding=\"async\" width=\"603\" height=\"596\" src=\"https:\/\/www.lec.fr\/wp-content\/uploads\/loyaute-1-1.png\" alt=\"\" class=\"wp-image-2665\" style=\"width:auto;height:100px\" srcset=\"https:\/\/www.lec.fr\/wp-content\/uploads\/loyaute-1-1.png 603w, https:\/\/www.lec.fr\/wp-content\/uploads\/loyaute-1-1-535x529.png 535w, https:\/\/www.lec.fr\/wp-content\/uploads\/loyaute-1-1-400x395.png 400w, https:\/\/www.lec.fr\/wp-content\/uploads\/loyaute-1-1-365x361.png 365w\" sizes=\"(max-width: 603px) 100vw, 603px\" \/><\/figure>\n<\/div><\/div>\n\n<div class=\"row\"><div class=\"col-12 col-xl-10 offset-xl-1 paragraph\">\n<p class=\"has-text-align-center has-black-color has-text-color has-link-color has-medium-font-size wp-elements-c189fd20fcb30538b9a6f86a55c275a0\"><strong>LEALTAD<\/strong><\/p>\n<\/div><\/div><\/div>\n\n\n\n<div class=\"wp-block-column is-vertically-aligned-center is-layout-flow wp-block-column-is-layout-flow\"><div class=\"wp-block-image\"><div class=\"image\">\n<figure class=\"aligncenter size-full is-resized\"><img decoding=\"async\" width=\"603\" height=\"596\" src=\"https:\/\/www.lec.fr\/wp-content\/uploads\/reactivite.png\" alt=\"\" class=\"wp-image-2658\" style=\"width:auto;height:100px\" srcset=\"https:\/\/www.lec.fr\/wp-content\/uploads\/reactivite.png 603w, https:\/\/www.lec.fr\/wp-content\/uploads\/reactivite-535x529.png 535w, https:\/\/www.lec.fr\/wp-content\/uploads\/reactivite-400x395.png 400w, https:\/\/www.lec.fr\/wp-content\/uploads\/reactivite-365x361.png 365w\" sizes=\"(max-width: 603px) 100vw, 603px\" \/><\/figure>\n<\/div><\/div>\n\n<div class=\"row\"><div class=\"col-12 col-xl-10 offset-xl-1 paragraph\">\n<p class=\"has-text-align-center has-black-color has-text-color has-link-color has-medium-font-size wp-elements-e15d04ed428bab6290e3c1f7d9545efb\"><strong>REACTIVIDAD<\/strong><\/p>\n<\/div><\/div><\/div>\n<\/div>\n\n\n\n<div class=\"wp-block-columns are-vertically-aligned-center is-layout-flex wp-container-core-columns-is-layout-9d6595d7 wp-block-columns-is-layout-flex\">\n<div class=\"wp-block-column is-vertically-aligned-center is-layout-flow wp-block-column-is-layout-flow\"><div class=\"wp-block-image\"><div class=\"image\">\n<figure class=\"aligncenter size-full is-resized\"><img decoding=\"async\" width=\"590\" height=\"748\" src=\"https:\/\/www.lec.fr\/wp-content\/uploads\/fiabilite-1.png\" alt=\"\" class=\"wp-image-2667\" style=\"width:auto;height:100px\" srcset=\"https:\/\/www.lec.fr\/wp-content\/uploads\/fiabilite-1.png 590w, https:\/\/www.lec.fr\/wp-content\/uploads\/fiabilite-1-422x535.png 422w, https:\/\/www.lec.fr\/wp-content\/uploads\/fiabilite-1-536x680.png 536w, https:\/\/www.lec.fr\/wp-content\/uploads\/fiabilite-1-316x400.png 316w, https:\/\/www.lec.fr\/wp-content\/uploads\/fiabilite-1-288x365.png 288w\" sizes=\"(max-width: 590px) 100vw, 590px\" \/><\/figure>\n<\/div><\/div>\n\n<div class=\"row\"><div class=\"col-12 col-xl-10 offset-xl-1 paragraph\">\n<p class=\"has-text-align-center has-black-color has-text-color has-link-color has-medium-font-size wp-elements-251231e6c4dd40e0327a2b71ef5bf11f\"><strong>FIABILIDAD<\/strong><\/p>\n<\/div><\/div><\/div>\n\n\n\n<div class=\"wp-block-column is-vertically-aligned-center is-layout-flow wp-block-column-is-layout-flow\"><div class=\"wp-block-image\"><div class=\"image\">\n<figure class=\"aligncenter size-full is-resized\"><img decoding=\"async\" width=\"660\" height=\"641\" src=\"https:\/\/www.lec.fr\/wp-content\/uploads\/disponibilite-1.png\" alt=\"\" class=\"wp-image-2669\" style=\"width:auto;height:100px\" srcset=\"https:\/\/www.lec.fr\/wp-content\/uploads\/disponibilite-1.png 660w, https:\/\/www.lec.fr\/wp-content\/uploads\/disponibilite-1-535x520.png 535w, https:\/\/www.lec.fr\/wp-content\/uploads\/disponibilite-1-400x388.png 400w, https:\/\/www.lec.fr\/wp-content\/uploads\/disponibilite-1-365x354.png 365w\" sizes=\"(max-width: 660px) 100vw, 660px\" \/><\/figure>\n<\/div><\/div>\n\n<div class=\"row\"><div class=\"col-12 col-xl-10 offset-xl-1 paragraph\">\n<p class=\"has-text-align-center has-black-color has-text-color has-link-color has-medium-font-size wp-elements-ff9fe28589bfe5acda50e41370973687\"><strong>DISPONIBILIDAD<\/strong><\/p>\n<\/div><\/div><\/div>\n<\/div>\n\n\n\n<div style=\"height:30px\" aria-hidden=\"true\" class=\"wp-block-spacer\"><\/div>\n\n\n<div class=\"row\"><div class=\"col-12 col-xl-10 offset-xl-1 paragraph\">\n<p>Estos principios gu\u00edan cada una de nuestras acciones y est\u00e1n en el coraz\u00f3n de nuestro compromiso con nuestros socios y clientes.<\/p>\n<\/div><\/div>\n\n\n<div style=\"height:50px\" aria-hidden=\"true\" class=\"wp-block-spacer\"><\/div>\n\n\n<div class=\"row\"><div class=\"col-12 col-xl-10 offset-xl-1 heading\">\n<h2 class=\"wp-block-heading\"><span>Una nueva era<\/span><\/h2>\n<\/div><\/div>\n\n\n<div style=\"height:30px\" aria-hidden=\"true\" class=\"wp-block-spacer\"><\/div>\n\n\n<div class=\"row\"><div class=\"col-12 col-xl-10 offset-xl-1 paragraph\">\n<p>En 2024, frente a importantes desaf\u00edos econ\u00f3micos, LEC inicia un nuevo cap\u00edtulo de su desarrollo al integrarse en el <a href=\"https:\/\/www.groupe-ragni.com\/es\/\" target=\"_blank\" rel=\"noopener\">GROUPE RAGNI<\/a>, una empresa familiar francesa casi centenaria, especialista en el dise\u00f1o y la fabricaci\u00f3n de soluciones de alumbrado p\u00fablico y tecnolog\u00edas conectadas, cuyos valores y visi\u00f3n a largo plazo reflejan su propio ADN. Este acercamiento estrat\u00e9gico responde a la voluntad de garantizar la continuidad de su saber hacer, abri\u00e9ndose al mismo tiempo a nuevas sinergias industriales, comerciales y tecnol\u00f3gicas.<\/p>\n<\/div><\/div>\n\n\n<div class=\"wp-block-columns col-img is-layout-flex wp-container-core-columns-is-layout-9d6595d7 wp-block-columns-is-layout-flex\">\n<div class=\"wp-block-column is-layout-flow wp-block-column-is-layout-flow\" style=\"flex-basis:800px\"><div class=\"wp-block-image is-style-default\"><div class=\"image\">\n<figure class=\"aligncenter size-full\"><img decoding=\"async\" width=\"1811\" height=\"1900\" src=\"https:\/\/www.lec.fr\/wp-content\/uploads\/Rosace_marques_26092024-1-1811x1900.png\" alt=\"\" class=\"wp-image-1000\" srcset=\"https:\/\/www.lec.fr\/wp-content\/uploads\/Rosace_marques_26092024-1-1811x1900.png 1811w, https:\/\/www.lec.fr\/wp-content\/uploads\/Rosace_marques_26092024-1-1258x1320.png 1258w, https:\/\/www.lec.fr\/wp-content\/uploads\/Rosace_marques_26092024-1-943x990.png 943w, https:\/\/www.lec.fr\/wp-content\/uploads\/Rosace_marques_26092024-1-629x660.png 629w, https:\/\/www.lec.fr\/wp-content\/uploads\/Rosace_marques_26092024-1-429x450.png 429w, https:\/\/www.lec.fr\/wp-content\/uploads\/Rosace_marques_26092024-1-314x330.png 314w, https:\/\/www.lec.fr\/wp-content\/uploads\/Rosace_marques_26092024-1-648x680.png 648w, https:\/\/www.lec.fr\/wp-content\/uploads\/Rosace_marques_26092024-1-768x806.png 768w, https:\/\/www.lec.fr\/wp-content\/uploads\/Rosace_marques_26092024-1-976x1024.png 976w, https:\/\/www.lec.fr\/wp-content\/uploads\/Rosace_marques_26092024-1-1464x1536.png 1464w, https:\/\/www.lec.fr\/wp-content\/uploads\/Rosace_marques_26092024-1-381x400.png 381w, https:\/\/www.lec.fr\/wp-content\/uploads\/Rosace_marques_26092024-1-348x365.png 348w, https:\/\/www.lec.fr\/wp-content\/uploads\/Rosace_marques_26092024-1-510x535.png 510w, https:\/\/www.lec.fr\/wp-content\/uploads\/Rosace_marques_26092024-1.png 1865w\" sizes=\"(max-width: 1811px) 100vw, 1811px\" \/><\/figure>\n<\/div><\/div><\/div>\n<\/div>\n\n\n\n<div style=\"height:100px\" aria-hidden=\"true\" class=\"wp-block-spacer\"><\/div>\n","protected":false},"excerpt":{"rendered":"<p>Nuestros valores, nuestro ADN Desde siempre, LEC se apoya en valores fundamentales que constituyen su fortaleza: EXPERIENCIA LEALTAD REACTIVIDAD FIABILIDAD DISPONIBILIDAD Estos principios gu\u00edan cada una de nuestras acciones y est\u00e1n en el coraz\u00f3n de nuestro compromiso con nuestros socios y clientes. Una nueva era En 2024, frente a importantes desaf\u00edos econ\u00f3micos, LEC inicia un [&hellip;]<\/p>\n","protected":false},"author":1,"featured_media":0,"parent":0,"menu_order":0,"comment_status":"closed","ping_status":"closed","template":"","meta":{"_acf_changed":false,"inline_featured_image":false,"footnotes":""},"class_list":["post-4493","page","type-page","status-publish","hentry"],"acf":[],"_links":{"self":[{"href":"https:\/\/www.lec.fr\/es\/wp-json\/wp\/v2\/pages\/4493","targetHints":{"allow":["GET"]}}],"collection":[{"href":"https:\/\/www.lec.fr\/es\/wp-json\/wp\/v2\/pages"}],"about":[{"href":"https:\/\/www.lec.fr\/es\/wp-json\/wp\/v2\/types\/page"}],"author":[{"embeddable":true,"href":"https:\/\/www.lec.fr\/es\/wp-json\/wp\/v2\/users\/1"}],"replies":[{"embeddable":true,"href":"https:\/\/www.lec.fr\/es\/wp-json\/wp\/v2\/comments?post=4493"}],"version-history":[{"count":1,"href":"https:\/\/www.lec.fr\/es\/wp-json\/wp\/v2\/pages\/4493\/revisions"}],"predecessor-version":[{"id":4494,"href":"https:\/\/www.lec.fr\/es\/wp-json\/wp\/v2\/pages\/4493\/revisions\/4494"}],"wp:attachment":[{"href":"https:\/\/www.lec.fr\/es\/wp-json\/wp\/v2\/media?parent=4493"}],"curies":[{"name":"wp","href":"https:\/\/api.w.org\/{rel}","templated":true}]}}