{"id":4495,"date":"2025-09-11T12:38:00","date_gmt":"2025-09-11T10:38:00","guid":{"rendered":"https:\/\/www.lec.fr\/?page_id=4495"},"modified":"2026-01-27T11:54:56","modified_gmt":"2026-01-27T10:54:56","slug":"un-saber-hacer-del-que-sentirnos-orgullosos","status":"publish","type":"page","link":"https:\/\/www.lec.fr\/es\/un-saber-hacer-del-que-sentirnos-orgullosos\/","title":{"rendered":"Un saber hacer del que sentirnos orgullosos"},"content":{"rendered":"<\/div>\n<div id=\"block-hero-block_42232de3369f66a637986e102349e7b1\" class=\"container-fluid header_page_part px-0  block-hero\">\n        <div class=\"container\">\n        <div class=\"row\">\n            <div class=\"col-12 col-md-12 col-lg-11 col-xl-9 col-xxl-8\">\n                <nav aria-label=\"breadcrumbs\" class=\"rank-math-breadcrumb\"><p><span class=\"last\">Inicio<\/span><\/p><\/nav>                                    <h1 class=\"\">Un saber hacer franc\u00e9s reconocido desde 1977<\/h1>\n                                \n                <p>Desde hace m\u00e1s de 45 a\u00f1os, LEC dise\u00f1a y fabrica en Francia soluciones de iluminaci\u00f3n LED a medida. Gracias a un dominio completo del proceso, desde el dise\u00f1o hasta la fabricaci\u00f3n, garantizamos luminarias duraderas, eficientes y adaptadas a las exigencias de los entornos urbanos y arquitect\u00f3nicos.<\/p>\n\n\n                            <\/div>\n        <\/div>\n\n\n    <\/div>\n<\/div>\n<div class=\"container\">\n\n\n\n\n\n\n<div style=\"height:50px\" aria-hidden=\"true\" class=\"wp-block-spacer\"><\/div>\n\n\n\n<\/div>\n<div id=\"block-hero-block_578d0a827c056f2aae2c54a711712589\" class=\"container-fluid txt_media_part  block-hero\">\n    <div class=\"row\">\n        <div class=\"col-12 col-lg-6 col-xl-6 px-0 media order-1 order-lg-1\">\n            <img decoding=\"async\" src=\"https:\/\/www.lec.fr\/wp-content\/uploads\/conception.jpg\" alt=\"\" class=\"img-fluid\">        <\/div>\n        <div class=\"col-12 col-lg-6 col-xl-6 col-xxl-5 px-xl-5 pt-5 pt-lg-0 txt order-2 order-lg-2 d-flex align-items-center\">\n            <div class=\"txt_part px-2 px-xl-5\">\n            <div class=\"content\"><h2>A su lado, desde el dise\u00f1o hasta la instalaci\u00f3n<\/h2>\n<p>Cada proyecto es una aventura humana y t\u00e9cnica. Nuestros equipos se implican en cada etapa, desde la idea inicial hasta la puesta en luz final, para garantizar un resultado a la altura de las expectativas. Nos comprometemos a coconstruir con prescriptores, arquitectos e instaladores soluciones adaptadas a cada contexto, combinando experiencia t\u00e9cnica y visi\u00f3n art\u00edstica.<\/p>\n<p>Nuestros ingenieros y t\u00e9cnicos no se limitan a dise\u00f1ar productos: se desplazan sobre el terreno, analizan las limitaciones espec\u00edficas y realizan pruebas in situ para asegurarse de que cada luminaria se integra armoniosamente en su entorno. Prototipos, ensayos en condiciones reales, ajustes de \u00f3pticas, simulaciones\u2026 todo se pone en marcha para garantizar una experiencia visual \u00fanica.<\/p>\n<p>Este enfoque queda perfectamente resumido por Yann Kersal\u00e9, artista pl\u00e1stico de la luz, sobre el proyecto del MuCEM en Marsella: \u00ab<em>Insist\u00ed en volver a trabajar con LEC porque sab\u00eda que juntos llegar\u00edamos a la metamorfosis del objeto<\/em>\u00bb.<\/p>\n<\/div>            <\/div>\n        <\/div>\n    <\/div>\n\n<\/div>\n\n<div class=\"container\">\n\n\n<div style=\"height:50px\" aria-hidden=\"true\" class=\"wp-block-spacer\"><\/div>\n\n\n\n<\/div>\n<div id=\"block-hero-block_aa9ea8ad58605174f3c288675805f33e\" class=\"container-fluid txt_media_part  block-hero\">\n    <div class=\"row\">\n        <div class=\"col-12 col-lg-6 col-xl-6 px-0 media order-1 order-lg-2\">\n            <img decoding=\"async\" src=\"https:\/\/www.lec.fr\/wp-content\/uploads\/test_IP.jpg\" alt=\"\" class=\"img-fluid\">        <\/div>\n        <div class=\"col-12 col-lg-6 col-xl-6 col-xxl-5 px-xl-5 pt-5 pt-lg-0 txt order-2 order-lg-1 offset-xxl-1 d-flex align-items-center\">\n            <div class=\"txt_part px-2 px-xl-5\">\n            <div class=\"content\"><h2>Pruebas rigurosas realizadas internamente<\/h2>\n<p>Cada luminaria se somete a pruebas para garantizar su resistencia y durabilidad. Nuestras pruebas IP (\u00cdndice de Protecci\u00f3n) eval\u00faan la estanqueidad de nuestros productos frente al polvo y el agua, asegurando as\u00ed su perfecta adaptaci\u00f3n a los entornos exteriores m\u00e1s exigentes. Paralelamente, las pruebas IK (\u00cdndice de Resistencia a los Impactos) miden su robustez frente a los golpes. El 90 % de nuestras luminarias est\u00e1n certificadas IK10, es decir, el nivel de protecci\u00f3n m\u00e1s alto, garantizando una resistencia \u00f3ptima frente a impactos mec\u00e1nicos y al vandalismo.<\/p>\n<p>Gracias a estos controles rigurosos realizados internamente, garantizamos a nuestros clientes soluciones de iluminaci\u00f3n fiables, duraderas y adaptadas a las limitaciones del espacio urbano.<\/p>\n<\/div>            <\/div>\n        <\/div>\n    <\/div>\n\n<\/div>\n\n<div class=\"container\">\n\n\n<div style=\"height:50px\" aria-hidden=\"true\" class=\"wp-block-spacer\"><\/div>\n\n\n<div class=\"row\"><div class=\"col-12 col-xl-10 offset-xl-1 heading\">\n<h2 class=\"wp-block-heading\"><span>Una protecci\u00f3n reforzada<br>contra las infiltraciones de agua<\/span><\/h2>\n<\/div><\/div>\n\n\n<div style=\"height:30px\" aria-hidden=\"true\" class=\"wp-block-spacer\"><\/div>\n\n\n<div class=\"row\"><div class=\"col-12 col-xl-10 offset-xl-1 paragraph\">\n<p>Concedemos una importancia primordial a la estanqueidad de nuestras luminarias. Adem\u00e1s del dise\u00f1o de cuerpos y juntas perfectamente estancos, hemos desarrollado un procedimiento propietario innovador para impedir la subida de agua a trav\u00e9s de los cables de alimentaci\u00f3n.<\/p>\n<\/div><\/div>\n\n<div class=\"row\"><div class=\"col-12 col-xl-10 offset-xl-1 paragraph\">\n<p>Este sistema de ruptura \u00fanico garantiza:<\/p>\n<\/div><\/div>\n\n<div class=\"row\"><div class=\"col-12 col-xl-10 offset-xl-1 list\">\n<ul class=\"wp-block-list\">\n<li>Una estanqueidad perfecta en la luminaria<\/li>\n\n\n\n<li>Una mayor vida \u00fatil de las instalaciones<\/li>\n\n\n\n<li>Una instalaci\u00f3n \u00f3ptima en empotrado o en exterior<\/li>\n<\/ul>\n<\/div><\/div>\n\n<div class=\"row\"><div class=\"col-12 col-xl-10 offset-xl-1 paragraph\">\n<p>LEC ha puesto en marcha un procedimiento \u00fanico destinado a suprimir el efecto \u00abbomba\u00bb en el cable, responsable de las subidas de humedad en las luminarias. Mientras que la norma NF-C 17200 solo recomienda la estanqueidad de la vaina, LEC ha ido m\u00e1s all\u00e1 desarrollando, en una primera fase, un sistema de ruptura que bloquea el flujo gaseoso o l\u00edquido entre la vaina y los conductores, as\u00ed como entre los hilos de los cables multiconductores de alma flexible. Hoy en d\u00eda, esta soluci\u00f3n evoluciona y da paso a una membrana innovadora que equilibra de forma natural la presi\u00f3n de aire en la luminaria, asegurando una mayor estabilidad y eliminando de forma duradera el efecto bomba.<\/p>\n<\/div><\/div>\n\n<div class=\"row\"><div class=\"col-12 col-xl-10 offset-xl-1 paragraph\">\n<p>Este sistema de bloqueo interno garantiza una protecci\u00f3n \u00f3ptima contra las infiltraciones, incluso en condiciones de instalaci\u00f3n en las que el nivel de estanqueidad podr\u00eda verse comprometido. De este modo, nuestras soluciones de iluminaci\u00f3n conservan su rendimiento y durabilidad, garantizando una fiabilidad m\u00e1xima para nuestros clientes.<\/p>\n<\/div><\/div>\n\n\n<div style=\"height:50px\" aria-hidden=\"true\" class=\"wp-block-spacer\"><\/div>\n\n\n<div class=\"row\"><div class=\"col-12 col-xl-10 offset-xl-1 heading\">\n<h2 class=\"wp-block-heading\"><span>Simulaciones realistas<br>para un proyecto controlado<\/span><\/h2>\n<\/div><\/div>\n\n\n<div style=\"height:30px\" aria-hidden=\"true\" class=\"wp-block-spacer\"><\/div>\n\n\n<div class=\"row\"><div class=\"col-12 col-xl-10 offset-xl-1 paragraph\">\n<p>Nuestros equipos realizan simulaciones precisas para visualizar el resultado final antes de la instalaci\u00f3n. Al modelizar la iluminaci\u00f3n en condiciones reales, optimizamos cada proyecto para garantizar un resultado est\u00e9tico y t\u00e9cnico irreprochable. Si la simulaci\u00f3n resulta demasiado compleja, nos desplazamos al lugar para afinarla y asegurar una perfecta adaptaci\u00f3n a las limitaciones del entorno.<\/p>\n<\/div><\/div>\n\n\n<div style=\"height:30px\" aria-hidden=\"true\" class=\"wp-block-spacer\"><\/div>\n\n\n\n<div class=\"wp-block-columns col-img is-layout-flex wp-container-core-columns-is-layout-9d6595d7 wp-block-columns-is-layout-flex\">\n<div class=\"wp-block-column is-layout-flow wp-block-column-is-layout-flow\" style=\"flex-basis:800px\"><div class=\"wp-block-image is-style-default\"><div class=\"image\">\n<figure class=\"aligncenter size-large\"><img decoding=\"async\" width=\"1024\" height=\"576\" src=\"https:\/\/www.lec.fr\/wp-content\/uploads\/simulation-realite-1-1024x576.jpg\" alt=\"\" class=\"wp-image-1028\" srcset=\"https:\/\/www.lec.fr\/wp-content\/uploads\/simulation-realite-1-1024x576.jpg 1024w, https:\/\/www.lec.fr\/wp-content\/uploads\/simulation-realite-1-1320x743.jpg 1320w, https:\/\/www.lec.fr\/wp-content\/uploads\/simulation-realite-1-990x557.jpg 990w, https:\/\/www.lec.fr\/wp-content\/uploads\/simulation-realite-1-660x371.jpg 660w, https:\/\/www.lec.fr\/wp-content\/uploads\/simulation-realite-1-450x253.jpg 450w, https:\/\/www.lec.fr\/wp-content\/uploads\/simulation-realite-1-330x186.jpg 330w, https:\/\/www.lec.fr\/wp-content\/uploads\/simulation-realite-1-680x383.jpg 680w, https:\/\/www.lec.fr\/wp-content\/uploads\/simulation-realite-1-768x432.jpg 768w, https:\/\/www.lec.fr\/wp-content\/uploads\/simulation-realite-1-1536x864.jpg 1536w, https:\/\/www.lec.fr\/wp-content\/uploads\/simulation-realite-1-1900x1069.jpg 1900w, https:\/\/www.lec.fr\/wp-content\/uploads\/simulation-realite-1-400x225.jpg 400w, https:\/\/www.lec.fr\/wp-content\/uploads\/simulation-realite-1-365x205.jpg 365w, https:\/\/www.lec.fr\/wp-content\/uploads\/simulation-realite-1-535x301.jpg 535w, https:\/\/www.lec.fr\/wp-content\/uploads\/simulation-realite-1.jpg 2000w\" sizes=\"(max-width: 1024px) 100vw, 1024px\" \/><\/figure>\n<\/div><\/div><\/div>\n<\/div>\n\n\n\n<div style=\"height:0px\" aria-hidden=\"true\" class=\"wp-block-spacer\"><\/div>\n\n\n\n<div class=\"wp-block-columns col-img is-layout-flex wp-container-core-columns-is-layout-9d6595d7 wp-block-columns-is-layout-flex\">\n<div class=\"wp-block-column is-layout-flow wp-block-column-is-layout-flow\" style=\"flex-basis:800px\"><div class=\"wp-block-image\"><div class=\"image\">\n<figure class=\"aligncenter size-large\"><img decoding=\"async\" width=\"1024\" height=\"576\" src=\"https:\/\/www.lec.fr\/wp-content\/uploads\/simulation-realite-2-1024x576.jpg\" alt=\"\" class=\"wp-image-1030\" srcset=\"https:\/\/www.lec.fr\/wp-content\/uploads\/simulation-realite-2-1024x576.jpg 1024w, https:\/\/www.lec.fr\/wp-content\/uploads\/simulation-realite-2-1320x743.jpg 1320w, https:\/\/www.lec.fr\/wp-content\/uploads\/simulation-realite-2-990x557.jpg 990w, https:\/\/www.lec.fr\/wp-content\/uploads\/simulation-realite-2-660x371.jpg 660w, https:\/\/www.lec.fr\/wp-content\/uploads\/simulation-realite-2-450x253.jpg 450w, https:\/\/www.lec.fr\/wp-content\/uploads\/simulation-realite-2-330x186.jpg 330w, https:\/\/www.lec.fr\/wp-content\/uploads\/simulation-realite-2-680x383.jpg 680w, https:\/\/www.lec.fr\/wp-content\/uploads\/simulation-realite-2-768x432.jpg 768w, https:\/\/www.lec.fr\/wp-content\/uploads\/simulation-realite-2-1536x864.jpg 1536w, https:\/\/www.lec.fr\/wp-content\/uploads\/simulation-realite-2-1900x1069.jpg 1900w, https:\/\/www.lec.fr\/wp-content\/uploads\/simulation-realite-2-400x225.jpg 400w, https:\/\/www.lec.fr\/wp-content\/uploads\/simulation-realite-2-365x205.jpg 365w, https:\/\/www.lec.fr\/wp-content\/uploads\/simulation-realite-2-535x301.jpg 535w, https:\/\/www.lec.fr\/wp-content\/uploads\/simulation-realite-2.jpg 2000w\" sizes=\"(max-width: 1024px) 100vw, 1024px\" \/><\/figure>\n<\/div><\/div><\/div>\n<\/div>\n\n\n\n<div class=\"wp-block-columns col-img is-layout-flex wp-container-core-columns-is-layout-9d6595d7 wp-block-columns-is-layout-flex\">\n<div class=\"wp-block-column is-layout-flow wp-block-column-is-layout-flow\" style=\"flex-basis:800px\"><div class=\"wp-block-image\"><div class=\"image\">\n<figure class=\"aligncenter size-large\"><img decoding=\"async\" width=\"1024\" height=\"576\" src=\"https:\/\/www.lec.fr\/wp-content\/uploads\/simulation-realite-3-1024x576.jpg\" alt=\"\" class=\"wp-image-1032\" srcset=\"https:\/\/www.lec.fr\/wp-content\/uploads\/simulation-realite-3-1024x576.jpg 1024w, https:\/\/www.lec.fr\/wp-content\/uploads\/simulation-realite-3-1320x743.jpg 1320w, https:\/\/www.lec.fr\/wp-content\/uploads\/simulation-realite-3-990x557.jpg 990w, https:\/\/www.lec.fr\/wp-content\/uploads\/simulation-realite-3-660x371.jpg 660w, https:\/\/www.lec.fr\/wp-content\/uploads\/simulation-realite-3-450x253.jpg 450w, https:\/\/www.lec.fr\/wp-content\/uploads\/simulation-realite-3-330x186.jpg 330w, https:\/\/www.lec.fr\/wp-content\/uploads\/simulation-realite-3-680x383.jpg 680w, https:\/\/www.lec.fr\/wp-content\/uploads\/simulation-realite-3-768x432.jpg 768w, https:\/\/www.lec.fr\/wp-content\/uploads\/simulation-realite-3-1536x864.jpg 1536w, https:\/\/www.lec.fr\/wp-content\/uploads\/simulation-realite-3-1900x1069.jpg 1900w, https:\/\/www.lec.fr\/wp-content\/uploads\/simulation-realite-3-400x225.jpg 400w, https:\/\/www.lec.fr\/wp-content\/uploads\/simulation-realite-3-365x205.jpg 365w, https:\/\/www.lec.fr\/wp-content\/uploads\/simulation-realite-3-535x301.jpg 535w, https:\/\/www.lec.fr\/wp-content\/uploads\/simulation-realite-3.jpg 2000w\" sizes=\"(max-width: 1024px) 100vw, 1024px\" \/><\/figure>\n<\/div><\/div><\/div>\n<\/div>\n\n\n\n<div style=\"height:100px\" aria-hidden=\"true\" class=\"wp-block-spacer\"><\/div>\n\n\n<div class=\"row\"><div class=\"col-12 col-xl-10 offset-xl-1 paragraph\">\n<p><\/p>\n<\/div><\/div>","protected":false},"excerpt":{"rendered":"<p>Una protecci\u00f3n reforzadacontra las infiltraciones de agua Concedemos una importancia primordial a la estanqueidad de nuestras luminarias. Adem\u00e1s del dise\u00f1o de cuerpos y juntas perfectamente estancos, hemos desarrollado un procedimiento propietario innovador para impedir la subida de agua a trav\u00e9s de los cables de alimentaci\u00f3n. Este sistema de ruptura \u00fanico garantiza: LEC ha puesto en [&hellip;]<\/p>\n","protected":false},"author":1,"featured_media":0,"parent":0,"menu_order":0,"comment_status":"closed","ping_status":"closed","template":"","meta":{"_acf_changed":false,"inline_featured_image":false,"footnotes":""},"class_list":["post-4495","page","type-page","status-publish","hentry"],"acf":[],"_links":{"self":[{"href":"https:\/\/www.lec.fr\/es\/wp-json\/wp\/v2\/pages\/4495","targetHints":{"allow":["GET"]}}],"collection":[{"href":"https:\/\/www.lec.fr\/es\/wp-json\/wp\/v2\/pages"}],"about":[{"href":"https:\/\/www.lec.fr\/es\/wp-json\/wp\/v2\/types\/page"}],"author":[{"embeddable":true,"href":"https:\/\/www.lec.fr\/es\/wp-json\/wp\/v2\/users\/1"}],"replies":[{"embeddable":true,"href":"https:\/\/www.lec.fr\/es\/wp-json\/wp\/v2\/comments?post=4495"}],"version-history":[{"count":2,"href":"https:\/\/www.lec.fr\/es\/wp-json\/wp\/v2\/pages\/4495\/revisions"}],"predecessor-version":[{"id":5615,"href":"https:\/\/www.lec.fr\/es\/wp-json\/wp\/v2\/pages\/4495\/revisions\/5615"}],"wp:attachment":[{"href":"https:\/\/www.lec.fr\/es\/wp-json\/wp\/v2\/media?parent=4495"}],"curies":[{"name":"wp","href":"https:\/\/api.w.org\/{rel}","templated":true}]}}