{"id":4497,"date":"2025-09-11T12:38:25","date_gmt":"2025-09-11T10:38:25","guid":{"rendered":"https:\/\/www.lec.fr\/?page_id=4497"},"modified":"2026-01-27T11:56:56","modified_gmt":"2026-01-27T10:56:56","slug":"el-groupe-ragni","status":"publish","type":"page","link":"https:\/\/www.lec.fr\/es\/el-groupe-ragni\/","title":{"rendered":"El GROUPE RAGNI"},"content":{"rendered":"<\/div>\n<div id=\"block-hero-block_af0e2405df30d655cff620eb1428642f\" class=\"container-fluid header_page_part px-0  block-hero\">\n        <div class=\"container\">\n        <div class=\"row\">\n            <div class=\"col-12 col-md-12 col-lg-11 col-xl-9 col-xxl-8\">\n                <nav aria-label=\"breadcrumbs\" class=\"rank-math-breadcrumb\"><p><span class=\"last\">Inicio<\/span><\/p><\/nav>                                    <h1 class=\"\">El GROUPE RAGNI<\/h1>\n                                \n                \n\n                            <\/div>\n        <\/div>\n\n\n    <\/div>\n<\/div>\n<div class=\"container\">\n\n\n\n\n\n\n<div style=\"height:50px\" aria-hidden=\"true\" class=\"wp-block-spacer\"><\/div>\n\n\n<div class=\"row\"><div class=\"col-12 col-xl-10 offset-xl-1 heading\">\n<h2 class=\"wp-block-heading\"><span>Por un futuro luminoso y sostenible<\/span><\/h2>\n<\/div><\/div>\n\n\n<div style=\"height:50px\" aria-hidden=\"true\" class=\"wp-block-spacer\"><\/div>\n\n\n<\/div><div class=\"embed\">\n<figure class=\"wp-block-embed is-type-video is-provider-youtube wp-block-embed-youtube wp-embed-aspect-16-9 wp-has-aspect-ratio\"><div class=\"wp-block-embed__wrapper\">\n<iframe title=\"For a bright and a sustainable future - GROUPE RAGNI\" width=\"500\" height=\"281\" src=\"https:\/\/www.youtube.com\/embed\/vWLpBLx3Ej0?feature=oembed\" frameborder=\"0\" allow=\"accelerometer; autoplay; clipboard-write; encrypted-media; gyroscope; picture-in-picture; web-share\" referrerpolicy=\"strict-origin-when-cross-origin\" allowfullscreen><\/iframe>\n<\/div><\/figure>\n<\/div><div class=\"container\">\n\n\n<div style=\"height:50px\" aria-hidden=\"true\" class=\"wp-block-spacer\"><\/div>\n\n\n<div class=\"row\"><div class=\"col-12 col-xl-10 offset-xl-1 paragraph\">\n<p>Dise\u00f1ador y fabricante de soluciones globales de alumbrado p\u00fablico, el <a href=\"https:\/\/www.groupe-ragni.com\/es\/\" target=\"_blank\" rel=\"noreferrer noopener\">GROUPE RAGNI<\/a> es un socio privilegiado de los territorios conectados, acompa\u00f1ando a las administraciones p\u00fablicas en su transici\u00f3n energ\u00e9tica y medioambiental.<\/p>\n<\/div><\/div>\n\n<div class=\"row\"><div class=\"col-12 col-xl-10 offset-xl-1 paragraph\">\n<p>Fundada en 1927 y hoy reconocida como empresa con misi\u00f3n, <a href=\"https:\/\/www.ragni.com\/es\/\" target=\"_blank\" rel=\"noreferrer noopener\">RAGNI<\/a>, casa matriz del <strong>GROUPE RAGNI<\/strong>, es una empresa familiar dirigida por la 4.\u00aa generaci\u00f3n y especializada en alumbrado p\u00fablico conectado, combinando saber hacer artesanal y dominio industrial.<\/p>\n<\/div><\/div>\n\n<div class=\"row\"><div class=\"col-12 col-xl-10 offset-xl-1 paragraph\">\n<p>Desde 2015, el Grupo ha ampliado su experiencia gracias a la integraci\u00f3n de <a href=\"https:\/\/www.novea-energies.com\/es\/\" target=\"_blank\" rel=\"noreferrer noopener\">NOV\u00c9A \u00c9NERGIES<\/a>, especialista inicialmente en alumbrado p\u00fablico aut\u00f3nomo, y posteriormente de <a href=\"https:\/\/sev-e.com\/es\/\" target=\"_blank\" rel=\"noreferrer noopener\">SEV\u24d4<\/a> en 2022, tambi\u00e9n empresa con misi\u00f3n, que propone optimizar los recursos de las administraciones conectando sus infraestructuras.<\/p>\n<\/div><\/div>\n\n<div class=\"row\"><div class=\"col-12 col-xl-10 offset-xl-1 paragraph\">\n<p>En 2023, la<a href=\"https:\/\/www.ragni.com\/en\/acquisition-of-the-german-brand-hess\/\" target=\"_blank\" rel=\"noopener\"> adquisici\u00f3n de las marcas<\/a> <a href=\"https:\/\/www.hess.eu\/en\/\" target=\"_blank\" rel=\"noreferrer noopener\">HESS<\/a> y <a href=\"https:\/\/www.vulkan.eu\/en\/\" target=\"_blank\" rel=\"noreferrer noopener\">VULKAN<\/a>, pioneras alemanas del alumbrado p\u00fablico de dise\u00f1o y funcional, reforz\u00f3 la dimensi\u00f3n europea del Grupo y afirm\u00f3 su excelencia industrial.<\/p>\n<\/div><\/div>\n\n<div class=\"row\"><div class=\"col-12 col-xl-10 offset-xl-1 paragraph\">\n<p>En 2024, LEC, actor hist\u00f3rico lion\u00e9s especializado en la puesta en valor urbana y el balizamiento, se incorpora a la empresa familiar, seguida de <a href=\"https:\/\/www.eco-innov.com\/en\/\" target=\"_blank\" rel=\"noreferrer noopener\">ECO INNOV<\/a>, experta en balizas luminosas de bajo consumo energ\u00e9tico, consolidando as\u00ed el compromiso del GROUPE RAGNI de ofrecer una oferta cada vez m\u00e1s diversificada e innovadora.<\/p>\n<\/div><\/div>\n\n<div class=\"row\"><div class=\"col-12 col-xl-10 offset-xl-1 paragraph\">\n<p>El GROUPE RAGNI sit\u00faa la proximidad y la soberan\u00eda industrial en el centro de su estrategia de desarrollo y hace del acompa\u00f1amiento al cliente un elemento distintivo. \u00bfSu misi\u00f3n? Facilitar el acceso a la luz para el confort y la seguridad de las personas, velando al mismo tiempo por el respeto de la biodiversidad para un futuro luminoso y sostenible.<\/p>\n<\/div><\/div>\n\n<div class=\"row\"><div class=\"col-12 col-xl-10 offset-xl-1 paragraph\">\n<p>Gracias a la internalizaci\u00f3n de sus competencias, el Grupo domina toda la cadena de valor. Sus expertos conciben cada proyecto con precisi\u00f3n, apoy\u00e1ndose en una oferta innovadora de productos y servicios dedicados principalmente al alumbrado p\u00fablico inteligente y conectado, as\u00ed como en soluciones medioambientales para la gesti\u00f3n del agua, de los edificios p\u00fablicos y de la movilidad.<\/p>\n<\/div><\/div>\n\n<div class=\"row\"><div class=\"col-12 col-xl-10 offset-xl-1 paragraph\">\n<p>Presente en m\u00e1s de 60 pa\u00edses, el GROUPE RAGNI se apoya en una red de cerca de 30 distribuidores y cuenta con varias filiales implantadas en Estados Unidos, Am\u00e9rica Latina, el Reino Unido y \u00c1frica. En Francia y en los territorios de ultramar, 15 agencias comerciales garantizan la capacidad de respuesta de la empresa.<\/p>\n<\/div><\/div>\n\n<div class=\"row\"><div class=\"col-12 col-xl-10 offset-xl-1 paragraph\">\n<p>Con casi cien a\u00f1os de experiencia, el GROUPE RAGNI se impone hoy como un l\u00edder del alumbrado p\u00fablico en Francia, distingui\u00e9ndose por su agilidad, su cultura de acompa\u00f1amiento, la calidad de sus productos y su compromiso con la preservaci\u00f3n de los seres vivos.<\/p>\n<\/div><\/div>\n\n\n<div style=\"height:100px\" aria-hidden=\"true\" class=\"wp-block-spacer\"><\/div>\n","protected":false},"excerpt":{"rendered":"<p>Por un futuro luminoso y sostenible Dise\u00f1ador y fabricante de soluciones globales de alumbrado p\u00fablico, el GROUPE RAGNI es un socio privilegiado de los territorios conectados, acompa\u00f1ando a las administraciones p\u00fablicas en su transici\u00f3n energ\u00e9tica y medioambiental. Fundada en 1927 y hoy reconocida como empresa con misi\u00f3n, RAGNI, casa matriz del GROUPE RAGNI, es una [&hellip;]<\/p>\n","protected":false},"author":1,"featured_media":0,"parent":0,"menu_order":0,"comment_status":"closed","ping_status":"closed","template":"","meta":{"_acf_changed":false,"inline_featured_image":false,"footnotes":""},"class_list":["post-4497","page","type-page","status-publish","hentry"],"acf":[],"_links":{"self":[{"href":"https:\/\/www.lec.fr\/es\/wp-json\/wp\/v2\/pages\/4497","targetHints":{"allow":["GET"]}}],"collection":[{"href":"https:\/\/www.lec.fr\/es\/wp-json\/wp\/v2\/pages"}],"about":[{"href":"https:\/\/www.lec.fr\/es\/wp-json\/wp\/v2\/types\/page"}],"author":[{"embeddable":true,"href":"https:\/\/www.lec.fr\/es\/wp-json\/wp\/v2\/users\/1"}],"replies":[{"embeddable":true,"href":"https:\/\/www.lec.fr\/es\/wp-json\/wp\/v2\/comments?post=4497"}],"version-history":[{"count":2,"href":"https:\/\/www.lec.fr\/es\/wp-json\/wp\/v2\/pages\/4497\/revisions"}],"predecessor-version":[{"id":5618,"href":"https:\/\/www.lec.fr\/es\/wp-json\/wp\/v2\/pages\/4497\/revisions\/5618"}],"wp:attachment":[{"href":"https:\/\/www.lec.fr\/es\/wp-json\/wp\/v2\/media?parent=4497"}],"curies":[{"name":"wp","href":"https:\/\/api.w.org\/{rel}","templated":true}]}}