{"id":4503,"date":"2021-10-08T16:29:01","date_gmt":"2021-10-08T14:29:01","guid":{"rendered":"https:\/\/www.lec.fr\/?page_id=4503"},"modified":"2026-01-28T17:44:58","modified_gmt":"2026-01-28T16:44:58","slug":"inicio","status":"publish","type":"page","link":"https:\/\/www.lec.fr\/es\/","title":{"rendered":"Inicio"},"content":{"rendered":"<\/div>\n<div id=\"block-hero-block_50c0840ba8178ab5b5a23cdff5dc2b65\" class=\"container-fluid header_video_part  block-hero\">\n    \n        <span class=\"cover\">\n            <video class=\"img-fluid\" autoplay muted loop playsinline>\n                <source src=\"https:\/\/www.lec.fr\/wp-content\/uploads\/Video_Accueil_V2-1.mp4\" type=\"video\/mp4\">\n                Su navegador no admite la reproducci\u00f3n de v\u00eddeo.\n            <\/video>\n        <\/span>    <div class=\"caption\">\n        <h1 class=\"h1 white\"><strong>Puesta en valor y balizamiento urbano<\/strong> desde 1977<\/h1><div class=\"links\"><a href=\"https:\/\/www.lec.fr\/es\/offre\/puesta-en-valor\/\" target=\"\" class=\"btn bg-blue white btn-sm\">Puesta en valor<\/a><a href=\"https:\/\/www.lec.fr\/es\/offre\/vialidad-y-movilidad\/\" target=\"\" class=\"btn bg-blue white btn-sm\">Vial y Movilidad<\/a><a href=\"https:\/\/www.lec.fr\/es\/offre\/seguridad\/\" target=\"\" class=\"btn bg-blue white btn-sm\">Seguridad<\/a><a href=\"https:\/\/www.lec.fr\/es\/offre\/paisajismo\/\" target=\"\" class=\"btn bg-blue white btn-sm\">Paisajismo<\/a><a href=\"https:\/\/www.lec.fr\/es\/offre\/a-medida\/\" target=\"\" class=\"btn bg-blue white btn-sm\">A medida<\/a><\/div>    <\/div>\n<\/div>\n<div class=\"container\">\n\n\n\n<div style=\"height:50px\" aria-hidden=\"true\" class=\"wp-block-spacer\"><\/div>\n\n\n\n<div id=\"scroll_down\" class=\"container product_categories_part  block-hero\">\n        <div class=\"title_part\">\n        <h2 class=\"h2 purple with_line\"><span>Nuestros productos de iluminaci\u00f3n<\/span><\/h2>    <\/div>\n    <div class=\"categories row\">\n                    <div  class=\"item col-12 col-sm-6 col-md-6 col-lg-3 px-4\">\n                <div class=\"cover\" style=\"background: url(https:\/\/www.lec.fr\/wp-content\/uploads\/Les-points-990x990.jpg) no-repeat center \/ cover\">\n                    <div class=\"desc\">\n                        <div>\n                            <p>Los puntos luminosos sutilmente dispuestos dibujan el espacio con precisi\u00f3n. Integrados en el suelo, las fachadas o el mobiliario urbano, gu\u00edan, marcan el ritmo y realzan cada proyecto arquitect\u00f3nico.<\/p>\n                            <p class=\"link_part\">\n                                <a class=\"link\" href=\"https:\/\/www.lec.fr\/es\/categoria-de-producto\/los-puntos\/\">Descubrir<\/a>\n                            <\/p>\n                        <\/div>\n                    <\/div>\n                <\/div>\n                <a href=\"https:\/\/www.lec.fr\/es\/categoria-de-producto\/los-puntos\/\" class=\"caption text-center\">\n                    <p class=\"title white\">Los puntos<\/p>\n                    <p class=\"\">\n                        <span><i class=\"icon icon-arrow-right gold\"><\/i><\/span>\n                    <\/p>\n                <\/a>\n            <\/div>\n                        <div  class=\"item col-12 col-sm-6 col-md-6 col-lg-3 px-4\">\n                <div class=\"cover\" style=\"background: url(https:\/\/www.lec.fr\/wp-content\/uploads\/Les-lignes-990x990.jpg) no-repeat center \/ cover\">\n                    <div class=\"desc\">\n                        <div>\n                            <p>Finas y gr\u00e1ficas, las l\u00edneas luminosas esculpen las perspectivas. Subrayan, estructuran y acompa\u00f1an la mirada, creando juegos de luz din\u00e1micos e inmersivos.<\/p>\n                            <p class=\"link_part\">\n                                <a class=\"link\" href=\"https:\/\/www.lec.fr\/es\/categoria-de-producto\/las-lineas\/\">Descubrir<\/a>\n                            <\/p>\n                        <\/div>\n                    <\/div>\n                <\/div>\n                <a href=\"https:\/\/www.lec.fr\/es\/categoria-de-producto\/las-lineas\/\" class=\"caption text-center\">\n                    <p class=\"title white\">Las l\u00edneas<\/p>\n                    <p class=\"\">\n                        <span><i class=\"icon icon-arrow-right gold\"><\/i><\/span>\n                    <\/p>\n                <\/a>\n            <\/div>\n                        <div  class=\"item col-12 col-sm-6 col-md-6 col-lg-3 px-4\">\n                <div class=\"cover\" style=\"background: url(https:\/\/www.lec.fr\/wp-content\/uploads\/les-spots-990x990.jpg) no-repeat center \/ cover\">\n                    <div class=\"desc\">\n                        <div>\n                            <p>Potentes y precisos, los spots revelan los vol\u00famenes y ponen en escena la arquitectura. Entre sombras y luz, transforman cada espacio en un aut\u00e9ntico cuadro luminoso.<\/p>\n                            <p class=\"link_part\">\n                                <a class=\"link\" href=\"https:\/\/www.lec.fr\/es\/categoria-de-producto\/los-spots\/\">Descubrir<\/a>\n                            <\/p>\n                        <\/div>\n                    <\/div>\n                <\/div>\n                <a href=\"https:\/\/www.lec.fr\/es\/categoria-de-producto\/los-spots\/\" class=\"caption text-center\">\n                    <p class=\"title white\">Los spots<\/p>\n                    <p class=\"\">\n                        <span><i class=\"icon icon-arrow-right gold\"><\/i><\/span>\n                    <\/p>\n                <\/a>\n            <\/div>\n                        <div  class=\"item col-12 col-sm-6 col-md-6 col-lg-3 px-4\">\n                <div class=\"cover\" style=\"background: url(https:\/\/www.lec.fr\/wp-content\/uploads\/les-extras-1-990x990.jpg) no-repeat center \/ cover\">\n                    <div class=\"desc\">\n                        <div>\n                            <p>Inclasificables y audaces, las luminarias de la gama Extras ampl\u00edan los l\u00edmites de la creatividad. Soluciones dedicadas a un tipo de aplicaci\u00f3n, reinventan la iluminaci\u00f3n con ingenio y car\u00e1cter.<\/p>\n                            <p class=\"link_part\">\n                                <a class=\"link\" href=\"https:\/\/www.lec.fr\/es\/categoria-de-producto\/los-extras\/\">Descubrir<\/a>\n                            <\/p>\n                        <\/div>\n                    <\/div>\n                <\/div>\n                <a href=\"https:\/\/www.lec.fr\/es\/categoria-de-producto\/los-extras\/\" class=\"caption text-center\">\n                    <p class=\"title white\">Los extras<\/p>\n                    <p class=\"\">\n                        <span><i class=\"icon icon-arrow-right gold\"><\/i><\/span>\n                    <\/p>\n                <\/a>\n            <\/div>\n                <\/div>\n<\/div>\n\n\n\n\n<div style=\"height:50px\" aria-hidden=\"true\" class=\"wp-block-spacer\"><\/div>\n\n\n\n<div id=\"block-hero-block_bcdc8920ad60cba1e51468981fa98d49\" class=\"container company_part  block-hero\">\n\n    <div class=\"caption\">\n        <h2 class=\"h2 purple with_line\"><span>La empresa LEC<\/span><\/h2><div class=\"desc purple\"><p>Empresa familiar con sede en Lyon (Francia) desde 1977, LEC est\u00e1 especializada en la puesta en valor, el balizamiento y la iluminaci\u00f3n urbana.<\/p>\n<\/div>    <\/div>\n            <div class=\"cover\">\n            <img decoding=\"async\" src=\"https:\/\/www.lec.fr\/wp-content\/uploads\/accueil-lec-entreprise-1900x800.jpg\" alt=\"\" class=\"img-fluid\">\n            <div class=\"links\"><a href=\"https:\/\/www.lec.fr\/es\/historia\/\" target=\"\" class=\"btn bg-blue white btn-sm\">Descubrir la historia<\/a><a href=\"https:\/\/www.lec.fr\/es\/un-saber-hacer-del-que-sentirnos-orgullosos\/\" target=\"\" class=\"btn bg-blue white btn-sm\">Nuestro saber hacer<\/a><a href=\"https:\/\/www.lec.fr\/es\/el-groupe-ragni\/\" target=\"\" class=\"btn bg-blue white btn-sm\">El GROUPE RAGNI<\/a><\/div>        <\/div>\n    <\/div>\n\n\n\n\n<div style=\"height:50px\" aria-hidden=\"true\" class=\"wp-block-spacer\"><\/div>\n\n\n<\/div>\n\n<div id=\"block-hero-block_4f0a2c5ecf7086e15a4837baf89beb0d\" class=\"container-fluid projects_part  bg-mainColor block-hero\">\n    <div class=\"container py-5\">\n        <div class=\"caption\">\n            <h2 class=\"h2 purple with_line\"><span>Insp\u00edrese<\/span><\/h2><div class=\"desc purple\"><p>Desde los muelles de Lyon hasta los puentes de Dubl\u00edn, pasando por la iluminaci\u00f3n de la plaza del Palais Royal en Par\u00eds, LEC reinventa los ambientes urbanos para hacerlos \u00fanicos, seguros y accesibles. Cada proyecto es un encuentro entre arquitectura, innovaci\u00f3n luminosa y exigencias de movilidad. Descubra nuestras realizaciones y d\u00e9jese inspirar.<\/p>\n<\/div><p class=\"link_part\"><a class=\"link gold\" href=\"#\">Ver todos los proyectos<\/a><\/p>        <\/div>\n                    <div class=\"list accordion_lat\">\n                                        <div class=\"item active\">\n                            <div class=\"cover\" style=\"background: url(https:\/\/www.lec.fr\/wp-content\/uploads\/inclinee-990x928.jpg) no-repeat top center \/ cover;\">\n                                <img decoding=\"async\" src=\"https:\/\/www.lec.fr\/wp-content\/uploads\/inclinee-990x928.jpg\" alt=\"\" class=\"img-fluid d-none\">\n                             <\/div>\n                            <div class=\"caption\">\n                                <p><span class=\"badge\">Vial y Movilidad<\/span><\/p>                                <p class=\"title\">TANDEM, doble orientaci\u00f3n<\/p>\n                                <p class=\"link_part\">\n                                    <a href=\"https:\/\/www.lec.fr\/es\/proyectos\/tandem-doble-orientacion\/\" class=\"link gold\">Ver el proyecto<\/a>\n                                <\/p>\n                            <\/div>\n                        <\/div>\n                                            <div class=\"item \">\n                            <div class=\"cover\" style=\"background: url(https:\/\/www.lec.fr\/wp-content\/uploads\/Wall-1-990x990.jpg) no-repeat top center \/ cover;\">\n                                <img decoding=\"async\" src=\"https:\/\/www.lec.fr\/wp-content\/uploads\/Wall-1-990x990.jpg\" alt=\"\" class=\"img-fluid d-none\">\n                             <\/div>\n                            <div class=\"caption\">\n                                <p><span class=\"badge\">Puesta en valor<\/span><\/p>                                <p class=\"title\">TANDEM montado en la pared<\/p>\n                                <p class=\"link_part\">\n                                    <a href=\"https:\/\/www.lec.fr\/es\/proyectos\/tandem-montado-en-la-pared\/\" class=\"link gold\">Ver el proyecto<\/a>\n                                <\/p>\n                            <\/div>\n                        <\/div>\n                                            <div class=\"item \">\n                            <div class=\"cover\" style=\"background: url(https:\/\/www.lec.fr\/wp-content\/uploads\/69_5533_SOULARY_Lyon-3-990x990.jpg) no-repeat top center \/ cover;\">\n                                <img decoding=\"async\" src=\"https:\/\/www.lec.fr\/wp-content\/uploads\/69_5533_SOULARY_Lyon-3-990x990.jpg\" alt=\"\" class=\"img-fluid d-none\">\n                             <\/div>\n                            <div class=\"caption\">\n                                <p><span class=\"badge\">Seguridad<\/span><\/p>                                <p class=\"title\">Iluminaci\u00f3n en catenaria de una pasarela<\/p>\n                                <p class=\"link_part\">\n                                    <a href=\"https:\/\/www.lec.fr\/es\/proyectos\/iluminacion-en-catenaria-de-una-pasarela-2\/\" class=\"link gold\">Ver el proyecto<\/a>\n                                <\/p>\n                            <\/div>\n                        <\/div>\n                                            <div class=\"item \">\n                            <div class=\"cover\" style=\"background: url(https:\/\/www.lec.fr\/wp-content\/uploads\/mise-en-situation_3-990x990.png) no-repeat top center \/ cover;\">\n                                <img decoding=\"async\" src=\"https:\/\/www.lec.fr\/wp-content\/uploads\/mise-en-situation_3-990x990.png\" alt=\"\" class=\"img-fluid d-none\">\n                             <\/div>\n                            <div class=\"caption\">\n                                <p><span class=\"badge\">Seguridad<\/span><\/p>                                <p class=\"title\">Aplicaci\u00f3n pr\u00e1ctica de LEXA\u00ae<\/p>\n                                <p class=\"link_part\">\n                                    <a href=\"https:\/\/www.lec.fr\/es\/proyectos\/aplicacion-practica-de-lexa\/\" class=\"link gold\">Ver el proyecto<\/a>\n                                <\/p>\n                            <\/div>\n                        <\/div>\n                                <\/div>\n                <\/div>\n<\/div>\n<div class=\"container\">\n\n\n\n\n<div style=\"height:50px\" aria-hidden=\"true\" class=\"wp-block-spacer\"><\/div>\n\n\n\n<\/div>\n<div id=\"block-hero-block_2f0c80820cdf75e44bcab67349816c5a\" class=\"container-fluid txt_media_part  block-hero\">\n    <div class=\"row\">\n        <div class=\"col-12 col-lg-6 col-xl-6 px-0 media order-1 order-lg-1\">\n            <img decoding=\"async\" src=\"https:\/\/www.lec.fr\/wp-content\/uploads\/accueil-engagement.jpg\" alt=\"\" class=\"img-fluid\">        <\/div>\n        <div class=\"col-12 col-lg-6 col-xl-6 col-xxl-5 px-xl-5 pt-5 pt-lg-0 txt order-2 order-lg-2 d-flex align-items-center\">\n            <div class=\"txt_part px-2 px-xl-5\">\n            <div class=\"content\"><h2>LEC, comprometido<\/h2>\n<p>Imaginamos y fabricamos en Francia soluciones de iluminaci\u00f3n a medida, dise\u00f1adas para perdurar y adaptarse a los desaf\u00edos de cada territorio. Combinando exigencia t\u00e9cnica, innovaci\u00f3n responsable y atenci\u00f3n al detalle, acompa\u00f1amos a nuestros clientes con pasi\u00f3n, agilidad y compromiso, para proyectos luminosos, fiables y duraderos, incluso en los entornos m\u00e1s complejos.<\/p>\n<\/div><p class=\"link_part mt-5\"><a href=\"https:\/\/www.lec.fr\/es\/compromisos\/\" class=\"btn  btn-sm \" target=\"\">Compromisos<\/a><\/p>            <\/div>\n        <\/div>\n    <\/div>\n\n<\/div>\n\n<div class=\"container\">\n\n\n<div style=\"height:50px\" aria-hidden=\"true\" class=\"wp-block-spacer\"><\/div>\n\n\n\n\n<div id=\"block-hero-block_0cc33f04512d31d8da835648655eea12\" class=\"container news_part  block-hero ps-lg-5\">\n            <div class=\"row\">\n            <div class=\"col-12 main-title\">\n                <h2 class=\"h2 purple with_line\"><span>Nuestra actualidad<\/span><\/h2>\n            <\/div>\n        <\/div>\n\n        <div class=\"row\">\n        <div class=\"col-12 col-md-12 col-lg-5 info d-flex align-items-center pe-lg-5\">\n            <div class=\"info_content pe-lg-5\">\n            <div class=\"desc purple pe-lg-5\"><p>Siga nuestras \u00faltimas innovaciones, proyectos y eventos. Encuentre toda nuestra actualidad y sum\u00e9rjase en el universo LEC.<\/p>\n<\/div><p class=\"link_part mt-5\"><a href=\"https:\/\/www.lec.fr\/es\/noticias\/\" target=\"\" class=\"link\">Ver todas nuestras noticias<\/a><\/p>            <\/div>\n        <\/div>\n        <div class=\"col-12 col-md-12 col-lg-7\">\n            <div class=\"row\">\n                                        <div class=\"col-12 col-sm-6\">\n                            <a href=\"https:\/\/www.lec.fr\/es\/noticias\/castillo-de-belvoir-una-iluminacion-sutil-y-controlada-al-servicio-del-patrimonio\/\" class=\"item item-news\">\n    <div class=\"cover\">\n        <img decoding=\"async\" src=\"https:\/\/www.lec.fr\/wp-content\/uploads\/25_4660_5727_5780_CORSICA_ALICANTE_PASSY_Chateau_de_Belvoir_\u00a9Jean-Francois_Lami-17-365x310.jpg\" alt=\"\" class=\"img-fluid\">\n    <\/div>\n    <div class=\"caption\">\n        <p class=\"title purple\">Castillo de Belvoir: una iluminaci\u00f3n sutil y controlada al servicio del patrimonio<\/p>\n                    <p class=\"tags_part\"><span class=\"badge white\">Proyecto<\/span><\/p>\n                <p class=\"date purple d-none\">The 30\/03\/2026<\/p>\n    <\/div>\n<\/a>\n                        <\/div>\n                                                <div class=\"col-12 col-sm-6\">\n                            <a href=\"https:\/\/www.lec.fr\/es\/noticias\/el-asesoramiento-la-clave-invisible-para-el-exito-de-los-proyectos-de-iluminacion\/\" class=\"item item-news\">\n    <div class=\"cover\">\n        <img decoding=\"async\" src=\"https:\/\/www.lec.fr\/wp-content\/uploads\/Lancie2-365x310.jpg\" alt=\"\" class=\"img-fluid\">\n    <\/div>\n    <div class=\"caption\">\n        <p class=\"title purple\">El asesoramiento: la clave invisible para el \u00e9xito de los proyectos de iluminaci\u00f3n<\/p>\n                    <p class=\"tags_part\"><span class=\"badge white\">Proyecto<\/span><\/p>\n                <p class=\"date purple d-none\">The 26\/03\/2026<\/p>\n    <\/div>\n<\/a>\n                        <\/div>\n                                    <\/div>\n        <\/div>\n\n\n    <\/div>\n<\/div>\n\n<div class=\"row\"><div class=\"col-12 col-xl-10 offset-xl-1 paragraph\">\n<p><\/p>\n<\/div><\/div>","protected":false},"excerpt":{"rendered":"","protected":false},"author":1,"featured_media":0,"parent":0,"menu_order":0,"comment_status":"closed","ping_status":"closed","template":"","meta":{"_acf_changed":false,"inline_featured_image":false,"footnotes":""},"class_list":["post-4503","page","type-page","status-publish","hentry"],"acf":[],"_links":{"self":[{"href":"https:\/\/www.lec.fr\/es\/wp-json\/wp\/v2\/pages\/4503","targetHints":{"allow":["GET"]}}],"collection":[{"href":"https:\/\/www.lec.fr\/es\/wp-json\/wp\/v2\/pages"}],"about":[{"href":"https:\/\/www.lec.fr\/es\/wp-json\/wp\/v2\/types\/page"}],"author":[{"embeddable":true,"href":"https:\/\/www.lec.fr\/es\/wp-json\/wp\/v2\/users\/1"}],"replies":[{"embeddable":true,"href":"https:\/\/www.lec.fr\/es\/wp-json\/wp\/v2\/comments?post=4503"}],"version-history":[{"count":4,"href":"https:\/\/www.lec.fr\/es\/wp-json\/wp\/v2\/pages\/4503\/revisions"}],"predecessor-version":[{"id":5702,"href":"https:\/\/www.lec.fr\/es\/wp-json\/wp\/v2\/pages\/4503\/revisions\/5702"}],"wp:attachment":[{"href":"https:\/\/www.lec.fr\/es\/wp-json\/wp\/v2\/media?parent=4503"}],"curies":[{"name":"wp","href":"https:\/\/api.w.org\/{rel}","templated":true}]}}